{"id":1918,"date":"2021-09-15T14:26:53","date_gmt":"2021-09-15T13:26:53","guid":{"rendered":"https:\/\/blog.u-bourgogne.fr\/yalcingroup\/?page_id=1918"},"modified":"2023-12-28T03:45:00","modified_gmt":"2023-12-28T02:45:00","slug":"funding","status":"publish","type":"page","link":"https:\/\/blog.ube.fr\/yalcingroup\/funding\/","title":{"rendered":"Funding"},"content":{"rendered":"<h2><strong>We are very grateful to the following funding agencies for their generous contribution to our research. <\/strong><\/h2>\n<p>&nbsp;<\/p>\n<p>2023\u00a0\u00a0\u00a0\u00a0 <strong>ANR<\/strong> PRC CHROMATISM research grant (Co-PI)<\/p>\n<p>2023 \u00a0\u00a0\u00a0 <strong>INSERM<\/strong> training grant<\/p>\n<p>2022\u00a0\u00a0\u00a0\u00a0 <strong>ANER<\/strong> starting grant (Region Bourgogne Franche-Comt\u00e9)<\/p>\n<p>2022\u00a0\u00a0\u00a0\u00a0 <strong>INSERM<\/strong> training grant<\/p>\n<p>2022\u00a0\u00a0\u00a0\u00a0 <strong>CEFIPRA<\/strong> &#8211; Indo-French Centre for the Promotion of Advanced Research (Co-PI)<\/p>\n<p>2021\u00a0\u00a0\u00a0\u00a0 <strong>FEDER<\/strong> &#8211; European Regional Development Fund equipment grant<\/p>\n<p>2020\u00a0\u00a0\u00a0\u00a0 <strong>FEDER<\/strong> &#8211; European Regional Development Fund equipment grant<\/p>\n<p>2020\u00a0\u00a0\u00a0\u00a0 <strong>INSERM<\/strong> international research grant<\/p>\n<p>2020\u00a0\u00a0\u00a0\u00a0 <strong>I<\/strong><strong>NFRAFRONTIER<\/strong> biomedial infrastructure grant<\/p>\n<p>2020\u00a0\u00a0\u00a0\u00a0 <strong>J\u00e9r\u00f4me Lejeune Foundation<\/strong> research grant<\/p>\n<p>2019\u00a0\u00a0\u00a0\u00a0 <strong>Solve-RD<\/strong> seeding grant for model organism investigator<\/p>\n<p>2019\u00a0\u00a0\u00a0\u00a0 <strong>INSERM<\/strong> starting grant<\/p>\n<p>2018\u00a0\u00a0\u00a0\u00a0 <strong>ANR<\/strong> starting grant WDR (young researcher program)<\/p>\n<p>2017\u00a0\u00a0\u00a0\u00a0 <strong>I<\/strong><strong>NFRAFRONTIER<\/strong> biomedial infrastructure grant<\/p>\n<p>2016\u00a0\u00a0\u00a0\u00a0 <strong>Chair of Excellence<\/strong>, ANR LABEX-INRT research grant<\/p>\n<p>2015\u00a0\u00a0\u00a0\u00a0 <strong>GUTENBERG<\/strong> research grant, Strasbourg University<\/p>\n<p>2015\u00a0\u00a0\u00a0\u00a0 <strong>GUTENBERG<\/strong> installation grant, Strasbourg University<\/p>\n<p>2015\u00a0\u00a0\u00a0\u00a0 <strong>IDEX<\/strong> equipment grant, Strasbourg University<\/p>\n<p>2015\u00a0\u00a0\u00a0\u00a0 <strong>University of Lausanne<\/strong> Equal Opportunities grant<\/p>\n<p>2014\u00a0\u00a0\u00a0\u00a0 <strong>Soci\u00e9t\u00e9 Acad\u00e9mique Vaudoise<\/strong> equipment grant<\/p>\n<p>2013\u00a0\u00a0\u00a0\u00a0 <strong>Swiss National Science Foundation<\/strong> Ambizione research grant<\/p>\n<p>2012\u00a0\u00a0\u00a0\u00a0 <strong>J\u00e9r\u00f4me Lejeune Foundation<\/strong> research grant<\/p>\n<p>2011\u00a0\u00a0\u00a0\u00a0 <strong>ANR<\/strong> PDOC GenCognition research grant<\/p>\n<p>2011\u00a0\u00a0\u00a0\u00a0 <strong>EMBO<\/strong> Long-Term Fellowship<\/p>\n<p>2010\u00a0\u00a0\u00a0\u00a0 <strong>Wellcome Trust<\/strong> project grant (Co-PI)<\/p>\n<p>&nbsp;<\/p>\n<p>NB: Funds less than 10K EUR are not listed.<\/p>\n<p>&nbsp;<\/p>\n<p><img loading=\"lazy\" decoding=\"async\" class=\"alignnone wp-image-1953\" src=\"https:\/\/blog.ube.fr\/yalcingroup\/wp-content\/uploads\/sites\/155\/2021\/11\/ANRpast.png\" alt=\"\" width=\"212\" height=\"119\" \/> \u00a0 \u00a0 \u00a0\u00a0 \u00a0\u00a0 \u00a0 <img loading=\"lazy\" decoding=\"async\" class=\"alignnone wp-image-1965\" src=\"https:\/\/blog.ube.fr\/yalcingroup\/wp-content\/uploads\/sites\/155\/2021\/11\/feder.png\" alt=\"\" width=\"168\" height=\"162\" \/> \u00a0 \u00a0 \u00a0\u00a0 \u00a0 <img loading=\"lazy\" decoding=\"async\" class=\"alignnone wp-image-1968\" src=\"https:\/\/blog.ube.fr\/yalcingroup\/wp-content\/uploads\/sites\/155\/2021\/11\/solverd-300x92.png\" alt=\"\" width=\"241\" height=\"74\" srcset=\"https:\/\/blog.ube.fr\/yalcingroup\/wp-content\/uploads\/sites\/155\/2021\/11\/solverd-300x92.png 300w, https:\/\/blog.ube.fr\/yalcingroup\/wp-content\/uploads\/sites\/155\/2021\/11\/solverd.png 400w\" sizes=\"auto, (max-width: 241px) 100vw, 241px\" \/><\/p>\n<p><img loading=\"lazy\" decoding=\"async\" class=\"alignnone wp-image-1967\" src=\"https:\/\/blog.ube.fr\/yalcingroup\/wp-content\/uploads\/sites\/155\/2021\/11\/inserm.png\" alt=\"\" width=\"219\" height=\"128\" \/> <img loading=\"lazy\" decoding=\"async\" class=\"alignnone wp-image-1952\" src=\"https:\/\/blog.ube.fr\/yalcingroup\/wp-content\/uploads\/sites\/155\/2021\/11\/ambizione-300x101.png\" alt=\"\" width=\"285\" height=\"96\" srcset=\"https:\/\/blog.ube.fr\/yalcingroup\/wp-content\/uploads\/sites\/155\/2021\/11\/ambizione-300x101.png 300w, https:\/\/blog.ube.fr\/yalcingroup\/wp-content\/uploads\/sites\/155\/2021\/11\/ambizione.png 386w\" sizes=\"auto, (max-width: 285px) 100vw, 285px\" \/> \u00a0\u00a0\u00a0\u00a0\u00a0\u00a0 <img loading=\"lazy\" decoding=\"async\" class=\"alignnone wp-image-1959\" src=\"https:\/\/blog.ube.fr\/yalcingroup\/wp-content\/uploads\/sites\/155\/2021\/11\/unil-300x112.png\" alt=\"\" width=\"201\" height=\"75\" srcset=\"https:\/\/blog.ube.fr\/yalcingroup\/wp-content\/uploads\/sites\/155\/2021\/11\/unil-300x112.png 300w, https:\/\/blog.ube.fr\/yalcingroup\/wp-content\/uploads\/sites\/155\/2021\/11\/unil.png 367w\" sizes=\"auto, (max-width: 201px) 100vw, 201px\" \/><\/p>\n<p><img loading=\"lazy\" decoding=\"async\" class=\"alignnone wp-image-1954\" src=\"https:\/\/blog.ube.fr\/yalcingroup\/wp-content\/uploads\/sites\/155\/2021\/11\/embo-300x112.png\" alt=\"\" width=\"340\" height=\"127\" srcset=\"https:\/\/blog.ube.fr\/yalcingroup\/wp-content\/uploads\/sites\/155\/2021\/11\/embo-300x112.png 300w, https:\/\/blog.ube.fr\/yalcingroup\/wp-content\/uploads\/sites\/155\/2021\/11\/embo.png 368w\" sizes=\"auto, (max-width: 340px) 100vw, 340px\" \/> \u00a0 \u00a0 \u00a0 \u00a0 \u00a0\u00a0 <img loading=\"lazy\" decoding=\"async\" class=\"alignnone wp-image-1958\" src=\"https:\/\/blog.ube.fr\/yalcingroup\/wp-content\/uploads\/sites\/155\/2021\/11\/labex.jpg\" alt=\"\" width=\"135\" height=\"135\" srcset=\"https:\/\/blog.ube.fr\/yalcingroup\/wp-content\/uploads\/sites\/155\/2021\/11\/labex.jpg 225w, https:\/\/blog.ube.fr\/yalcingroup\/wp-content\/uploads\/sites\/155\/2021\/11\/labex-150x150.jpg 150w\" sizes=\"auto, (max-width: 135px) 100vw, 135px\" \/> \u00a0 \u00a0 \u00a0 \u00a0\u00a0 \u00a0\u00a0\u00a0 <img loading=\"lazy\" decoding=\"async\" class=\"alignnone wp-image-1957\" src=\"https:\/\/blog.ube.fr\/yalcingroup\/wp-content\/uploads\/sites\/155\/2021\/11\/idex.jpg\" alt=\"\" width=\"133\" height=\"134\" srcset=\"https:\/\/blog.ube.fr\/yalcingroup\/wp-content\/uploads\/sites\/155\/2021\/11\/idex.jpg 224w, https:\/\/blog.ube.fr\/yalcingroup\/wp-content\/uploads\/sites\/155\/2021\/11\/idex-150x150.jpg 150w\" sizes=\"auto, (max-width: 133px) 100vw, 133px\" \/><\/p>\n<p><img loading=\"lazy\" decoding=\"async\" class=\"alignnone wp-image-1955\" src=\"https:\/\/blog.ube.fr\/yalcingroup\/wp-content\/uploads\/sites\/155\/2021\/11\/FJLpast-300x72.png\" alt=\"\" width=\"259\" height=\"62\" srcset=\"https:\/\/blog.ube.fr\/yalcingroup\/wp-content\/uploads\/sites\/155\/2021\/11\/FJLpast-300x72.png 300w, https:\/\/blog.ube.fr\/yalcingroup\/wp-content\/uploads\/sites\/155\/2021\/11\/FJLpast.png 460w\" sizes=\"auto, (max-width: 259px) 100vw, 259px\" \/><img loading=\"lazy\" decoding=\"async\" class=\"alignnone wp-image-1960\" src=\"https:\/\/blog.ube.fr\/yalcingroup\/wp-content\/uploads\/sites\/155\/2021\/11\/unistra-300x138.png\" alt=\"\" width=\"263\" height=\"121\" srcset=\"https:\/\/blog.ube.fr\/yalcingroup\/wp-content\/uploads\/sites\/155\/2021\/11\/unistra-300x138.png 300w, https:\/\/blog.ube.fr\/yalcingroup\/wp-content\/uploads\/sites\/155\/2021\/11\/unistra.png 331w\" sizes=\"auto, (max-width: 263px) 100vw, 263px\" \/><img loading=\"lazy\" decoding=\"async\" class=\"alignnone size-medium wp-image-1956\" src=\"https:\/\/blog.ube.fr\/yalcingroup\/wp-content\/uploads\/sites\/155\/2021\/11\/guterberg.jpg\" alt=\"\" width=\"172\" height=\"157\" \/><\/p>\n<p><img loading=\"lazy\" decoding=\"async\" class=\"alignnone size-medium wp-image-1966\" src=\"https:\/\/blog.ube.fr\/yalcingroup\/wp-content\/uploads\/sites\/155\/2021\/11\/infrafrontier-300x99.png\" alt=\"\" width=\"300\" height=\"99\" srcset=\"https:\/\/blog.ube.fr\/yalcingroup\/wp-content\/uploads\/sites\/155\/2021\/11\/infrafrontier-300x99.png 300w, https:\/\/blog.ube.fr\/yalcingroup\/wp-content\/uploads\/sites\/155\/2021\/11\/infrafrontier.png 389w\" sizes=\"auto, (max-width: 300px) 100vw, 300px\" \/> \u00a0\u00a0\u00a0\u00a0\u00a0\u00a0 <img loading=\"lazy\" decoding=\"async\" class=\"alignnone size-medium wp-image-1961\" src=\"https:\/\/blog.ube.fr\/yalcingroup\/wp-content\/uploads\/sites\/155\/2021\/11\/Wellcome.jpg\" alt=\"\" width=\"261\" height=\"42\" \/><img loading=\"lazy\" decoding=\"async\" class=\"alignnone size-full wp-image-2331\" src=\"https:\/\/blog.ube.fr\/yalcingroup\/wp-content\/uploads\/sites\/155\/2023\/05\/CEFIPRA.png\" alt=\"\" width=\"168\" height=\"176\" \/><\/p>\n","protected":false},"excerpt":{"rendered":"<p>We are very grateful to the following funding agencies for their generous contribution to our research. &nbsp; 2023\u00a0\u00a0\u00a0\u00a0 ANR PRC CHROMATISM research grant (Co-PI) 2023 \u00a0\u00a0\u00a0 INSERM training grant 2022\u00a0\u00a0\u00a0\u00a0 ANER starting grant (Region Bourgogne Franche-Comt\u00e9) 2022\u00a0\u00a0\u00a0\u00a0 INSERM training grant 2022\u00a0\u00a0\u00a0\u00a0 CEFIPRA &#8211; Indo-French Centre for the Promotion of Advanced Research (Co-PI) 2021\u00a0\u00a0\u00a0\u00a0 FEDER &#8211;&hellip;<\/p>\n<p class=\"more-link-p\"><a class=\"btn btn-primary\" href=\"https:\/\/blog.ube.fr\/yalcingroup\/funding\/\">Voir plus &rarr;<\/a><\/p>\n","protected":false},"author":395,"featured_media":0,"parent":0,"menu_order":0,"comment_status":"closed","ping_status":"closed","template":"","meta":{"footnotes":""},"class_list":["post-1918","page","type-page","status-publish","hentry"],"yoast_head":"<!-- This site is optimized with the Yoast SEO plugin v21.6 - https:\/\/yoast.com\/wordpress\/plugins\/seo\/ -->\n<title>Funding - NeuroGeMM Group<\/title>\n<meta name=\"description\" content=\"Find out the past and current funding bodies involved in projects led by Dr Binnaz Yalcin for the NeuroGeMM laboratory at Inserm UMR1231 Dijon.\" \/>\n<meta name=\"robots\" content=\"index, follow, max-snippet:-1, max-image-preview:large, max-video-preview:-1\" \/>\n<link rel=\"canonical\" href=\"https:\/\/blog.u-bourgogne.fr\/yalcingroup\/funding\/\" \/>\n<meta property=\"og:locale\" content=\"fr_FR\" \/>\n<meta property=\"og:type\" content=\"article\" \/>\n<meta property=\"og:title\" content=\"Funding - NeuroGeMM Group\" \/>\n<meta property=\"og:description\" content=\"Find out the past and current funding bodies involved in projects led by Dr Binnaz Yalcin for the NeuroGeMM laboratory at Inserm UMR1231 Dijon.\" \/>\n<meta property=\"og:url\" content=\"https:\/\/blog.u-bourgogne.fr\/yalcingroup\/funding\/\" \/>\n<meta property=\"og:site_name\" content=\"NeuroGeMM Group\" \/>\n<meta property=\"article:modified_time\" content=\"2023-12-28T02:45:00+00:00\" \/>\n<meta property=\"og:image\" content=\"https:\/\/blog.u-bourgogne.fr\/yalcingroup\/wp-content\/uploads\/sites\/155\/2021\/11\/ANRpast.png\" \/>\n<meta name=\"twitter:card\" content=\"summary_large_image\" \/>\n<meta name=\"twitter:label1\" content=\"Dur\u00e9e de lecture estim\u00e9e\" \/>\n\t<meta name=\"twitter:data1\" content=\"4 minutes\" \/>\n<script type=\"application\/ld+json\" class=\"yoast-schema-graph\">{\"@context\":\"https:\/\/schema.org\",\"@graph\":[{\"@type\":\"WebPage\",\"@id\":\"https:\/\/blog.u-bourgogne.fr\/yalcingroup\/funding\/\",\"url\":\"https:\/\/blog.u-bourgogne.fr\/yalcingroup\/funding\/\",\"name\":\"Funding - NeuroGeMM Group\",\"isPartOf\":{\"@id\":\"https:\/\/blog.u-bourgogne.fr\/yalcingroup\/#website\"},\"datePublished\":\"2021-09-15T13:26:53+00:00\",\"dateModified\":\"2023-12-28T02:45:00+00:00\",\"description\":\"Find out the past and current funding bodies involved in projects led by Dr Binnaz Yalcin for the NeuroGeMM laboratory at Inserm UMR1231 Dijon.\",\"breadcrumb\":{\"@id\":\"https:\/\/blog.u-bourgogne.fr\/yalcingroup\/funding\/#breadcrumb\"},\"inLanguage\":\"fr-FR\",\"potentialAction\":[{\"@type\":\"ReadAction\",\"target\":[\"https:\/\/blog.u-bourgogne.fr\/yalcingroup\/funding\/\"]}]},{\"@type\":\"BreadcrumbList\",\"@id\":\"https:\/\/blog.u-bourgogne.fr\/yalcingroup\/funding\/#breadcrumb\",\"itemListElement\":[{\"@type\":\"ListItem\",\"position\":1,\"name\":\"Accueil\",\"item\":\"https:\/\/blog.u-bourgogne.fr\/yalcingroup\/\"},{\"@type\":\"ListItem\",\"position\":2,\"name\":\"Funding\"}]},{\"@type\":\"WebSite\",\"@id\":\"https:\/\/blog.u-bourgogne.fr\/yalcingroup\/#website\",\"url\":\"https:\/\/blog.u-bourgogne.fr\/yalcingroup\/\",\"name\":\"NeuroGeMM Group\",\"description\":\"Un site utilisant Reseau blog-ub\",\"potentialAction\":[{\"@type\":\"SearchAction\",\"target\":{\"@type\":\"EntryPoint\",\"urlTemplate\":\"https:\/\/blog.u-bourgogne.fr\/yalcingroup\/?s={search_term_string}\"},\"query-input\":\"required name=search_term_string\"}],\"inLanguage\":\"fr-FR\"}]}<\/script>\n<!-- \/ Yoast SEO plugin. -->","yoast_head_json":{"title":"Funding - NeuroGeMM Group","description":"Find out the past and current funding bodies involved in projects led by Dr Binnaz Yalcin for the NeuroGeMM laboratory at Inserm UMR1231 Dijon.","robots":{"index":"index","follow":"follow","max-snippet":"max-snippet:-1","max-image-preview":"max-image-preview:large","max-video-preview":"max-video-preview:-1"},"canonical":"https:\/\/blog.u-bourgogne.fr\/yalcingroup\/funding\/","og_locale":"fr_FR","og_type":"article","og_title":"Funding - NeuroGeMM Group","og_description":"Find out the past and current funding bodies involved in projects led by Dr Binnaz Yalcin for the NeuroGeMM laboratory at Inserm UMR1231 Dijon.","og_url":"https:\/\/blog.u-bourgogne.fr\/yalcingroup\/funding\/","og_site_name":"NeuroGeMM Group","article_modified_time":"2023-12-28T02:45:00+00:00","og_image":[{"url":"https:\/\/blog.u-bourgogne.fr\/yalcingroup\/wp-content\/uploads\/sites\/155\/2021\/11\/ANRpast.png"}],"twitter_card":"summary_large_image","twitter_misc":{"Dur\u00e9e de lecture estim\u00e9e":"4 minutes"},"schema":{"@context":"https:\/\/schema.org","@graph":[{"@type":"WebPage","@id":"https:\/\/blog.u-bourgogne.fr\/yalcingroup\/funding\/","url":"https:\/\/blog.u-bourgogne.fr\/yalcingroup\/funding\/","name":"Funding - NeuroGeMM Group","isPartOf":{"@id":"https:\/\/blog.u-bourgogne.fr\/yalcingroup\/#website"},"datePublished":"2021-09-15T13:26:53+00:00","dateModified":"2023-12-28T02:45:00+00:00","description":"Find out the past and current funding bodies involved in projects led by Dr Binnaz Yalcin for the NeuroGeMM laboratory at Inserm UMR1231 Dijon.","breadcrumb":{"@id":"https:\/\/blog.u-bourgogne.fr\/yalcingroup\/funding\/#breadcrumb"},"inLanguage":"fr-FR","potentialAction":[{"@type":"ReadAction","target":["https:\/\/blog.u-bourgogne.fr\/yalcingroup\/funding\/"]}]},{"@type":"BreadcrumbList","@id":"https:\/\/blog.u-bourgogne.fr\/yalcingroup\/funding\/#breadcrumb","itemListElement":[{"@type":"ListItem","position":1,"name":"Accueil","item":"https:\/\/blog.u-bourgogne.fr\/yalcingroup\/"},{"@type":"ListItem","position":2,"name":"Funding"}]},{"@type":"WebSite","@id":"https:\/\/blog.u-bourgogne.fr\/yalcingroup\/#website","url":"https:\/\/blog.u-bourgogne.fr\/yalcingroup\/","name":"NeuroGeMM Group","description":"Un site utilisant Reseau blog-ub","potentialAction":[{"@type":"SearchAction","target":{"@type":"EntryPoint","urlTemplate":"https:\/\/blog.u-bourgogne.fr\/yalcingroup\/?s={search_term_string}"},"query-input":"required name=search_term_string"}],"inLanguage":"fr-FR"}]}},"_links":{"self":[{"href":"https:\/\/blog.ube.fr\/yalcingroup\/wp-json\/wp\/v2\/pages\/1918","targetHints":{"allow":["GET"]}}],"collection":[{"href":"https:\/\/blog.ube.fr\/yalcingroup\/wp-json\/wp\/v2\/pages"}],"about":[{"href":"https:\/\/blog.ube.fr\/yalcingroup\/wp-json\/wp\/v2\/types\/page"}],"author":[{"embeddable":true,"href":"https:\/\/blog.ube.fr\/yalcingroup\/wp-json\/wp\/v2\/users\/395"}],"replies":[{"embeddable":true,"href":"https:\/\/blog.ube.fr\/yalcingroup\/wp-json\/wp\/v2\/comments?post=1918"}],"version-history":[{"count":19,"href":"https:\/\/blog.ube.fr\/yalcingroup\/wp-json\/wp\/v2\/pages\/1918\/revisions"}],"predecessor-version":[{"id":2393,"href":"https:\/\/blog.ube.fr\/yalcingroup\/wp-json\/wp\/v2\/pages\/1918\/revisions\/2393"}],"wp:attachment":[{"href":"https:\/\/blog.ube.fr\/yalcingroup\/wp-json\/wp\/v2\/media?parent=1918"}],"curies":[{"name":"wp","href":"https:\/\/api.w.org\/{rel}","templated":true}]}}