{"id":773,"date":"2024-07-02T14:09:13","date_gmt":"2024-07-02T12:09:13","guid":{"rendered":"https:\/\/blog.u-bourgogne.fr\/seriousgamesolutre\/?page_id=773"},"modified":"2024-09-05T19:07:22","modified_gmt":"2024-09-05T17:07:22","slug":"valorisation","status":"publish","type":"page","link":"https:\/\/blog.ube.fr\/seriousgamesolutre\/valorisation\/","title":{"rendered":"Valorisation"},"content":{"rendered":"<p>Le <em>serious game<\/em> S<span style=\"font-size: 10pt;\">OLUTR\u00c9<\/span> a fait l\u2019objet de plusieurs communications sur des sites internet et \u00e0 des \u00e9v\u00e9nements. Vous pouvez retrouver sur cette page les principales.<\/p>\n<h4><span id=\"page250R_mcid8\" class=\"markedContent\"><span dir=\"ltr\" role=\"presentation\">Communications de l\u2019\u00e9quipe d\u2019auteurs en colloques<\/span><\/span><span id=\"page250R_mcid9\" class=\"markedContent\"><\/span><\/h4>\n<p><a title=\"Pr\u00e9sentation de Solutre au congr\u00e8s international de g\u00e9ographie \u00e0 Dublin\" href=\"https:\/\/blog.ube.fr\/seriousgamesolutre\/2024\/09\/03\/presentation-de-solutre-au-congres-international-de-geographie-a-dublin\/\" rel=\"\">Marage D., J\u00e9gou, A., 2024, Which sustainability for the Anthropocene in geography education: the experience of a serious game on territorial governance? In 35th International Geographical Congress, Commission n\u00b012: Geographical Education: Geography teachers and the challenges of the Anthropocene, Dublin, Ireland.<\/a><\/p>\n<p style=\"text-align: left;\"><span style=\"text-decoration: underline;\"><a href=\"https:\/\/blog.ube.fr\/seriousgamesolutre\/wp-content\/uploads\/sites\/203\/2024\/07\/ComJeuxEnjeuxMarageJegou_compressed.pdf\" target=\"_blank\" rel=\"noopener\"><span id=\"page250R_mcid10\" class=\"markedContent\"><span id=\"page250R_mcid9\" class=\"markedContent\"><span dir=\"ltr\" role=\"presentation\">J<\/span><span dir=\"ltr\" role=\"presentation\">\u00e9gou<\/span> <span dir=\"ltr\" role=\"presentation\">A<\/span><span dir=\"ltr\" role=\"presentation\">.<\/span><span dir=\"ltr\" role=\"presentation\">, M<\/span><span dir=\"ltr\" role=\"presentation\">arage<\/span> <span dir=\"ltr\" role=\"presentation\">D<\/span><span dir=\"ltr\" role=\"presentation\">.<\/span><span dir=\"ltr\" role=\"presentation\">, Becu N., Carr\u00e9 C., Simiand D., 2024<\/span><span dir=\"ltr\" role=\"presentation\">,<\/span> <span dir=\"ltr\" role=\"presentation\">Les enjeux de l&#8217;essaimage de l&#8217;\u00e9dition d&#8217;un jeu s\u00e9rieux : quels contenus pour accompagner le jeu S<span style=\"font-size: 10pt;\">OLUTR\u00c9<\/span> ?<\/span> <span dir=\"ltr\" role=\"presentation\">in<\/span> <span dir=\"ltr\" role=\"presentation\">colloque Jeux et Enjeux, Montpellier.<\/span><\/span><\/span><\/a><\/span><\/p>\n<p><span id=\"page250R_mcid9\" class=\"markedContent\"><span dir=\"ltr\" role=\"presentation\">J<\/span><span dir=\"ltr\" role=\"presentation\">\u00e9gou<\/span> <span dir=\"ltr\" role=\"presentation\">A<\/span><span dir=\"ltr\" role=\"presentation\">.<\/span><span dir=\"ltr\" role=\"presentation\">, M<\/span><span dir=\"ltr\" role=\"presentation\">arage<\/span> <span dir=\"ltr\" role=\"presentation\">D<\/span><span dir=\"ltr\" role=\"presentation\">.<\/span><span dir=\"ltr\" role=\"presentation\">, S<\/span><span dir=\"ltr\" role=\"presentation\">imiand<\/span> <span dir=\"ltr\" role=\"presentation\">D<\/span><span dir=\"ltr\" role=\"presentation\">.<\/span><span dir=\"ltr\" role=\"presentation\">, C<\/span><span dir=\"ltr\" role=\"presentation\">arr\u00e9<\/span> <span dir=\"ltr\" role=\"presentation\">C<\/span><span dir=\"ltr\" role=\"presentation\">.<\/span><span dir=\"ltr\" role=\"presentation\">, B<\/span><span dir=\"ltr\" role=\"presentation\">\u00e9cu<\/span> <span dir=\"ltr\" role=\"presentation\">N<\/span><span dir=\"ltr\" role=\"presentation\">.,<\/span> <span dir=\"ltr\" role=\"presentation\">2022,<\/span> <span dir=\"ltr\" role=\"presentation\">De la mod\u00e9lisation d\u2019accompagnement \u00e0 la <\/span><span dir=\"ltr\" role=\"presentation\">ludicisation<\/span> <span dir=\"ltr\" role=\"presentation\">: retour d\u2019exp\u00e9rience du Serious Game <\/span><span dir=\"ltr\" role=\"presentation\"><span id=\"page250R_mcid10\" class=\"markedContent\">S<span style=\"font-size: 10pt;\">OLUTR\u00c9 <\/span><\/span>in<\/span> <span dir=\"ltr\" role=\"presentation\">colloque Jeux et Enjeux, Lille.<\/span><\/span><\/p>\n<p><span id=\"page250R_mcid12\" class=\"markedContent\"><span dir=\"ltr\" role=\"presentation\">M<\/span><span dir=\"ltr\" role=\"presentation\">arage<\/span> <span dir=\"ltr\" role=\"presentation\">D<\/span><span dir=\"ltr\" role=\"presentation\">.,<\/span> <span dir=\"ltr\" role=\"presentation\">J<\/span><span dir=\"ltr\" role=\"presentation\">\u00e9gou<\/span> <span dir=\"ltr\" role=\"presentation\">A<\/span><span dir=\"ltr\" role=\"presentation\">.<\/span><span dir=\"ltr\" role=\"presentation\">, S<\/span><span dir=\"ltr\" role=\"presentation\">imon<\/span> <span dir=\"ltr\" role=\"presentation\">L<\/span><span dir=\"ltr\" role=\"presentation\">.<\/span><span dir=\"ltr\" role=\"presentation\">, C<\/span><span dir=\"ltr\" role=\"presentation\">arr\u00e9 C.<\/span><span dir=\"ltr\" role=\"presentation\">, L<\/span><span dir=\"ltr\" role=\"presentation\">abb\u00e9<\/span><span dir=\"ltr\" role=\"presentation\">&#8211;<\/span><span dir=\"ltr\" role=\"presentation\">Bourdon<\/span> <span dir=\"ltr\" role=\"presentation\">E<\/span><span dir=\"ltr\" role=\"presentation\">.,<\/span> <span dir=\"ltr\" role=\"presentation\">2019, \u00ab<\/span> <span dir=\"ltr\" role=\"presentation\">Pour une transition socio<\/span><span dir=\"ltr\" role=\"presentation\">&#8211;<\/span><span dir=\"ltr\" role=\"presentation\">\u00e9cologique r\u00e9ussie dans les Grands Sites de France<\/span> <span dir=\"ltr\" role=\"presentation\">: jouer Solutr\u00e9<\/span> <span dir=\"ltr\" role=\"presentation\">!<\/span> <span dir=\"ltr\" role=\"presentation\">\u00bb<\/span> <span dir=\"ltr\" role=\"presentation\">in<\/span> <span dir=\"ltr\" role=\"presentation\">colloque<\/span> <span dir=\"ltr\" role=\"presentation\">Jeux et Enjeux<\/span><span dir=\"ltr\" role=\"presentation\">,<\/span> <span dir=\"ltr\" role=\"presentation\">Marseille.<\/span><\/span><\/p>\n<p><span id=\"page250R_mcid10\" class=\"markedContent\"><span dir=\"ltr\" role=\"presentation\">J\u00e9gou A., Carr\u00e9 C., Simon L., 2018, \u00ab<\/span> <span dir=\"ltr\" role=\"presentation\">Le territoire du Grand Site de France Solutr\u00e9<span id=\"page250R_mcid9\" class=\"markedContent\"> <\/span>Pouilly Vergisson<\/span> <span dir=\"ltr\" role=\"presentation\">:<\/span> <span dir=\"ltr\" role=\"presentation\">quelle gouvernance<\/span> <span dir=\"ltr\" role=\"presentation\">de ce bien commun paysager<\/span> <span dir=\"ltr\" role=\"presentation\">?<\/span> <span dir=\"ltr\" role=\"presentation\">\u00bb, 55<\/span><span dir=\"ltr\" role=\"presentation\">e<\/span> <span dir=\"ltr\" role=\"presentation\">colloque de l\u2019ASRDLF, Caen.<\/span><\/span><span id=\"page250R_mcid11\" class=\"markedContent\"><\/span><span id=\"page250R_mcid11\" class=\"markedContent\"><\/span><span id=\"page250R_mcid12\" class=\"markedContent\"><\/span><span id=\"page250R_mcid12\" class=\"markedContent\"><\/span><\/p>\n<h4>Ateliers<\/h4>\n<p><span id=\"page250R_mcid11\" class=\"markedContent\"><span dir=\"ltr\" role=\"presentation\">Marage D., Nicolas-Roques C., 202<\/span><span dir=\"ltr\" role=\"presentation\">4<\/span><span dir=\"ltr\" role=\"presentation\">, \u00ab<\/span> <span dir=\"ltr\" role=\"presentation\">Coop\u00e9rer pour un projet territorial gr\u00e2ce \u00e0 SOLUTR\u00c9 \u00bb<\/span><span dir=\"ltr\" role=\"presentation\">, atelier lors du colloque Jeux&amp;Enjeux<\/span><span dir=\"ltr\" role=\"presentation\">, Montpellier.<\/span><\/span><\/p>\n<p><span id=\"page250R_mcid11\" class=\"markedContent\"><span dir=\"ltr\" role=\"presentation\">Marage D., J\u00e9gou A., 202<\/span><span dir=\"ltr\" role=\"presentation\">3<\/span><span dir=\"ltr\" role=\"presentation\">, \u00ab<\/span> <span dir=\"ltr\" role=\"presentation\">Ev<\/span><span dir=\"ltr\" role=\"presentation\">er<\/span><span dir=\"ltr\" role=\"presentation\">ybody wan<\/span><span dir=\"ltr\" role=\"presentation\">ts to rule the world: playing <span id=\"page250R_mcid9\" class=\"markedContent\"><span id=\"page250R_mcid10\" class=\"markedContent\">S<span style=\"font-size: 10pt;\">OLUTR\u00c9 <\/span><\/span><\/span>to foster local<\/span> <span dir=\"ltr\" role=\"presentation\">governance and transformative changes \u00bb, workshop in<\/span> <span dir=\"ltr\" role=\"presentation\">54th edition of the International Simulation<\/span> <span dir=\"ltr\" role=\"presentation\">and Gaming Conference (ISAGA)<\/span><span dir=\"ltr\" role=\"presentation\">, La Rochelle.<\/span><\/span><\/p>\n<h4>Autres communications<\/h4>\n<p><a href=\"https:\/\/www.ubfc.fr\/wp-content\/uploads\/2021\/07\/RITMEZ_VOS_IP_050721_SERIOUS_GAME_JEGOUcomp.pdf\">J\u00e9gou A., Marage D., Simiand D., Carr\u00e9 C., B\u00e9cu N., Simon L., Morlaix S., Duguet A., 2021, SERIOUS GAME S<span style=\"font-size: 10pt;\">OLUTR\u00c9<\/span> in Journ\u00e9es Ritm\u2019ez vos innovations p\u00e9dagogiques, Dijon<\/a><\/p>\n<p><a href=\"https:\/\/geoconfluences.ens-lyon.fr\/actualites\/veille\/parutions\/jeu-serieux-solutre\" target=\"_blank\" rel=\"noopener\">J\u00e9gou A., Marage D., Nicolas-Roques C., 2024<em>, <\/em>\u00ab Solutr\u00e9, un jeu s\u00e9rieux pour exp\u00e9rimenter la gouvernance territoriale \u00bb, G\u00e9oconfluence<\/a><\/p>\n","protected":false},"excerpt":{"rendered":"<p>Le serious game SOLUTR\u00c9 a fait l\u2019objet de plusieurs communications sur des sites internet et \u00e0 des \u00e9v\u00e9nements. Vous pouvez retrouver sur cette page les principales. Communications de l\u2019\u00e9quipe d\u2019auteurs en colloques Marage D., J\u00e9gou, A., 2024, Which sustainability for the Anthropocene in geography education: the experience of a serious game on territorial governance? In&hellip;<\/p>\n<p class=\"more-link-p\"><a class=\"btn btn-primary\" href=\"https:\/\/blog.ube.fr\/seriousgamesolutre\/valorisation\/\">Voir plus &rarr;<\/a><\/p>\n","protected":false},"author":6431,"featured_media":0,"parent":0,"menu_order":0,"comment_status":"closed","ping_status":"closed","template":"","meta":{"footnotes":""},"class_list":["post-773","page","type-page","status-publish","hentry"],"_links":{"self":[{"href":"https:\/\/blog.ube.fr\/seriousgamesolutre\/wp-json\/wp\/v2\/pages\/773","targetHints":{"allow":["GET"]}}],"collection":[{"href":"https:\/\/blog.ube.fr\/seriousgamesolutre\/wp-json\/wp\/v2\/pages"}],"about":[{"href":"https:\/\/blog.ube.fr\/seriousgamesolutre\/wp-json\/wp\/v2\/types\/page"}],"author":[{"embeddable":true,"href":"https:\/\/blog.ube.fr\/seriousgamesolutre\/wp-json\/wp\/v2\/users\/6431"}],"replies":[{"embeddable":true,"href":"https:\/\/blog.ube.fr\/seriousgamesolutre\/wp-json\/wp\/v2\/comments?post=773"}],"version-history":[{"count":18,"href":"https:\/\/blog.ube.fr\/seriousgamesolutre\/wp-json\/wp\/v2\/pages\/773\/revisions"}],"predecessor-version":[{"id":778,"href":"https:\/\/blog.ube.fr\/seriousgamesolutre\/wp-json\/wp\/v2\/pages\/773\/revisions\/778"}],"wp:attachment":[{"href":"https:\/\/blog.ube.fr\/seriousgamesolutre\/wp-json\/wp\/v2\/media?parent=773"}],"curies":[{"name":"wp","href":"https:\/\/api.w.org\/{rel}","templated":true}]}}