{"id":72,"date":"2024-04-23T11:31:47","date_gmt":"2024-04-23T09:31:47","guid":{"rendered":"https:\/\/blog.u-bourgogne.fr\/seriousgamesolutre\/?page_id=72"},"modified":"2025-01-27T14:08:22","modified_gmt":"2025-01-27T13:08:22","slug":"faq","status":"publish","type":"page","link":"https:\/\/blog.ube.fr\/seriousgamesolutre\/faq\/","title":{"rendered":"Foire aux questions"},"content":{"rendered":"<div>\n<p>Des questions sur S<span style=\"font-size: 10pt; color: #333333;\">OLUTR\u00c9<\/span> ? Vous trouverez sans doute ici les r\u00e9ponses \u00e0 vos questions en tant que <a href=\"#joueur\">joueur<\/a> ou qu&#8217;<a href=\"#organisateur\">organisateur de session de jeu<\/a> !<\/p>\n<p>Si vous cherchez un \u00e9l\u00e9ment en particulier, utilisez la fonction &#8220;Recherche&#8221; de votre navigateur internet (Contr\u00f4le+F).<strong><br \/>\n<\/strong><\/p>\n<h3>S&#8217;agit-il d&#8217;un jeu coop\u00e9ratif ou comp\u00e9titif ?<\/h3>\n<p>Un peu des deux mais S<span style=\"font-size: 10pt; color: #333300;\">OLUTR\u00c9<\/span> reste avant tout un jeu semi-coop\u00e9ratif ! Tout le d\u00e9fi est d&#8217;atteindre le renouvellement du label Grand Site de France, ce qui n&#8217;est possible que si tous les joueurs y participent. Mais chaque r\u00f4le dispose \u00e9galement de son propre objectif secret, ce qui peut mener parfois \u00e0 privil\u00e9gier son int\u00e9r\u00eat propre sur celui de la communaut\u00e9&#8230; Concilier ces deux imp\u00e9ratifs repr\u00e9sente donc le challenge principal du jeu. D&#8217;apr\u00e8s les sessions de d\u00e9briefing et les questionnaires, les \u00e9tudiants valorisent le plus souvent l&#8217;exp\u00e9rience coop\u00e9rative du jeu.<\/p>\n<h3>Je ne suis pas g\u00e9ographe ni sp\u00e9cialiste de l&#8217;am\u00e9nagement du territoire, puis-je quand m\u00eame jouer ?<\/h3>\n<div>Bien s\u00fbr car il n&#8217;y a pas de pr\u00e9-requis : des \u00e9tudiants de diff\u00e9rentes disciplines ont jou\u00e9 sans difficult\u00e9 par rapport \u00e0 la th\u00e9matique du jeu. En cas de questions, vous pouvez vous aider du <a href=\"https:\/\/blog.ube.fr\/seriousgamesolutre\/livret-daccompagnement\/\" target=\"_blank\" rel=\"noopener nofollow noreferrer\">livret d&#8217;accompagnement<\/a>. En jouant, vous am\u00e9nagez le territoire en respectant des r\u00e8gles ou des contraintes sociales et environnementales. En cela, vous vivez, par le jeu, la gouvernance d\u2019un territoire.<\/div>\n<div>\n<h3>Le jeu semble compliqu\u00e9&#8230; allons-nous tout de m\u00eame nous amuser ?<\/h3>\n<p>S<span style=\"font-size: 10pt;\">OLUTR\u00c9<\/span> n&#8217;est pas un jeu grand public et reste complexe : il demande de croiser simultan\u00e9ment de nombreuses informations, d\u00e8s le d\u00e9but de la partie. Si vous \u00eates \u00e9tudiant dans l&#8217;enseignement sup\u00e9rieur ou professionnel de l&#8217;am\u00e9nagement, c&#8217;est justement un jeu pour votre niveau. Les nombreuses sessions de tests nous ont permis d&#8217;atteindre une exp\u00e9rience ludique plus fluide. Vous allez surtout pouvoir jouer \u00e0 plusieurs, ce qui permet de comprendre le jeu ensemble : le niveau d&#8217;interaction entre les joueurs est essentiel pour faire vivre la partie&#8230; tout comme la coop\u00e9ration est essentielle pour faire vivre un territoire.<\/p>\n<\/div>\n<div>\n<h3>En quoi le jeu S<span style=\"font-size: 14pt;\">OLUTR\u00c9<\/span> rel\u00e8ve-t-il vraiment d&#8217;une d\u00e9marche p\u00e9dagogique ?<\/h3>\n<div>Les <a href=\"https:\/\/blog.ube.fr\/seriousgamesolutre\/la-demarche-commod\/\" target=\"_blank\" rel=\"noopener nofollow noreferrer\"><em>serious games<\/em><\/a> sont un outil p\u00e9dagogique diff\u00e9rent d&#8217;un enseignement traditionnel, modifiant la forme de l&#8217;activit\u00e9 mais pas son contenu acad\u00e9mique. La d\u00e9marche ludique n\u00e9cessite un v\u00e9ritable <a href=\"https:\/\/blog.ube.fr\/seriousgamesolutre\/2024\/06\/28\/aides-de-jeu\/\">d\u00e9briefing en fin de partie<\/a> pour ancrer les contenus p\u00e9dagogiques transmis. Le jeu offre une exp\u00e9rience o\u00f9 les \u00e9tudiants sont pleinement actifs, et s&#8217;investissent davantage sur des th\u00e8mes qui \u00e9taient jusqu&#8217;\u00e0 lors plut\u00f4t m\u00e9connus. SOLUTR\u00c9 permet ainsi une immersion dans ce territoire du sud de la Bourgogne, rendant tangibles de grands enjeux contemporains : d\u00e9veloppement durable, gestion raisonn\u00e9e des flux touristiques, de la biodiversit\u00e9 et des paysages, dialogue d\u00e9mocratique local, relations entre les acteurs du territoire, gestion des dynamiques rurales etc.<\/div>\n<div>\n<div><span style=\"color: #ffffff;\">.<\/span><\/div>\n<div>\n<h2><strong>Je suis un joueur&#8230;<\/strong><\/h2>\n<\/div>\n<div>\n<div>\n<h3>Les joueurs peuvent-ils choisir leur r\u00f4le et leur objectif secret ?<\/h3>\n<div>Dans une session de jeu standard, l&#8217;attribution des r\u00f4les et objectifs secrets est al\u00e9atoire. Dans une session destin\u00e9e \u00e0 servir des objectifs sp\u00e9cifiques, les objectifs secrets peuvent \u00eatre pr\u00e9d\u00e9termin\u00e9s \u00e0 l&#8217;avance (= <em>storytell\u00e9s<\/em>) ou bien les joueurs peuvent choisir eux-m\u00eames leur objectif secret, par exemple dans l&#8217;id\u00e9e d&#8217;incarner un acteur \u00e0 la culture et aux valeurs professionnelles diff\u00e9rentes de leur propre posture.<\/div>\n<\/div>\n<h3>Pour gagner collectivement, faut-il que chaque joueur ait \u00e9galement gagn\u00e9, en plus d&#8217;avoir rempli l&#8217;objectif commun ?<\/h3>\n<div>D&#8217;un point de vue ludique, c&#8217;est possible, en fonction du choix de l&#8217;organisateur de la session et\/ou des joueurs. La page 6 de la r\u00e8gle du jeu d\u00e9veloppe ces possibilit\u00e9s ludiques. D&#8217;un point de vue de gouvernance territoriale, c&#8217;est moins coh\u00e9rent : il est pr\u00e9f\u00e9rable de dissocier r\u00e9ussite de l&#8217;objectif commun et r\u00e9ussite des objectifs personnels.<\/div>\n<h3>Que repr\u00e9sente la zone entour\u00e9e de rouge sur le plateau ?<\/h3>\n<div>\n<p>Il s&#8217;agit du p\u00e9rim\u00e8tre du site class\u00e9 au titre des paysages, un espace d\u00e9limit\u00e9 o\u00f9 il est pr\u00e9f\u00e9rable de ne pas construire n&#8217;importe quoi, sous peine d&#8217;\u00eatre sanctionn\u00e9 lors du passage de l&#8217;inspecteur des sites ! Elle correspond dans la r\u00e9alit\u00e9 au p\u00e9rim\u00e8tre de protection du site class\u00e9, qui comprend \u00e9galement en son sein d\u2019autres labels d\u2019aires prot\u00e9g\u00e9es comme un site Natura 2000 et un arr\u00eat\u00e9 de protection de biotope.<\/p>\n<\/div>\n<\/div>\n<h3>Est-ce que je peux utiliser du vin bio au lieu du vin conventionnel ?<\/h3>\n<div>\n<div dir=\"auto\">Oui vous pouvez utiliser du vin bio au lieu de vin conventionnel, mais s&#8217;il est sp\u00e9cifi\u00e9 que vous devez utiliser du vin bio, vous n&#8217;avez pas le choix que d&#8217;en utiliser !<\/div>\n<\/div>\n<h3>Comment un hexagone jaune, bleu ou orange peut-il \u00eatre adjacent \u00e0 un hexagone vert ou violet ?<\/h3>\n<div>Le plateau de jeu S<span style=\"font-size: 10pt;\">OLUTR\u00c9<\/span> comprend 2 \u00e9chelles : le territoire global (vert et violet) avec des zooms sur 3 villages \u00e0 une \u00e9chelle plus fine. Autrement dit la totalit\u00e9 des hexagones de chaque village (suivre les lignes bleu clair qui les relient au territoire global) sont adjacents soit \u00e0 des hexagones violets, soit \u00e0 des hexagones verts et hexagones violets. Pour corser la difficult\u00e9 du jeu, il est possible de consid\u00e9rer que l&#8217;adjacence (1) n&#8217;est possible qu&#8217;avec l&#8217;hexagone (jaune ou orange ou bleu) sur lequel arrive la ligne bleu clair ou (2) est impossible. Dans ce 2\u00e8me cas, il est obligatoire d&#8217;obtenir l&#8217;accord de l&#8217;autre joueur pour positionner votre hexagone sur son territoire.<\/div>\n<\/div>\n<\/div>\n<\/div>\n<div><\/div>\n<h3>Qui tient la banque dans Solutr\u00e9 ?<\/h3>\n<div>Personne en particulier ! Cela peut \u00eatre l&#8217;animateur, un des joueurs, l&#8217;ensemble des joueurs&#8230; peu importe, tant que c&#8217;est sous le contr\u00f4le de tous les joueurs. M\u00eame si &#8220;faire de l&#8217;argent&#8221; constitue l&#8217;un des objectifs principaux du professionnel du tourisme et du viticulteur et que le naturaliste a besoin de quelques cr\u00e9dits pour financer certains outils de protection de la biodiversit\u00e9, finalement l&#8217;argent n&#8217;est pas important dans Solutr\u00e9. C&#8217;est pour cela que les billets s&#8217;intitulent simplement &#8220;sous&#8221;.<\/div>\n<div>\n<div>\n<div>\n<div>\n<h3>J&#8217;aurais quelques remarques \u00e0 faire&#8230;<\/h3>\n<div>Bien s\u00fbr, vous pouvez participer au projet en nous r\u00e9pondant par l&#8217;interm\u00e9diaire de notre <a href=\"https:\/\/blog.ube.fr\/seriousgamesolutre\/questionnaires-individuels\/\" target=\"_blank\" rel=\"noopener nofollow noreferrer\">questionnaire d&#8217;exp\u00e9rience<\/a> de joueur. Si vous pr\u00e9f\u00e9rez avoir un retour plus direct, vous pouvez \u00e9galement nous contacter via <a href=\"mailto:thema.seriousgamesolutre%20@%20u-bourgogne.fr\" target=\"_blank\" rel=\"nofollow noopener noreferrer\">notre adresse e-mail<\/a>. Merci d&#8217;avance, vos retours participent \u00e0 donner vie au projet !<\/div>\n<\/div>\n<\/div>\n<\/div>\n<\/div>\n<div>\n<h2><strong>Je veux faire jouer&#8230;<\/strong><\/h2>\n<h3>Comment organiser une session de jeu ?<\/h3>\n<p>Vous pouvez organiser votre propre session en <a href=\"https:\/\/blog.ube.fr\/seriousgamesolutre\/prix-et-commande\/\" target=\"_blank\" rel=\"noopener nofollow noreferrer\">commandant<\/a> vos bo\u00eetes de jeu, ou en essayant la version imprimable pr\u00eate \u00e0 \u00eatre jou\u00e9e (<a href=\"https:\/\/blog.ube.fr\/seriousgamesolutre\/version-print-and-play\/\" target=\"_blank\" rel=\"nofollow noopener noreferrer\">Print&amp;Play<\/a>). Le livret d&#8217;accompagnement et la vid\u00e9o des conseils d&#8217;animation vous aideront \u00e0 pr\u00e9parer la s\u00e9ance.<\/p>\n<h3>Est-ce que je peux organiser une session si je n&#8217;ai jamais jou\u00e9 moi-m\u00eame ?<\/h3>\n<p>Nous vous conseillons d&#8217;avoir d\u00e9j\u00e0 une exp\u00e9rience du jeu en tant que joueur, avant de vous lancer une session plus officielle avec vos \u00e9tudiants ou en team building : vous pouvez par exemple jouer avec vos coll\u00e8gues entre midi et deux (sans forc\u00e9ment terminer la partie), pour \u00eatre plus \u00e0 l&#8217;aise avec toutes les dynamiques du jeu. Mais cela n&#8217;est pas obligatoire si vous \u00eates un habitu\u00e9 des <em>Serious Games<\/em> et que vous vous sentez d\u00e9j\u00e0 suffisamment \u00e0 l&#8217;aise avec ce type de format, en plus d&#8217;un travail de pr\u00e9paration gr\u00e2ce aux <a href=\"https:\/\/blog.ube.fr\/seriousgamesolutre\/category\/supports\/\" target=\"_blank\" rel=\"nofollow noopener noreferrer\">supports<\/a> que nous vous fournissons.<\/p>\n<h3>S<span style=\"font-size: 14pt; color: #000000;\">OLUTR\u00c9<\/span> peut-il \u00eatre jou\u00e9 en lyc\u00e9e ?<\/h3>\n<p>Ce jeu s\u00e9rieux peut \u00eatre plus difficile \u00e0 comprendre pour des lyc\u00e9ens, qui ont besoin d&#8217;un peu plus de temps pour jouer. Mais cela reste possible en fonction de vos \u00e9l\u00e8ves et de vos objectifs ! Le jeu a \u00e9t\u00e9 test\u00e9 en classe de Terminale HGGSP par exemple : tous les d\u00e9tails sont disponibles sur le <a href=\"http:\/\/histoire-geographie.ac-dijon.fr\/spip.php?article1106\" target=\"_blank\" rel=\"noopener nofollow noreferrer\">site de l&#8217;acad\u00e9mie<\/a> de Dijon. Pour des coll\u00e9giens, cela nous para\u00eet vraiment compliqu\u00e9. Nous n&#8217;avons finalement pas d\u00e9velopp\u00e9 de version grand public\/adolescents\/citoyens, mais n&#8217;h\u00e9sitez pas \u00e0 nous contacter si vous avez cette ambition !<\/p>\n<p>&nbsp;<\/p>\n<\/div>\n<h2><strong>Erratum<\/strong><\/h2>\n<p>Malgr\u00e9 les nombreux tests et le soin apport\u00e9 \u00e0 la finalisation du jeu, quelques erreurs sont rest\u00e9es dans la bo\u00eete de jeu :<\/p>\n<ul>\n<li dir=\"auto\">Ainsi, si l&#8217;hexagone <em>Camp de baguage d&#8217;oiseaux <\/em>est bon au recto, le VERSO de cet hexagone est erron\u00e9. Comme indiqu\u00e9 au recto, le naturaliste a bel et bien besoin d&#8217;un touriste, qu&#8217;il faut donc d\u00e9fausser de l&#8217;espace d\u00e9di\u00e9 aux touristes attendus, mais uniquement au moment de la pose de l&#8217;hexagone. Lors de l&#8217;activation de cet hexagone, seul un cube d&#8217;action est n\u00e9cessaire pour obtenir un point de biodiversit\u00e9.<\/li>\n<li dir=\"auto\">Une coquille s&#8217;est gliss\u00e9e dans le titre d&#8217;une des cartes \u00c9v\u00e8nement : &#8220;Qualit\u00e9 paysag\u00e8re d\u00e9grad\u00e9E&#8221;.<\/li>\n<li dir=\"auto\">Les termes <em>embroussaillement\/<\/em><em>d\u00e9broussaillage<\/em> sont \u00e0 remplacer par <em>embuisonnement\/<\/em><em>d\u00e9sembuissonnement<\/em>, contrairement \u00e0 ce qui est \u00e9crit dans les r\u00e8gles et l&#8217;aide de jeu : c&#8217;est plus juste \u00e9cologiquement parlant.<\/li>\n<\/ul>\n<div>\n<p><span style=\"color: #ffffff;\">.<\/span><\/p>\n<\/div>\n<h6><strong>Vous ne trouvez pas de r\u00e9ponse \u00e0 votre question ?\u00a0<\/strong><strong><br \/>\n<a href=\"https:\/\/blog.ube.fr\/seriousgamesolutre\/contact\/\">Contactez-nous !<\/a><\/strong><\/h6>\n<p>&nbsp;<\/p>\n","protected":false},"excerpt":{"rendered":"<p>Des questions sur SOLUTR\u00c9 ? Vous trouverez sans doute ici les r\u00e9ponses \u00e0 vos questions en tant que joueur ou qu&#8217;organisateur de session de jeu ! Si vous cherchez un \u00e9l\u00e9ment en particulier, utilisez la fonction &#8220;Recherche&#8221; de votre navigateur internet (Contr\u00f4le+F). S&#8217;agit-il d&#8217;un jeu coop\u00e9ratif ou comp\u00e9titif ? Un peu des deux mais SOLUTR\u00c9&hellip;<\/p>\n<p class=\"more-link-p\"><a class=\"btn btn-primary\" href=\"https:\/\/blog.ube.fr\/seriousgamesolutre\/faq\/\">Voir plus &rarr;<\/a><\/p>\n","protected":false},"author":6431,"featured_media":0,"parent":0,"menu_order":0,"comment_status":"closed","ping_status":"closed","template":"","meta":{"footnotes":""},"class_list":["post-72","page","type-page","status-publish","hentry"],"_links":{"self":[{"href":"https:\/\/blog.ube.fr\/seriousgamesolutre\/wp-json\/wp\/v2\/pages\/72","targetHints":{"allow":["GET"]}}],"collection":[{"href":"https:\/\/blog.ube.fr\/seriousgamesolutre\/wp-json\/wp\/v2\/pages"}],"about":[{"href":"https:\/\/blog.ube.fr\/seriousgamesolutre\/wp-json\/wp\/v2\/types\/page"}],"author":[{"embeddable":true,"href":"https:\/\/blog.ube.fr\/seriousgamesolutre\/wp-json\/wp\/v2\/users\/6431"}],"replies":[{"embeddable":true,"href":"https:\/\/blog.ube.fr\/seriousgamesolutre\/wp-json\/wp\/v2\/comments?post=72"}],"version-history":[{"count":73,"href":"https:\/\/blog.ube.fr\/seriousgamesolutre\/wp-json\/wp\/v2\/pages\/72\/revisions"}],"predecessor-version":[{"id":1053,"href":"https:\/\/blog.ube.fr\/seriousgamesolutre\/wp-json\/wp\/v2\/pages\/72\/revisions\/1053"}],"wp:attachment":[{"href":"https:\/\/blog.ube.fr\/seriousgamesolutre\/wp-json\/wp\/v2\/media?parent=72"}],"curies":[{"name":"wp","href":"https:\/\/api.w.org\/{rel}","templated":true}]}}