{"id":62,"date":"2024-04-23T11:29:13","date_gmt":"2024-04-23T09:29:13","guid":{"rendered":"https:\/\/blog.u-bourgogne.fr\/seriousgamesolutre\/?page_id=62"},"modified":"2024-07-30T16:58:26","modified_gmt":"2024-07-30T14:58:26","slug":"presentation-du-jeu","status":"publish","type":"page","link":"https:\/\/blog.ube.fr\/seriousgamesolutre\/presentation-du-jeu\/","title":{"rendered":"Pr\u00e9sentation du jeu"},"content":{"rendered":"<p>Le Serious Game <span style=\"font-size: 12pt;\">S<span style=\"font-size: 10pt;\">OLUTR\u00c9<\/span><\/span> est un <b>jeu de plateau semi-coop\u00e9ratif d\u2019am\u00e9nagement et de d\u00e9veloppement soutenable<\/b>. Il est con\u00e7u \u00e0 partir d&#8217;un diagnostic territorial, pour <b>vivre la gouvernance territoriale <\/b>d&#8217;un patrimoine naturel prot\u00e9g\u00e9 en milieu rural, prenant appui sur le cas du Grand Site de France Solutr\u00e9 Pouilly Vergisson.<\/p>\n<p>Les joueurs sont amen\u00e9s \u00e0 adopter le point de vue et \u00e0 prendre les d\u00e9cisions de diff\u00e9rents acteurs dans l&#8217;objectif de g\u00e9rer ensemble un territoire. L\u2019\u00e9lu, l\u2019habitant, le professionnel du tourisme, le naturaliste, le viticulteur, coop\u00e8rent, dialoguent, n\u00e9gocient, prennent des d\u00e9cisions individuelles et\/ou collectives afin de renouveler le label Grand Site de France. Concr\u00e8tement, au cours des 5 manches du jeu, ils r\u00e9alisent des actions en pla\u00e7ant des hexagones sur le plateau. Les hexagones repr\u00e9sentent des actions de d\u00e9veloppement rural, par exemple, produire du vin, organiser des \u00e9co-activit\u00e9s, construire un h\u00f4tel, un centre de sant\u00e9 ou restaurer des murs en pierres s\u00e8ches. Les joueurs devront coop\u00e9rer pour r\u00e9pondre \u00e0 des enjeux de durabilit\u00e9, parfois au d\u00e9triment de leurs int\u00e9r\u00eats personnels (par exemple, construire le plus de logements possible, promouvoir l&#8217;\u00e9co-tourisme, cr\u00e9er une r\u00e9serve naturelle&#8230;). Leur d\u00e9fi sera de trouver un \u00e9quilibre entre les objectifs communs et individuels, tout en tenant compte de la complexit\u00e9 du territoire et des dynamiques entre les diff\u00e9rents acteurs impliqu\u00e9s.<\/p>\n<h4>Le jeu peut \u00eatre jou\u00e9 dans le cadre de :<\/h4>\n<ul>\n<li>Cours d\u2019enseignement sup\u00e9rieur de toutes disciplines (Licence, Master, doctorat)<\/li>\n<li><em><span style=\"font-size: 16px;\">Team building\u00a0<\/span><\/em><\/li>\n<li><span style=\"font-size: 16px;\">Structurations de partenariats<\/span><\/li>\n<li><span style=\"font-size: 16px;\">S\u00e9minaires<\/span><\/li>\n<li><span style=\"font-size: 16px;\">Projets de territoire\u00a0<\/span><\/li>\n<\/ul>\n<h4>Objectifs du jeu :<\/h4>\n<ul>\n<li>Vivre la gouvernance territoriale : Comment g\u00e9rer la complexit\u00e9 d\u2019un territoire ?<\/li>\n<li>Sensibiliser aux enjeux du d\u00e9veloppement durable<\/li>\n<li>D\u00e9velopper les <em>soft skills<\/em> : coop\u00e9ration, aisance \u00e0 l\u2019oral, n\u00e9gociation, prise de d\u00e9cision, argumentation, hi\u00e9rarchisation d\u2019objectifs, capacit\u00e9 \u00e0 prendre sa place dans un groupe&#8230;<\/li>\n<li>Offrir un support de d\u00e9bat et de r\u00e9flexion collective<\/li>\n<li>Acqu\u00e9rir des connaissances en am\u00e9nagement et se confronter \u00e0 la r\u00e9alit\u00e9 des dynamiques territoriales et des jeux d\u2019acteurs<\/li>\n<li>Concr\u00e9tiser et renforcer certains acquis<\/li>\n<\/ul>\n<h2>Plaquettes de pr\u00e9sentation<\/h2>\n<p>Plusieurs supports ont \u00e9t\u00e9 cr\u00e9\u00e9 comme relais de communication du jeu <span style=\"font-size: 10pt;\">S<span style=\"font-size: 8pt;\">OLUTR\u00c9<\/span><\/span> : chacun regroupe l&#8217;essentiel des informations cl\u00e9s sur le<em> Serious Game<\/em>.<\/p>\n<p><a href=\"https:\/\/blog.ube.fr\/seriousgamesolutre\/wp-content\/uploads\/sites\/203\/2024\/07\/Flyer-4p-final_compressed.pdf\" target=\"_blank\" rel=\"noopener\"><img loading=\"lazy\" decoding=\"async\" class=\"alignleft wp-image-871\" src=\"https:\/\/blog.ube.fr\/seriousgamesolutre\/wp-content\/uploads\/sites\/203\/2024\/06\/Presentation-serious-game-SOLUTRE_page-0001-724x1024.jpg\" alt=\"Plaquette de pr\u00e9sentation du serious game SOLUTR\u00c9\" width=\"162\" height=\"229\" srcset=\"https:\/\/blog.ube.fr\/seriousgamesolutre\/wp-content\/uploads\/sites\/203\/2024\/06\/Presentation-serious-game-SOLUTRE_page-0001-724x1024.jpg 724w, https:\/\/blog.ube.fr\/seriousgamesolutre\/wp-content\/uploads\/sites\/203\/2024\/06\/Presentation-serious-game-SOLUTRE_page-0001-212x300.jpg 212w, https:\/\/blog.ube.fr\/seriousgamesolutre\/wp-content\/uploads\/sites\/203\/2024\/06\/Presentation-serious-game-SOLUTRE_page-0001-768x1086.jpg 768w, https:\/\/blog.ube.fr\/seriousgamesolutre\/wp-content\/uploads\/sites\/203\/2024\/06\/Presentation-serious-game-SOLUTRE_page-0001-1086x1536.jpg 1086w, https:\/\/blog.ube.fr\/seriousgamesolutre\/wp-content\/uploads\/sites\/203\/2024\/06\/Presentation-serious-game-SOLUTRE_page-0001.jpg 1241w\" sizes=\"auto, (max-width: 162px) 100vw, 162px\" \/><\/a>Vous disposez d\u00e9j\u00e0 d&#8217;un flyer de 4 pages, que vous pouvez consulter en cliquant sur l&#8217;image de gauche ou <a href=\"https:\/\/blog.ube.fr\/seriousgamesolutre\/wp-content\/uploads\/sites\/203\/2024\/07\/Flyer-4p-final_compressed.pdf\" target=\"_blank\" rel=\"noopener\">ici pour le t\u00e9l\u00e9charger au format pdf<\/a>.<\/p>\n<p>Une <a href=\"https:\/\/blog.ube.fr\/seriousgamesolutre\/wp-content\/uploads\/sites\/203\/2024\/07\/Impression-flyer-1.pdf\" target=\"_blank\" rel=\"noopener\">version pr\u00eate \u00e0 l&#8217;impression<\/a> est \u00e9galement disponible, \u00e0 imprimer en recto-verso puis pliable au format livre.<\/p>\n<p>&nbsp;<\/p>\n<p>&nbsp;<\/p>\n<p>&nbsp;<\/p>\n<p>&nbsp;<\/p>\n<p><a href=\"https:\/\/blog.ube.fr\/seriousgamesolutre\/wp-content\/uploads\/sites\/203\/2024\/07\/Poster-Solutre.png\"><img loading=\"lazy\" decoding=\"async\" class=\"wp-image-870 alignleft\" src=\"https:\/\/blog.ube.fr\/seriousgamesolutre\/wp-content\/uploads\/sites\/203\/2024\/07\/Poster-Solutre-726x1024.png\" alt=\"Plaquette de pr\u00e9sentation du serious game SOLUTR\u00c9\" width=\"159\" height=\"224\" srcset=\"https:\/\/blog.ube.fr\/seriousgamesolutre\/wp-content\/uploads\/sites\/203\/2024\/07\/Poster-Solutre-726x1024.png 726w, https:\/\/blog.ube.fr\/seriousgamesolutre\/wp-content\/uploads\/sites\/203\/2024\/07\/Poster-Solutre-213x300.png 213w, https:\/\/blog.ube.fr\/seriousgamesolutre\/wp-content\/uploads\/sites\/203\/2024\/07\/Poster-Solutre-768x1084.png 768w, https:\/\/blog.ube.fr\/seriousgamesolutre\/wp-content\/uploads\/sites\/203\/2024\/07\/Poster-Solutre-1088x1536.png 1088w, https:\/\/blog.ube.fr\/seriousgamesolutre\/wp-content\/uploads\/sites\/203\/2024\/07\/Poster-Solutre.png 1250w\" sizes=\"auto, (max-width: 159px) 100vw, 159px\" \/><\/a>Une version poster est \u00e9galement disponible en <a href=\"https:\/\/blog.ube.fr\/seriousgamesolutre\/wp-content\/uploads\/sites\/203\/2024\/07\/Poster-Solutre_compressed.pdf\" target=\"_blank\" rel=\"noopener\">cliquant ici<\/a>.<\/p>\n<p>Il a \u00e9t\u00e9 d\u00e9voil\u00e9 pour la premi\u00e8re fois au <a href=\"https:\/\/blog.ube.fr\/seriousgamesolutre\/2024\/07\/10\/847\/\">Colloque RITM-BFC de Cluny<\/a>, en juillet 2024. Il est destin\u00e9 \u00e0 \u00eatre en format A1, mais reste lisible en plus petites dimensions.<\/p>\n<p>&nbsp;<\/p>\n<p><span style=\"color: #ffffff;\">.<\/span><\/p>\n<p><span style=\"color: #ffffff;\">.<\/span><\/p>\n<p>&nbsp;<\/p>\n<h2>Historique<\/h2>\n<p>S<span style=\"font-size: 10pt;\">OLUTR\u00c9<\/span> a \u00e9t\u00e9 con\u00e7u dans le cadre d\u2019un <strong>programme de recherche sur l\u2019innovation p\u00e9dagogique<\/strong> : <a href=\"https:\/\/www.ubfc.fr\/excellence\/ritm-bfc\/\"><i><span style=\"color: #ff9900;\"><strong><span style=\"color: #ff6600;\">RITM-BFC<\/span><\/strong><\/span><\/i><\/a>.<\/p>\n<p>Les chercheurs auteurs du jeu travaillent sur ce projet depuis 2016, quatre programmes de recherche successifs ayant \u00e9t\u00e9 n\u00e9cessaires pour aboutir cette \u00e9dition. En 2017, les diagnostics territoriaux fond\u00e9s sur des enqu\u00eates qualitatives de terrain ont permis l\u2019\u00e9laboration d\u2019une version b\u00eata du jeu par la promotion 2017-2018 du <a href=\"https:\/\/www.masterbioterre.com\/atelier\/renouvellement-label-grand-site-de-france-solutre-en-bourgogne\">Master BIOTERRE de l\u2019universit\u00e9 Paris 1<\/a>, qui a \u00e9t\u00e9 retravaill\u00e9e \u00e0 partir de 2020 par un concepteur ludique notamment par la d\u00e9marche Commod. La formalisation du jeu a ensuite \u00e9t\u00e9 affin\u00e9e par <a href=\"https:\/\/www.play-time.fr\/\">Playtime<\/a>.<\/p>\n<p>S<span style=\"font-size: 10pt;\">OLUTR\u00c9<\/span> a \u00e9t\u00e9 test\u00e9 aupr\u00e8s de plus de 300 \u00e9tudiants de diff\u00e9rentes fili\u00e8res (biologie, histoire, g\u00e9ographie, philosophie, \u00e9conomie\u2026), une vingtaine de sp\u00e9cialistes du jeu et une vingtaine de professionnels de l\u2019am\u00e9nagement. Il a \u00e9t\u00e9 traduit et test\u00e9 en anglais (disponible en version<a href=\"https:\/\/blog.ube.fr\/seriousgamesolutre\/version-print-and-play\/\"> Print &amp; Play<\/a>).<\/p>\n<h3>Les diff\u00e9rentes phases du projet<\/h3>\n<p>Avant d&#8217;arriver au mod\u00e8le actuel de S<span style=\"font-size: 10pt;\">OLUTR\u00c9<\/span>, le projet a travers\u00e9 diff\u00e9rentes phases qui lui ont permis d&#8217;\u00eatre le produit abouti qu&#8217;il est aujourd&#8217;hui.<\/p>\n<div id='gallery-1' class='gallery galleryid-62 gallery-columns-4 gallery-size-thumbnail'><dl class='gallery-item'>\n\t\t\t<dt class='gallery-icon portrait'>\n\t\t\t\t<a href='https:\/\/blog.ube.fr\/seriousgamesolutre\/solutre-v0\/'><img loading=\"lazy\" decoding=\"async\" width=\"150\" height=\"150\" src=\"https:\/\/blog.ube.fr\/seriousgamesolutre\/wp-content\/uploads\/sites\/203\/2024\/07\/SOLUTRE-v0-150x150.jpg\" class=\"attachment-thumbnail size-thumbnail\" alt=\"\" aria-describedby=\"gallery-1-840\" \/><\/a>\n\t\t\t<\/dt>\n\t\t\t\t<dd class='wp-caption-text gallery-caption' id='gallery-1-840'>\n\t\t\t\tVersion beta &#8211; 2017\n\t\t\t\t<\/dd><\/dl><dl class='gallery-item'>\n\t\t\t<dt class='gallery-icon portrait'>\n\t\t\t\t<a href='https:\/\/blog.ube.fr\/seriousgamesolutre\/solutre-v1\/'><img loading=\"lazy\" decoding=\"async\" width=\"150\" height=\"150\" src=\"https:\/\/blog.ube.fr\/seriousgamesolutre\/wp-content\/uploads\/sites\/203\/2024\/07\/SOLUTRE-v1-150x150.jpg\" class=\"attachment-thumbnail size-thumbnail\" alt=\"\" aria-describedby=\"gallery-1-839\" \/><\/a>\n\t\t\t<\/dt>\n\t\t\t\t<dd class='wp-caption-text gallery-caption' id='gallery-1-839'>\n\t\t\t\tV1 &#8211; 2021\n\t\t\t\t<\/dd><\/dl><dl class='gallery-item'>\n\t\t\t<dt class='gallery-icon landscape'>\n\t\t\t\t<a href='https:\/\/blog.ube.fr\/seriousgamesolutre\/solutre-v2\/'><img loading=\"lazy\" decoding=\"async\" width=\"150\" height=\"150\" src=\"https:\/\/blog.ube.fr\/seriousgamesolutre\/wp-content\/uploads\/sites\/203\/2024\/07\/SOLUTRE-v2-150x150.png\" class=\"attachment-thumbnail size-thumbnail\" alt=\"\" aria-describedby=\"gallery-1-798\" \/><\/a>\n\t\t\t<\/dt>\n\t\t\t\t<dd class='wp-caption-text gallery-caption' id='gallery-1-798'>\n\t\t\t\tV2 &#8211; 2022\n\t\t\t\t<\/dd><\/dl><dl class='gallery-item'>\n\t\t\t<dt class='gallery-icon landscape'>\n\t\t\t\t<a href='https:\/\/blog.ube.fr\/seriousgamesolutre\/solutre-v3\/'><img loading=\"lazy\" decoding=\"async\" width=\"150\" height=\"150\" src=\"https:\/\/blog.ube.fr\/seriousgamesolutre\/wp-content\/uploads\/sites\/203\/2024\/07\/SOLUTRE-v3-150x150.png\" class=\"attachment-thumbnail size-thumbnail\" alt=\"\" aria-describedby=\"gallery-1-799\" \/><\/a>\n\t\t\t<\/dt>\n\t\t\t\t<dd class='wp-caption-text gallery-caption' id='gallery-1-799'>\n\t\t\t\tV3 &#8211; 2024\n\t\t\t\t<\/dd><\/dl><br style=\"clear: both\" \/>\n\t\t<\/div>\n\n<h2>R\u00e8gles du jeu<\/h2>\n<p>Vous pouvez retrouver les r\u00e8gles du jeu SOLUTR\u00c9 en cliquant ici :<\/p>\n<p><a title=\"R\u00e8gles du jeu SOLUTR\u00c9\" href=\"https:\/\/pufc.univ-fcomte.fr\/media\/catalog\/product\/r\/_\/r_gles_du_jeu_solutr_.pdf\" target=\"_blank\" rel=\"noopener\"><img loading=\"lazy\" decoding=\"async\" class=\"aligncenter wp-image-634\" src=\"https:\/\/blog.ube.fr\/seriousgamesolutre\/wp-content\/uploads\/sites\/203\/2024\/06\/Screenshot-2024-06-18-at-14-12-54-Regles-du-jeu-Solutre-r_gles_du_jeu_solutr_.pdf.png\" alt=\"Couverture du livret des R\u00e8gles du jeu SOLUTR\u00c9\" width=\"340\" height=\"484\" srcset=\"https:\/\/blog.ube.fr\/seriousgamesolutre\/wp-content\/uploads\/sites\/203\/2024\/06\/Screenshot-2024-06-18-at-14-12-54-Regles-du-jeu-Solutre-r_gles_du_jeu_solutr_.pdf.png 502w, https:\/\/blog.ube.fr\/seriousgamesolutre\/wp-content\/uploads\/sites\/203\/2024\/06\/Screenshot-2024-06-18-at-14-12-54-Regles-du-jeu-Solutre-r_gles_du_jeu_solutr_.pdf-211x300.png 211w\" sizes=\"auto, (max-width: 340px) 100vw, 340px\" \/><\/a>Si vous avez des doutes ou des interrogations, n&#8217;h\u00e9sitez pas \u00e0 consulter notre <a href=\"https:\/\/blog.ube.fr\/seriousgamesolutre\/faq\/\">FAQ<\/a>.<\/p>\n","protected":false},"excerpt":{"rendered":"<p>Le Serious Game SOLUTR\u00c9 est un jeu de plateau semi-coop\u00e9ratif d\u2019am\u00e9nagement et de d\u00e9veloppement soutenable. Il est con\u00e7u \u00e0 partir d&#8217;un diagnostic territorial, pour vivre la gouvernance territoriale d&#8217;un patrimoine naturel prot\u00e9g\u00e9 en milieu rural, prenant appui sur le cas du Grand Site de France Solutr\u00e9 Pouilly Vergisson. Les joueurs sont amen\u00e9s \u00e0 adopter le&hellip;<\/p>\n<p class=\"more-link-p\"><a class=\"btn btn-primary\" href=\"https:\/\/blog.ube.fr\/seriousgamesolutre\/presentation-du-jeu\/\">Voir plus &rarr;<\/a><\/p>\n","protected":false},"author":6431,"featured_media":0,"parent":0,"menu_order":0,"comment_status":"closed","ping_status":"closed","template":"","meta":{"footnotes":""},"class_list":["post-62","page","type-page","status-publish","hentry"],"_links":{"self":[{"href":"https:\/\/blog.ube.fr\/seriousgamesolutre\/wp-json\/wp\/v2\/pages\/62","targetHints":{"allow":["GET"]}}],"collection":[{"href":"https:\/\/blog.ube.fr\/seriousgamesolutre\/wp-json\/wp\/v2\/pages"}],"about":[{"href":"https:\/\/blog.ube.fr\/seriousgamesolutre\/wp-json\/wp\/v2\/types\/page"}],"author":[{"embeddable":true,"href":"https:\/\/blog.ube.fr\/seriousgamesolutre\/wp-json\/wp\/v2\/users\/6431"}],"replies":[{"embeddable":true,"href":"https:\/\/blog.ube.fr\/seriousgamesolutre\/wp-json\/wp\/v2\/comments?post=62"}],"version-history":[{"count":27,"href":"https:\/\/blog.ube.fr\/seriousgamesolutre\/wp-json\/wp\/v2\/pages\/62\/revisions"}],"predecessor-version":[{"id":991,"href":"https:\/\/blog.ube.fr\/seriousgamesolutre\/wp-json\/wp\/v2\/pages\/62\/revisions\/991"}],"wp:attachment":[{"href":"https:\/\/blog.ube.fr\/seriousgamesolutre\/wp-json\/wp\/v2\/media?parent=62"}],"curies":[{"name":"wp","href":"https:\/\/api.w.org\/{rel}","templated":true}]}}