{"id":501,"date":"2024-06-13T18:09:59","date_gmt":"2024-06-13T16:09:59","guid":{"rendered":"https:\/\/blog.u-bourgogne.fr\/seriousgamesolutre\/?page_id=501"},"modified":"2024-11-28T16:00:42","modified_gmt":"2024-11-28T15:00:42","slug":"accueil","status":"publish","type":"page","link":"https:\/\/blog.ube.fr\/seriousgamesolutre\/accueil\/","title":{"rendered":"Serious Game SOLUTR\u00c9"},"content":{"rendered":"<p><strong>E<span style=\"font-size: 14pt;\">lu meilleur jeu s\u00e9rieux de l&#8217;ann\u00e9e 2024<\/span><\/strong><\/p>\n<p><img loading=\"lazy\" decoding=\"async\" class=\"alignnone size-medium wp-image-1045\" src=\"https:\/\/blog.ube.fr\/seriousgamesolutre\/wp-content\/uploads\/sites\/203\/2024\/11\/ISAGA-logo-groot-1-300x201.png\" alt=\"\" width=\"300\" height=\"201\" srcset=\"https:\/\/blog.ube.fr\/seriousgamesolutre\/wp-content\/uploads\/sites\/203\/2024\/11\/ISAGA-logo-groot-1-300x201.png 300w, https:\/\/blog.ube.fr\/seriousgamesolutre\/wp-content\/uploads\/sites\/203\/2024\/11\/ISAGA-logo-groot-1.png 512w\" sizes=\"auto, (max-width: 300px) 100vw, 300px\" \/><\/p>\n<p><span style=\"font-size: 16px;\">En octobre dernier, <\/span><a style=\"font-size: 16px;\" href=\"https:\/\/isaga.com\/our-activities\/isaga-simulation-and-gaming-competition-isgc\/\">International Simulation and Gaming Association<\/a><span style=\"font-size: 16px;\"> (ISAGA) a \u00e9lu SOLUTRE comme <span style=\"font-size: 12pt;\"><strong>le meilleur jeu s\u00e9rieux de l&#8217;ann\u00e9e<\/strong>.<\/span><\/span><\/p>\n<p>Nous sommes extr\u00eamement honor\u00e9s par cette reconnaissance internationale qui r\u00e9compense plusieurs ann\u00e9es de travaux de recherche sur ce jeu.<\/p>\n<p>Merci \u00e0 tous nos collaborateurs et \u00e0 nos soutiens financiers : ANR RITM BFC, la MSH de Dijon et la DREAL Bourgogne-Franche-Comt\u00e9, le <span style=\"font-size: 14pt;\"><a href=\"https:\/\/www.play-time.fr\">collectif PlayTime<\/a> <\/span>et Eredejeux.<\/p>\n<p>Cette r\u00e9compense a \u00e9t\u00e9 remise par Paola Rizzi, University of Sassari, School of Planning, Italy (Chair of the Reviewing Committee of ISGC2024) et Heide Lukosch, University of Canterbury, New Zealand (Chair, ISAGA Executive Board) :\u00a0<a href=\"https:\/\/blog.ube.fr\/seriousgamesolutre\/wp-content\/uploads\/sites\/203\/2024\/11\/Best-Gaming-Award.pdf\">Best Gaming Award<\/a><\/p>\n<p>&#8212;&#8212;&#8212;&#8212;&#8212;&#8212;&#8212;&#8212;&#8212;&#8212;&#8212;&#8212;&#8212;&#8212;&#8212;&#8212;&#8212;&#8212;&#8212;&#8212;&#8212;&#8212;&#8212;&#8212;&#8212;&#8212;&#8212;&#8212;&#8212;&#8212;&#8212;&#8212;&#8212;&#8212;&#8212;&#8212;&#8212;&#8212;&#8212;&#8212;&#8212;&#8211;<\/p>\n<p>Sur cette plateforme num\u00e9rique, vous pourrez y retrouver toutes les information utiles autour de ce jeu. De <a href=\"https:\/\/blog.ube.fr\/seriousgamesolutre\/category\/supports\/\">nombreuses ressources num\u00e9riques<\/a> sont \u00e9galement disponibles gratuitement pour enrichir l&#8217;exp\u00e9rience des joueurs, que ce soit avant, pendant, ou apr\u00e8s la partie.<\/p>\n<p>Le <b><i>Serious Game\u00a0 <\/i><\/b><b>S<\/b><b>OLUTR\u00c9<\/b> est un jeu de plateau semi-coop\u00e9ratif d\u2019am\u00e9nagement et de d\u00e9veloppement soutenable. Il est con\u00e7u \u00e0 partir d\u2019un diagnostic territorial, pour vivre la gouvernance territoriale d\u2019un patrimoine naturel prot\u00e9g\u00e9 en milieu rural, prenant appui sur le cas du Grand Site de France Solutr\u00e9 Pouilly Vergisson.<\/p>\n<h6>Les bo\u00eetes de jeu sont arriv\u00e9es le 4 juin chez l&#8217;\u00e9diteur : vous pouvez <strong>commander<\/strong> S<span style=\"font-size: 12pt;\">OLUTR\u00c9<\/span> au tarif de 55\u20ac en cliquant ici : <a href=\"https:\/\/pufc.univ-fcomte.fr\/solutre.html\">pufc.univ-fcomte.fr\/solutre.html<\/a><\/h6>\n<p><iframe loading=\"lazy\" height=\"314\" src=\"\/\/www.youtube.com\/embed\/SK-bGlJZqw4\" width=\"560\"><\/iframe><\/p>\n<p>N&#8217;h\u00e9sitez pas \u00e0 vous inscrire \u00e0 l&#8217;<a href=\"https:\/\/blog.ube.fr\/seriousgamesolutre\/2024\/06\/14\/infolettre\/\">infolettre<\/a> pour suivre les actualit\u00e9s du jeu : \u00e9ventuelles extensions du jeu, \u00e9v\u00e9nements, nouveaut\u00e9s et nouvelles opportunit\u00e9s d&#8217;exploiter le jeu&#8230;<\/p>\n<p>Nous serions \u00e9galement ravis d&#8217;entendre vos retours et vos avis sur le jeu \u00e0 cette adresse : <a href=\"mailto:thema.seriousgamesolutre@u-bourgogne.fr\" target=\"_blank\" rel=\"noopener\">thema.seriousgamesolutre@u-<wbr \/>bourgogne.fr<\/a><\/p>\n<p>L&#8217;\u00e9quipe de S<span style=\"font-size: 10pt;\">OLUTR\u00c9<\/span><\/p>\n","protected":false},"excerpt":{"rendered":"<p>Elu meilleur jeu s\u00e9rieux de l&#8217;ann\u00e9e 2024 En octobre dernier, International Simulation and Gaming Association (ISAGA) a \u00e9lu SOLUTRE comme le meilleur jeu s\u00e9rieux de l&#8217;ann\u00e9e. Nous sommes extr\u00eamement honor\u00e9s par cette reconnaissance internationale qui r\u00e9compense plusieurs ann\u00e9es de travaux de recherche sur ce jeu. Merci \u00e0 tous nos collaborateurs et \u00e0 nos soutiens financiers&hellip;<\/p>\n<p class=\"more-link-p\"><a class=\"btn btn-primary\" href=\"https:\/\/blog.ube.fr\/seriousgamesolutre\/accueil\/\">Voir plus &rarr;<\/a><\/p>\n","protected":false},"author":6431,"featured_media":426,"parent":0,"menu_order":0,"comment_status":"closed","ping_status":"closed","template":"","meta":{"footnotes":""},"class_list":["post-501","page","type-page","status-publish","has-post-thumbnail","hentry"],"_links":{"self":[{"href":"https:\/\/blog.ube.fr\/seriousgamesolutre\/wp-json\/wp\/v2\/pages\/501","targetHints":{"allow":["GET"]}}],"collection":[{"href":"https:\/\/blog.ube.fr\/seriousgamesolutre\/wp-json\/wp\/v2\/pages"}],"about":[{"href":"https:\/\/blog.ube.fr\/seriousgamesolutre\/wp-json\/wp\/v2\/types\/page"}],"author":[{"embeddable":true,"href":"https:\/\/blog.ube.fr\/seriousgamesolutre\/wp-json\/wp\/v2\/users\/6431"}],"replies":[{"embeddable":true,"href":"https:\/\/blog.ube.fr\/seriousgamesolutre\/wp-json\/wp\/v2\/comments?post=501"}],"version-history":[{"count":21,"href":"https:\/\/blog.ube.fr\/seriousgamesolutre\/wp-json\/wp\/v2\/pages\/501\/revisions"}],"predecessor-version":[{"id":1051,"href":"https:\/\/blog.ube.fr\/seriousgamesolutre\/wp-json\/wp\/v2\/pages\/501\/revisions\/1051"}],"wp:featuredmedia":[{"embeddable":true,"href":"https:\/\/blog.ube.fr\/seriousgamesolutre\/wp-json\/wp\/v2\/media\/426"}],"wp:attachment":[{"href":"https:\/\/blog.ube.fr\/seriousgamesolutre\/wp-json\/wp\/v2\/media?parent=501"}],"curies":[{"name":"wp","href":"https:\/\/api.w.org\/{rel}","templated":true}]}}