{"id":299,"date":"2024-05-13T09:56:16","date_gmt":"2024-05-13T07:56:16","guid":{"rendered":"https:\/\/blog.u-bourgogne.fr\/seriousgamesolutre\/?page_id=299"},"modified":"2025-03-13T22:36:31","modified_gmt":"2025-03-13T21:36:31","slug":"prix-et-commande","status":"publish","type":"page","link":"https:\/\/blog.ube.fr\/seriousgamesolutre\/prix-et-commande\/","title":{"rendered":"Prix et commande"},"content":{"rendered":"<p>Le serious game S<span style=\"font-size: 10pt;\">OLUTR\u00c9<\/span> est paru en juin 2024. Il a \u00e9t\u00e9 fabriqu\u00e9 en France, dans la r\u00e9gion Pays-de-la-Loire.<\/p>\n<h2><span style=\"font-size: 18pt;\">Prix<\/span><\/h2>\n<p><a href=\"https:\/\/pufc.univ-fcomte.fr\/solutre.html\">Cliquez ici<\/a> pour acc\u00e9der au site des Presses Universitaires de Franche-Comt\u00e9 pour passer votre commande : <a href=\"https:\/\/pufc.univ-fcomte.fr\/solutre.html\">https:\/\/pufc.univ-fcomte.fr\/solutre.html<\/a><\/p>\n<ul>\n<li>1 bo\u00eete : 55\u20ac<\/li>\n<li>Lot de 4 bo\u00eetes : 200\u20ac (remise calcul\u00e9e apr\u00e8s coup)<\/li>\n<\/ul>\n<p>Le r\u00e8glement par bon de commande est possible, merci de directement contacter notre \u00e9diteur en le pr\u00e9cisant.<\/p>\n<h6>Pour tout autre question ou interrogation, contactez nous \u00e0 <a href=\"mailto:thema.seriousgamesolutre@u-bourgogne.fr\">thema.seriousgamesolutre@u-bourgogne.fr <\/a><\/h6>\n","protected":false},"excerpt":{"rendered":"<p>Le serious game SOLUTR\u00c9 est paru en juin 2024. Il a \u00e9t\u00e9 fabriqu\u00e9 en France, dans la r\u00e9gion Pays-de-la-Loire. Prix Cliquez ici pour acc\u00e9der au site des Presses Universitaires de Franche-Comt\u00e9 pour passer votre commande : https:\/\/pufc.univ-fcomte.fr\/solutre.html 1 bo\u00eete : 55\u20ac Lot de 4 bo\u00eetes : 200\u20ac (remise calcul\u00e9e apr\u00e8s coup) Le r\u00e8glement par bon&hellip;<\/p>\n<p class=\"more-link-p\"><a class=\"btn btn-primary\" href=\"https:\/\/blog.ube.fr\/seriousgamesolutre\/prix-et-commande\/\">Voir plus &rarr;<\/a><\/p>\n","protected":false},"author":6431,"featured_media":0,"parent":0,"menu_order":0,"comment_status":"closed","ping_status":"closed","template":"","meta":{"footnotes":""},"class_list":["post-299","page","type-page","status-publish","hentry"],"_links":{"self":[{"href":"https:\/\/blog.ube.fr\/seriousgamesolutre\/wp-json\/wp\/v2\/pages\/299","targetHints":{"allow":["GET"]}}],"collection":[{"href":"https:\/\/blog.ube.fr\/seriousgamesolutre\/wp-json\/wp\/v2\/pages"}],"about":[{"href":"https:\/\/blog.ube.fr\/seriousgamesolutre\/wp-json\/wp\/v2\/types\/page"}],"author":[{"embeddable":true,"href":"https:\/\/blog.ube.fr\/seriousgamesolutre\/wp-json\/wp\/v2\/users\/6431"}],"replies":[{"embeddable":true,"href":"https:\/\/blog.ube.fr\/seriousgamesolutre\/wp-json\/wp\/v2\/comments?post=299"}],"version-history":[{"count":22,"href":"https:\/\/blog.ube.fr\/seriousgamesolutre\/wp-json\/wp\/v2\/pages\/299\/revisions"}],"predecessor-version":[{"id":1056,"href":"https:\/\/blog.ube.fr\/seriousgamesolutre\/wp-json\/wp\/v2\/pages\/299\/revisions\/1056"}],"wp:attachment":[{"href":"https:\/\/blog.ube.fr\/seriousgamesolutre\/wp-json\/wp\/v2\/media?parent=299"}],"curies":[{"name":"wp","href":"https:\/\/api.w.org\/{rel}","templated":true}]}}