{"id":211,"date":"2024-04-24T10:37:33","date_gmt":"2024-04-24T08:37:33","guid":{"rendered":"https:\/\/blog.u-bourgogne.fr\/seriousgamesolutre\/?page_id=211"},"modified":"2024-07-30T14:40:23","modified_gmt":"2024-07-30T12:40:23","slug":"la-demarche-commod","status":"publish","type":"page","link":"https:\/\/blog.ube.fr\/seriousgamesolutre\/la-demarche-commod\/","title":{"rendered":"La d\u00e9marche ComMod"},"content":{"rendered":"<p>Cette m\u00e9thode issue du <a href=\"https:\/\/www.cirad.fr\/\">CIRAD<\/a>, en particulier de l\u2019\u00e9quipe de Michel Etienne, a pour objectif de cr\u00e9er des jeux s\u00e9rieux avec des acteurs locaux pour les accompagner dans la discussion et la r\u00e9solution de probl\u00e9matiques territoriales locales. Ces jeux portent le plus souvent sur la gestion, ou plus pr\u00e9cis\u00e9ment le partage, des ressources naturelles locales. Cette m\u00e9thode de recherche-action se d\u00e9roule g\u00e9n\u00e9ralement dans des pays du Sud.<\/p>\n<h6><a href=\"https:\/\/www.commod.org\/en\/case-studies\/solutre\" target=\"_blank\" rel=\"noopener\">Voir l&#8217;\u00e9tude de cas : \u00ab\u00a0 SOLUTR\u00c9 &#8211; Pour une transition socio-\u00e9cologique r\u00e9ussie des Grands Sites de France \u00bb<\/a><\/h6>\n<p>La construction du jeu S<span style=\"font-size: 10pt;\">OLUTR\u00c9<\/span> ainsi que les m\u00e9thodes d\u2019\u00e9valuation et de brainstorming propos\u00e9es dans le <a href=\"https:\/\/blog.ube.fr\/seriousgamesolutre\/livret-daccompagnement\">livret d&#8217;accompagnement<\/a> s\u2019inspirent de la d\u00e9marche ComMod (Companion Modelling) de mod\u00e9lisation d\u2019accompagnement.<\/p>\n","protected":false},"excerpt":{"rendered":"<p>Cette m\u00e9thode issue du CIRAD, en particulier de l\u2019\u00e9quipe de Michel Etienne, a pour objectif de cr\u00e9er des jeux s\u00e9rieux avec des acteurs locaux pour les accompagner dans la discussion et la r\u00e9solution de probl\u00e9matiques territoriales locales. Ces jeux portent le plus souvent sur la gestion, ou plus pr\u00e9cis\u00e9ment le partage, des ressources naturelles locales.&hellip;<\/p>\n<p class=\"more-link-p\"><a class=\"btn btn-primary\" href=\"https:\/\/blog.ube.fr\/seriousgamesolutre\/la-demarche-commod\/\">Voir plus &rarr;<\/a><\/p>\n","protected":false},"author":6431,"featured_media":0,"parent":0,"menu_order":0,"comment_status":"closed","ping_status":"closed","template":"","meta":{"footnotes":""},"class_list":["post-211","page","type-page","status-publish","hentry"],"_links":{"self":[{"href":"https:\/\/blog.ube.fr\/seriousgamesolutre\/wp-json\/wp\/v2\/pages\/211","targetHints":{"allow":["GET"]}}],"collection":[{"href":"https:\/\/blog.ube.fr\/seriousgamesolutre\/wp-json\/wp\/v2\/pages"}],"about":[{"href":"https:\/\/blog.ube.fr\/seriousgamesolutre\/wp-json\/wp\/v2\/types\/page"}],"author":[{"embeddable":true,"href":"https:\/\/blog.ube.fr\/seriousgamesolutre\/wp-json\/wp\/v2\/users\/6431"}],"replies":[{"embeddable":true,"href":"https:\/\/blog.ube.fr\/seriousgamesolutre\/wp-json\/wp\/v2\/comments?post=211"}],"version-history":[{"count":8,"href":"https:\/\/blog.ube.fr\/seriousgamesolutre\/wp-json\/wp\/v2\/pages\/211\/revisions"}],"predecessor-version":[{"id":970,"href":"https:\/\/blog.ube.fr\/seriousgamesolutre\/wp-json\/wp\/v2\/pages\/211\/revisions\/970"}],"wp:attachment":[{"href":"https:\/\/blog.ube.fr\/seriousgamesolutre\/wp-json\/wp\/v2\/media?parent=211"}],"curies":[{"name":"wp","href":"https:\/\/api.w.org\/{rel}","templated":true}]}}