{"id":68,"date":"2024-04-09T13:44:34","date_gmt":"2024-04-09T11:44:34","guid":{"rendered":"https:\/\/blog.u-bourgogne.fr\/sciencesduvegetal\/?page_id=68"},"modified":"2024-05-02T13:05:20","modified_gmt":"2024-05-02T11:05:20","slug":"programme","status":"publish","type":"page","link":"https:\/\/blog.ube.fr\/sciencesduvegetal\/programme\/","title":{"rendered":"Programme"},"content":{"rendered":"<p style=\"text-align: left;\"><span style=\"font-size: 18pt;\"><strong><span style=\"color: #4d8a23;\">Pour obtenir une Licence en Science de la Vie avec un parcours Sciences du V\u00e9g\u00e9tal vous \u00eates ma\u00eetre de votre formation et des comp\u00e9tences que vous allez aqu\u00e9rir. <\/span><\/strong><\/span><\/p>\n<p style=\"text-align: left;\"><span style=\"font-size: 18pt;\"><strong><span style=\"color: #4d8a23;\">En Premiere ann\u00e9e, le 1er semestre est un socle de connaissances obligatoires. <\/span><\/strong><strong><span style=\"color: #4d8a23;\">A partir du second semestre, vous devrez faire un choix d&#8217;option. Puis en L2 et L3 tous les enseignements sont libres et vous pourrez d\u00e9finir votre parcours selon vos aspirations et vos objectifs professionels.<\/span><\/strong><\/span><\/p>\n<p style=\"text-align: left;\"><span style=\"font-size: 18pt;\"><strong><span style=\"color: #000000;\"><span style=\"color: #4d8a23;\">Le parcours Sciences du V\u00e9g\u00e9tal s&#8217;appuie sur des Unit\u00e9s d&#8217;Enseignements <span style=\"color: #ff9900;\"><a style=\"color: #ff9900;\" href=\"https:\/\/blog.ube.fr\/sciencesduvegetal\/les-ues-vegetales\/\"><span style=\"color: #ff6600;\">(UE) v\u00e9g\u00e9tales<\/span><\/a><\/span><\/span><\/span><span style=\"color: #000000;\"><span style=\"color: #4d8a23;\"> qui sont primordiales pour l&#8217;obtention de la licence Sciences du V\u00e9g\u00e9tal et des <\/span><\/span><span style=\"color: #000000;\"><span style=\"color: #ff6600;\"><a style=\"color: #ff6600;\" href=\"https:\/\/blog.ube.fr\/sciencesduvegetal\/les-ues-optionelles\/\">UE optionelles<\/a> <\/span><\/span><span style=\"color: #000000;\"><span style=\"color: #4d8a23;\">qui vous permettrons de colorer votre licence avec des aspects plus tourn\u00e9s vers l&#8217;Agro-Environement ou la Biologie Cellulaire et Mol\u00e9culaire. <\/span><\/span><\/strong><\/span><span style=\"font-size: 18pt;\"><strong><span style=\"color: #000000;\"><span style=\"color: #4d8a23;\">Pour vous aider \u00e0 choisir, voici des <a href=\"https:\/\/blog.ube.fr\/sciencesduvegetal\/exemples-de-parcours-svg\/\"><span style=\"color: #ff6600;\">exemples de parcours<\/span><\/a> possibles.<\/span><\/span><\/strong><\/span><\/p>\n<p><img loading=\"lazy\" decoding=\"async\" class=\"alignnone size-full wp-image-215\" src=\"https:\/\/blog.ube.fr\/sciencesduvegetal\/wp-content\/uploads\/sites\/202\/2024\/04\/Programme-Licence-SVg.png\" alt=\"\" width=\"1772\" height=\"1018\" srcset=\"https:\/\/blog.ube.fr\/sciencesduvegetal\/wp-content\/uploads\/sites\/202\/2024\/04\/Programme-Licence-SVg.png 1772w, https:\/\/blog.ube.fr\/sciencesduvegetal\/wp-content\/uploads\/sites\/202\/2024\/04\/Programme-Licence-SVg-300x172.png 300w, https:\/\/blog.ube.fr\/sciencesduvegetal\/wp-content\/uploads\/sites\/202\/2024\/04\/Programme-Licence-SVg-1024x588.png 1024w, https:\/\/blog.ube.fr\/sciencesduvegetal\/wp-content\/uploads\/sites\/202\/2024\/04\/Programme-Licence-SVg-768x441.png 768w, https:\/\/blog.ube.fr\/sciencesduvegetal\/wp-content\/uploads\/sites\/202\/2024\/04\/Programme-Licence-SVg-1536x882.png 1536w\" sizes=\"auto, (max-width: 1772px) 100vw, 1772px\" \/><\/p>\n<p style=\"text-align: right;\"><span style=\"color: #808080;\"><em><span style=\"font-family: arial, helvetica, sans-serif;\">R\u00e9daction : M.Gayral<\/span><\/em><\/span><\/p>\n","protected":false},"excerpt":{"rendered":"<p>Pour obtenir une Licence en Science de la Vie avec un parcours Sciences du V\u00e9g\u00e9tal vous \u00eates ma\u00eetre de votre formation et des comp\u00e9tences que vous allez aqu\u00e9rir. En Premiere ann\u00e9e, le 1er semestre est un socle de connaissances obligatoires. A partir du second semestre, vous devrez faire un choix d&#8217;option. Puis en L2 et&hellip;<\/p>\n<p class=\"more-link-p\"><a class=\"btn btn-primary\" href=\"https:\/\/blog.ube.fr\/sciencesduvegetal\/programme\/\">Voir plus &rarr;<\/a><\/p>\n","protected":false},"author":4787,"featured_media":0,"parent":0,"menu_order":0,"comment_status":"closed","ping_status":"closed","template":"","meta":{"_exactmetrics_skip_tracking":false,"_exactmetrics_sitenote_active":false,"_exactmetrics_sitenote_note":"","_exactmetrics_sitenote_category":0,"footnotes":""},"class_list":["post-68","page","type-page","status-publish","hentry"],"_links":{"self":[{"href":"https:\/\/blog.ube.fr\/sciencesduvegetal\/wp-json\/wp\/v2\/pages\/68","targetHints":{"allow":["GET"]}}],"collection":[{"href":"https:\/\/blog.ube.fr\/sciencesduvegetal\/wp-json\/wp\/v2\/pages"}],"about":[{"href":"https:\/\/blog.ube.fr\/sciencesduvegetal\/wp-json\/wp\/v2\/types\/page"}],"author":[{"embeddable":true,"href":"https:\/\/blog.ube.fr\/sciencesduvegetal\/wp-json\/wp\/v2\/users\/4787"}],"replies":[{"embeddable":true,"href":"https:\/\/blog.ube.fr\/sciencesduvegetal\/wp-json\/wp\/v2\/comments?post=68"}],"version-history":[{"count":24,"href":"https:\/\/blog.ube.fr\/sciencesduvegetal\/wp-json\/wp\/v2\/pages\/68\/revisions"}],"predecessor-version":[{"id":269,"href":"https:\/\/blog.ube.fr\/sciencesduvegetal\/wp-json\/wp\/v2\/pages\/68\/revisions\/269"}],"wp:attachment":[{"href":"https:\/\/blog.ube.fr\/sciencesduvegetal\/wp-json\/wp\/v2\/media?parent=68"}],"curies":[{"name":"wp","href":"https:\/\/api.w.org\/{rel}","templated":true}]}}