{"id":289,"date":"2024-05-03T14:07:29","date_gmt":"2024-05-03T12:07:29","guid":{"rendered":"https:\/\/blog.u-bourgogne.fr\/sciencesduvegetal\/?page_id=289"},"modified":"2024-05-05T11:22:38","modified_gmt":"2024-05-05T09:22:38","slug":"recrutement","status":"publish","type":"page","link":"https:\/\/blog.ube.fr\/sciencesduvegetal\/recrutement\/","title":{"rendered":"Recrutement"},"content":{"rendered":"<p><img loading=\"lazy\" decoding=\"async\" class=\"alignleft wp-image-291 size-medium\" src=\"https:\/\/blog.ube.fr\/sciencesduvegetal\/wp-content\/uploads\/sites\/202\/2024\/05\/entree-SVg-Dijon-231x300.png\" alt=\"\" width=\"231\" height=\"300\" srcset=\"https:\/\/blog.ube.fr\/sciencesduvegetal\/wp-content\/uploads\/sites\/202\/2024\/05\/entree-SVg-Dijon-231x300.png 231w, https:\/\/blog.ube.fr\/sciencesduvegetal\/wp-content\/uploads\/sites\/202\/2024\/05\/entree-SVg-Dijon.png 639w\" sizes=\"auto, (max-width: 231px) 100vw, 231px\" \/><\/p>\n<p><strong>Pour les \u00e9tudiants de l&#8217;uB, le parcours Science du V\u00e9g\u00e9tal est accessible apr\u00e8s obtention du socle de connaissances en Sciences de la Vie de la L1 SVTE quelle que soit l&#8217;option choisie au second semestre.<\/strong><\/p>\n<p>&nbsp;<\/p>\n<p>L&#8217;inscription est ouverte \u00e0 tous les \u00e9tudiants ayant acquis les bases de biologie et de physiologie v\u00e9g\u00e9tale dans une formation \u00e9quivalente en sciences de la vie aussi bien dans une autre universit\u00e9, une \u00e9cole pr\u00e9paratoire BCPST ou en BTS agronomie \/ productions v\u00e9g\u00e9tales.<\/p>\n<p>La candidature et le niveau d&#8217;acc\u00e8s seront alors examin\u00e9s par l&#8217;\u00e9quipe p\u00e9dagogique qui d\u00e9cide de l\u2019admission (g\u00e9n\u00e9ralement les \u00e9tudiants titulaires d\u2019un BTS sont admis en L2 plut\u00f4t qu\u2019en L3).<\/p>\n<p>&nbsp;<\/p>\n<p>Cette formation est \u00e9galement accessible aux adultes qui d\u00e9sirent reprendre des \u00e9tudes (salari\u00e9s, demandeurs d&#8217;emploi&#8230;) \u00e0 condition d&#8217;\u00eatre titulaires du dipl\u00f4me requis.<\/p>\n<p>&nbsp;<\/p>\n<p style=\"text-align: right;\"><span style=\"color: #808080;\"><em><span style=\"font-family: arial, helvetica, sans-serif;\">R\u00e9daction : M.Gayral<\/span><\/em><\/span><\/p>\n","protected":false},"excerpt":{"rendered":"<p>Pour les \u00e9tudiants de l&#8217;uB, le parcours Science du V\u00e9g\u00e9tal est accessible apr\u00e8s obtention du socle de connaissances en Sciences de la Vie de la L1 SVTE quelle que soit l&#8217;option choisie au second semestre. &nbsp; L&#8217;inscription est ouverte \u00e0 tous les \u00e9tudiants ayant acquis les bases de biologie et de physiologie v\u00e9g\u00e9tale dans une&hellip;<\/p>\n<p class=\"more-link-p\"><a class=\"btn btn-primary\" href=\"https:\/\/blog.ube.fr\/sciencesduvegetal\/recrutement\/\">Voir plus &rarr;<\/a><\/p>\n","protected":false},"author":4787,"featured_media":0,"parent":0,"menu_order":0,"comment_status":"closed","ping_status":"closed","template":"","meta":{"_exactmetrics_skip_tracking":false,"_exactmetrics_sitenote_active":false,"_exactmetrics_sitenote_note":"","_exactmetrics_sitenote_category":0,"footnotes":""},"class_list":["post-289","page","type-page","status-publish","hentry"],"_links":{"self":[{"href":"https:\/\/blog.ube.fr\/sciencesduvegetal\/wp-json\/wp\/v2\/pages\/289","targetHints":{"allow":["GET"]}}],"collection":[{"href":"https:\/\/blog.ube.fr\/sciencesduvegetal\/wp-json\/wp\/v2\/pages"}],"about":[{"href":"https:\/\/blog.ube.fr\/sciencesduvegetal\/wp-json\/wp\/v2\/types\/page"}],"author":[{"embeddable":true,"href":"https:\/\/blog.ube.fr\/sciencesduvegetal\/wp-json\/wp\/v2\/users\/4787"}],"replies":[{"embeddable":true,"href":"https:\/\/blog.ube.fr\/sciencesduvegetal\/wp-json\/wp\/v2\/comments?post=289"}],"version-history":[{"count":7,"href":"https:\/\/blog.ube.fr\/sciencesduvegetal\/wp-json\/wp\/v2\/pages\/289\/revisions"}],"predecessor-version":[{"id":302,"href":"https:\/\/blog.ube.fr\/sciencesduvegetal\/wp-json\/wp\/v2\/pages\/289\/revisions\/302"}],"wp:attachment":[{"href":"https:\/\/blog.ube.fr\/sciencesduvegetal\/wp-json\/wp\/v2\/media?parent=289"}],"curies":[{"name":"wp","href":"https:\/\/api.w.org\/{rel}","templated":true}]}}