{"id":6,"date":"2025-03-06T09:39:15","date_gmt":"2025-03-06T08:39:15","guid":{"rendered":"https:\/\/blog.u-bourgogne.fr\/reglementation-des-medicaments-de-therapie-innovante\/?page_id=6"},"modified":"2025-07-15T18:42:03","modified_gmt":"2025-07-15T16:42:03","slug":"inscription","status":"publish","type":"page","link":"https:\/\/blog.ube.fr\/reglementation-des-medicaments-de-therapie-innovante\/inscription\/","title":{"rendered":"Inscription"},"content":{"rendered":"<p><section class=\"kc-elm kc-css-545941 kc_row\"><div class=\"kc-row-container  kc-container\"><div class=\"kc-wrap-columns\"><div class=\"kc-elm kc-css-475052 kc_col-sm-12 kc_column kc_col-sm-12\"><div class=\"kc-col-container\"><div class=\"kc-elm kc-css-895663\" style=\"height: 53px; clear: both; width:100%;\"><\/div><div data-kc-equalheight=\"true\" data-kc-row-action=\"true\" data-kc-equalheight-align=\"middle\" class=\"kc-elm kc-css-347073 kc_row kc_row_inner\"><div class=\"kc-elm kc-css-703090 kc_col-sm-3 kc_column_inner kc_col-sm-3\"><div class=\"kc_wrapper kc-col-inner-container\"><\/div><\/div><div class=\"kc-elm kc-css-819386 kc_col-sm-5 kc_column_inner kc_col-sm-5\"><div class=\"kc_wrapper kc-col-inner-container\"><\/div><\/div><div class=\"kc-elm kc-css-931943 kc_col-sm-4 kc_column_inner kc_col-sm-4\"><div class=\"kc_wrapper kc-col-inner-container\"><div class=\"kc-elm kc-css-792645\" style=\"height: 36px; clear: both; width:100%;\"><\/div><div class=\"kc-elm kc-css-113476 kc-raw-code\"><style>\r\n.english-button {\r\n  background-color: white;\r\n  color: #012169; \/* Bleu fonc\u00e9 du drapeau UK *\/\r\n  border: 2px solid #012169;\r\n  border-radius: 6px;\r\n  padding: 10px 15px;\r\n  font-weight: bold;\r\n  font-size: 16px;\r\n  cursor: pointer;\r\n  display: inline-flex;\r\n  align-items: center;\r\n  gap: 10px;\r\n}\r\n.english-button img {\r\n  width: 24px;\r\n  height: auto;\r\n}\r\n.english-button:hover {\r\n  background-color: #012169;\r\n  color: white;\r\n}\r\n<\/style>\r\n\r\n<a href=\"https:\/\/blog.u-bourgogne.fr\/reglementation-des-medicaments-de-therapie-innovante\/registration\/\">\r\n  <div class=\"english-button\">\r\n    <img decoding=\"async\" src=\"https:\/\/upload.wikimedia.org\/wikipedia\/en\/a\/ae\/Flag_of_the_United_Kingdom.svg\" alt=\"UK flag\">\r\n    Access to the English version\r\n  <\/div>\r\n<\/a><\/div><\/div><\/div><\/div><\/div><\/div><\/div><\/div><\/section><section class=\"kc-elm kc-css-129384 kc_row\"><div class=\"kc-row-container  kc-container\"><div class=\"kc-wrap-columns\"><div class=\"kc-elm kc-css-7261 kc_col-sm-12 kc_column kc_col-sm-12\"><div class=\"kc-col-container\"><div class=\"kc-elm kc-css-548001\" style=\"height: 49px; clear: both; width:100%;\"><\/div><div class=\"kc-elm kc-css-988615 kc_shortcode kc_single_image\">\n\n        <img decoding=\"async\" src=\"https:\/\/blog.ube.fr\/reglementation-des-medicaments-de-therapie-innovante\/wp-content\/uploads\/sites\/213\/2025\/06\/AdobeStock_1109198096-Personnalise.jpeg\" class=\"\" alt=\"\" \/>    <\/div>\n<div class=\"kc-elm kc-css-431735\" style=\"height: 49px; clear: both; width:100%;\"><\/div><\/div><\/div><\/div><\/div><\/section><section class=\"kc-elm kc-css-549139 kc_row\"><div class=\"kc-row-container  kc-container\"><div class=\"kc-wrap-columns\"><div class=\"kc-elm kc-css-87042 kc_col-sm-2 kc_column kc_col-sm-2\"><div class=\"kc-col-container\"><div class=\"kc-elm kc-css-404220 kc-icon-wrapper\">\n\t\t<i class=\"fa-arrow-circle-right\"><\/i>\n\t<\/div>\n<\/div><\/div><div class=\"kc-elm kc-css-312529 kc_col-sm-10 kc_column kc_col-sm-10\"><div class=\"kc-col-container\"><div class=\"kc-elm kc-css-968736 kc_text_block\"><\/p>\n<p>Les inscriptions sont officiellement ouvertes !&nbsp;<\/p>\n<p>\n<\/div><div class=\"kc-elm kc-css-718144\" style=\"height: 50px; clear: both; width:100%;\"><\/div><\/div><\/div><\/div><\/div><\/section><section class=\"kc-elm kc-css-356496 kc_row\"><div class=\"kc-row-container  kc-container\"><div class=\"kc-wrap-columns\"><div class=\"kc-elm kc-css-840346 kc_col-sm-12 kc_column kc_col-sm-12\"><div class=\"kc-col-container\">\n<div class=\"kc-elm kc-css-620712 kc-title-wrap \">\n\n\t<h1 class=\"kc_title\">Les Tarifs<\/h1>\n<\/div>\n<div class=\"kc-elm kc-css-427926\" style=\"height: 50px; clear: both; width:100%;\"><\/div><div class=\"kc-elm kc-css-419163 kc_accordion_wrapper\">\n<div class=\"kc-elm kc-css-820904 kc_accordion_section group \"><h3 class=\"kc_accordion_header ui-accordion-header\"><span class=\"ui-accordion-header-icon ui-icon\"><\/span><a href=\"#je-suis-un-industriel\" data-prevent=\"scroll\"><i class=\"fa-industry\"><\/i> Je suis un industriel<\/a><\/h3><div class=\"kc_accordion_content ui-accordion-content kc_clearfix\"><div class=\"kc-panel-body\"><div class=\"kc-elm kc-css-243523 kc_text_block\"><\/p>\n<p><strong>\u26a0\ufe0f\u00a0attention si vous \u00eates membre de Santenov vous b\u00e9n\u00e9ficiez d&#039;un tarif n\u00e9goci\u00e9\u00a0\u26a0\ufe0f<\/strong><\/p>\n<div>\n<div>\n<table class=\"aligncenter\" style=\"border-color: #000000;\" border=\"2\">\n<tbody>\n<tr style=\"background-color: #1d67b7;\">\n<td style=\"text-align: center;\" width=\"201\">\u00a0<\/td>\n<td style=\"text-align: center;\" width=\"201\">\n<p><strong style=\"color: white;\">Sans repas<\/strong><\/p>\n<\/td>\n<td style=\"text-align: center;\" width=\"201\">\n<p><strong style=\"color: white;\">Avec repas<\/strong><\/p>\n<\/td>\n<\/tr>\n<tr>\n<td style=\"text-align: center;\" width=\"201\">\n<p><strong>Une<\/strong> journ\u00e9e de colloque<\/p>\n<\/td>\n<td style=\"text-align: center;\" width=\"201\">\n<p><strong>100\u20ac TTC<\/strong><br \/>(90.90\u20ac HT)<\/p>\n<\/td>\n<td style=\"text-align: center;\" width=\"201\">\n<p><strong>125\u20ac TTC<\/strong><br \/>(113.64\u20ac HT)<\/p>\n<\/td>\n<\/tr>\n<tr>\n<td style=\"text-align: center;\" width=\"201\">\n<p><strong>Deux<\/strong> journ\u00e9es de colloque<\/p>\n<\/td>\n<td style=\"text-align: center;\" width=\"201\">\n<p><strong>200\u20ac TTC<\/strong><br \/>(181.81\u20ac HT)<\/p>\n<\/td>\n<td style=\"text-align: center;\" width=\"201\">\n<p><strong>250\u20ac TTC<\/strong><br \/>(227.27\u20ac HT)<\/p>\n<\/td>\n<\/tr>\n<\/tbody>\n<\/table>\n<\/div>\n<\/div>\n<p>\n<\/div><\/div><\/div><\/div><div class=\"kc-elm kc-css-309879 kc_accordion_section group \"><h3 class=\"kc_accordion_header ui-accordion-header\"><span class=\"ui-accordion-header-icon ui-icon\"><\/span><a href=\"#je-suis-avocat\" data-prevent=\"scroll\"><i class=\"fa-balance-scale\"><\/i> Je suis avocat<\/a><\/h3><div class=\"kc_accordion_content ui-accordion-content kc_clearfix\"><div class=\"kc-panel-body\"><div class=\"kc-elm kc-css-378760 kc_text_block\"><\/p>\n<p><strong>\u26a0\ufe0f\u00a0attention si vous \u00eates membre de l&#039;AFDS ou de l&#039;AEDEP vous b\u00e9n\u00e9ficiez d&#039;une inscription gratuite\u26a0\ufe0f<\/strong><\/p>\n<div>\n<div>\n<table class=\"aligncenter\" style=\"border-color: #000000;\" border=\"2\">\n<tbody>\n<tr style=\"background-color: #1d67b7;\">\n<td style=\"text-align: center;\" width=\"201\">\u00a0<\/td>\n<td style=\"text-align: center;\" width=\"201\">\n<p><strong style=\"color: white;\">Sans repas<\/strong><\/p>\n<\/td>\n<td style=\"text-align: center;\" width=\"201\">\n<p><strong style=\"color: white;\">Avec repas<\/strong><\/p>\n<\/td>\n<\/tr>\n<tr>\n<td style=\"text-align: center;\" width=\"201\">\n<p><strong>Une<\/strong> journ\u00e9e de colloque<\/p>\n<\/td>\n<td style=\"text-align: center;\" width=\"201\">\n<p><strong>75\u20ac TTC<\/strong><br \/>(68,18\u20acHT)<\/p>\n<\/td>\n<td style=\"text-align: center;\" width=\"201\">\n<p><strong>100\u20ac TTC<\/strong><br \/>(90,90\u20ac HT)<\/p>\n<\/td>\n<\/tr>\n<tr>\n<td style=\"text-align: center;\" width=\"201\">\n<p><strong>Deux<\/strong> journ\u00e9es de colloque<\/p>\n<\/td>\n<td style=\"text-align: center;\" width=\"201\">\n<p><strong>150\u20ac TTC<\/strong><br \/>(136,36\u20ac HT)<\/p>\n<\/td>\n<td style=\"text-align: center;\" width=\"201\">\n<p><strong>200\u20ac TTC<\/strong><br \/>(181,81\u20ac HT)<\/p>\n<\/td>\n<\/tr>\n<\/tbody>\n<\/table>\n<\/div>\n<\/div>\n<p>\n<\/div><\/div><\/div><\/div><div class=\"kc-elm kc-css-897067 kc_accordion_section group \"><h3 class=\"kc_accordion_header ui-accordion-header\"><span class=\"ui-accordion-header-icon ui-icon\"><\/span><a href=\"#je-suis-universitaire-etudiant-membre-daposune-structure-publique\" data-prevent=\"scroll\"><i class=\"fa-university\"><\/i> Je suis universitaire, \u00e9tudiant, membre d:apos:une structure publique<\/a><\/h3><div class=\"kc_accordion_content ui-accordion-content kc_clearfix\"><div class=\"kc-panel-body\"><div class=\"kc-elm kc-css-472562 kc_text_block\"><\/p>\n<p>Si vous \u00eates :\u00a0<\/p>\n<ul>\n<li>\u00e9tudiants (dont doctorant)<\/li>\n<li>universitaires du secteur public (MCF, MCU-PH, PR, PU-PH)<\/li>\n<li>chercheurs du secteur public (CR, DR)<\/li>\n<li>membres de l\u2019AFDS et de l\u2019AEDEP\u00a0<\/li>\n<li>membres d&#039;une structure publique (ANSM, EMA, H\u00f4pitaux, etc. )<\/li>\n<\/ul>\n<div>\n<div>\n<table class=\"aligncenter\" style=\"border-color: #000000;\" border=\"2\">\n<tbody>\n<tr style=\"background-color: #1d67b7;\">\n<td style=\"text-align: center;\" width=\"201\">\u00a0<\/td>\n<td style=\"text-align: center;\" width=\"201\">\n<p><strong style=\"color: white;\">Sans repas<\/strong><\/p>\n<\/td>\n<td style=\"text-align: center;\" width=\"201\">\n<p><strong style=\"color: white;\">Avec repas<\/strong><\/p>\n<\/td>\n<\/tr>\n<tr>\n<td style=\"text-align: center;\" width=\"201\">\n<p><strong>Une<\/strong> journ\u00e9e de colloque<\/p>\n<\/td>\n<td style=\"text-align: center;\" width=\"201\">\n<p><strong>GRATUIT<\/strong><\/p>\n<\/td>\n<td style=\"text-align: center;\" width=\"201\">\n<p><strong>25\u20ac TTC<\/strong><br \/>(20,83\u20ac HT)<\/p>\n<\/td>\n<\/tr>\n<tr>\n<td style=\"text-align: center;\" width=\"201\">\n<p><strong>Deux<\/strong> journ\u00e9es de colloque<\/p>\n<\/td>\n<td style=\"text-align: center;\" width=\"201\">\n<p><strong>GRATUIT<\/strong><\/p>\n<\/td>\n<td style=\"text-align: center;\" width=\"201\">\n<p><strong>50\u20ac TTC<\/strong><br \/>(41,66\u20ac HT)<\/p>\n<\/td>\n<\/tr>\n<\/tbody>\n<\/table>\n<\/div>\n<\/div>\n<p>\n<\/div><\/div><\/div><\/div><\/div>\n<\/div><\/div><\/div><\/div><\/section><section class=\"kc-elm kc-css-369522 kc_row\"><div class=\"kc-row-container  kc-container\"><div class=\"kc-wrap-columns\"><div class=\"kc-elm kc-css-275014 kc_col-sm-12 kc_column kc_col-sm-12\"><div class=\"kc-col-container\">\n<div class=\"kc-elm kc-css-863041 kc-title-wrap \">\n\n\t<h1 class=\"kc_title\">Formulaire d'inscription<\/h1>\n<\/div>\n<\/div><\/div><\/div><\/div><\/section><section class=\"kc-elm kc-css-188536 kc_row\"><div class=\"kc-row-container  kc-container\"><div class=\"kc-wrap-columns\"><div class=\"kc-elm kc-css-729636 kc_col-sm-12 kc_column kc_col-sm-12\"><div class=\"kc-col-container\"><div class=\"kc-elm kc-css-308304 kc-raw-code\"><iframe loading=\"lazy\" width=\"1070px\" height=\"1500px\" src=\"https:\/\/forms.cloud.microsoft\/e\/5ZaeEMuUFp?embed=true\" frameborder=\"0\" marginwidth=\"0\" marginheight=\"0\" style=\"border: none; max-width:100%; max-height:100vh\" allowfullscreen webkitallowfullscreen mozallowfullscreen msallowfullscreen> <\/iframe>\r\n<\/div><\/div><\/div><\/div><\/div><\/section><\/p>\n","protected":false},"excerpt":{"rendered":"<p class=\"more-link-p\"><a class=\"btn btn-primary\" href=\"https:\/\/blog.ube.fr\/reglementation-des-medicaments-de-therapie-innovante\/inscription\/\">Voir plus &rarr;<\/a><\/p>\n","protected":false},"author":5570,"featured_media":0,"parent":0,"menu_order":0,"comment_status":"closed","ping_status":"closed","template":"","meta":{"footnotes":""},"class_list":["post-6","page","type-page","status-publish","hentry"],"_links":{"self":[{"href":"https:\/\/blog.ube.fr\/reglementation-des-medicaments-de-therapie-innovante\/wp-json\/wp\/v2\/pages\/6","targetHints":{"allow":["GET"]}}],"collection":[{"href":"https:\/\/blog.ube.fr\/reglementation-des-medicaments-de-therapie-innovante\/wp-json\/wp\/v2\/pages"}],"about":[{"href":"https:\/\/blog.ube.fr\/reglementation-des-medicaments-de-therapie-innovante\/wp-json\/wp\/v2\/types\/page"}],"author":[{"embeddable":true,"href":"https:\/\/blog.ube.fr\/reglementation-des-medicaments-de-therapie-innovante\/wp-json\/wp\/v2\/users\/5570"}],"replies":[{"embeddable":true,"href":"https:\/\/blog.ube.fr\/reglementation-des-medicaments-de-therapie-innovante\/wp-json\/wp\/v2\/comments?post=6"}],"version-history":[{"count":6,"href":"https:\/\/blog.ube.fr\/reglementation-des-medicaments-de-therapie-innovante\/wp-json\/wp\/v2\/pages\/6\/revisions"}],"predecessor-version":[{"id":288,"href":"https:\/\/blog.ube.fr\/reglementation-des-medicaments-de-therapie-innovante\/wp-json\/wp\/v2\/pages\/6\/revisions\/288"}],"wp:attachment":[{"href":"https:\/\/blog.ube.fr\/reglementation-des-medicaments-de-therapie-innovante\/wp-json\/wp\/v2\/media?parent=6"}],"curies":[{"name":"wp","href":"https:\/\/api.w.org\/{rel}","templated":true}]}}