{"id":2,"date":"2025-03-06T09:34:40","date_gmt":"2025-03-06T08:34:40","guid":{"rendered":"https:\/\/blog.u-bourgogne.fr\/reglementation-des-medicaments-de-therapie-innovante\/?page_id=2"},"modified":"2025-07-03T14:54:00","modified_gmt":"2025-07-03T12:54:00","slug":"accueil","status":"publish","type":"page","link":"https:\/\/blog.ube.fr\/reglementation-des-medicaments-de-therapie-innovante\/","title":{"rendered":"Accueil"},"content":{"rendered":"<section class=\"kc-elm kc-css-537939 kc_row\"><div class=\"kc-row-container  kc-container\"><div class=\"kc-wrap-columns\"><div class=\"kc-elm kc-css-999334 kc_col-sm-12 kc_column kc_col-sm-12\"><div class=\"kc-col-container\"><div class=\"kc-elm kc-css-25615\" style=\"height: 16px; clear: both; width:100%;\"><\/div><div data-kc-equalheight=\"true\" data-kc-row-action=\"true\" data-kc-equalheight-align=\"middle\" class=\"kc-elm kc-css-470792 kc_row kc_row_inner\"><div class=\"kc-elm kc-css-534831 kc_col-sm-3 kc_column_inner kc_col-sm-3\"><div class=\"kc_wrapper kc-col-inner-container\"><div class=\"kc-elm kc-css-255009\" style=\"height: 36px; clear: both; width:100%;\"><\/div><div class=\"kc-elm kc-css-549832 kc-raw-code\"><style>\r\n.english-button {\r\n  background-color: white;\r\n  color: #012169; \/* Bleu fonc\u00e9 du drapeau UK *\/\r\n  border: 2px solid #012169;\r\n  border-radius: 6px;\r\n  padding: 10px 15px;\r\n  font-weight: bold;\r\n  font-size: 16px;\r\n  cursor: pointer;\r\n  display: inline-flex;\r\n  align-items: center;\r\n  gap: 10px;\r\n}\r\n.english-button img {\r\n  width: 24px;\r\n  height: auto;\r\n}\r\n.english-button:hover {\r\n  background-color: #012169;\r\n  color: white;\r\n}\r\n<\/style>\r\n\r\n<a href=\"https:\/\/blog.u-bourgogne.fr\/reglementation-des-medicaments-de-therapie-innovante\/welcome\">\r\n  <div class=\"english-button\">\r\n    <img decoding=\"async\" src=\"https:\/\/upload.wikimedia.org\/wikipedia\/en\/a\/ae\/Flag_of_the_United_Kingdom.svg\" alt=\"UK flag\">\r\n    Access to the English version\r\n  <\/div>\r\n<\/a><\/div><\/div><\/div><div class=\"kc-elm kc-css-398132 kc_col-sm-5 kc_column_inner kc_col-sm-5\"><div class=\"kc_wrapper kc-col-inner-container\"><div class=\"kc-elm kc-css-233986\">\n\n<h3>C:apos:est bient\u00f4t ! 9 et 10 octobre 2025<\/h3>\n\n\n<div class=\"kc-countdown-timer \" data-countdown='{\"date\":\"2025\\\/10\\\/09\",\"template\":\"<span class=\\\"countdown-style2\\\"> <span class=\\\"group\\\"> <span class=\\\"timer days\\\">%D<\\\/span> <span class=\\\"unit\\\">days<\\\/span> <\\\/span> <span class=\\\"group\\\"> <span class=\\\"timer seconds\\\">%H<\\\/span> <span class=\\\"unit\\\">hours<\\\/span> <\\\/span> <span class=\\\"group\\\"> <span class=\\\"timer seconds\\\">%M<\\\/span> <span class=\\\"unit\\\">minutes<\\\/span> <\\\/span> <span class=\\\"group\\\"> <span class=\\\"timer seconds\\\">%S<\\\/span> <span class=\\\"unit\\\">seconds<\\\/span> <\\\/span> <\\\/span>\"}'><\/div>\n<\/div>\n<\/div><\/div><div class=\"kc-elm kc-css-773057 kc_col-sm-4 kc_column_inner kc_col-sm-4\"><div class=\"kc_wrapper kc-col-inner-container\"><div class=\"kc-elm kc-css-152797\" style=\"height: 36px; clear: both; width:100%;\"><\/div><div class=\"kc-elm kc-css-421291 kc-raw-code\"><video autoplay muted loop playsinline\r\n       width=\"203\" height=\"113\"\r\n       style=\"\r\n         display: block;\r\n         clip-path: inset(1px 1px 1px 1px);\r\n         object-fit: cover;\r\n         width: 203px;\r\n         height: 113px;\r\n         border: none;\r\n       \">\r\n  <source src=\"https:\/\/www.powderon.fr\/wp-content\/uploads\/2025\/04\/credimi2.mp4\" type=\"video\/mp4\">\r\n<\/video><\/div><\/div><\/div><\/div><div class=\"kc-elm kc-css-297705\" style=\"height: 24px; clear: both; width:100%;\"><\/div><\/div><\/div><\/div><\/div><\/section><section class=\"kc-elm kc-css-267260 kc_row\"><div class=\"kc-row-container  kc-container\"><div class=\"kc-wrap-columns\"><div class=\"kc-elm kc-css-280746 kc_col-sm-12 kc_column kc_col-sm-12\"><div class=\"kc-col-container\"><div class=\"kc-elm kc-css-264394\" style=\"height: 58px; clear: both; width:100%;\"><\/div>\n<div class=\"kc-elm kc-css-734848 kc-title-wrap \">\n\n\t<h1 class=\"kc_title\">\ud83d\ude80 Les MTI : Un choc d\u2019innovations et une r\u00e9glementation en d\u00e9bat.<\/h1>\n<\/div>\n<div class=\"kc-elm kc-css-588268 kc_text_block\"><\/p>\n<p data-start=\"576\" data-end=\"831\" class=\"\">Imaginez des m\u00e9dicaments capables de r\u00e9parer un g\u00e8ne, reprogrammer une cellule, r\u00e9g\u00e9n\u00e9rer un tissu.<br data-start=\"675\" data-end=\"678\">Ce ne sont pas des r\u00eaves. Ce sont des <strong data-start=\"716\" data-end=\"753\">m\u00e9dicaments de th\u00e9rapie innovante (MTI)<\/strong> \u2014 g\u00e9niques, cellulaires, tissulaires \u2014 qui red\u00e9finissent la m\u00e9decine moderne.<\/p>\n<p data-start=\"833\" data-end=\"1126\" class=\"\">Mais <strong data-start=\"838\" data-end=\"884\">l\u2019innovation sans r\u00e9gulation est un risque<\/strong>, et <strong data-start=\"889\" data-end=\"931\">la r\u00e9gulation sans audace est un frein<\/strong>. Ce colloque international est con\u00e7u comme un laboratoire d\u2019id\u00e9es, un carrefour strat\u00e9gique, o\u00f9 <strong data-start=\"1028\" data-end=\"1094\">le droit, la science, l\u2019industrie et la soci\u00e9t\u00e9 se rencontrent<\/strong> pour d\u00e9cider ensemble du futur.<\/p><\/p>\n<\/div><\/div><\/div><\/div><\/div><\/section><section class=\"kc-elm kc-css-599317 kc_row\"><div class=\"kc-row-container  kc-container\"><div class=\"kc-wrap-columns\"><div class=\"kc-elm kc-css-586995 kc_col-sm-12 kc_column kc_col-sm-12\"><div class=\"kc-col-container\"><div class=\"kc-elm kc-css-18105\" style=\"height: 0px; clear: both; width:100%;\"><\/div><div class=\"kc-elm kc-css-875281 kc_shortcode kc_single_image\">\n\n        <img decoding=\"async\" src=\"https:\/\/blog.ube.fr\/reglementation-des-medicaments-de-therapie-innovante\/wp-content\/uploads\/sites\/213\/2025\/06\/AdobeStock_627250661deg.png\" class=\"\" alt=\"\" \/>    <\/div>\n<div class=\"kc-elm kc-css-175219\" style=\"height: 0px; clear: both; width:100%;\"><\/div><\/div><\/div><\/div><\/div><\/section><section class=\"kc-elm kc-css-731978 kc_row\"><div class=\"kc-row-container  kc-container\"><div class=\"kc-wrap-columns\"><div class=\"kc-elm kc-css-52534 kc_col-sm-12 kc_column kc_col-sm-12\"><div class=\"kc-col-container\">\n<div class=\"kc-elm kc-css-734158 kc-title-wrap \">\n\n\t<h1 class=\"kc_title\">\ud83e\udde0 Une rencontre interdisciplinaire. Un dialogue strat\u00e9gique.<\/h1>\n<\/div>\n<div class=\"kc-elm kc-css-304876 kc_text_block\"><\/p>\n<p data-start=\"905\" data-end=\"1184\" class=\"\">Pendant deux jours, <strong data-start=\"925\" data-end=\"1010\">juristes, chercheurs, industriels, r\u00e9gulateurs, sociologues et acteurs de terrain<\/strong> confronteront leurs visions. L\u2019Europe, les \u00c9tats-Unis, les agences sanitaires, les laboratoires, les patients : <strong data-start=\"1123\" data-end=\"1150\">un dialogue sans filtre<\/strong> sur les grandes ruptures \u00e0 venir.<\/p>\n<p data-start=\"1186\" data-end=\"1503\" class=\"\">Ce colloque est con\u00e7u comme un <strong data-start=\"1217\" data-end=\"1241\">acc\u00e9l\u00e9rateur d\u2019id\u00e9es<\/strong>, un espace de <strong data-start=\"1256\" data-end=\"1280\">prototypage du droit<\/strong>, capable de r\u00e9pondre aux d\u00e9fis des MTI :<\/p>\n<p data-start=\"1186\" data-end=\"1503\" class=\"\">\n\u27a1\ufe0f Encadrement juridique et r\u00e9glementaire<br data-start=\"1365\" data-end=\"1368\">\u27a1\ufe0f Responsabilit\u00e9s nouvelles<br data-start=\"1396\" data-end=\"1399\">\u27a1\ufe0f Propri\u00e9t\u00e9 intellectuelle et mod\u00e8les \u00e9conomiques<br data-start=\"1449\" data-end=\"1452\">\u27a1\ufe0f Consentement, acc\u00e8s \u00e9quitable et justice sociale<\/p><\/p>\n<\/div><\/div><\/div><\/div><\/div><\/section><section class=\"kc-elm kc-css-694652 kc_row\"><div class=\"kc-row-container  kc-container\"><div class=\"kc-wrap-columns\"><div class=\"kc-elm kc-css-948349 kc_col-sm-12 kc_column kc_col-sm-12\"><div class=\"kc-col-container\"><div class=\"kc-elm kc-css-258484\" style=\"height: 64px; clear: both; width:100%;\"><\/div><\/div><\/div><\/div><\/div><\/section><section data-kc-equalheight=\"true\" data-kc-equalheight-align=\"middle\" class=\"kc-elm kc-css-251886 kc_row\"><div class=\"kc-row-container  kc-container\"><div class=\"kc-wrap-columns\"><div class=\"kc-elm kc-css-802285 kc_col-sm-1 kc_column kc_col-sm-1\"><div class=\"kc-col-container\"><div class=\"kc-elm kc-css-513817 kc_shortcode kc_single_image\">\n\n        <a  href=\"https:\/\/www.ube.fr\/\" title=\"\" target=\"_blank\">\n        <img decoding=\"async\" src=\"https:\/\/blog.ube.fr\/reglementation-des-medicaments-de-therapie-innovante\/wp-content\/uploads\/sites\/213\/2025\/04\/logo-UBE-drapeau-quadri.png\" class=\"\" alt=\"\" \/>    <\/a>\n    <\/div>\n<\/div><\/div><div class=\"kc-elm kc-css-326484 kc_col-sm-1 kc_column kc_col-sm-1\"><div class=\"kc-col-container\"><div class=\"kc-elm kc-css-329223 kc_shortcode kc_single_image\">\n\n        <a  href=\"https:\/\/credimi.ube.fr\/\" title=\"\" target=\"_blank\">\n        <img decoding=\"async\" src=\"https:\/\/blog.ube.fr\/reglementation-des-medicaments-de-therapie-innovante\/wp-content\/uploads\/sites\/213\/2025\/04\/logo-credimi.png\" class=\"\" alt=\"\" \/>    <\/a>\n    <\/div>\n<\/div><\/div><div class=\"kc-elm kc-css-637419 kc_col-sm-1 kc_column kc_col-sm-1\"><div class=\"kc-col-container\"><div class=\"kc-elm kc-css-64329 kc_shortcode kc_single_image\">\n\n        <a  href=\"https:\/\/facdedroit.univ-lyon3.fr\/crdms\" title=\"\" target=\"_blank\">\n        <img decoding=\"async\" src=\"https:\/\/blog.ube.fr\/reglementation-des-medicaments-de-therapie-innovante\/wp-content\/uploads\/sites\/213\/2025\/06\/Logo-CRDMS-002.png\" class=\"\" alt=\"\" \/>    <\/a>\n    <\/div>\n<\/div><\/div><div class=\"kc-elm kc-css-676541 kc_col-sm-1 kc_column kc_col-sm-1\"><div class=\"kc-col-container\"><div class=\"kc-elm kc-css-155012 kc_shortcode kc_single_image\">\n\n        <a  href=\"https:\/\/aedep.fr\/\" title=\"\" target=\"_blank\">\n        <img decoding=\"async\" src=\"https:\/\/blog.ube.fr\/reglementation-des-medicaments-de-therapie-innovante\/wp-content\/uploads\/sites\/213\/2025\/04\/Fichier-5@4x.png\" class=\"\" alt=\"\" \/>    <\/a>\n    <\/div>\n<\/div><\/div><div class=\"kc-elm kc-css-254244 kc_col-sm-1 kc_column kc_col-sm-1\"><div class=\"kc-col-container\"><div class=\"kc-elm kc-css-676060 kc_shortcode kc_single_image\">\n\n        <a  href=\"https:\/\/www.afds.fr\/\" title=\"\" target=\"_blank\">\n        <img decoding=\"async\" src=\"https:\/\/blog.ube.fr\/reglementation-des-medicaments-de-therapie-innovante\/wp-content\/uploads\/sites\/213\/2025\/06\/afds_fond_bleu.jpg\" class=\"\" alt=\"\" \/>    <\/a>\n    <\/div>\n<\/div><\/div><div class=\"kc-elm kc-css-680520 kc_col-sm-1 kc_column kc_col-sm-1\"><div class=\"kc-col-container\"><div class=\"kc-elm kc-css-395711 kc_shortcode kc_single_image\">\n\n        <a  href=\"https:\/\/www.labex-lipstic.fr\/\" title=\"\" target=\"_blank\">\n        <img decoding=\"async\" src=\"https:\/\/blog.ube.fr\/reglementation-des-medicaments-de-therapie-innovante\/wp-content\/uploads\/sites\/213\/2025\/04\/logo-labex-lipstic.png\" class=\"\" alt=\"\" \/>    <\/a>\n    <\/div>\n<\/div><\/div><div class=\"kc-elm kc-css-365133 kc_col-sm-1 kc_column kc_col-sm-1\"><div class=\"kc-col-container\"><div class=\"kc-elm kc-css-765558 kc_shortcode kc_single_image\">\n\n        <a  href=\"https:\/\/www.santenov.com\/\" title=\"\" target=\"_self\">\n        <img decoding=\"async\" src=\"https:\/\/blog.ube.fr\/reglementation-des-medicaments-de-therapie-innovante\/wp-content\/uploads\/sites\/213\/2025\/05\/SANTENOV-Logo.png\" class=\"\" alt=\"\" \/>    <\/a>\n    <\/div>\n<\/div><\/div><div class=\"kc-elm kc-css-264625 kc_col-sm-1 kc_column kc_col-sm-1\"><div class=\"kc-col-container\"><div class=\"kc-elm kc-css-115361 kc_shortcode kc_single_image\">\n\n        <a  href=\"https:\/\/aer-bfc.com\/biovaliance-une-nouvelle-dynamique-pour-linnovation-en-sante-en-bourgogne-franche-comte\/\" title=\"\" target=\"_blank\">\n        <img decoding=\"async\" src=\"https:\/\/blog.ube.fr\/reglementation-des-medicaments-de-therapie-innovante\/wp-content\/uploads\/sites\/213\/2025\/06\/LOGO-BIOVALIANCE-JAUNE-ET-NOIR_Plan-de-travail-1.png\" class=\"\" alt=\"\" \/>    <\/a>\n    <\/div>\n<\/div><\/div><div class=\"kc-elm kc-css-645560 kc_col-sm-1 kc_column kc_col-sm-1\"><div class=\"kc-col-container\"><div class=\"kc-elm kc-css-730979 kc_shortcode kc_single_image\">\n\n        <a  href=\"https:\/\/www.forthem-alliance.eu\/\" title=\"\" target=\"_blank\">\n        <img decoding=\"async\" src=\"https:\/\/blog.ube.fr\/reglementation-des-medicaments-de-therapie-innovante\/wp-content\/uploads\/sites\/213\/2025\/06\/No-Background-forthem_Logo-with-text_RZ-1.png\" class=\"\" alt=\"\" \/>    <\/a>\n    <\/div>\n<\/div><\/div><\/div><\/div><\/section><section class=\"kc-elm kc-css-666536 kc_row\"><div class=\"kc-row-container  kc-container\"><div class=\"kc-wrap-columns\"><div class=\"kc-elm kc-css-48522 kc_col-sm-12 kc_column kc_col-sm-12\"><div class=\"kc-col-container\"><\/div><\/div><\/div><\/div><\/section>","protected":false},"excerpt":{"rendered":"<p class=\"more-link-p\"><a class=\"btn btn-primary\" href=\"https:\/\/blog.ube.fr\/reglementation-des-medicaments-de-therapie-innovante\/\">Voir plus &rarr;<\/a><\/p>\n","protected":false},"author":5570,"featured_media":0,"parent":0,"menu_order":0,"comment_status":"closed","ping_status":"open","template":"","meta":{"footnotes":""},"class_list":["post-2","page","type-page","status-publish","hentry"],"_links":{"self":[{"href":"https:\/\/blog.ube.fr\/reglementation-des-medicaments-de-therapie-innovante\/wp-json\/wp\/v2\/pages\/2","targetHints":{"allow":["GET"]}}],"collection":[{"href":"https:\/\/blog.ube.fr\/reglementation-des-medicaments-de-therapie-innovante\/wp-json\/wp\/v2\/pages"}],"about":[{"href":"https:\/\/blog.ube.fr\/reglementation-des-medicaments-de-therapie-innovante\/wp-json\/wp\/v2\/types\/page"}],"author":[{"embeddable":true,"href":"https:\/\/blog.ube.fr\/reglementation-des-medicaments-de-therapie-innovante\/wp-json\/wp\/v2\/users\/5570"}],"replies":[{"embeddable":true,"href":"https:\/\/blog.ube.fr\/reglementation-des-medicaments-de-therapie-innovante\/wp-json\/wp\/v2\/comments?post=2"}],"version-history":[{"count":51,"href":"https:\/\/blog.ube.fr\/reglementation-des-medicaments-de-therapie-innovante\/wp-json\/wp\/v2\/pages\/2\/revisions"}],"predecessor-version":[{"id":259,"href":"https:\/\/blog.ube.fr\/reglementation-des-medicaments-de-therapie-innovante\/wp-json\/wp\/v2\/pages\/2\/revisions\/259"}],"wp:attachment":[{"href":"https:\/\/blog.ube.fr\/reglementation-des-medicaments-de-therapie-innovante\/wp-json\/wp\/v2\/media?parent=2"}],"curies":[{"name":"wp","href":"https:\/\/api.w.org\/{rel}","templated":true}]}}