{"id":2299,"date":"2022-06-27T08:23:00","date_gmt":"2022-06-27T07:23:00","guid":{"rendered":"https:\/\/blog.u-bourgogne.fr\/recherches-shs-proches-aidants-handicaps\/?page_id=2299"},"modified":"2024-05-25T10:42:48","modified_gmt":"2024-05-25T09:42:48","slug":"accueil","status":"publish","type":"page","link":"https:\/\/blog.ube.fr\/recherches-shs-proches-aidants-handicaps\/","title":{"rendered":"Accueil"},"content":{"rendered":"<h1>Bienvenu sur ce site d\u00e9di\u00e9 aux recherches en sciences humaines et sociales que nous menons et qui portent sur les proches aidants, le(s) handicap(s) et maladies rares.<\/h1>\n<h5><strong>Le projet CASEPRA est termin\u00e9 !<\/strong> Le rapport scientifique sera envoy\u00e9 au financeur (CNSA, via l&#8217;IReSP) en juin 2024.<\/h5>\n<h5><strong>Le projet GENaccess est termin\u00e9<\/strong> ! Le rapport scientifique a \u00e9t\u00e9 rendu au financeur (P\u00f4le Sant\u00e9 Publique Bourgogne Franche-Comt\u00e9).<\/h5>\n<h5>Les rapports seront seront disponibles en t\u00e9l\u00e9chargement en septembre 2024 au plus tard.<\/h5>\n<h5><\/h5>\n<h5>N\u2019h\u00e9sitez pas \u00e0 nous contacter via le formulaire de contact.<\/h5>\n<p>&nbsp;<\/p>\n<p>&nbsp;<\/p>\n","protected":false},"excerpt":{"rendered":"<p>Bienvenu sur ce site d\u00e9di\u00e9 aux recherches en sciences humaines et sociales que nous menons et qui portent sur les proches aidants, le(s) handicap(s) et maladies rares. Le projet CASEPRA est termin\u00e9 ! Le rapport scientifique sera envoy\u00e9 au financeur (CNSA, via l&#8217;IReSP) en juin 2024. Le projet GENaccess est termin\u00e9 ! Le rapport scientifique&hellip;<\/p>\n<p class=\"more-link-p\"><a class=\"btn btn-primary\" href=\"https:\/\/blog.ube.fr\/recherches-shs-proches-aidants-handicaps\/\">Voir plus &rarr;<\/a><\/p>\n","protected":false},"author":395,"featured_media":0,"parent":0,"menu_order":0,"comment_status":"closed","ping_status":"closed","template":"","meta":{"_exactmetrics_skip_tracking":false,"_exactmetrics_sitenote_active":false,"_exactmetrics_sitenote_note":"","_exactmetrics_sitenote_category":0,"footnotes":""},"class_list":["post-2299","page","type-page","status-publish","hentry"],"yoast_head":"<!-- This site is optimized with the Yoast SEO plugin v21.6 - https:\/\/yoast.com\/wordpress\/plugins\/seo\/ -->\n<title>Accueil - Programme de recherche proches aidants handicaps<\/title>\n<meta name=\"robots\" content=\"index, follow, max-snippet:-1, max-image-preview:large, max-video-preview:-1\" \/>\n<link rel=\"canonical\" href=\"https:\/\/blog.u-bourgogne.fr\/recherches-shs-proches-aidants-handicaps\/\" \/>\n<meta property=\"og:locale\" content=\"fr_FR\" \/>\n<meta property=\"og:type\" content=\"article\" \/>\n<meta property=\"og:title\" content=\"Accueil - Programme de recherche proches aidants handicaps\" \/>\n<meta property=\"og:description\" content=\"Bienvenu sur ce site d\u00e9di\u00e9 aux recherches en sciences humaines et sociales que nous menons et qui portent sur les proches aidants, le(s) handicap(s) et maladies rares. Le projet CASEPRA est termin\u00e9 ! Le rapport scientifique sera envoy\u00e9 au financeur (CNSA, via l&#8217;IReSP) en juin 2024. Le projet GENaccess est termin\u00e9 ! Le rapport scientifique&hellip;Voir plus &rarr;\" \/>\n<meta property=\"og:url\" content=\"https:\/\/blog.u-bourgogne.fr\/recherches-shs-proches-aidants-handicaps\/\" \/>\n<meta property=\"og:site_name\" content=\"Programme de recherche proches aidants handicaps\" \/>\n<meta property=\"article:modified_time\" content=\"2024-05-25T09:42:48+00:00\" \/>\n<meta name=\"twitter:card\" content=\"summary_large_image\" \/>\n<meta name=\"twitter:label1\" content=\"Dur\u00e9e de lecture estim\u00e9e\" \/>\n\t<meta name=\"twitter:data1\" content=\"1 minute\" \/>\n<script type=\"application\/ld+json\" class=\"yoast-schema-graph\">{\"@context\":\"https:\/\/schema.org\",\"@graph\":[{\"@type\":\"WebPage\",\"@id\":\"https:\/\/blog.u-bourgogne.fr\/recherches-shs-proches-aidants-handicaps\/\",\"url\":\"https:\/\/blog.u-bourgogne.fr\/recherches-shs-proches-aidants-handicaps\/\",\"name\":\"Accueil - Programme de recherche proches aidants handicaps\",\"isPartOf\":{\"@id\":\"https:\/\/blog.u-bourgogne.fr\/recherches-shs-proches-aidants-handicaps\/#website\"},\"datePublished\":\"2022-06-27T07:23:00+00:00\",\"dateModified\":\"2024-05-25T09:42:48+00:00\",\"breadcrumb\":{\"@id\":\"https:\/\/blog.u-bourgogne.fr\/recherches-shs-proches-aidants-handicaps\/#breadcrumb\"},\"inLanguage\":\"fr-FR\",\"potentialAction\":[{\"@type\":\"ReadAction\",\"target\":[\"https:\/\/blog.u-bourgogne.fr\/recherches-shs-proches-aidants-handicaps\/\"]}]},{\"@type\":\"BreadcrumbList\",\"@id\":\"https:\/\/blog.u-bourgogne.fr\/recherches-shs-proches-aidants-handicaps\/#breadcrumb\",\"itemListElement\":[{\"@type\":\"ListItem\",\"position\":1,\"name\":\"Accueil\",\"item\":\"https:\/\/blog.u-bourgogne.fr\/recherches-shs-proches-aidants-handicaps\/\"},{\"@type\":\"ListItem\",\"position\":2,\"name\":\"Accueil\"}]},{\"@type\":\"WebSite\",\"@id\":\"https:\/\/blog.u-bourgogne.fr\/recherches-shs-proches-aidants-handicaps\/#website\",\"url\":\"https:\/\/blog.u-bourgogne.fr\/recherches-shs-proches-aidants-handicaps\/\",\"name\":\"Programme de recherche proches aidants handicaps\",\"description\":\"Un site utilisant Reseau blog-ub\",\"potentialAction\":[{\"@type\":\"SearchAction\",\"target\":{\"@type\":\"EntryPoint\",\"urlTemplate\":\"https:\/\/blog.u-bourgogne.fr\/recherches-shs-proches-aidants-handicaps\/?s={search_term_string}\"},\"query-input\":\"required name=search_term_string\"}],\"inLanguage\":\"fr-FR\"}]}<\/script>\n<!-- \/ Yoast SEO plugin. -->","yoast_head_json":{"title":"Accueil - Programme de recherche proches aidants handicaps","robots":{"index":"index","follow":"follow","max-snippet":"max-snippet:-1","max-image-preview":"max-image-preview:large","max-video-preview":"max-video-preview:-1"},"canonical":"https:\/\/blog.u-bourgogne.fr\/recherches-shs-proches-aidants-handicaps\/","og_locale":"fr_FR","og_type":"article","og_title":"Accueil - Programme de recherche proches aidants handicaps","og_description":"Bienvenu sur ce site d\u00e9di\u00e9 aux recherches en sciences humaines et sociales que nous menons et qui portent sur les proches aidants, le(s) handicap(s) et maladies rares. Le projet CASEPRA est termin\u00e9 ! Le rapport scientifique sera envoy\u00e9 au financeur (CNSA, via l&#8217;IReSP) en juin 2024. Le projet GENaccess est termin\u00e9 ! Le rapport scientifique&hellip;Voir plus &rarr;","og_url":"https:\/\/blog.u-bourgogne.fr\/recherches-shs-proches-aidants-handicaps\/","og_site_name":"Programme de recherche proches aidants handicaps","article_modified_time":"2024-05-25T09:42:48+00:00","twitter_card":"summary_large_image","twitter_misc":{"Dur\u00e9e de lecture estim\u00e9e":"1 minute"},"schema":{"@context":"https:\/\/schema.org","@graph":[{"@type":"WebPage","@id":"https:\/\/blog.u-bourgogne.fr\/recherches-shs-proches-aidants-handicaps\/","url":"https:\/\/blog.u-bourgogne.fr\/recherches-shs-proches-aidants-handicaps\/","name":"Accueil - Programme de recherche proches aidants handicaps","isPartOf":{"@id":"https:\/\/blog.u-bourgogne.fr\/recherches-shs-proches-aidants-handicaps\/#website"},"datePublished":"2022-06-27T07:23:00+00:00","dateModified":"2024-05-25T09:42:48+00:00","breadcrumb":{"@id":"https:\/\/blog.u-bourgogne.fr\/recherches-shs-proches-aidants-handicaps\/#breadcrumb"},"inLanguage":"fr-FR","potentialAction":[{"@type":"ReadAction","target":["https:\/\/blog.u-bourgogne.fr\/recherches-shs-proches-aidants-handicaps\/"]}]},{"@type":"BreadcrumbList","@id":"https:\/\/blog.u-bourgogne.fr\/recherches-shs-proches-aidants-handicaps\/#breadcrumb","itemListElement":[{"@type":"ListItem","position":1,"name":"Accueil","item":"https:\/\/blog.u-bourgogne.fr\/recherches-shs-proches-aidants-handicaps\/"},{"@type":"ListItem","position":2,"name":"Accueil"}]},{"@type":"WebSite","@id":"https:\/\/blog.u-bourgogne.fr\/recherches-shs-proches-aidants-handicaps\/#website","url":"https:\/\/blog.u-bourgogne.fr\/recherches-shs-proches-aidants-handicaps\/","name":"Programme de recherche proches aidants handicaps","description":"Un site utilisant Reseau blog-ub","potentialAction":[{"@type":"SearchAction","target":{"@type":"EntryPoint","urlTemplate":"https:\/\/blog.u-bourgogne.fr\/recherches-shs-proches-aidants-handicaps\/?s={search_term_string}"},"query-input":"required name=search_term_string"}],"inLanguage":"fr-FR"}]}},"_links":{"self":[{"href":"https:\/\/blog.ube.fr\/recherches-shs-proches-aidants-handicaps\/wp-json\/wp\/v2\/pages\/2299","targetHints":{"allow":["GET"]}}],"collection":[{"href":"https:\/\/blog.ube.fr\/recherches-shs-proches-aidants-handicaps\/wp-json\/wp\/v2\/pages"}],"about":[{"href":"https:\/\/blog.ube.fr\/recherches-shs-proches-aidants-handicaps\/wp-json\/wp\/v2\/types\/page"}],"author":[{"embeddable":true,"href":"https:\/\/blog.ube.fr\/recherches-shs-proches-aidants-handicaps\/wp-json\/wp\/v2\/users\/395"}],"replies":[{"embeddable":true,"href":"https:\/\/blog.ube.fr\/recherches-shs-proches-aidants-handicaps\/wp-json\/wp\/v2\/comments?post=2299"}],"version-history":[{"count":32,"href":"https:\/\/blog.ube.fr\/recherches-shs-proches-aidants-handicaps\/wp-json\/wp\/v2\/pages\/2299\/revisions"}],"predecessor-version":[{"id":2544,"href":"https:\/\/blog.ube.fr\/recherches-shs-proches-aidants-handicaps\/wp-json\/wp\/v2\/pages\/2299\/revisions\/2544"}],"wp:attachment":[{"href":"https:\/\/blog.ube.fr\/recherches-shs-proches-aidants-handicaps\/wp-json\/wp\/v2\/media?parent=2299"}],"curies":[{"name":"wp","href":"https:\/\/api.w.org\/{rel}","templated":true}]}}