{"id":88,"date":"2016-12-07T09:35:17","date_gmt":"2016-12-07T08:35:17","guid":{"rendered":"http:\/\/blog.u-bourgogne.fr\/recherche-translationnelle-cancerologie\/?page_id=88"},"modified":"2019-11-17T21:49:15","modified_gmt":"2019-11-17T20:49:15","slug":"public-concerne","status":"publish","type":"page","link":"https:\/\/blog.ube.fr\/recherche-translationnelle-cancerologie\/public-concerne\/","title":{"rendered":"Public concern\u00e9"},"content":{"rendered":"<p>La formation \u00e0 la recherche translationnelle en canc\u00e9rologie (RTC) s\u2019adresse aux personnes en:<\/p>\n<p><strong><em>Formation continue<\/em><\/strong><\/p>\n<ul style=\"padding-left: 30px\">\n<li><strong>Professionnels de sant\u00e9 et recherche clinique<\/strong> : m\u00e9decins, pharmaciens, dentistes, internes, infirmi\u00e8res, cadres de sant\u00e9, ARC, TEC\u2026<\/li>\n<li><strong>Chercheurs<\/strong> : biologistes, \u00e9pid\u00e9miologistes, chimistes, \u00e9conomistes, juristes, sociologues, psychologues\u2026<\/li>\n<li><strong>Acteurs des laboratoires pharmaceutiques<\/strong> : des services commerciaux ou marketing, les visiteurs m\u00e9dicaux, attach\u00e9s scientifiques\u2026<\/li>\n<\/ul>\n<p><strong><em>Formation initiale<\/em><\/strong><\/p>\n<ul style=\"padding-left: 30px\">\n<li><strong>Doctorat<\/strong><\/li>\n<\/ul>\n<p>Cette formation est ouverte \u00e0 tous les doctorants.<\/p>\n<ul style=\"padding-left: 30px\">\n<li><a href=\"https:\/\/www.ephe.fr\/formations\/diplome-de-l-ephe\" target=\"_blank\" rel=\"noopener noreferrer\"><strong>Dipl\u00f4me de l&#8217;EPHE<\/strong><\/a><\/li>\n<\/ul>\n<p>&nbsp;<\/p>\n<table border=\"0\" cellspacing=\"20\" cellpadding=\"0\" align=\"center\">\n<tbody>\n<tr>\n<td valign=\"middle\"><img loading=\"lazy\" decoding=\"async\" class=\"aligncenter\" src=\"http:\/\/blog.ube.fr\/recherche-translationnelle-cancerologie\/wp-content\/uploads\/sites\/66\/2016\/12\/ubfc.png\" width=\"155\" height=\"82\" \/><\/td>\n<td valign=\"middle\" width=\"50\"><\/td>\n<td valign=\"middle\"><img loading=\"lazy\" decoding=\"async\" src=\"http:\/\/blog.ube.fr\/recherche-translationnelle-cancerologie\/wp-content\/uploads\/sites\/66\/2016\/12\/logo-psl.png\" width=\"155\" height=\"83\" \/><\/td>\n<td valign=\"middle\" width=\"50\"><\/td>\n<td valign=\"middle\"><img loading=\"lazy\" decoding=\"async\" class=\"aligncenter\" src=\"http:\/\/blog.ube.fr\/recherche-translationnelle-cancerologie\/wp-content\/uploads\/sites\/66\/2017\/12\/canceropole.png\" width=\"160\" height=\"47\" \/><span id=\"transmark\" style=\"width: 0px;height: 0px\"><\/span><\/td>\n<\/tr>\n<\/tbody>\n<\/table>\n<p>&nbsp;<\/p>\n","protected":false},"excerpt":{"rendered":"<p>La formation \u00e0 la recherche translationnelle en canc\u00e9rologie (RTC) s\u2019adresse aux personnes en: Formation continue Professionnels de sant\u00e9 et recherche clinique : m\u00e9decins, pharmaciens, dentistes, internes, infirmi\u00e8res, cadres de sant\u00e9, ARC, TEC\u2026 Chercheurs : biologistes, \u00e9pid\u00e9miologistes, chimistes, \u00e9conomistes, juristes, sociologues, psychologues\u2026 Acteurs des laboratoires pharmaceutiques : des services commerciaux ou marketing, les visiteurs m\u00e9dicaux, attach\u00e9s<\/p>\n<p><a class=\"button\" href=\"https:\/\/blog.ube.fr\/recherche-translationnelle-cancerologie\/public-concerne\/\" title=\"More\">  Voir plus \u2192<\/a><\/p>\n","protected":false},"author":260,"featured_media":0,"parent":0,"menu_order":0,"comment_status":"closed","ping_status":"closed","template":"","meta":{"footnotes":""},"class_list":["post-88","page","type-page","status-publish","hentry"],"_links":{"self":[{"href":"https:\/\/blog.ube.fr\/recherche-translationnelle-cancerologie\/wp-json\/wp\/v2\/pages\/88","targetHints":{"allow":["GET"]}}],"collection":[{"href":"https:\/\/blog.ube.fr\/recherche-translationnelle-cancerologie\/wp-json\/wp\/v2\/pages"}],"about":[{"href":"https:\/\/blog.ube.fr\/recherche-translationnelle-cancerologie\/wp-json\/wp\/v2\/types\/page"}],"author":[{"embeddable":true,"href":"https:\/\/blog.ube.fr\/recherche-translationnelle-cancerologie\/wp-json\/wp\/v2\/users\/260"}],"replies":[{"embeddable":true,"href":"https:\/\/blog.ube.fr\/recherche-translationnelle-cancerologie\/wp-json\/wp\/v2\/comments?post=88"}],"version-history":[{"count":11,"href":"https:\/\/blog.ube.fr\/recherche-translationnelle-cancerologie\/wp-json\/wp\/v2\/pages\/88\/revisions"}],"predecessor-version":[{"id":211,"href":"https:\/\/blog.ube.fr\/recherche-translationnelle-cancerologie\/wp-json\/wp\/v2\/pages\/88\/revisions\/211"}],"wp:attachment":[{"href":"https:\/\/blog.ube.fr\/recherche-translationnelle-cancerologie\/wp-json\/wp\/v2\/media?parent=88"}],"curies":[{"name":"wp","href":"https:\/\/api.w.org\/{rel}","templated":true}]}}