{"id":33,"date":"2016-11-17T09:13:50","date_gmt":"2016-11-17T08:13:50","guid":{"rendered":"http:\/\/blog.u-bourgogne.fr\/recherche-translationnelle-cancerologie\/?page_id=33"},"modified":"2019-11-17T21:51:27","modified_gmt":"2019-11-17T20:51:27","slug":"organisation","status":"publish","type":"page","link":"https:\/\/blog.ube.fr\/recherche-translationnelle-cancerologie\/organisation\/","title":{"rendered":"Organisation"},"content":{"rendered":"<div>Le <span class=\"evid\">module de Recherche Translationnelle en Canc\u00e9rologie (RTC)<\/span> est organis\u00e9 \u00e0 Dijon la semaine du 16 \u00e0 20 mars 2020.<br \/>\nLa formation \u00e0 la RTC est organis\u00e9e par <span class=\"evid\">C PAUL,\u00a0<\/span>Directrice d\u2019\u00e9tudes de l\u2019\u00c9cole Pratique des Hautes \u00c9tudes, <a href=\"http:\/\/www.liic.fr\/\" target=\"_blank\" rel=\"noopener noreferrer\"><span class=\"evid\">Laboratoire d&#8217;immunologie et immunoth\u00e9rapie des cancers<\/span><\/a> situ\u00e9 \u00e0 l&#8217;UFR des Sciences de Sant\u00e9, 7 boulevard d&#8217;Arc, Dijon.<\/div>\n<div><\/div>\n<h3>H\u00e9bergements autres que Hotels<\/h3>\n<ul style=\"padding-left: 30px\">\n<li><a href=\"http:\/\/maisoninternationale.fr\/\" target=\"_blank\" rel=\"noopener noreferrer\">Maison Internationale<\/a><\/li>\n<li><a href=\"http:\/\/www.foyer-tremouille-dijon.fr\/residence-etudiante-dijon\" target=\"_blank\" rel=\"noopener noreferrer\">Le Foyer de Jeunes Travailleuses et d&#8217;Etudiantes<\/a><\/li>\n<li><a href=\"http:\/\/www.crous-dijon.fr\/logement\/residences-montmuzard\/\" target=\"_blank\" rel=\"noopener noreferrer\">R\u00e9sidence universitaire Montmuzard<\/a><\/li>\n<li><a href=\"http:\/\/www.cri-dijon.com\/\" target=\"_blank\" rel=\"noopener noreferrer\">Centre de rencontre international<\/a><\/li>\n<li><a href=\"http:\/\/www.aparthotel-dijon.fr\/\" target=\"_blank\" rel=\"noopener noreferrer\">La r\u00e9sidence h\u00f4teli\u00e8re &#8220;Urbaneva&#8221;<\/a><\/li>\n<li><a href=\"https:\/\/www.abritel.fr\/annonces\/location-vacances\/france_bourgogne_21_dijon_dt0.php\" target=\"_blank\" rel=\"noopener noreferrer\">Abritel &#8211; Location studio<\/a><\/li>\n<\/ul>\n<h3 class=\"rubrik\" style=\"padding-left: 30px\"><\/h3>\n<h3 class=\"rubrik\">Transports<\/h3>\n<table border=\"0\" width=\"100%\" cellspacing=\"0\" cellpadding=\"0\">\n<tbody>\n<tr>\n<td valign=\"top\" width=\"100\"><img loading=\"lazy\" decoding=\"async\" src=\"http:\/\/blog.ube.fr\/recherche-translationnelle-cancerologie\/wp-content\/uploads\/sites\/66\/2016\/11\/train.png\" width=\"100\" height=\"70\" \/><\/td>\n<td valign=\"top\" width=\"400\">\n<ul style=\"padding-left: 20px\">\n<li>14 TGV par jour de Paris<\/li>\n<li>6 TGV par jour de la Suisse (Lausanne, Bern, Zurich)<\/li>\n<li>6 TGV par jour de Marseille<\/li>\n<li>10 TGV par jour de Nice<\/li>\n<\/ul>\n<\/td>\n<td valign=\"top\" width=\"100\"><img loading=\"lazy\" decoding=\"async\" src=\"http:\/\/blog.ube.fr\/recherche-translationnelle-cancerologie\/wp-content\/uploads\/sites\/66\/2016\/11\/autoroute.png\" width=\"100\" height=\"61\" \/><\/td>\n<td valign=\"top\">\n<ul>\n<li>Acc\u00e8s autoroutier de Paris (A6)<\/li>\n<li>Lille- Belgique (A26-A5)<\/li>\n<li>Metz-Luxembourg (A31)<\/li>\n<li>Strasbourg-Allemagne (A36)<\/li>\n<li>Gen\u00e8ve (A40-A39)<\/li>\n<\/ul>\n<\/td>\n<\/tr>\n<tr>\n<td valign=\"top\" width=\"100\"><\/td>\n<td valign=\"top\" width=\"400\"><\/td>\n<td valign=\"top\" width=\"100\"><\/td>\n<td valign=\"top\"><\/td>\n<\/tr>\n<tr>\n<td colspan=\"4\">\n<table>\n<tbody>\n<tr>\n<td align=\"center\"><a class=\"link blu\" href=\"http:\/\/blog.ube.fr\/immuno-oncology\/wp-content\/uploads\/sites\/57\/2016\/06\/plan.jpg\" target=\"_blank\" rel=\"noopener noreferrer\"><img loading=\"lazy\" decoding=\"async\" src=\"http:\/\/blog.ube.fr\/recherche-translationnelle-cancerologie\/wp-content\/uploads\/sites\/66\/2016\/12\/faculte.png\" width=\"600\" height=\"359\" \/><\/a><\/td>\n<td width=\"30\"><\/td>\n<td><img loading=\"lazy\" decoding=\"async\" src=\"http:\/\/blog.ube.fr\/recherche-translationnelle-cancerologie\/wp-content\/uploads\/sites\/66\/2016\/11\/bus.png\" width=\"100\" height=\"68\" \/> L&#8217;UFR des Sciences de Sant\u00e9 est situ\u00e9e \u00e0 l&#8217;est de DIJON.<br \/>\nLe campus est desservi par la ligne de bus L3 (arr\u00eat \u00ab Fac de M\u00e9decine \u00bb) et la ligne de tram T1 (arr\u00eat \u00ab CHU &#8211; H\u00f4pitaux \u00bb).<\/td>\n<\/tr>\n<\/tbody>\n<\/table>\n<\/td>\n<\/tr>\n<\/tbody>\n<\/table>\n<p>&nbsp;<\/p>\n<table border=\"0\" cellspacing=\"20\" cellpadding=\"0\" align=\"center\">\n<tbody>\n<tr>\n<td valign=\"middle\"><img loading=\"lazy\" decoding=\"async\" class=\"aligncenter\" src=\"http:\/\/blog.ube.fr\/recherche-translationnelle-cancerologie\/wp-content\/uploads\/sites\/66\/2016\/12\/ubfc.png\" width=\"155\" height=\"82\" \/><\/td>\n<td valign=\"middle\" width=\"50\"><\/td>\n<td valign=\"middle\"><img loading=\"lazy\" decoding=\"async\" src=\"http:\/\/blog.ube.fr\/recherche-translationnelle-cancerologie\/wp-content\/uploads\/sites\/66\/2016\/12\/logo-psl.png\" width=\"155\" height=\"83\" \/><\/td>\n<td valign=\"middle\" width=\"50\"><\/td>\n<td valign=\"middle\"><img loading=\"lazy\" decoding=\"async\" class=\"aligncenter\" src=\"http:\/\/blog.ube.fr\/recherche-translationnelle-cancerologie\/wp-content\/uploads\/sites\/66\/2017\/12\/canceropole.png\" width=\"160\" height=\"47\" \/><span id=\"transmark\" style=\"width: 0px;height: 0px\"><\/span><\/td>\n<\/tr>\n<\/tbody>\n<\/table>\n<p>&nbsp;<\/p>\n","protected":false},"excerpt":{"rendered":"<p>Le module de Recherche Translationnelle en Canc\u00e9rologie (RTC) est organis\u00e9 \u00e0 Dijon la semaine du 16 \u00e0 20 mars 2020. La formation \u00e0 la RTC est organis\u00e9e par C PAUL,\u00a0Directrice d\u2019\u00e9tudes de l\u2019\u00c9cole Pratique des Hautes \u00c9tudes, Laboratoire d&#8217;immunologie et immunoth\u00e9rapie des cancers situ\u00e9 \u00e0 l&#8217;UFR des Sciences de Sant\u00e9, 7 boulevard d&#8217;Arc, Dijon. H\u00e9bergements<\/p>\n<p><a class=\"button\" href=\"https:\/\/blog.ube.fr\/recherche-translationnelle-cancerologie\/organisation\/\" title=\"More\">  Voir plus \u2192<\/a><\/p>\n","protected":false},"author":260,"featured_media":0,"parent":0,"menu_order":0,"comment_status":"closed","ping_status":"closed","template":"","meta":{"footnotes":""},"class_list":["post-33","page","type-page","status-publish","hentry"],"_links":{"self":[{"href":"https:\/\/blog.ube.fr\/recherche-translationnelle-cancerologie\/wp-json\/wp\/v2\/pages\/33","targetHints":{"allow":["GET"]}}],"collection":[{"href":"https:\/\/blog.ube.fr\/recherche-translationnelle-cancerologie\/wp-json\/wp\/v2\/pages"}],"about":[{"href":"https:\/\/blog.ube.fr\/recherche-translationnelle-cancerologie\/wp-json\/wp\/v2\/types\/page"}],"author":[{"embeddable":true,"href":"https:\/\/blog.ube.fr\/recherche-translationnelle-cancerologie\/wp-json\/wp\/v2\/users\/260"}],"replies":[{"embeddable":true,"href":"https:\/\/blog.ube.fr\/recherche-translationnelle-cancerologie\/wp-json\/wp\/v2\/comments?post=33"}],"version-history":[{"count":15,"href":"https:\/\/blog.ube.fr\/recherche-translationnelle-cancerologie\/wp-json\/wp\/v2\/pages\/33\/revisions"}],"predecessor-version":[{"id":212,"href":"https:\/\/blog.ube.fr\/recherche-translationnelle-cancerologie\/wp-json\/wp\/v2\/pages\/33\/revisions\/212"}],"wp:attachment":[{"href":"https:\/\/blog.ube.fr\/recherche-translationnelle-cancerologie\/wp-json\/wp\/v2\/media?parent=33"}],"curies":[{"name":"wp","href":"https:\/\/api.w.org\/{rel}","templated":true}]}}