{"id":31,"date":"2016-11-17T09:11:51","date_gmt":"2016-11-17T08:11:51","guid":{"rendered":"http:\/\/blog.u-bourgogne.fr\/recherche-translationnelle-cancerologie\/?page_id=31"},"modified":"2019-11-19T08:39:29","modified_gmt":"2019-11-19T07:39:29","slug":"inscriptions","status":"publish","type":"page","link":"https:\/\/blog.ube.fr\/recherche-translationnelle-cancerologie\/inscriptions\/","title":{"rendered":"Inscriptions"},"content":{"rendered":"<h3>Inscription \u00e0 la formation continue<\/h3>\n<p>La Direction de la formation continue de l\u2019EPHE est votre interlocuteur pour la gestion administrative et financi\u00e8re de cette formation : devis, contrat ou convention de formation professionnelle continue, facturation.<\/p>\n<p>Cette formation peut \u00eatre prise en charge par votre employeur. Sur justificatif de non prise en charge par votre employeur, un tarif d\u00e9rogatoire pour l\u2019autofinancement de votre formation peut vous \u00eatre accord\u00e9e.<\/p>\n<p>Dans tous les cas remplissez avec pr\u00e9cision le<a href=\"http:\/\/blog.ube.fr\/recherche-translationnelle-cancerologie\/formulaire-dinscription\/\"> formulaire d&#8217;inscription<\/a> et joignez les pi\u00e8ces demand\u00e9es.<\/p>\n<p><em>Tarifs : <strong>780\u20ac. Tarif d\u00e9rogatoire pour autofinancement 300 \u20ac.<br \/>\n<\/strong><\/em><\/p>\n<p><em>Date limite d&#8217;inscription :<\/em> <strong><em>16 f\u00e9vrier 2020<br \/>\n<\/em><\/strong><\/p>\n<p>Attention : votre inscription ne sera d\u00e9finitive qu\u2019apr\u00e8s accord de Mme Paul et finalisation de toutes les d\u00e9marches administrative et financi\u00e8re aupr\u00e8s de la Direction de la formation continue<\/p>\n<h3>Inscription \u00e0 la formation initiale<\/h3>\n<p>L&#8217;inscription est gratuite pour les Doctorants et les Dipl\u00f4mes de l&#8217;EPHE mais n\u00e9cessite de remplir le formulaire d&#8217;inscription.<\/p>\n<p><em>Date limite d&#8217;inscription :<\/em>\u00a0<strong><em>16 f\u00e9vrier 2018<\/em><\/strong><\/p>\n<p>Contactez <a class=\"mail ita\" href=\"mailto:catherine.paul@u-bourgogne.fr\">Catherine PAUL<\/a> pour plus d&#8217;informations.<\/p>\n<p>&nbsp;<\/p>\n<table border=\"0\" cellspacing=\"20\" cellpadding=\"0\" align=\"center\">\n<tbody>\n<tr>\n<td valign=\"middle\"><img loading=\"lazy\" decoding=\"async\" class=\"aligncenter\" src=\"http:\/\/blog.ube.fr\/recherche-translationnelle-cancerologie\/wp-content\/uploads\/sites\/66\/2016\/12\/ubfc.png\" width=\"155\" height=\"82\" \/><\/td>\n<td valign=\"middle\" width=\"50\"><\/td>\n<td valign=\"middle\"><img loading=\"lazy\" decoding=\"async\" src=\"http:\/\/blog.ube.fr\/recherche-translationnelle-cancerologie\/wp-content\/uploads\/sites\/66\/2016\/12\/logo-psl.png\" width=\"155\" height=\"83\" \/><\/td>\n<td valign=\"middle\" width=\"50\"><\/td>\n<td valign=\"middle\"><img loading=\"lazy\" decoding=\"async\" class=\"aligncenter\" src=\"http:\/\/blog.ube.fr\/recherche-translationnelle-cancerologie\/wp-content\/uploads\/sites\/66\/2017\/12\/canceropole.png\" alt=\"\" width=\"160\" height=\"47\" \/><span id=\"transmark\" style=\"width: 0px;height: 0px\"><\/span><\/td>\n<\/tr>\n<\/tbody>\n<\/table>\n<p>&nbsp;<\/p>\n","protected":false},"excerpt":{"rendered":"<p>Inscription \u00e0 la formation continue La Direction de la formation continue de l\u2019EPHE est votre interlocuteur pour la gestion administrative et financi\u00e8re de cette formation : devis, contrat ou convention de formation professionnelle continue, facturation. Cette formation peut \u00eatre prise en charge par votre employeur. Sur justificatif de non prise en charge par votre employeur,<\/p>\n<p><a class=\"button\" href=\"https:\/\/blog.ube.fr\/recherche-translationnelle-cancerologie\/inscriptions\/\" title=\"More\">  Voir plus \u2192<\/a><\/p>\n","protected":false},"author":260,"featured_media":0,"parent":0,"menu_order":0,"comment_status":"closed","ping_status":"closed","template":"","meta":{"footnotes":""},"class_list":["post-31","page","type-page","status-publish","hentry"],"_links":{"self":[{"href":"https:\/\/blog.ube.fr\/recherche-translationnelle-cancerologie\/wp-json\/wp\/v2\/pages\/31","targetHints":{"allow":["GET"]}}],"collection":[{"href":"https:\/\/blog.ube.fr\/recherche-translationnelle-cancerologie\/wp-json\/wp\/v2\/pages"}],"about":[{"href":"https:\/\/blog.ube.fr\/recherche-translationnelle-cancerologie\/wp-json\/wp\/v2\/types\/page"}],"author":[{"embeddable":true,"href":"https:\/\/blog.ube.fr\/recherche-translationnelle-cancerologie\/wp-json\/wp\/v2\/users\/260"}],"replies":[{"embeddable":true,"href":"https:\/\/blog.ube.fr\/recherche-translationnelle-cancerologie\/wp-json\/wp\/v2\/comments?post=31"}],"version-history":[{"count":26,"href":"https:\/\/blog.ube.fr\/recherche-translationnelle-cancerologie\/wp-json\/wp\/v2\/pages\/31\/revisions"}],"predecessor-version":[{"id":222,"href":"https:\/\/blog.ube.fr\/recherche-translationnelle-cancerologie\/wp-json\/wp\/v2\/pages\/31\/revisions\/222"}],"wp:attachment":[{"href":"https:\/\/blog.ube.fr\/recherche-translationnelle-cancerologie\/wp-json\/wp\/v2\/media?parent=31"}],"curies":[{"name":"wp","href":"https:\/\/api.w.org\/{rel}","templated":true}]}}