{"id":171,"date":"2017-09-29T09:21:03","date_gmt":"2017-09-29T08:21:03","guid":{"rendered":"http:\/\/blog.u-bourgogne.fr\/recherche-translationnelle-cancerologie\/?page_id=171"},"modified":"2019-10-30T07:18:36","modified_gmt":"2019-10-30T06:18:36","slug":"intervenants","status":"publish","type":"page","link":"https:\/\/blog.ube.fr\/recherche-translationnelle-cancerologie\/intervenants\/","title":{"rendered":"Intervenants"},"content":{"rendered":"<table style=\"width: 97.6206%\">\n<tbody>\n<tr>\n<td style=\"width: 20.7059%;text-align: left\">Nom<\/td>\n<td style=\"width: 18.1176%;text-align: left\">Pr\u00e9nom<\/td>\n<td style=\"width: 24.2353%;text-align: center\">Appartenance<\/td>\n<td style=\"width: 31.7647%;text-align: left\">Fonction<\/td>\n<\/tr>\n<tr>\n<td style=\"width: 20.7059%\" width=\"117\">Bardou<\/td>\n<td style=\"width: 18.1176%\" width=\"123\">Marc<\/td>\n<td style=\"width: 24.2353%\" width=\"148\">CIC-P Dijon<\/td>\n<td style=\"width: 31.7647%\" width=\"137\">M\u00e9decin<\/td>\n<\/tr>\n<tr>\n<td style=\"width: 20.7059%\">Berger<\/td>\n<td style=\"width: 18.1176%\">Genevi\u00e8ve<\/td>\n<td style=\"width: 24.2353%\">Carpediem 21<\/td>\n<td style=\"width: 31.7647%\">Patiente<\/td>\n<\/tr>\n<tr>\n<td style=\"width: 20.7059%\">Bernet<\/td>\n<td style=\"width: 18.1176%\">Agn\u00e8s<\/td>\n<td style=\"width: 24.2353%\">CLCC Lyon<\/td>\n<td style=\"width: 31.7647%\">Professeur- Cr\u00e9atrice d&#8217;Entreprise<\/td>\n<\/tr>\n<tr>\n<td style=\"width: 20.7059%\">Berthet<\/td>\n<td style=\"width: 18.1176%\">Cyril<\/td>\n<td style=\"width: 24.2353%\">Oncodesign<\/td>\n<td style=\"width: 31.7647%\">Chef de Projet<\/td>\n<\/tr>\n<tr>\n<td style=\"width: 20.7059%\">Besle<\/td>\n<td style=\"width: 18.1176%\">Sylvain<\/td>\n<td style=\"width: 24.2353%\">SESTIM<\/td>\n<td style=\"width: 31.7647%\">Sociologue<\/td>\n<\/tr>\n<tr>\n<td style=\"width: 20.7059%\">Chrostek<\/td>\n<td style=\"width: 18.1176%\">Herv\u00e9<\/td>\n<td style=\"width: 24.2353%\">Astrazeneca<\/td>\n<td style=\"width: 31.7647%\">Gastroenterologue<\/td>\n<\/tr>\n<tr>\n<td style=\"width: 20.7059%\">Denat<\/td>\n<td style=\"width: 18.1176%\">Franck<\/td>\n<td style=\"width: 24.2353%\">CNRS-UBFC<\/td>\n<td style=\"width: 31.7647%\">Professeur &#8211; chimiste<\/td>\n<\/tr>\n<tr>\n<td style=\"width: 20.7059%\">Desmoulins<\/td>\n<td style=\"width: 18.1176%\">Isabelle<\/td>\n<td style=\"width: 24.2353%\">CGFL<\/td>\n<td style=\"width: 31.7647%\">M\u00e9decin<\/td>\n<\/tr>\n<tr>\n<td style=\"width: 20.7059%\">Drouillard<\/td>\n<td style=\"width: 18.1176%\">Antoine<\/td>\n<td style=\"width: 24.2353%\">CHU Dijon<\/td>\n<td style=\"width: 31.7647%\">M\u00e9decin<\/td>\n<\/tr>\n<tr>\n<td style=\"width: 20.7059%\">Dubrez<\/td>\n<td style=\"width: 18.1176%\">Laurence<\/td>\n<td style=\"width: 24.2353%\">INSERM-UBFC<\/td>\n<td style=\"width: 31.7647%\">Chercheur Biologiste<\/td>\n<\/tr>\n<tr>\n<td style=\"width: 20.7059%\">Dulong<\/td>\n<td style=\"width: 18.1176%\">Sandrine<\/td>\n<td style=\"width: 24.2353%\">INSERM Paris Sud<\/td>\n<td style=\"width: 31.7647%\">Ma\u00eetre de Conf\u00e9rences &#8211; Biologiste<\/td>\n<\/tr>\n<tr>\n<td style=\"width: 20.7059%\">Fervers<\/td>\n<td style=\"width: 18.1176%\">B\u00e9atrice<\/td>\n<td style=\"width: 24.2353%\">CLCC Lyon<\/td>\n<td style=\"width: 31.7647%\">M\u00e9decin Pr\u00e9vention<\/td>\n<\/tr>\n<tr>\n<td style=\"width: 20.7059%\">Filbet<\/td>\n<td style=\"width: 18.1176%\">Maril\u00e8ne<\/td>\n<td style=\"width: 24.2353%\">CHU Lyon<\/td>\n<td style=\"width: 31.7647%\">M\u00e9decin soins palliatifs<\/td>\n<\/tr>\n<tr>\n<td style=\"width: 20.7059%\">Gaille<\/td>\n<td style=\"width: 18.1176%\">Marie<\/td>\n<td style=\"width: 24.2353%\">Paris Diderot<\/td>\n<td style=\"width: 31.7647%\">CNRS philosophe<\/td>\n<\/tr>\n<tr>\n<td style=\"width: 20.7059%\">Isambert<\/td>\n<td style=\"width: 18.1176%\">Nicolas<\/td>\n<td style=\"width: 24.2353%\">CHU Poitiers<\/td>\n<td style=\"width: 31.7647%\">Oncologue<\/td>\n<\/tr>\n<tr>\n<td style=\"width: 20.7059%\">Le Coroller<\/td>\n<td style=\"width: 18.1176%\">Anne-Gaelle<\/td>\n<td style=\"width: 24.2353%\">INSERM<\/td>\n<td style=\"width: 31.7647%\">Economiste<\/td>\n<\/tr>\n<tr>\n<td style=\"width: 20.7059%\">Lejeune<\/td>\n<td style=\"width: 18.1176%\">Catherine<\/td>\n<td style=\"width: 24.2353%\">INSERM-UBFC<\/td>\n<td style=\"width: 31.7647%\">Ma\u00eetre de Conf\u00e9rences &#8211; Economie de la Sant\u00e9<\/td>\n<\/tr>\n<tr>\n<td style=\"width: 20.7059%\">Limagne<\/td>\n<td style=\"width: 18.1176%\">Emeric<\/td>\n<td style=\"width: 24.2353%\">CGFL<\/td>\n<td style=\"width: 31.7647%\">Ing\u00e9nieur Biologiste<\/td>\n<\/tr>\n<tr>\n<td style=\"width: 20.7059%\">Manfredi<\/td>\n<td style=\"width: 18.1176%\">Sylvain<\/td>\n<td style=\"width: 24.2353%\">CHU Dijon<\/td>\n<td style=\"width: 31.7647%\">M\u00e9decin<\/td>\n<\/tr>\n<tr>\n<td style=\"width: 20.7059%\">Mazen<\/td>\n<td style=\"width: 18.1176%\">Noel Jean<\/td>\n<td style=\"width: 24.2353%\">UBFC<\/td>\n<td style=\"width: 31.7647%\">Juriste<\/td>\n<\/tr>\n<tr>\n<td style=\"width: 20.7059%\">Millot<\/td>\n<td style=\"width: 18.1176%\">Isabelle<\/td>\n<td style=\"width: 24.2353%\">BFC<\/td>\n<td style=\"width: 31.7647%\">M\u00e9decin sant\u00e9 Publique<\/td>\n<\/tr>\n<tr>\n<td style=\"width: 20.7059%\">Monchaud<\/td>\n<td style=\"width: 18.1176%\">David<\/td>\n<td style=\"width: 24.2353%\">CNRS-UBFC<\/td>\n<td style=\"width: 31.7647%\">Chercheur Chimiste<\/td>\n<\/tr>\n<tr>\n<td style=\"width: 20.7059%\">Orry<\/td>\n<td style=\"width: 18.1176%\">David<\/td>\n<td style=\"width: 24.2353%\">CGFL<\/td>\n<td style=\"width: 31.7647%\">Chirurgien<\/td>\n<\/tr>\n<tr>\n<td style=\"width: 20.7059%\">Paldi<\/td>\n<td style=\"width: 18.1176%\">Andras<\/td>\n<td style=\"width: 24.2353%\">EPHE Saint-Antoine<\/td>\n<td style=\"width: 31.7647%\">Directeur d&#8217;Etudes &#8211; Biologiste<\/td>\n<\/tr>\n<tr>\n<td style=\"width: 20.7059%\">Paul<\/td>\n<td style=\"width: 18.1176%\">Catherine<\/td>\n<td style=\"width: 24.2353%\">EPHE UBFC<\/td>\n<td style=\"width: 31.7647%\">Directeur d&#8217;Etudes &#8211; Biologiste<\/td>\n<\/tr>\n<tr>\n<td style=\"width: 20.7059%\">Stulz<\/td>\n<td style=\"width: 18.1176%\">Alexandra<\/td>\n<td style=\"width: 24.2353%\">Hopital St Joseph<\/td>\n<td style=\"width: 31.7647%\">Psychologue<\/td>\n<\/tr>\n<tr>\n<td style=\"width: 20.7059%\">Vezian<\/td>\n<td style=\"width: 18.1176%\">Audrey<\/td>\n<td style=\"width: 24.2353%\">ENS Lyon<\/td>\n<td style=\"width: 31.7647%\">Sociologue<\/td>\n<\/tr>\n<tr>\n<td style=\"width: 20.7059%\"><\/td>\n<td style=\"width: 18.1176%\"><\/td>\n<td style=\"width: 24.2353%;text-align: center\"><\/td>\n<td style=\"width: 31.7647%\"><\/td>\n<\/tr>\n<\/tbody>\n<\/table>\n","protected":false},"excerpt":{"rendered":"<p>Nom Pr\u00e9nom Appartenance Fonction Bardou Marc CIC-P Dijon M\u00e9decin Berger Genevi\u00e8ve Carpediem 21 Patiente Bernet Agn\u00e8s CLCC Lyon Professeur- Cr\u00e9atrice d&#8217;Entreprise Berthet Cyril Oncodesign Chef de Projet Besle Sylvain SESTIM Sociologue Chrostek Herv\u00e9 Astrazeneca Gastroenterologue Denat Franck CNRS-UBFC Professeur &#8211; chimiste Desmoulins Isabelle CGFL M\u00e9decin Drouillard Antoine CHU Dijon M\u00e9decin Dubrez Laurence INSERM-UBFC Chercheur Biologiste<\/p>\n<p><a class=\"button\" href=\"https:\/\/blog.ube.fr\/recherche-translationnelle-cancerologie\/intervenants\/\" title=\"More\">  Voir plus \u2192<\/a><\/p>\n","protected":false},"author":260,"featured_media":0,"parent":0,"menu_order":0,"comment_status":"closed","ping_status":"closed","template":"","meta":{"footnotes":""},"class_list":["post-171","page","type-page","status-publish","hentry"],"_links":{"self":[{"href":"https:\/\/blog.ube.fr\/recherche-translationnelle-cancerologie\/wp-json\/wp\/v2\/pages\/171","targetHints":{"allow":["GET"]}}],"collection":[{"href":"https:\/\/blog.ube.fr\/recherche-translationnelle-cancerologie\/wp-json\/wp\/v2\/pages"}],"about":[{"href":"https:\/\/blog.ube.fr\/recherche-translationnelle-cancerologie\/wp-json\/wp\/v2\/types\/page"}],"author":[{"embeddable":true,"href":"https:\/\/blog.ube.fr\/recherche-translationnelle-cancerologie\/wp-json\/wp\/v2\/users\/260"}],"replies":[{"embeddable":true,"href":"https:\/\/blog.ube.fr\/recherche-translationnelle-cancerologie\/wp-json\/wp\/v2\/comments?post=171"}],"version-history":[{"count":11,"href":"https:\/\/blog.ube.fr\/recherche-translationnelle-cancerologie\/wp-json\/wp\/v2\/pages\/171\/revisions"}],"predecessor-version":[{"id":209,"href":"https:\/\/blog.ube.fr\/recherche-translationnelle-cancerologie\/wp-json\/wp\/v2\/pages\/171\/revisions\/209"}],"wp:attachment":[{"href":"https:\/\/blog.ube.fr\/recherche-translationnelle-cancerologie\/wp-json\/wp\/v2\/media?parent=171"}],"curies":[{"name":"wp","href":"https:\/\/api.w.org\/{rel}","templated":true}]}}