{"id":9,"date":"2024-03-26T15:41:24","date_gmt":"2024-03-26T14:41:24","guid":{"rendered":"https:\/\/blog.u-bourgogne.fr\/projet-beelzebot\/?page_id=9"},"modified":"2024-12-23T17:45:43","modified_gmt":"2024-12-23T16:45:43","slug":"partenaires","status":"publish","type":"page","link":"https:\/\/blog.ube.fr\/projet-beelzebot\/partenaires\/","title":{"rendered":"Partenaire"},"content":{"rendered":"<p><img loading=\"lazy\" decoding=\"async\" class=\"wp-image-77 aligncenter\" src=\"https:\/\/blog.ube.fr\/projet-beelzebot\/wp-content\/uploads\/sites\/201\/2024\/10\/webdrone-300x104.png\" alt=\"\" width=\"363\" height=\"126\" srcset=\"https:\/\/blog.ube.fr\/projet-beelzebot\/wp-content\/uploads\/sites\/201\/2024\/10\/webdrone-300x104.png 300w, https:\/\/blog.ube.fr\/projet-beelzebot\/wp-content\/uploads\/sites\/201\/2024\/10\/webdrone.png 432w\" sizes=\"auto, (max-width: 363px) 100vw, 363px\" \/><\/p>\n<p>&nbsp;<\/p>\n<p style=\"text-align: justify;\">Dans la continuit\u00e9 du projet COCKTAIL, la soci\u00e9t\u00e9 Webdrone a poursuivi son engagement pour la recherche. Outre l\u2019\u00e9quipe pluridisciplinaire constitu\u00e9e, un partenariat priv\u00e9 \/public a \u00e9t\u00e9 constitu\u00e9 avec la soci\u00e9t\u00e9 <a href=\"https:\/\/www.webdrone.fr\">Webdrone<\/a> . En effet, dans le cadre du projet Beelzebot, la d\u00e9tection de comptes ou de groupes de comptes contr\u00f4l\u00e9s par une ou plusieurs personnes dans le but de publier de fausses informations dans les diff\u00e9rentes couches du web, apparait comme une r\u00e9elle plus-value pour la soci\u00e9t\u00e9 Webdrone. Celle-ci souhaite automatiser des processus capables d&#8217;analyser des documents \u00e9lectroniques et des conversations dans le but de d\u00e9tecter des activit\u00e9s anormales en lien avec des actes cybercriminels, des ventes de contrefa\u00e7ons, ventes illicites, ou pouvant rev\u00eatir un caract\u00e8re infractionnel ou exceptionnel. Ces processus doivent \u00eatre capables de relier entre eux des profils sociaux, des sites web, des groupes, des soci\u00e9t\u00e9s, et vis \u00e0 vis de concepts \u00e0 prot\u00e9ger, afin de r\u00e9v\u00e9ler des r\u00e9seaux potentiels.<\/p>\n","protected":false},"excerpt":{"rendered":"<p>&nbsp; Dans la continuit\u00e9 du projet COCKTAIL, la soci\u00e9t\u00e9 Webdrone a poursuivi son engagement pour la recherche. Outre l\u2019\u00e9quipe pluridisciplinaire constitu\u00e9e, un partenariat priv\u00e9 \/public a \u00e9t\u00e9 constitu\u00e9 avec la soci\u00e9t\u00e9 Webdrone . En effet, dans le cadre du projet Beelzebot, la d\u00e9tection de comptes ou de groupes de comptes contr\u00f4l\u00e9s par une ou plusieurs&hellip;<\/p>\n<p class=\"more-link-p\"><a class=\"btn btn-primary\" href=\"https:\/\/blog.ube.fr\/projet-beelzebot\/partenaires\/\">Voir plus &rarr;<\/a><\/p>\n","protected":false},"author":5570,"featured_media":0,"parent":0,"menu_order":0,"comment_status":"closed","ping_status":"closed","template":"","meta":{"footnotes":""},"class_list":["post-9","page","type-page","status-publish","hentry"],"_links":{"self":[{"href":"https:\/\/blog.ube.fr\/projet-beelzebot\/wp-json\/wp\/v2\/pages\/9","targetHints":{"allow":["GET"]}}],"collection":[{"href":"https:\/\/blog.ube.fr\/projet-beelzebot\/wp-json\/wp\/v2\/pages"}],"about":[{"href":"https:\/\/blog.ube.fr\/projet-beelzebot\/wp-json\/wp\/v2\/types\/page"}],"author":[{"embeddable":true,"href":"https:\/\/blog.ube.fr\/projet-beelzebot\/wp-json\/wp\/v2\/users\/5570"}],"replies":[{"embeddable":true,"href":"https:\/\/blog.ube.fr\/projet-beelzebot\/wp-json\/wp\/v2\/comments?post=9"}],"version-history":[{"count":6,"href":"https:\/\/blog.ube.fr\/projet-beelzebot\/wp-json\/wp\/v2\/pages\/9\/revisions"}],"predecessor-version":[{"id":133,"href":"https:\/\/blog.ube.fr\/projet-beelzebot\/wp-json\/wp\/v2\/pages\/9\/revisions\/133"}],"wp:attachment":[{"href":"https:\/\/blog.ube.fr\/projet-beelzebot\/wp-json\/wp\/v2\/media?parent=9"}],"curies":[{"name":"wp","href":"https:\/\/api.w.org\/{rel}","templated":true}]}}