{"id":60,"date":"2024-10-14T11:03:42","date_gmt":"2024-10-14T09:03:42","guid":{"rendered":"https:\/\/blog.u-bourgogne.fr\/projet-beelzebot\/?page_id=60"},"modified":"2024-10-18T17:47:37","modified_gmt":"2024-10-18T15:47:37","slug":"leaders-des-wp","status":"publish","type":"page","link":"https:\/\/blog.ube.fr\/projet-beelzebot\/leaders-des-wp\/","title":{"rendered":"Leaders des WP"},"content":{"rendered":"<p style=\"text-align: justify;\"><img loading=\"lazy\" decoding=\"async\" class=\"alignnone wp-image-95\" src=\"https:\/\/blog.ube.fr\/projet-beelzebot\/wp-content\/uploads\/sites\/201\/2024\/10\/Capture-decran-2024-10-14-a-18.00.38-204x300.png\" alt=\"\" width=\"84\" height=\"124\" srcset=\"https:\/\/blog.ube.fr\/projet-beelzebot\/wp-content\/uploads\/sites\/201\/2024\/10\/Capture-decran-2024-10-14-a-18.00.38-204x300.png 204w, https:\/\/blog.ube.fr\/projet-beelzebot\/wp-content\/uploads\/sites\/201\/2024\/10\/Capture-decran-2024-10-14-a-18.00.38-696x1024.png 696w, https:\/\/blog.ube.fr\/projet-beelzebot\/wp-content\/uploads\/sites\/201\/2024\/10\/Capture-decran-2024-10-14-a-18.00.38-768x1130.png 768w, https:\/\/blog.ube.fr\/projet-beelzebot\/wp-content\/uploads\/sites\/201\/2024\/10\/Capture-decran-2024-10-14-a-18.00.38.png 998w\" sizes=\"auto, (max-width: 84px) 100vw, 84px\" \/><span style=\"font-size: 16px;\"><strong>Alexander FRAME<\/strong> est professeur en sciences de l\u2019information et de la communication, au laboratoire Texte, Image, Langage (UR 4182), \u00e0 l\u2019universit\u00e9 de Bourgogne. Il collabore au sein de l\u2019\u00e9quipe de chercheurs depuis 2011, sur la question de la circulation des discours politiques et alimentaires sur Twitter et a (co-)r\u00e9dig\u00e9 de nombreux articles et ouvrages sur ce sujet. Il a pilot\u00e9 le projet international financ\u00e9 \u00ab Twitter aux Elections Europ\u00e9ennes 2014 \u00bb (40 chercheurs, 6 pays, financements PHC et inter-MSH) de 2014 \u00e0 2016. Il a collabor\u00e9 avec Gilles BRACHOTTE et \u00c9ric LECLERCQ sur la d\u00e9tection de robots \u00e0 l\u2019occasion des \u00e9lections pr\u00e9sidentielles fran\u00e7aises de 2017, contribuant notamment \u00e0 la veille scientifique anglophone sur ce sujet, ainsi qu\u2019aux analyses qualitatives des comptes d\u00e9tect\u00e9s. Dans le consortium Cocktail, il est responsable d\u2019un <\/span><em style=\"font-size: 16px;\">work package<\/em><span style=\"font-size: 16px;\"> sur le d\u00e9veloppement de l\u2019ontologie des discours alimentaires sur Twitter.<\/span><\/p>\n<p>&nbsp;<\/p>\n<p style=\"text-align: justify;\"><img loading=\"lazy\" decoding=\"async\" class=\"alignnone wp-image-96\" src=\"https:\/\/blog.ube.fr\/projet-beelzebot\/wp-content\/uploads\/sites\/201\/2024\/10\/Capture-decran-2024-10-14-a-18.02.03-258x300.png\" alt=\"\" width=\"92\" height=\"107\" srcset=\"https:\/\/blog.ube.fr\/projet-beelzebot\/wp-content\/uploads\/sites\/201\/2024\/10\/Capture-decran-2024-10-14-a-18.02.03-258x300.png 258w, https:\/\/blog.ube.fr\/projet-beelzebot\/wp-content\/uploads\/sites\/201\/2024\/10\/Capture-decran-2024-10-14-a-18.02.03.png 296w\" sizes=\"auto, (max-width: 92px) 100vw, 92px\" \/><strong style=\"font-size: 16px;\">\u00c9ric LECLERCQ<\/strong><span style=\"font-size: 16px;\"> est professeur d\u2019informatique au Laboratoire d\u2019Informatique de Bourgogne (LIB UR 7534), dans lequel il est responsable de l\u2019\u00e9quipe science des donn\u00e9es qui rassemble 11 enseignants chercheurs, 10 doctorants et 2 ing\u00e9nieurs. Il anime plus particuli\u00e8rement la th\u00e9matique sur le stockage et l\u2019analyse des donn\u00e9es massives. Il est responsable du <\/span><em style=\"font-size: 16px;\">work package<\/em><span style=\"font-size: 16px;\"> \u201cconception des scenarios d\u2019analyses\u201d dans le projet Cocktail. Il collabore depuis 2008 \u00e0 des projets interdisciplinaires (ANR CARE, PEPS LogModArcheo) et plus particuli\u00e8rement depuis 2014 avec Gilles Brachotte et Alexander Frame sur diff\u00e9rents projets d\u2019analyse des donn\u00e9es de Twitter.<\/span><\/p>\n<p>&nbsp;<\/p>\n<p style=\"text-align: justify;\"><img loading=\"lazy\" decoding=\"async\" class=\"alignnone wp-image-97\" src=\"https:\/\/blog.ube.fr\/projet-beelzebot\/wp-content\/uploads\/sites\/201\/2024\/10\/Capture-decran-2024-10-14-a-18.02.42-226x300.png\" alt=\"\" width=\"103\" height=\"137\" srcset=\"https:\/\/blog.ube.fr\/projet-beelzebot\/wp-content\/uploads\/sites\/201\/2024\/10\/Capture-decran-2024-10-14-a-18.02.42-226x300.png 226w, https:\/\/blog.ube.fr\/projet-beelzebot\/wp-content\/uploads\/sites\/201\/2024\/10\/Capture-decran-2024-10-14-a-18.02.42.png 252w\" sizes=\"auto, (max-width: 103px) 100vw, 103px\" \/><strong>Annabelle GILLET<\/strong> est ma\u00eetre de conf\u00e9rence au Laboratoire d\u2019Informatique de Bourgogne (LIB UR 7534). Ses travaux de recherche concernent la gestion des donn\u00e9es massives. Elle aborde deux probl\u00e9matiques majeures : la conception d&#8217;architectures logicielles \u00e0 haute performance pour traiter des donn\u00e9es h\u00e9t\u00e9rog\u00e8nes y compris en temps r\u00e9el et l&#8217;analyse algorithmique des masses de donn\u00e9es. Sur ce dernier point, elle d\u00e9veloppe un mod\u00e8le de donn\u00e9es multi-dimensionnel \u00e0 base de tenseurs ainsi que des op\u00e9rateurs de d\u00e9compositions efficaces et interpr\u00e9tables. Dans le projet Cocktail elle a \u00e9t\u00e9 en charge de la conception et de la r\u00e9alisation de la plateforme de collecte, stockage et analyse des tweets.<\/p>\n<p style=\"text-align: justify;\"><img loading=\"lazy\" decoding=\"async\" class=\"alignnone wp-image-98\" src=\"https:\/\/blog.ube.fr\/projet-beelzebot\/wp-content\/uploads\/sites\/201\/2024\/10\/Capture-decran-2024-10-14-a-18.03.32-195x300.png\" alt=\"\" width=\"98\" height=\"151\" srcset=\"https:\/\/blog.ube.fr\/projet-beelzebot\/wp-content\/uploads\/sites\/201\/2024\/10\/Capture-decran-2024-10-14-a-18.03.32-195x300.png 195w, https:\/\/blog.ube.fr\/projet-beelzebot\/wp-content\/uploads\/sites\/201\/2024\/10\/Capture-decran-2024-10-14-a-18.03.32-667x1024.png 667w, https:\/\/blog.ube.fr\/projet-beelzebot\/wp-content\/uploads\/sites\/201\/2024\/10\/Capture-decran-2024-10-14-a-18.03.32.png 750w\" sizes=\"auto, (max-width: 98px) 100vw, 98px\" \/><strong style=\"font-size: 16px;\">Laurent GAUTIER<\/strong><span style=\"font-size: 16px;\"> est professeur de linguistique appliqu\u00e9e \u00e0 l&#8217;Universit\u00e9 de Bourgogne depuis 2013 et directeur du Centre Interlangues Texte Image Langage (UR 4182) depuis 2018, o\u00f9 il est membre de l&#8217;\u00e9quipe Mod\u00e8les &amp; Discours. Ses travaux de recherche portent sur l&#8217;application de la linguistique de corpus, du TAL et des m\u00e9thodes cognitives \u00e0 l&#8217;analyse de divers types de discours, principalement les discours sp\u00e9cialis\u00e9s. Il a coordonn\u00e9 les deux projets europ\u00e9ens VinoLingua et Tell Me A Story pour l&#8217;uB, ainsi qu&#8217;un interreg franco-suisse (tous trois sur le discours sp\u00e9cialis\u00e9, en particulier le discours sensoriel). En tant que vice-pr\u00e9sident de l&#8217;uB pour la promotion de la recherche, il accorde une attention particuli\u00e8re au transfert de l&#8217;expertise linguistique vers d&#8217;autres domaines qui doivent analyser des mat\u00e9riaux linguistiques. Sa contribution au projet est bas\u00e9e en particulier sur son travail reliant les grammaires de construction \u00e0 l&#8217;analyse du discours (num\u00e9rique).<\/span><\/p>\n<div><\/div>\n<p style=\"text-align: justify;\"><img loading=\"lazy\" decoding=\"async\" class=\"alignnone wp-image-99\" src=\"https:\/\/blog.ube.fr\/projet-beelzebot\/wp-content\/uploads\/sites\/201\/2024\/10\/Capture-decran-2024-10-14-a-18.04.29-220x300.png\" alt=\"\" width=\"112\" height=\"153\" srcset=\"https:\/\/blog.ube.fr\/projet-beelzebot\/wp-content\/uploads\/sites\/201\/2024\/10\/Capture-decran-2024-10-14-a-18.04.29-220x300.png 220w, https:\/\/blog.ube.fr\/projet-beelzebot\/wp-content\/uploads\/sites\/201\/2024\/10\/Capture-decran-2024-10-14-a-18.04.29.png 552w\" sizes=\"auto, (max-width: 112px) 100vw, 112px\" \/><strong>Herv\u00e9 PUTIGNY<\/strong>\u00a0: titulaire d\u2019un doctorat en Sciences de l\u2019Information et de la Communication et d&#8217;un master en s\u00e9curit\u00e9 des syst\u00e8mes d&#8217;information (SSI) de l&#8217;UTT de Troyes, Expert judiciaire aupr\u00e8s de la cour d&#8217;appel de Dijon. Il a men\u00e9 des travaux et r\u00e9dig\u00e9 un m\u00e9moire sur &#8220;la notion de preuve num\u00e9rique et les investigations judiciaires dans le Cloud computing.&#8221; Il a d\u00e9marr\u00e9 sa carri\u00e8re en Gendarmerie, comme enqu\u00eateur cybercrime \u00e0 la section de recherches de Dijon pendant 17 ann\u00e9es. Apr\u00e8s avoir dirig\u00e9 de nombreuses enqu\u00eates complexes dans un contexte op\u00e9rationnel national et international, il a int\u00e9gr\u00e9 l&#8217;ANSSI (l&#8217;agence nationale de la s\u00e9curit\u00e9 des syst\u00e8mes d&#8217;information), agence gouvernementale rattach\u00e9e aux services du premier ministre, comme inspecteur SSI. En charge des probl\u00e9matiques de s\u00e9curit\u00e9 li\u00e9es au Cloud computing dans le cadre de projets interminist\u00e9riels, Il a particip\u00e9 \u00e0 l&#8217;\u00e9laboration et \u00e0 la r\u00e9daction du guide et r\u00e9f\u00e9rentiel sur la s\u00e9curit\u00e9 du Cloud computing. Il est aujourd&#8217;hui, dirigeant d&#8217;entreprise, Co-fondateur des soci\u00e9t\u00e9s Webdrone et Check&amp;Trust implant\u00e9es \u00e0 Dijon, sp\u00e9cialis\u00e9es en cybercriminalit\u00e9. Sa th\u00e8se portait sur la compr\u00e9hension des dynamiques socio-culturelles et algorithmiques d\u2019entr\u00e9e dans une communaut\u00e9 cybercriminelle.<\/p>\n","protected":false},"excerpt":{"rendered":"<p>Alexander FRAME est professeur en sciences de l\u2019information et de la communication, au laboratoire Texte, Image, Langage (UR 4182), \u00e0 l\u2019universit\u00e9 de Bourgogne. Il collabore au sein de l\u2019\u00e9quipe de chercheurs depuis 2011, sur la question de la circulation des discours politiques et alimentaires sur Twitter et a (co-)r\u00e9dig\u00e9 de nombreux articles et ouvrages sur&hellip;<\/p>\n<p class=\"more-link-p\"><a class=\"btn btn-primary\" href=\"https:\/\/blog.ube.fr\/projet-beelzebot\/leaders-des-wp\/\">Voir plus &rarr;<\/a><\/p>\n","protected":false},"author":6296,"featured_media":0,"parent":0,"menu_order":0,"comment_status":"closed","ping_status":"closed","template":"","meta":{"footnotes":""},"class_list":["post-60","page","type-page","status-publish","hentry"],"_links":{"self":[{"href":"https:\/\/blog.ube.fr\/projet-beelzebot\/wp-json\/wp\/v2\/pages\/60","targetHints":{"allow":["GET"]}}],"collection":[{"href":"https:\/\/blog.ube.fr\/projet-beelzebot\/wp-json\/wp\/v2\/pages"}],"about":[{"href":"https:\/\/blog.ube.fr\/projet-beelzebot\/wp-json\/wp\/v2\/types\/page"}],"author":[{"embeddable":true,"href":"https:\/\/blog.ube.fr\/projet-beelzebot\/wp-json\/wp\/v2\/users\/6296"}],"replies":[{"embeddable":true,"href":"https:\/\/blog.ube.fr\/projet-beelzebot\/wp-json\/wp\/v2\/comments?post=60"}],"version-history":[{"count":8,"href":"https:\/\/blog.ube.fr\/projet-beelzebot\/wp-json\/wp\/v2\/pages\/60\/revisions"}],"predecessor-version":[{"id":125,"href":"https:\/\/blog.ube.fr\/projet-beelzebot\/wp-json\/wp\/v2\/pages\/60\/revisions\/125"}],"wp:attachment":[{"href":"https:\/\/blog.ube.fr\/projet-beelzebot\/wp-json\/wp\/v2\/media?parent=60"}],"curies":[{"name":"wp","href":"https:\/\/api.w.org\/{rel}","templated":true}]}}