{"id":58,"date":"2024-10-14T11:03:25","date_gmt":"2024-10-14T09:03:25","guid":{"rendered":"https:\/\/blog.u-bourgogne.fr\/projet-beelzebot\/?page_id=58"},"modified":"2024-10-18T17:43:31","modified_gmt":"2024-10-18T15:43:31","slug":"pilote-scientifique","status":"publish","type":"page","link":"https:\/\/blog.ube.fr\/projet-beelzebot\/pilote-scientifique\/","title":{"rendered":"Pilote scientifique"},"content":{"rendered":"<p><img loading=\"lazy\" decoding=\"async\" class=\"alignnone wp-image-84\" src=\"https:\/\/blog.ube.fr\/projet-beelzebot\/wp-content\/uploads\/sites\/201\/2024\/10\/Capture-decran-2024-10-14-a-17.38.36-238x300.png\" alt=\"\" width=\"134\" height=\"169\" srcset=\"https:\/\/blog.ube.fr\/projet-beelzebot\/wp-content\/uploads\/sites\/201\/2024\/10\/Capture-decran-2024-10-14-a-17.38.36-238x300.png 238w, https:\/\/blog.ube.fr\/projet-beelzebot\/wp-content\/uploads\/sites\/201\/2024\/10\/Capture-decran-2024-10-14-a-17.38.36.png 586w\" sizes=\"auto, (max-width: 134px) 100vw, 134px\" \/><\/p>\n<p style=\"text-align: justify;\">Apr\u00e8s avoir \u00e9t\u00e9 jusqu&#8217;en 2011 professeur certifi\u00e9 de G\u00e9nie \u00c9lectrique sp\u00e9cialis\u00e9 en informatique et en t\u00e9l\u00e9matique, Gilles BRACHOTTE est Professeur des Universit\u00e9s en sciences de l&#8217;information et de la communication. Ses recherches portent principalement sur la compr\u00e9hension des faits et des m\u00e9canismes permettant la circulation de l\u2019information au sein des r\u00e9seaux sociaux et plus singuli\u00e8rement de X. Dans des domaines aussi vari\u00e9s que la politique, la sant\u00e9 ou l\u2019alimentaire, il cherche, par des m\u00e9thodes \u00e0 la fois quantitative et qualitative, \u00e0 comprendre les logiques communautaires et circulatoires qui s\u2019expriment au sein des r\u00e9seaux socionum\u00e9riques. De plus, son approche se veut r\u00e9solument inter et pluridisciplinaire. Dans ce cadre, il a dirig\u00e9, co-pilot\u00e9 et coordonn\u00e9 plusieurs projets impliquant de nombreux membres de l&#8217;\u00e9quipe du consortium. Le dernier en date est le projet &#8220;Cocktail&#8221;, laur\u00e9at I-SITE BFC et co-financ\u00e9 par BPI France, le FEDER et la m\u00e9tropole dijonnaise pour un montant global avoisinant le million d\u2019euros (938.365K\u20ac). Ce projet mobilise des partenaires priv\u00e9s (ATOL CD et Webdrone) ainsi que 5 laboratoires de recherches et le p\u00f4le de comp\u00e9titivit\u00e9 Vitagora. Ce sont plus de 20 chercheurs qui sont impliqu\u00e9s dans la r\u00e9ussite du projet. Il co-dirige l&#8217;axe de recherche \u00ab Transition socio-\u00e9cologique, espaces publics et territoires \u00bb du laboratoire CIMEOS UR 4177. Il est \u00e9galement co-responsable de l&#8217;axe TransLation de la MSH de Dijon ainsi que du s\u00e9minaire interaxe sur l&#8217;IA au laboratoire CIMEOS. Enfin, son investissement administratif (ancien directeur du service commun des formations continue et par alternance, du CFA Sup et ancien vice-pr\u00e9sident de l&#8217;Universit\u00e9 de Bourgogne et actuellement Directeurs des \u00e9tudes, responsable des stages et de l&#8217;alternance en BUT 3 MMI \u00e0 l&#8217;IUT de Dijon-Auxerre-Nevers.) lui conf\u00e8re une excellente exp\u00e9rience de la gestion d&#8217;\u00e9quipe et de projet.<\/p>\n<p>&nbsp;<\/p>\n<p><strong><img loading=\"lazy\" decoding=\"async\" class=\"alignnone wp-image-86\" src=\"https:\/\/blog.ube.fr\/projet-beelzebot\/wp-content\/uploads\/sites\/201\/2024\/10\/Capture-decran-2024-10-14-a-17.44.21-300x115.png\" alt=\"\" width=\"141\" height=\"54\" srcset=\"https:\/\/blog.ube.fr\/projet-beelzebot\/wp-content\/uploads\/sites\/201\/2024\/10\/Capture-decran-2024-10-14-a-17.44.21-300x115.png 300w, https:\/\/blog.ube.fr\/projet-beelzebot\/wp-content\/uploads\/sites\/201\/2024\/10\/Capture-decran-2024-10-14-a-17.44.21.png 552w\" sizes=\"auto, (max-width: 141px) 100vw, 141px\" \/>Plus d&#8217;informations sur le projet <a href=\"https:\/\/projet-cocktail.fr\/\">COCKTAIL<\/a>\u00a0<\/strong><\/p>\n","protected":false},"excerpt":{"rendered":"<p>Apr\u00e8s avoir \u00e9t\u00e9 jusqu&#8217;en 2011 professeur certifi\u00e9 de G\u00e9nie \u00c9lectrique sp\u00e9cialis\u00e9 en informatique et en t\u00e9l\u00e9matique, Gilles BRACHOTTE est Professeur des Universit\u00e9s en sciences de l&#8217;information et de la communication. Ses recherches portent principalement sur la compr\u00e9hension des faits et des m\u00e9canismes permettant la circulation de l\u2019information au sein des r\u00e9seaux sociaux et plus singuli\u00e8rement&hellip;<\/p>\n<p class=\"more-link-p\"><a class=\"btn btn-primary\" href=\"https:\/\/blog.ube.fr\/projet-beelzebot\/pilote-scientifique\/\">Voir plus &rarr;<\/a><\/p>\n","protected":false},"author":6296,"featured_media":0,"parent":0,"menu_order":0,"comment_status":"closed","ping_status":"closed","template":"","meta":{"footnotes":""},"class_list":["post-58","page","type-page","status-publish","hentry"],"_links":{"self":[{"href":"https:\/\/blog.ube.fr\/projet-beelzebot\/wp-json\/wp\/v2\/pages\/58","targetHints":{"allow":["GET"]}}],"collection":[{"href":"https:\/\/blog.ube.fr\/projet-beelzebot\/wp-json\/wp\/v2\/pages"}],"about":[{"href":"https:\/\/blog.ube.fr\/projet-beelzebot\/wp-json\/wp\/v2\/types\/page"}],"author":[{"embeddable":true,"href":"https:\/\/blog.ube.fr\/projet-beelzebot\/wp-json\/wp\/v2\/users\/6296"}],"replies":[{"embeddable":true,"href":"https:\/\/blog.ube.fr\/projet-beelzebot\/wp-json\/wp\/v2\/comments?post=58"}],"version-history":[{"count":8,"href":"https:\/\/blog.ube.fr\/projet-beelzebot\/wp-json\/wp\/v2\/pages\/58\/revisions"}],"predecessor-version":[{"id":122,"href":"https:\/\/blog.ube.fr\/projet-beelzebot\/wp-json\/wp\/v2\/pages\/58\/revisions\/122"}],"wp:attachment":[{"href":"https:\/\/blog.ube.fr\/projet-beelzebot\/wp-json\/wp\/v2\/media?parent=58"}],"curies":[{"name":"wp","href":"https:\/\/api.w.org\/{rel}","templated":true}]}}