{"id":2,"date":"2024-03-26T15:32:37","date_gmt":"2024-03-26T14:32:37","guid":{"rendered":"https:\/\/blog.u-bourgogne.fr\/projet-beelzebot\/?page_id=2"},"modified":"2024-10-14T18:10:39","modified_gmt":"2024-10-14T16:10:39","slug":"page-d-exemple","status":"publish","type":"page","link":"https:\/\/blog.ube.fr\/projet-beelzebot\/","title":{"rendered":"D\u00e9tection des strat\u00e9gies de manipulation sur X par les arm\u00e9es de robots"},"content":{"rendered":"<p style=\"padding-left: 80px;\"><br \/><img loading=\"lazy\" decoding=\"async\" class=\"alignnone size-medium wp-image-76 aligncenter\" src=\"https:\/\/blog.ube.fr\/projet-beelzebot\/wp-content\/uploads\/sites\/201\/2024\/10\/Beelzebot-Log_logo-fullcolor-rgb-1-300x86.jpg\" alt=\"\" width=\"300\" height=\"86\" srcset=\"https:\/\/blog.ube.fr\/projet-beelzebot\/wp-content\/uploads\/sites\/201\/2024\/10\/Beelzebot-Log_logo-fullcolor-rgb-1-300x86.jpg 300w, https:\/\/blog.ube.fr\/projet-beelzebot\/wp-content\/uploads\/sites\/201\/2024\/10\/Beelzebot-Log_logo-fullcolor-rgb-1-768x219.jpg 768w, https:\/\/blog.ube.fr\/projet-beelzebot\/wp-content\/uploads\/sites\/201\/2024\/10\/Beelzebot-Log_logo-fullcolor-rgb-1.jpg 1000w\" sizes=\"auto, (max-width: 300px) 100vw, 300px\" \/><\/p>\r\n\r\n<p style=\"text-align: justify;\"><span style=\"font-weight: 400;\">BEELZEBOT s&#8217;attaque aux questions sociales et aux d\u00e9fis informatiques et techniques li\u00e9s \u00e0 l\u2019usage des arm\u00e9es de robots sur X. <\/span><span style=\"font-weight: 400;\">L\u2019objectif principal du projet est d\u2019\u00e9laborer <span style=\"font-size: 14pt;\"><strong>le premier dispositif fran\u00e7ais capable de mettre en exergue les strat\u00e9gies de manipulation de l\u2019information par les arm\u00e9es de robots <\/strong><\/span><\/span><span style=\"font-size: 14pt;\"><strong>dans la Xph\u00e8re fran\u00e7aise<\/strong><\/span><span style=\"font-weight: 400;\">. <\/span><span style=\"font-weight: 400;\">Il apportera une compr\u00e9hension <\/span><span style=\"font-weight: 400;\">sur les configurations des robots actifs et sur leur influence (g\u00e9o-)politique, \u00e9conomique et sociale<\/span><span style=\"font-weight: 400;\">. <\/span><\/p>\r\n<p style=\"text-align: justify;\"><span style=\"font-weight: 400;\"><strong>Ce projet souhaite identifier et caract\u00e9riser les strat\u00e9gies, les m\u00e9thodes et les intentions des arm\u00e9es de robots dans la diffusion, le partage et la propagation d&#8217;informations. Il se concentre sur des domaines cl\u00e9s comme les campagnes \u00e9lectorales, la d\u00e9sinformation en sant\u00e9 ou encore la cybercriminalit\u00e9. L&#8217;\u00e9tude vise \u00e0 mesurer l&#8217;influence de ces robots et leur contribution \u00e0 la circulation de l&#8217;information sur X<\/strong>.<\/span><\/p>\r\n<p>&nbsp;<\/p>\r\n<p style=\"padding-left: 400px;\"><img loading=\"lazy\" decoding=\"async\" class=\"wp-image-78 alignleft\" src=\"https:\/\/blog.ube.fr\/projet-beelzebot\/wp-content\/uploads\/sites\/201\/2024\/10\/ANR-logo-2021-complet-300x77.jpg\" alt=\"\" width=\"269\" height=\"69\" srcset=\"https:\/\/blog.ube.fr\/projet-beelzebot\/wp-content\/uploads\/sites\/201\/2024\/10\/ANR-logo-2021-complet-300x77.jpg 300w, https:\/\/blog.ube.fr\/projet-beelzebot\/wp-content\/uploads\/sites\/201\/2024\/10\/ANR-logo-2021-complet-1024x262.jpg 1024w, https:\/\/blog.ube.fr\/projet-beelzebot\/wp-content\/uploads\/sites\/201\/2024\/10\/ANR-logo-2021-complet-768x197.jpg 768w, https:\/\/blog.ube.fr\/projet-beelzebot\/wp-content\/uploads\/sites\/201\/2024\/10\/ANR-logo-2021-complet-1536x394.jpg 1536w, https:\/\/blog.ube.fr\/projet-beelzebot\/wp-content\/uploads\/sites\/201\/2024\/10\/ANR-logo-2021-complet.jpg 1939w\" sizes=\"auto, (max-width: 269px) 100vw, 269px\" \/><\/p>\r\n","protected":false},"excerpt":{"rendered":"<p>BEELZEBOT s&#8217;attaque aux questions sociales et aux d\u00e9fis informatiques et techniques li\u00e9s \u00e0 l\u2019usage des arm\u00e9es de robots sur X. L\u2019objectif principal du projet est d\u2019\u00e9laborer le premier dispositif fran\u00e7ais capable de mettre en exergue les strat\u00e9gies de manipulation de l\u2019information par les arm\u00e9es de robots dans la Xph\u00e8re fran\u00e7aise. Il apportera une compr\u00e9hension sur&hellip;<\/p>\n<p class=\"more-link-p\"><a class=\"btn btn-primary\" href=\"https:\/\/blog.ube.fr\/projet-beelzebot\/\">Voir plus &rarr;<\/a><\/p>\n","protected":false},"author":5570,"featured_media":0,"parent":0,"menu_order":0,"comment_status":"closed","ping_status":"open","template":"","meta":{"footnotes":""},"class_list":["post-2","page","type-page","status-publish","hentry"],"_links":{"self":[{"href":"https:\/\/blog.ube.fr\/projet-beelzebot\/wp-json\/wp\/v2\/pages\/2","targetHints":{"allow":["GET"]}}],"collection":[{"href":"https:\/\/blog.ube.fr\/projet-beelzebot\/wp-json\/wp\/v2\/pages"}],"about":[{"href":"https:\/\/blog.ube.fr\/projet-beelzebot\/wp-json\/wp\/v2\/types\/page"}],"author":[{"embeddable":true,"href":"https:\/\/blog.ube.fr\/projet-beelzebot\/wp-json\/wp\/v2\/users\/5570"}],"replies":[{"embeddable":true,"href":"https:\/\/blog.ube.fr\/projet-beelzebot\/wp-json\/wp\/v2\/comments?post=2"}],"version-history":[{"count":12,"href":"https:\/\/blog.ube.fr\/projet-beelzebot\/wp-json\/wp\/v2\/pages\/2\/revisions"}],"predecessor-version":[{"id":106,"href":"https:\/\/blog.ube.fr\/projet-beelzebot\/wp-json\/wp\/v2\/pages\/2\/revisions\/106"}],"wp:attachment":[{"href":"https:\/\/blog.ube.fr\/projet-beelzebot\/wp-json\/wp\/v2\/media?parent=2"}],"curies":[{"name":"wp","href":"https:\/\/api.w.org\/{rel}","templated":true}]}}