{"id":111,"date":"2024-10-16T11:36:20","date_gmt":"2024-10-16T09:36:20","guid":{"rendered":"https:\/\/blog.u-bourgogne.fr\/projet-beelzebot\/?page_id=111"},"modified":"2025-08-25T17:44:58","modified_gmt":"2025-08-25T15:44:58","slug":"doctorants-et-post-doctorants","status":"publish","type":"page","link":"https:\/\/blog.ube.fr\/projet-beelzebot\/doctorants-et-post-doctorants\/","title":{"rendered":"Doctorants et post-doctorants"},"content":{"rendered":"<p><img loading=\"lazy\" decoding=\"async\" class=\"alignnone wp-image-123\" src=\"https:\/\/blog.ube.fr\/projet-beelzebot\/wp-content\/uploads\/sites\/201\/2024\/10\/photo-AB-Beelzebot-220x300.png\" alt=\"\" width=\"121\" height=\"165\" srcset=\"https:\/\/blog.ube.fr\/projet-beelzebot\/wp-content\/uploads\/sites\/201\/2024\/10\/photo-AB-Beelzebot-220x300.png 220w, https:\/\/blog.ube.fr\/projet-beelzebot\/wp-content\/uploads\/sites\/201\/2024\/10\/photo-AB-Beelzebot.png 428w\" sizes=\"auto, (max-width: 121px) 100vw, 121px\" \/><span style=\"font-size: 16px;\">Agn\u00e8s <\/span><strong style=\"font-size: 16px;\">DARIGAN-BARROT<\/strong><span style=\"font-size: 16px;\"> : doctorante en Sciences de l&#8217;Information et de la Communication, elle b\u00e9n\u00e9ficie d&#8217;une bourse minist\u00e9rielle pour la p\u00e9riode 2023-2026. Son sujet de th\u00e8se est :<\/span><\/p>\n<p style=\"font-weight: 400;\"><strong>&#8220;La manipulation de l\u2019information sur X (ex Twitter) : d\u00e9tection, circulation et strat\u00e9gies&#8221;<\/strong>. \u00a0Son directeur de th\u00e8se est le Professeur Gilles BRACHOTTE, laboratoire CIMEOS, Universit\u00e9 de Bourgogne.<\/p>\n<p>&nbsp;<\/p>\n<p><img loading=\"lazy\" decoding=\"async\" class=\"alignnone  wp-image-144\" src=\"https:\/\/blog.ube.fr\/projet-beelzebot\/wp-content\/uploads\/sites\/201\/2025\/08\/Sarah-theroine-225x300.jpg\" alt=\"\" width=\"139\" height=\"185\" srcset=\"https:\/\/blog.ube.fr\/projet-beelzebot\/wp-content\/uploads\/sites\/201\/2025\/08\/Sarah-theroine-225x300.jpg 225w, https:\/\/blog.ube.fr\/projet-beelzebot\/wp-content\/uploads\/sites\/201\/2025\/08\/Sarah-theroine-768x1024.jpg 768w, https:\/\/blog.ube.fr\/projet-beelzebot\/wp-content\/uploads\/sites\/201\/2025\/08\/Sarah-theroine-1152x1536.jpg 1152w, https:\/\/blog.ube.fr\/projet-beelzebot\/wp-content\/uploads\/sites\/201\/2025\/08\/Sarah-theroine.jpg 1536w\" sizes=\"auto, (max-width: 139px) 100vw, 139px\" \/><\/p>\n<p>&nbsp;<\/p>\n<p>Sarah <strong>THEROINE<\/strong> :<\/p>\n<p style=\"margin: 0px;\" data-start=\"174\" data-end=\"512\">Sarah Theroine est linguiste et chercheuse en Traitement Automatique des Langues Naturelles (TALN). Docteure en sciences du langage (Universit\u00e9 de Bourgogne, 2024), elle a men\u00e9 une th\u00e8se CIFRE sur la mesure de l\u2019idiomaticit\u00e9 et de la comparabilit\u00e9 des corpus multilingues, en d\u00e9veloppant des outils d\u2019\u00e9valuation et d\u2019alignement textuel.<\/p>\n<p style=\"margin: 0px;\" data-start=\"514\" data-end=\"926\">Ses recherches se concentrent sur la conception d\u2019outils neuronaux appliqu\u00e9s \u00e0 la traduction automatique et \u00e0 la localisation, notamment dans le domaine du jeu vid\u00e9o, avec une attention particuli\u00e8re port\u00e9e \u00e0 l\u2019inclusivit\u00e9 et aux biais de genre. Elle a ainsi particip\u00e9 au projet r\u00e9gional All-inGMT, qui propose une suite d\u2019outils de traduction et d\u2019annotation pour favoriser des pratiques linguistiques non-binaires.<\/p>\n<p style=\"margin: 0px;\" data-start=\"928\" data-end=\"1187\">En parall\u00e8le, elle a assur\u00e9 la gestion technique de projets en TALN comme le <em data-start=\"1005\" data-end=\"1015\">Hugo BOT<\/em>, chatbot universitaire, et contribue r\u00e9guli\u00e8rement \u00e0 des conf\u00e9rences internationales sur la linguistique computationnelle et la traduction assist\u00e9e par les technologies.<\/p>\n<p style=\"margin: 0px;\" data-start=\"1189\" data-end=\"1402\">\u00c0 la crois\u00e9e de la linguistique, de l\u2019informatique et des humanit\u00e9s num\u00e9riques, ses travaux visent \u00e0 d\u00e9velopper des solutions innovantes et \u00e9thiques pour le traitement des langues dans des contextes sp\u00e9cialis\u00e9s.<\/p>\n<p>&nbsp;<\/p>\n<p>Evan <strong>PETIT<\/strong> : doctorant en Science informatique, il b\u00e9n\u00e9ficie d&#8217;un contrat de recherche li\u00e9 au projet ANR Beelzebot pour la p\u00e9riode 2024-2027. Son sujet de th\u00e8se est :<\/p>\n<p>&#8220;<strong>D\u00e9compositions tensorielles coupl\u00e9es pour la d\u00e9tection de ph\u00e9nom\u00e8nes de diffusion dans les r\u00e9seaux sociaux<\/strong>&#8221; \u00a0 . Les directeurs de th\u00e8se sont \u00a0le Professeur Eric LECLERCQ, laboratoire LIB, Universit\u00e9 de Bourgogne et Annabelle GILLET, ma\u00eetre de conf\u00e9rences, laboratoire LIB, Universit\u00e9 de Bourgogne<\/p>\n","protected":false},"excerpt":{"rendered":"<p>Agn\u00e8s DARIGAN-BARROT : doctorante en Sciences de l&#8217;Information et de la Communication, elle b\u00e9n\u00e9ficie d&#8217;une bourse minist\u00e9rielle pour la p\u00e9riode 2023-2026. Son sujet de th\u00e8se est : &#8220;La manipulation de l\u2019information sur X (ex Twitter) : d\u00e9tection, circulation et strat\u00e9gies&#8221;. \u00a0Son directeur de th\u00e8se est le Professeur Gilles BRACHOTTE, laboratoire CIMEOS, Universit\u00e9 de Bourgogne. &nbsp;&hellip;<\/p>\n<p class=\"more-link-p\"><a class=\"btn btn-primary\" href=\"https:\/\/blog.ube.fr\/projet-beelzebot\/doctorants-et-post-doctorants\/\">Voir plus &rarr;<\/a><\/p>\n","protected":false},"author":6296,"featured_media":0,"parent":0,"menu_order":0,"comment_status":"closed","ping_status":"closed","template":"","meta":{"footnotes":""},"class_list":["post-111","page","type-page","status-publish","hentry"],"_links":{"self":[{"href":"https:\/\/blog.ube.fr\/projet-beelzebot\/wp-json\/wp\/v2\/pages\/111","targetHints":{"allow":["GET"]}}],"collection":[{"href":"https:\/\/blog.ube.fr\/projet-beelzebot\/wp-json\/wp\/v2\/pages"}],"about":[{"href":"https:\/\/blog.ube.fr\/projet-beelzebot\/wp-json\/wp\/v2\/types\/page"}],"author":[{"embeddable":true,"href":"https:\/\/blog.ube.fr\/projet-beelzebot\/wp-json\/wp\/v2\/users\/6296"}],"replies":[{"embeddable":true,"href":"https:\/\/blog.ube.fr\/projet-beelzebot\/wp-json\/wp\/v2\/comments?post=111"}],"version-history":[{"count":5,"href":"https:\/\/blog.ube.fr\/projet-beelzebot\/wp-json\/wp\/v2\/pages\/111\/revisions"}],"predecessor-version":[{"id":145,"href":"https:\/\/blog.ube.fr\/projet-beelzebot\/wp-json\/wp\/v2\/pages\/111\/revisions\/145"}],"wp:attachment":[{"href":"https:\/\/blog.ube.fr\/projet-beelzebot\/wp-json\/wp\/v2\/media?parent=111"}],"curies":[{"name":"wp","href":"https:\/\/api.w.org\/{rel}","templated":true}]}}