{"id":322,"date":"2018-04-18T16:29:25","date_gmt":"2018-04-18T14:29:25","guid":{"rendered":"http:\/\/blog.u-bourgogne.fr\/nuit-des-chercheurs\/?page_id=322"},"modified":"2021-07-19T11:59:46","modified_gmt":"2021-07-19T09:59:46","slug":"acteurs-et-partenaires-3","status":"publish","type":"page","link":"https:\/\/blog.ube.fr\/nuit-des-chercheurs\/a-propos\/acteurs-et-partenaires-3\/","title":{"rendered":"Acteurs et partenaires"},"content":{"rendered":"<p>Impuls\u00e9e par la Commission europ\u00e9enne et soutenue par les Minist\u00e8res de la Culture et de l\u2019Enseignement sup\u00e9rieur, de la Recherche et de l\u2019Innovation, la Nuit Europ\u00e9enne des Chercheur\u00b7e\u00b7s est organis\u00e9e en France par un consortium pilot\u00e9 par les universit\u00e9s de Bourgogne et de Franche-Comt\u00e9 et compos\u00e9 des organisateurs suivants : Terre des Sciences (Angers), Universit\u00e9 de Franche-Comt\u00e9 (Besan\u00e7on), Cap Sciences (Bordeaux), Oc\u00e9anopolis (Brest), Universit\u00e9 de Bourgogne (Dijon), Universit\u00e9 C\u00f4te d\u2019Azur (Nice), Espace des Sciences Pierre Gilles de Gennes (Paris), Universit\u00e9 du Maine (Le Mans), Fondation Partenariale de l\u2019Universit\u00e9 de Limoges (Limoges), La Rotonde de Mines Saint-\u00c9tienne (Saint-\u00c9tienne), Aix-Marseille Universit\u00e9 (Aix-Marseille), Universit\u00e9 de la R\u00e9union (La R\u00e9union), Universit\u00e9 F\u00e9d\u00e9rale Toulouse Midi-Pyr\u00e9n\u00e9es (Toulouse-Albi), Kimiyo, Universit\u00e9 de Bourgogne-Franche-Comt\u00e9<\/p>\n<p>.<\/p>\n<p><img loading=\"lazy\" decoding=\"async\" class=\"aligncenter wp-image-1147 size-large\" src=\"http:\/\/blog.ube.fr\/nuit-des-chercheurs\/wp-content\/uploads\/sites\/74\/2021\/06\/logo2021a-1024x341.png\" alt=\"\" width=\"1024\" height=\"341\" srcset=\"https:\/\/blog.ube.fr\/nuit-des-chercheurs\/wp-content\/uploads\/sites\/74\/2021\/06\/logo2021a-1024x341.png 1024w, https:\/\/blog.ube.fr\/nuit-des-chercheurs\/wp-content\/uploads\/sites\/74\/2021\/06\/logo2021a-300x100.png 300w, https:\/\/blog.ube.fr\/nuit-des-chercheurs\/wp-content\/uploads\/sites\/74\/2021\/06\/logo2021a-768x256.png 768w, https:\/\/blog.ube.fr\/nuit-des-chercheurs\/wp-content\/uploads\/sites\/74\/2021\/06\/logo2021a.png 1240w\" sizes=\"auto, (max-width: 1024px) 100vw, 1024px\" \/><\/p>\n<p> La Nuit Europ\u00e9enne des Chercheur\u00b7e\u00b7s est soutenue par la Commission Europ\u00e9enne &#8211; programme HORIZON 2020 &#8211; Action Marie Curie Sklodowska &#8211; Grant Agreement N\u00b0101036048 <\/p>\n","protected":false},"excerpt":{"rendered":"<p>Impuls\u00e9e par la Commission europ\u00e9enne et soutenue par les Minist\u00e8res de la Culture et de l\u2019Enseignement sup\u00e9rieur, de la Recherche et de l\u2019Innovation, la Nuit Europ\u00e9enne des Chercheur\u00b7e\u00b7s est organis\u00e9e en France par un consortium pilot\u00e9 par les universit\u00e9s de Bourgogne et de Franche-Comt\u00e9 et compos\u00e9 des organisateurs suivants : Terre des Sciences (Angers), Universit\u00e9&hellip;<\/p>\n<p class=\"more-link-p\"><a class=\"btn btn-primary\" href=\"https:\/\/blog.ube.fr\/nuit-des-chercheurs\/a-propos\/acteurs-et-partenaires-3\/\">Voir plus &rarr;<\/a><\/p>\n","protected":false},"author":44,"featured_media":0,"parent":10,"menu_order":0,"comment_status":"closed","ping_status":"closed","template":"","meta":{"_exactmetrics_skip_tracking":false,"_exactmetrics_sitenote_active":false,"_exactmetrics_sitenote_note":"","_exactmetrics_sitenote_category":0,"footnotes":""},"class_list":["post-322","page","type-page","status-publish","hentry"],"yoast_head":"<!-- This site is optimized with the Yoast SEO plugin v21.6 - https:\/\/yoast.com\/wordpress\/plugins\/seo\/ -->\n<title>Acteurs et partenaires - Nuit europ\u00e9enne des chercheurs \u00e0 Dijon<\/title>\n<meta name=\"robots\" content=\"index, follow, max-snippet:-1, max-image-preview:large, max-video-preview:-1\" \/>\n<link rel=\"canonical\" href=\"https:\/\/blog.u-bourgogne.fr\/nuit-des-chercheurs\/a-propos\/acteurs-et-partenaires-3\/\" \/>\n<meta property=\"og:locale\" content=\"fr_FR\" \/>\n<meta property=\"og:type\" content=\"article\" \/>\n<meta property=\"og:title\" content=\"Acteurs et partenaires - Nuit europ\u00e9enne des chercheurs \u00e0 Dijon\" \/>\n<meta property=\"og:description\" content=\"Impuls\u00e9e par la Commission europ\u00e9enne et soutenue par les Minist\u00e8res de la Culture et de l\u2019Enseignement sup\u00e9rieur, de la Recherche et de l\u2019Innovation, la Nuit Europ\u00e9enne des Chercheur\u00b7e\u00b7s est organis\u00e9e en France par un consortium pilot\u00e9 par les universit\u00e9s de Bourgogne et de Franche-Comt\u00e9 et compos\u00e9 des organisateurs suivants : Terre des Sciences (Angers), Universit\u00e9&hellip;Voir plus &rarr;\" \/>\n<meta property=\"og:url\" content=\"https:\/\/blog.u-bourgogne.fr\/nuit-des-chercheurs\/a-propos\/acteurs-et-partenaires-3\/\" \/>\n<meta property=\"og:site_name\" content=\"Nuit europ\u00e9enne des chercheurs \u00e0 Dijon\" \/>\n<meta property=\"article:modified_time\" content=\"2021-07-19T09:59:46+00:00\" \/>\n<meta property=\"og:image\" content=\"http:\/\/blog.u-bourgogne.fr\/nuit-des-chercheurs\/wp-content\/uploads\/sites\/74\/2021\/06\/logo2021a-1024x341.png\" \/>\n<meta name=\"twitter:card\" content=\"summary_large_image\" \/>\n<meta name=\"twitter:label1\" content=\"Dur\u00e9e de lecture estim\u00e9e\" \/>\n\t<meta name=\"twitter:data1\" content=\"1 minute\" \/>\n<script type=\"application\/ld+json\" class=\"yoast-schema-graph\">{\"@context\":\"https:\/\/schema.org\",\"@graph\":[{\"@type\":\"WebPage\",\"@id\":\"https:\/\/blog.u-bourgogne.fr\/nuit-des-chercheurs\/a-propos\/acteurs-et-partenaires-3\/\",\"url\":\"https:\/\/blog.u-bourgogne.fr\/nuit-des-chercheurs\/a-propos\/acteurs-et-partenaires-3\/\",\"name\":\"Acteurs et partenaires - Nuit europ\u00e9enne des chercheurs \u00e0 Dijon\",\"isPartOf\":{\"@id\":\"https:\/\/blog.u-bourgogne.fr\/nuit-des-chercheurs\/#website\"},\"datePublished\":\"2018-04-18T14:29:25+00:00\",\"dateModified\":\"2021-07-19T09:59:46+00:00\",\"breadcrumb\":{\"@id\":\"https:\/\/blog.u-bourgogne.fr\/nuit-des-chercheurs\/a-propos\/acteurs-et-partenaires-3\/#breadcrumb\"},\"inLanguage\":\"fr-FR\",\"potentialAction\":[{\"@type\":\"ReadAction\",\"target\":[\"https:\/\/blog.u-bourgogne.fr\/nuit-des-chercheurs\/a-propos\/acteurs-et-partenaires-3\/\"]}]},{\"@type\":\"BreadcrumbList\",\"@id\":\"https:\/\/blog.u-bourgogne.fr\/nuit-des-chercheurs\/a-propos\/acteurs-et-partenaires-3\/#breadcrumb\",\"itemListElement\":[{\"@type\":\"ListItem\",\"position\":1,\"name\":\"Accueil\",\"item\":\"https:\/\/blog.u-bourgogne.fr\/nuit-des-chercheurs\/\"},{\"@type\":\"ListItem\",\"position\":2,\"name\":\"\u00c0 propos\",\"item\":\"https:\/\/blog.u-bourgogne.fr\/nuit-des-chercheurs\/a-propos\/\"},{\"@type\":\"ListItem\",\"position\":3,\"name\":\"Acteurs et partenaires\"}]},{\"@type\":\"WebSite\",\"@id\":\"https:\/\/blog.u-bourgogne.fr\/nuit-des-chercheurs\/#website\",\"url\":\"https:\/\/blog.u-bourgogne.fr\/nuit-des-chercheurs\/\",\"name\":\"Nuit europ\u00e9enne des chercheurs \u00e0 Dijon\",\"description\":\"Nuit europ\u00e9enne des chercheurs \u00e0 Dijon\",\"potentialAction\":[{\"@type\":\"SearchAction\",\"target\":{\"@type\":\"EntryPoint\",\"urlTemplate\":\"https:\/\/blog.u-bourgogne.fr\/nuit-des-chercheurs\/?s={search_term_string}\"},\"query-input\":\"required name=search_term_string\"}],\"inLanguage\":\"fr-FR\"}]}<\/script>\n<!-- \/ Yoast SEO plugin. -->","yoast_head_json":{"title":"Acteurs et partenaires - Nuit europ\u00e9enne des chercheurs \u00e0 Dijon","robots":{"index":"index","follow":"follow","max-snippet":"max-snippet:-1","max-image-preview":"max-image-preview:large","max-video-preview":"max-video-preview:-1"},"canonical":"https:\/\/blog.u-bourgogne.fr\/nuit-des-chercheurs\/a-propos\/acteurs-et-partenaires-3\/","og_locale":"fr_FR","og_type":"article","og_title":"Acteurs et partenaires - Nuit europ\u00e9enne des chercheurs \u00e0 Dijon","og_description":"Impuls\u00e9e par la Commission europ\u00e9enne et soutenue par les Minist\u00e8res de la Culture et de l\u2019Enseignement sup\u00e9rieur, de la Recherche et de l\u2019Innovation, la Nuit Europ\u00e9enne des Chercheur\u00b7e\u00b7s est organis\u00e9e en France par un consortium pilot\u00e9 par les universit\u00e9s de Bourgogne et de Franche-Comt\u00e9 et compos\u00e9 des organisateurs suivants : Terre des Sciences (Angers), Universit\u00e9&hellip;Voir plus &rarr;","og_url":"https:\/\/blog.u-bourgogne.fr\/nuit-des-chercheurs\/a-propos\/acteurs-et-partenaires-3\/","og_site_name":"Nuit europ\u00e9enne des chercheurs \u00e0 Dijon","article_modified_time":"2021-07-19T09:59:46+00:00","og_image":[{"url":"http:\/\/blog.u-bourgogne.fr\/nuit-des-chercheurs\/wp-content\/uploads\/sites\/74\/2021\/06\/logo2021a-1024x341.png"}],"twitter_card":"summary_large_image","twitter_misc":{"Dur\u00e9e de lecture estim\u00e9e":"1 minute"},"schema":{"@context":"https:\/\/schema.org","@graph":[{"@type":"WebPage","@id":"https:\/\/blog.u-bourgogne.fr\/nuit-des-chercheurs\/a-propos\/acteurs-et-partenaires-3\/","url":"https:\/\/blog.u-bourgogne.fr\/nuit-des-chercheurs\/a-propos\/acteurs-et-partenaires-3\/","name":"Acteurs et partenaires - Nuit europ\u00e9enne des chercheurs \u00e0 Dijon","isPartOf":{"@id":"https:\/\/blog.u-bourgogne.fr\/nuit-des-chercheurs\/#website"},"datePublished":"2018-04-18T14:29:25+00:00","dateModified":"2021-07-19T09:59:46+00:00","breadcrumb":{"@id":"https:\/\/blog.u-bourgogne.fr\/nuit-des-chercheurs\/a-propos\/acteurs-et-partenaires-3\/#breadcrumb"},"inLanguage":"fr-FR","potentialAction":[{"@type":"ReadAction","target":["https:\/\/blog.u-bourgogne.fr\/nuit-des-chercheurs\/a-propos\/acteurs-et-partenaires-3\/"]}]},{"@type":"BreadcrumbList","@id":"https:\/\/blog.u-bourgogne.fr\/nuit-des-chercheurs\/a-propos\/acteurs-et-partenaires-3\/#breadcrumb","itemListElement":[{"@type":"ListItem","position":1,"name":"Accueil","item":"https:\/\/blog.u-bourgogne.fr\/nuit-des-chercheurs\/"},{"@type":"ListItem","position":2,"name":"\u00c0 propos","item":"https:\/\/blog.u-bourgogne.fr\/nuit-des-chercheurs\/a-propos\/"},{"@type":"ListItem","position":3,"name":"Acteurs et partenaires"}]},{"@type":"WebSite","@id":"https:\/\/blog.u-bourgogne.fr\/nuit-des-chercheurs\/#website","url":"https:\/\/blog.u-bourgogne.fr\/nuit-des-chercheurs\/","name":"Nuit europ\u00e9enne des chercheurs \u00e0 Dijon","description":"Nuit europ\u00e9enne des chercheurs \u00e0 Dijon","potentialAction":[{"@type":"SearchAction","target":{"@type":"EntryPoint","urlTemplate":"https:\/\/blog.u-bourgogne.fr\/nuit-des-chercheurs\/?s={search_term_string}"},"query-input":"required name=search_term_string"}],"inLanguage":"fr-FR"}]}},"_links":{"self":[{"href":"https:\/\/blog.ube.fr\/nuit-des-chercheurs\/wp-json\/wp\/v2\/pages\/322","targetHints":{"allow":["GET"]}}],"collection":[{"href":"https:\/\/blog.ube.fr\/nuit-des-chercheurs\/wp-json\/wp\/v2\/pages"}],"about":[{"href":"https:\/\/blog.ube.fr\/nuit-des-chercheurs\/wp-json\/wp\/v2\/types\/page"}],"author":[{"embeddable":true,"href":"https:\/\/blog.ube.fr\/nuit-des-chercheurs\/wp-json\/wp\/v2\/users\/44"}],"replies":[{"embeddable":true,"href":"https:\/\/blog.ube.fr\/nuit-des-chercheurs\/wp-json\/wp\/v2\/comments?post=322"}],"version-history":[{"count":7,"href":"https:\/\/blog.ube.fr\/nuit-des-chercheurs\/wp-json\/wp\/v2\/pages\/322\/revisions"}],"predecessor-version":[{"id":1316,"href":"https:\/\/blog.ube.fr\/nuit-des-chercheurs\/wp-json\/wp\/v2\/pages\/322\/revisions\/1316"}],"up":[{"embeddable":true,"href":"https:\/\/blog.ube.fr\/nuit-des-chercheurs\/wp-json\/wp\/v2\/pages\/10"}],"wp:attachment":[{"href":"https:\/\/blog.ube.fr\/nuit-des-chercheurs\/wp-json\/wp\/v2\/media?parent=322"}],"curies":[{"name":"wp","href":"https:\/\/api.w.org\/{rel}","templated":true}]}}