{"id":1435,"date":"2021-09-27T11:07:39","date_gmt":"2021-09-27T09:07:39","guid":{"rendered":"http:\/\/blog.u-bourgogne.fr\/nuit-des-chercheurs\/?page_id=1435"},"modified":"2021-09-27T11:13:48","modified_gmt":"2021-09-27T09:13:48","slug":"la-nuit-europeenne-des-chercheur%c2%b7e%c2%b7s","status":"publish","type":"page","link":"https:\/\/blog.ube.fr\/nuit-des-chercheurs\/a-propos\/la-nuit-europeenne-des-chercheur%c2%b7e%c2%b7s\/","title":{"rendered":"La Nuit Europ\u00e9enne des Chercheur\u00b7e\u00b7s"},"content":{"rendered":"<p>La Nuit Europ\u00e9enne des Chercheur\u00b7e\u00b7s est une invitation \u00e0 partager une m\u00eame soir\u00e9e avec des chercheur\u00b7e\u00b7s dans des centaines de villes d&#8217;Europe, dont 14 en France. \u00c0 cette occasion, des conditions de dialogues conviviaux sont cr\u00e9\u00e9es, pour des \u00e9changes simples, singuliers. Sont propos\u00e9s au public des dispositifs innovants. Au sein d&#8217;espaces sc\u00e9nographi\u00e9s, l&#8217;ambiance est d\u00e9tendue, permettant des moments de partage intimes et particuliers, pour d\u00e9couvrir les chercheur\u00b7e\u00b7s comme vous ne les avez encore jamais vus ni entendus.<\/p>\n<h2>Pour chaque ville, une soir\u00e9e singuli\u00e8re<\/h2>\n<p>Chaque soir\u00e9e sera le reflet d&#8217;une proposition diff\u00e9rente, selon les espaces d&#8217;accueil, les \u00e9quipes et la cr\u00e9ativit\u00e9 des organisateurs. Quatorze villes vous inviteront \u00e0 voyager avec les chercheur\u00b7e\u00b7s, des variations sur le m\u00eame th\u00e8me, \u00e0 l&#8217;image du dynamisme de chacune&#8230; La richesse des champs d&#8217;investigation des chercheur\u00b7e\u00b7s est immense, ainsi chaque soir\u00e9e puisera dans la diversit\u00e9 des propositions.<\/p>\n<p style=\"text-align: center;\">Retrouvez la Nuit Europ\u00e9enne des Chercheur\u00b7e\u00b7s sur les r\u00e9seaux sociaux et sur son site Internet :<br \/>\n<a href=\"https:\/\/www.facebook.com\/nuiteuropeennedeschercheurs\" target=\"_blank\" rel=\"noopener\"><img loading=\"lazy\" decoding=\"async\" class=\"alignnone wp-image-926 size-w4p_aboutme_photo\" src=\"http:\/\/blog.ube.fr\/nuit-des-chercheurs\/wp-content\/uploads\/sites\/74\/2021\/06\/facebook-50x50.png\" alt=\"\" width=\"50\" height=\"50\" srcset=\"https:\/\/blog.ube.fr\/nuit-des-chercheurs\/wp-content\/uploads\/sites\/74\/2021\/06\/facebook-50x50.png 50w, https:\/\/blog.ube.fr\/nuit-des-chercheurs\/wp-content\/uploads\/sites\/74\/2021\/06\/facebook-300x300.png 300w, https:\/\/blog.ube.fr\/nuit-des-chercheurs\/wp-content\/uploads\/sites\/74\/2021\/06\/facebook-150x150.png 150w, https:\/\/blog.ube.fr\/nuit-des-chercheurs\/wp-content\/uploads\/sites\/74\/2021\/06\/facebook.png 512w\" sizes=\"auto, (max-width: 50px) 100vw, 50px\" \/><\/a> <a href=\"https:\/\/twitter.com\/NuitChercheurs\" target=\"_blank\" rel=\"noopener\">\u00a0<img loading=\"lazy\" decoding=\"async\" class=\"alignnone wp-image-927 size-w4p_aboutme_photo\" src=\"http:\/\/blog.ube.fr\/nuit-des-chercheurs\/wp-content\/uploads\/sites\/74\/2021\/06\/twitter-50x50.png\" alt=\"\" width=\"50\" height=\"50\" srcset=\"https:\/\/blog.ube.fr\/nuit-des-chercheurs\/wp-content\/uploads\/sites\/74\/2021\/06\/twitter-50x50.png 50w, https:\/\/blog.ube.fr\/nuit-des-chercheurs\/wp-content\/uploads\/sites\/74\/2021\/06\/twitter-300x300.png 300w, https:\/\/blog.ube.fr\/nuit-des-chercheurs\/wp-content\/uploads\/sites\/74\/2021\/06\/twitter-150x150.png 150w, https:\/\/blog.ube.fr\/nuit-des-chercheurs\/wp-content\/uploads\/sites\/74\/2021\/06\/twitter.png 512w\" sizes=\"auto, (max-width: 50px) 100vw, 50px\" \/><\/a> \u00a0<a href=\"https:\/\/nuitdeschercheurs-france.eu\/?2021\" target=\"_blank\" rel=\"noopener\"><img loading=\"lazy\" decoding=\"async\" class=\"alignnone wp-image-928 size-w4p_aboutme_photo\" src=\"http:\/\/blog.ube.fr\/nuit-des-chercheurs\/wp-content\/uploads\/sites\/74\/2021\/06\/youtube-50x50.png\" alt=\"\" width=\"50\" height=\"50\" srcset=\"https:\/\/blog.ube.fr\/nuit-des-chercheurs\/wp-content\/uploads\/sites\/74\/2021\/06\/youtube-50x50.png 50w, https:\/\/blog.ube.fr\/nuit-des-chercheurs\/wp-content\/uploads\/sites\/74\/2021\/06\/youtube-300x300.png 300w, https:\/\/blog.ube.fr\/nuit-des-chercheurs\/wp-content\/uploads\/sites\/74\/2021\/06\/youtube-150x150.png 150w, https:\/\/blog.ube.fr\/nuit-des-chercheurs\/wp-content\/uploads\/sites\/74\/2021\/06\/youtube.png 512w\" sizes=\"auto, (max-width: 50px) 100vw, 50px\" \/> <img loading=\"lazy\" decoding=\"async\" class=\"alignnone wp-image-1440 size-w4p_aboutme_photo\" src=\"http:\/\/blog.ube.fr\/nuit-des-chercheurs\/wp-content\/uploads\/sites\/74\/2021\/09\/linternet-50x50.png\" alt=\"\" width=\"50\" height=\"50\" srcset=\"https:\/\/blog.ube.fr\/nuit-des-chercheurs\/wp-content\/uploads\/sites\/74\/2021\/09\/linternet-50x50.png 50w, https:\/\/blog.ube.fr\/nuit-des-chercheurs\/wp-content\/uploads\/sites\/74\/2021\/09\/linternet-300x300.png 300w, https:\/\/blog.ube.fr\/nuit-des-chercheurs\/wp-content\/uploads\/sites\/74\/2021\/09\/linternet-150x150.png 150w, https:\/\/blog.ube.fr\/nuit-des-chercheurs\/wp-content\/uploads\/sites\/74\/2021\/09\/linternet.png 512w\" sizes=\"auto, (max-width: 50px) 100vw, 50px\" \/><\/a><\/p>\n","protected":false},"excerpt":{"rendered":"<p>La Nuit Europ\u00e9enne des Chercheur\u00b7e\u00b7s est une invitation \u00e0 partager une m\u00eame soir\u00e9e avec des chercheur\u00b7e\u00b7s dans des centaines de villes d&#8217;Europe, dont 14 en France. \u00c0 cette occasion, des conditions de dialogues conviviaux sont cr\u00e9\u00e9es, pour des \u00e9changes simples, singuliers. Sont propos\u00e9s au public des dispositifs innovants. Au sein d&#8217;espaces sc\u00e9nographi\u00e9s, l&#8217;ambiance est d\u00e9tendue,&hellip;<\/p>\n<p class=\"more-link-p\"><a class=\"btn btn-primary\" href=\"https:\/\/blog.ube.fr\/nuit-des-chercheurs\/a-propos\/la-nuit-europeenne-des-chercheur%c2%b7e%c2%b7s\/\">Voir plus &rarr;<\/a><\/p>\n","protected":false},"author":3759,"featured_media":0,"parent":10,"menu_order":0,"comment_status":"closed","ping_status":"closed","template":"","meta":{"_exactmetrics_skip_tracking":false,"_exactmetrics_sitenote_active":false,"_exactmetrics_sitenote_note":"","_exactmetrics_sitenote_category":0,"footnotes":""},"class_list":["post-1435","page","type-page","status-publish","hentry"],"yoast_head":"<!-- This site is optimized with the Yoast SEO plugin v21.6 - https:\/\/yoast.com\/wordpress\/plugins\/seo\/ -->\n<title>La Nuit Europ\u00e9enne des Chercheur\u00b7e\u00b7s - Nuit europ\u00e9enne des chercheurs \u00e0 Dijon<\/title>\n<meta name=\"robots\" content=\"index, follow, max-snippet:-1, max-image-preview:large, max-video-preview:-1\" \/>\n<link rel=\"canonical\" href=\"https:\/\/blog.u-bourgogne.fr\/nuit-des-chercheurs\/a-propos\/la-nuit-europeenne-des-chercheur\u00b7e\u00b7s\/\" \/>\n<meta property=\"og:locale\" content=\"fr_FR\" \/>\n<meta property=\"og:type\" content=\"article\" \/>\n<meta property=\"og:title\" content=\"La Nuit Europ\u00e9enne des Chercheur\u00b7e\u00b7s - Nuit europ\u00e9enne des chercheurs \u00e0 Dijon\" \/>\n<meta property=\"og:description\" content=\"La Nuit Europ\u00e9enne des Chercheur\u00b7e\u00b7s est une invitation \u00e0 partager une m\u00eame soir\u00e9e avec des chercheur\u00b7e\u00b7s dans des centaines de villes d&#8217;Europe, dont 14 en France. \u00c0 cette occasion, des conditions de dialogues conviviaux sont cr\u00e9\u00e9es, pour des \u00e9changes simples, singuliers. Sont propos\u00e9s au public des dispositifs innovants. Au sein d&#8217;espaces sc\u00e9nographi\u00e9s, l&#8217;ambiance est d\u00e9tendue,&hellip;Voir plus &rarr;\" \/>\n<meta property=\"og:url\" content=\"https:\/\/blog.u-bourgogne.fr\/nuit-des-chercheurs\/a-propos\/la-nuit-europeenne-des-chercheur\u00b7e\u00b7s\/\" \/>\n<meta property=\"og:site_name\" content=\"Nuit europ\u00e9enne des chercheurs \u00e0 Dijon\" \/>\n<meta property=\"article:modified_time\" content=\"2021-09-27T09:13:48+00:00\" \/>\n<meta property=\"og:image\" content=\"http:\/\/blog.u-bourgogne.fr\/nuit-des-chercheurs\/wp-content\/uploads\/sites\/74\/2021\/06\/facebook-50x50.png\" \/>\n<meta name=\"twitter:card\" content=\"summary_large_image\" \/>\n<meta name=\"twitter:label1\" content=\"Dur\u00e9e de lecture estim\u00e9e\" \/>\n\t<meta name=\"twitter:data1\" content=\"2 minutes\" \/>\n<script type=\"application\/ld+json\" class=\"yoast-schema-graph\">{\"@context\":\"https:\/\/schema.org\",\"@graph\":[{\"@type\":\"WebPage\",\"@id\":\"https:\/\/blog.u-bourgogne.fr\/nuit-des-chercheurs\/a-propos\/la-nuit-europeenne-des-chercheur%c2%b7e%c2%b7s\/\",\"url\":\"https:\/\/blog.u-bourgogne.fr\/nuit-des-chercheurs\/a-propos\/la-nuit-europeenne-des-chercheur%c2%b7e%c2%b7s\/\",\"name\":\"La Nuit Europ\u00e9enne des Chercheur\u00b7e\u00b7s - Nuit europ\u00e9enne des chercheurs \u00e0 Dijon\",\"isPartOf\":{\"@id\":\"https:\/\/blog.u-bourgogne.fr\/nuit-des-chercheurs\/#website\"},\"datePublished\":\"2021-09-27T09:07:39+00:00\",\"dateModified\":\"2021-09-27T09:13:48+00:00\",\"breadcrumb\":{\"@id\":\"https:\/\/blog.u-bourgogne.fr\/nuit-des-chercheurs\/a-propos\/la-nuit-europeenne-des-chercheur%c2%b7e%c2%b7s\/#breadcrumb\"},\"inLanguage\":\"fr-FR\",\"potentialAction\":[{\"@type\":\"ReadAction\",\"target\":[\"https:\/\/blog.u-bourgogne.fr\/nuit-des-chercheurs\/a-propos\/la-nuit-europeenne-des-chercheur%c2%b7e%c2%b7s\/\"]}]},{\"@type\":\"BreadcrumbList\",\"@id\":\"https:\/\/blog.u-bourgogne.fr\/nuit-des-chercheurs\/a-propos\/la-nuit-europeenne-des-chercheur%c2%b7e%c2%b7s\/#breadcrumb\",\"itemListElement\":[{\"@type\":\"ListItem\",\"position\":1,\"name\":\"Accueil\",\"item\":\"https:\/\/blog.u-bourgogne.fr\/nuit-des-chercheurs\/\"},{\"@type\":\"ListItem\",\"position\":2,\"name\":\"\u00c0 propos\",\"item\":\"https:\/\/blog.u-bourgogne.fr\/nuit-des-chercheurs\/a-propos\/\"},{\"@type\":\"ListItem\",\"position\":3,\"name\":\"La Nuit Europ\u00e9enne des Chercheur\u00b7e\u00b7s\"}]},{\"@type\":\"WebSite\",\"@id\":\"https:\/\/blog.u-bourgogne.fr\/nuit-des-chercheurs\/#website\",\"url\":\"https:\/\/blog.u-bourgogne.fr\/nuit-des-chercheurs\/\",\"name\":\"Nuit europ\u00e9enne des chercheurs \u00e0 Dijon\",\"description\":\"Nuit europ\u00e9enne des chercheurs \u00e0 Dijon\",\"potentialAction\":[{\"@type\":\"SearchAction\",\"target\":{\"@type\":\"EntryPoint\",\"urlTemplate\":\"https:\/\/blog.u-bourgogne.fr\/nuit-des-chercheurs\/?s={search_term_string}\"},\"query-input\":\"required name=search_term_string\"}],\"inLanguage\":\"fr-FR\"}]}<\/script>\n<!-- \/ Yoast SEO plugin. -->","yoast_head_json":{"title":"La Nuit Europ\u00e9enne des Chercheur\u00b7e\u00b7s - Nuit europ\u00e9enne des chercheurs \u00e0 Dijon","robots":{"index":"index","follow":"follow","max-snippet":"max-snippet:-1","max-image-preview":"max-image-preview:large","max-video-preview":"max-video-preview:-1"},"canonical":"https:\/\/blog.u-bourgogne.fr\/nuit-des-chercheurs\/a-propos\/la-nuit-europeenne-des-chercheur\u00b7e\u00b7s\/","og_locale":"fr_FR","og_type":"article","og_title":"La Nuit Europ\u00e9enne des Chercheur\u00b7e\u00b7s - Nuit europ\u00e9enne des chercheurs \u00e0 Dijon","og_description":"La Nuit Europ\u00e9enne des Chercheur\u00b7e\u00b7s est une invitation \u00e0 partager une m\u00eame soir\u00e9e avec des chercheur\u00b7e\u00b7s dans des centaines de villes d&#8217;Europe, dont 14 en France. \u00c0 cette occasion, des conditions de dialogues conviviaux sont cr\u00e9\u00e9es, pour des \u00e9changes simples, singuliers. Sont propos\u00e9s au public des dispositifs innovants. Au sein d&#8217;espaces sc\u00e9nographi\u00e9s, l&#8217;ambiance est d\u00e9tendue,&hellip;Voir plus &rarr;","og_url":"https:\/\/blog.u-bourgogne.fr\/nuit-des-chercheurs\/a-propos\/la-nuit-europeenne-des-chercheur\u00b7e\u00b7s\/","og_site_name":"Nuit europ\u00e9enne des chercheurs \u00e0 Dijon","article_modified_time":"2021-09-27T09:13:48+00:00","og_image":[{"url":"http:\/\/blog.u-bourgogne.fr\/nuit-des-chercheurs\/wp-content\/uploads\/sites\/74\/2021\/06\/facebook-50x50.png"}],"twitter_card":"summary_large_image","twitter_misc":{"Dur\u00e9e de lecture estim\u00e9e":"2 minutes"},"schema":{"@context":"https:\/\/schema.org","@graph":[{"@type":"WebPage","@id":"https:\/\/blog.u-bourgogne.fr\/nuit-des-chercheurs\/a-propos\/la-nuit-europeenne-des-chercheur%c2%b7e%c2%b7s\/","url":"https:\/\/blog.u-bourgogne.fr\/nuit-des-chercheurs\/a-propos\/la-nuit-europeenne-des-chercheur%c2%b7e%c2%b7s\/","name":"La Nuit Europ\u00e9enne des Chercheur\u00b7e\u00b7s - Nuit europ\u00e9enne des chercheurs \u00e0 Dijon","isPartOf":{"@id":"https:\/\/blog.u-bourgogne.fr\/nuit-des-chercheurs\/#website"},"datePublished":"2021-09-27T09:07:39+00:00","dateModified":"2021-09-27T09:13:48+00:00","breadcrumb":{"@id":"https:\/\/blog.u-bourgogne.fr\/nuit-des-chercheurs\/a-propos\/la-nuit-europeenne-des-chercheur%c2%b7e%c2%b7s\/#breadcrumb"},"inLanguage":"fr-FR","potentialAction":[{"@type":"ReadAction","target":["https:\/\/blog.u-bourgogne.fr\/nuit-des-chercheurs\/a-propos\/la-nuit-europeenne-des-chercheur%c2%b7e%c2%b7s\/"]}]},{"@type":"BreadcrumbList","@id":"https:\/\/blog.u-bourgogne.fr\/nuit-des-chercheurs\/a-propos\/la-nuit-europeenne-des-chercheur%c2%b7e%c2%b7s\/#breadcrumb","itemListElement":[{"@type":"ListItem","position":1,"name":"Accueil","item":"https:\/\/blog.u-bourgogne.fr\/nuit-des-chercheurs\/"},{"@type":"ListItem","position":2,"name":"\u00c0 propos","item":"https:\/\/blog.u-bourgogne.fr\/nuit-des-chercheurs\/a-propos\/"},{"@type":"ListItem","position":3,"name":"La Nuit Europ\u00e9enne des Chercheur\u00b7e\u00b7s"}]},{"@type":"WebSite","@id":"https:\/\/blog.u-bourgogne.fr\/nuit-des-chercheurs\/#website","url":"https:\/\/blog.u-bourgogne.fr\/nuit-des-chercheurs\/","name":"Nuit europ\u00e9enne des chercheurs \u00e0 Dijon","description":"Nuit europ\u00e9enne des chercheurs \u00e0 Dijon","potentialAction":[{"@type":"SearchAction","target":{"@type":"EntryPoint","urlTemplate":"https:\/\/blog.u-bourgogne.fr\/nuit-des-chercheurs\/?s={search_term_string}"},"query-input":"required name=search_term_string"}],"inLanguage":"fr-FR"}]}},"_links":{"self":[{"href":"https:\/\/blog.ube.fr\/nuit-des-chercheurs\/wp-json\/wp\/v2\/pages\/1435","targetHints":{"allow":["GET"]}}],"collection":[{"href":"https:\/\/blog.ube.fr\/nuit-des-chercheurs\/wp-json\/wp\/v2\/pages"}],"about":[{"href":"https:\/\/blog.ube.fr\/nuit-des-chercheurs\/wp-json\/wp\/v2\/types\/page"}],"author":[{"embeddable":true,"href":"https:\/\/blog.ube.fr\/nuit-des-chercheurs\/wp-json\/wp\/v2\/users\/3759"}],"replies":[{"embeddable":true,"href":"https:\/\/blog.ube.fr\/nuit-des-chercheurs\/wp-json\/wp\/v2\/comments?post=1435"}],"version-history":[{"count":3,"href":"https:\/\/blog.ube.fr\/nuit-des-chercheurs\/wp-json\/wp\/v2\/pages\/1435\/revisions"}],"predecessor-version":[{"id":1441,"href":"https:\/\/blog.ube.fr\/nuit-des-chercheurs\/wp-json\/wp\/v2\/pages\/1435\/revisions\/1441"}],"up":[{"embeddable":true,"href":"https:\/\/blog.ube.fr\/nuit-des-chercheurs\/wp-json\/wp\/v2\/pages\/10"}],"wp:attachment":[{"href":"https:\/\/blog.ube.fr\/nuit-des-chercheurs\/wp-json\/wp\/v2\/media?parent=1435"}],"curies":[{"name":"wp","href":"https:\/\/api.w.org\/{rel}","templated":true}]}}