{"id":10,"date":"2017-05-29T10:44:59","date_gmt":"2017-05-29T08:44:59","guid":{"rendered":"http:\/\/blog.u-bourgogne.fr\/nuit-des-chercheurs\/?page_id=10"},"modified":"2021-07-22T11:26:25","modified_gmt":"2021-07-22T09:26:25","slug":"a-propos","status":"publish","type":"page","link":"https:\/\/blog.ube.fr\/nuit-des-chercheurs\/a-propos\/","title":{"rendered":"\u00c0 propos"},"content":{"rendered":"","protected":false},"excerpt":{"rendered":"<p class=\"more-link-p\"><a class=\"btn btn-primary\" href=\"https:\/\/blog.ube.fr\/nuit-des-chercheurs\/a-propos\/\">Voir plus &rarr;<\/a><\/p>\n","protected":false},"author":307,"featured_media":0,"parent":0,"menu_order":0,"comment_status":"closed","ping_status":"closed","template":"","meta":{"_exactmetrics_skip_tracking":false,"_exactmetrics_sitenote_active":false,"_exactmetrics_sitenote_note":"","_exactmetrics_sitenote_category":0,"footnotes":""},"class_list":["post-10","page","type-page","status-publish","hentry"],"yoast_head":"<!-- This site is optimized with the Yoast SEO plugin v21.6 - https:\/\/yoast.com\/wordpress\/plugins\/seo\/ -->\n<title>\u00c0 propos - Nuit europ\u00e9enne des chercheurs \u00e0 Dijon<\/title>\n<meta name=\"robots\" content=\"index, follow, max-snippet:-1, max-image-preview:large, max-video-preview:-1\" \/>\n<link rel=\"canonical\" href=\"https:\/\/blog.u-bourgogne.fr\/nuit-des-chercheurs\/a-propos\/\" \/>\n<meta property=\"og:locale\" content=\"fr_FR\" \/>\n<meta property=\"og:type\" content=\"article\" \/>\n<meta property=\"og:title\" content=\"\u00c0 propos - Nuit europ\u00e9enne des chercheurs \u00e0 Dijon\" \/>\n<meta property=\"og:description\" content=\"Voir plus &rarr;\" \/>\n<meta property=\"og:url\" content=\"https:\/\/blog.u-bourgogne.fr\/nuit-des-chercheurs\/a-propos\/\" \/>\n<meta property=\"og:site_name\" content=\"Nuit europ\u00e9enne des chercheurs \u00e0 Dijon\" \/>\n<meta property=\"article:modified_time\" content=\"2021-07-22T09:26:25+00:00\" \/>\n<meta name=\"twitter:card\" content=\"summary_large_image\" \/>\n<script type=\"application\/ld+json\" class=\"yoast-schema-graph\">{\"@context\":\"https:\/\/schema.org\",\"@graph\":[{\"@type\":\"WebPage\",\"@id\":\"https:\/\/blog.u-bourgogne.fr\/nuit-des-chercheurs\/a-propos\/\",\"url\":\"https:\/\/blog.u-bourgogne.fr\/nuit-des-chercheurs\/a-propos\/\",\"name\":\"\u00c0 propos - Nuit europ\u00e9enne des chercheurs \u00e0 Dijon\",\"isPartOf\":{\"@id\":\"https:\/\/blog.u-bourgogne.fr\/nuit-des-chercheurs\/#website\"},\"datePublished\":\"2017-05-29T08:44:59+00:00\",\"dateModified\":\"2021-07-22T09:26:25+00:00\",\"breadcrumb\":{\"@id\":\"https:\/\/blog.u-bourgogne.fr\/nuit-des-chercheurs\/a-propos\/#breadcrumb\"},\"inLanguage\":\"fr-FR\",\"potentialAction\":[{\"@type\":\"ReadAction\",\"target\":[\"https:\/\/blog.u-bourgogne.fr\/nuit-des-chercheurs\/a-propos\/\"]}]},{\"@type\":\"BreadcrumbList\",\"@id\":\"https:\/\/blog.u-bourgogne.fr\/nuit-des-chercheurs\/a-propos\/#breadcrumb\",\"itemListElement\":[{\"@type\":\"ListItem\",\"position\":1,\"name\":\"Accueil\",\"item\":\"https:\/\/blog.u-bourgogne.fr\/nuit-des-chercheurs\/\"},{\"@type\":\"ListItem\",\"position\":2,\"name\":\"\u00c0 propos\"}]},{\"@type\":\"WebSite\",\"@id\":\"https:\/\/blog.u-bourgogne.fr\/nuit-des-chercheurs\/#website\",\"url\":\"https:\/\/blog.u-bourgogne.fr\/nuit-des-chercheurs\/\",\"name\":\"Nuit europ\u00e9enne des chercheurs \u00e0 Dijon\",\"description\":\"Nuit europ\u00e9enne des chercheurs \u00e0 Dijon\",\"potentialAction\":[{\"@type\":\"SearchAction\",\"target\":{\"@type\":\"EntryPoint\",\"urlTemplate\":\"https:\/\/blog.u-bourgogne.fr\/nuit-des-chercheurs\/?s={search_term_string}\"},\"query-input\":\"required name=search_term_string\"}],\"inLanguage\":\"fr-FR\"}]}<\/script>\n<!-- \/ Yoast SEO plugin. -->","yoast_head_json":{"title":"\u00c0 propos - Nuit europ\u00e9enne des chercheurs \u00e0 Dijon","robots":{"index":"index","follow":"follow","max-snippet":"max-snippet:-1","max-image-preview":"max-image-preview:large","max-video-preview":"max-video-preview:-1"},"canonical":"https:\/\/blog.u-bourgogne.fr\/nuit-des-chercheurs\/a-propos\/","og_locale":"fr_FR","og_type":"article","og_title":"\u00c0 propos - Nuit europ\u00e9enne des chercheurs \u00e0 Dijon","og_description":"Voir plus &rarr;","og_url":"https:\/\/blog.u-bourgogne.fr\/nuit-des-chercheurs\/a-propos\/","og_site_name":"Nuit europ\u00e9enne des chercheurs \u00e0 Dijon","article_modified_time":"2021-07-22T09:26:25+00:00","twitter_card":"summary_large_image","schema":{"@context":"https:\/\/schema.org","@graph":[{"@type":"WebPage","@id":"https:\/\/blog.u-bourgogne.fr\/nuit-des-chercheurs\/a-propos\/","url":"https:\/\/blog.u-bourgogne.fr\/nuit-des-chercheurs\/a-propos\/","name":"\u00c0 propos - Nuit europ\u00e9enne des chercheurs \u00e0 Dijon","isPartOf":{"@id":"https:\/\/blog.u-bourgogne.fr\/nuit-des-chercheurs\/#website"},"datePublished":"2017-05-29T08:44:59+00:00","dateModified":"2021-07-22T09:26:25+00:00","breadcrumb":{"@id":"https:\/\/blog.u-bourgogne.fr\/nuit-des-chercheurs\/a-propos\/#breadcrumb"},"inLanguage":"fr-FR","potentialAction":[{"@type":"ReadAction","target":["https:\/\/blog.u-bourgogne.fr\/nuit-des-chercheurs\/a-propos\/"]}]},{"@type":"BreadcrumbList","@id":"https:\/\/blog.u-bourgogne.fr\/nuit-des-chercheurs\/a-propos\/#breadcrumb","itemListElement":[{"@type":"ListItem","position":1,"name":"Accueil","item":"https:\/\/blog.u-bourgogne.fr\/nuit-des-chercheurs\/"},{"@type":"ListItem","position":2,"name":"\u00c0 propos"}]},{"@type":"WebSite","@id":"https:\/\/blog.u-bourgogne.fr\/nuit-des-chercheurs\/#website","url":"https:\/\/blog.u-bourgogne.fr\/nuit-des-chercheurs\/","name":"Nuit europ\u00e9enne des chercheurs \u00e0 Dijon","description":"Nuit europ\u00e9enne des chercheurs \u00e0 Dijon","potentialAction":[{"@type":"SearchAction","target":{"@type":"EntryPoint","urlTemplate":"https:\/\/blog.u-bourgogne.fr\/nuit-des-chercheurs\/?s={search_term_string}"},"query-input":"required name=search_term_string"}],"inLanguage":"fr-FR"}]}},"_links":{"self":[{"href":"https:\/\/blog.ube.fr\/nuit-des-chercheurs\/wp-json\/wp\/v2\/pages\/10","targetHints":{"allow":["GET"]}}],"collection":[{"href":"https:\/\/blog.ube.fr\/nuit-des-chercheurs\/wp-json\/wp\/v2\/pages"}],"about":[{"href":"https:\/\/blog.ube.fr\/nuit-des-chercheurs\/wp-json\/wp\/v2\/types\/page"}],"author":[{"embeddable":true,"href":"https:\/\/blog.ube.fr\/nuit-des-chercheurs\/wp-json\/wp\/v2\/users\/307"}],"replies":[{"embeddable":true,"href":"https:\/\/blog.ube.fr\/nuit-des-chercheurs\/wp-json\/wp\/v2\/comments?post=10"}],"version-history":[{"count":4,"href":"https:\/\/blog.ube.fr\/nuit-des-chercheurs\/wp-json\/wp\/v2\/pages\/10\/revisions"}],"predecessor-version":[{"id":1324,"href":"https:\/\/blog.ube.fr\/nuit-des-chercheurs\/wp-json\/wp\/v2\/pages\/10\/revisions\/1324"}],"wp:attachment":[{"href":"https:\/\/blog.ube.fr\/nuit-des-chercheurs\/wp-json\/wp\/v2\/media?parent=10"}],"curies":[{"name":"wp","href":"https:\/\/api.w.org\/{rel}","templated":true}]}}