{"id":955,"date":"2022-06-28T09:42:37","date_gmt":"2022-06-28T07:42:37","guid":{"rendered":"https:\/\/blog.u-bourgogne.fr\/mrac-macon\/?page_id=955"},"modified":"2022-07-05T14:23:20","modified_gmt":"2022-07-05T12:23:20","slug":"exposition-des-espaces-et-des-corps-architectures-et-pedagogies","status":"publish","type":"page","link":"https:\/\/blog.ube.fr\/mrac-macon\/exposition-des-espaces-et-des-corps-architectures-et-pedagogies\/","title":{"rendered":"Exposition \u00ab  Des espaces pour des corps. Architecture(s) et p\u00e9dagogie(s) \u00bb"},"content":{"rendered":"<p>Legs du pass\u00e9, les b\u00e2timents actuels de l\u2019universit\u00e9 de Bourgogne \u00e0 M\u00e2con t\u00e9moignent d\u2019une \u00e9volution dans la formation des normaliennes, institutrices puis \u00ab professeures des \u00e9coles \u00bb. Ils donnent \u00e0 voir les changements de conceptions \u00e9ducatives, notamment en ce qui concerne le r\u00e9gime de l\u2019internat et le d\u00e9veloppement de l\u2019\u00e9ducation physique, t\u00e9moignages d\u2019un certain rapport au corps humain.<\/p>\n<p><strong>Une exposition organis\u00e9e dans le cadre des 300 ans de l&#8217;universit\u00e9 de Bourgogne et de la manifestation Patrimoines \u00e9crits du 1er septembre au 6 novembre sur le site universitaire de M\u00e2con.<\/strong><\/p>\n<p>&nbsp;<\/p>\n<table style=\"border-collapse: collapse; width: 600 px; border: 0;\">\n<tbody>\n<tr>\n<td style=\"width: 70%;\"><iframe loading=\"lazy\" title=\"YouTube video player\" frameborder=\"0\" height=\"315\" src=\"https:\/\/www.youtube.com\/embed\/Vos5mzG8MoE\" width=\"560\"><\/iframe><\/td>\n<td style=\"width: 30%;\"><img loading=\"lazy\" decoding=\"async\" class=\"alignnone wp-image-973 size-full\" src=\"https:\/\/blog.ube.fr\/mrac-macon\/wp-content\/uploads\/sites\/142\/2022\/07\/afficheBlog.png\" alt=\"\" width=\"300\" height=\"424\" srcset=\"https:\/\/blog.ube.fr\/mrac-macon\/wp-content\/uploads\/sites\/142\/2022\/07\/afficheBlog.png 300w, https:\/\/blog.ube.fr\/mrac-macon\/wp-content\/uploads\/sites\/142\/2022\/07\/afficheBlog-212x300.png 212w\" sizes=\"auto, (max-width: 300px) 100vw, 300px\" \/><\/td>\n<\/tr>\n<\/tbody>\n<\/table>\n","protected":false},"excerpt":{"rendered":"<p>Legs du pass\u00e9, les b\u00e2timents actuels de l\u2019universit\u00e9 de Bourgogne \u00e0 M\u00e2con t\u00e9moignent d\u2019une \u00e9volution dans la formation des normaliennes, institutrices puis \u00ab professeures des \u00e9coles \u00bb. Ils donnent \u00e0 voir les changements de conceptions \u00e9ducatives, notamment en ce qui concerne le r\u00e9gime de l\u2019internat et le d\u00e9veloppement de l\u2019\u00e9ducation physique, t\u00e9moignages d\u2019un certain rapport&hellip;<\/p>\n<p class=\"more-link-p\"><a class=\"btn btn-primary\" href=\"https:\/\/blog.ube.fr\/mrac-macon\/exposition-des-espaces-et-des-corps-architectures-et-pedagogies\/\">Voir plus &rarr;<\/a><\/p>\n","protected":false},"author":2077,"featured_media":0,"parent":0,"menu_order":0,"comment_status":"closed","ping_status":"closed","template":"","meta":{"_exactmetrics_skip_tracking":false,"_exactmetrics_sitenote_active":false,"_exactmetrics_sitenote_note":"","_exactmetrics_sitenote_category":0,"footnotes":""},"class_list":["post-955","page","type-page","status-publish","hentry"],"_links":{"self":[{"href":"https:\/\/blog.ube.fr\/mrac-macon\/wp-json\/wp\/v2\/pages\/955","targetHints":{"allow":["GET"]}}],"collection":[{"href":"https:\/\/blog.ube.fr\/mrac-macon\/wp-json\/wp\/v2\/pages"}],"about":[{"href":"https:\/\/blog.ube.fr\/mrac-macon\/wp-json\/wp\/v2\/types\/page"}],"author":[{"embeddable":true,"href":"https:\/\/blog.ube.fr\/mrac-macon\/wp-json\/wp\/v2\/users\/2077"}],"replies":[{"embeddable":true,"href":"https:\/\/blog.ube.fr\/mrac-macon\/wp-json\/wp\/v2\/comments?post=955"}],"version-history":[{"count":16,"href":"https:\/\/blog.ube.fr\/mrac-macon\/wp-json\/wp\/v2\/pages\/955\/revisions"}],"predecessor-version":[{"id":974,"href":"https:\/\/blog.ube.fr\/mrac-macon\/wp-json\/wp\/v2\/pages\/955\/revisions\/974"}],"wp:attachment":[{"href":"https:\/\/blog.ube.fr\/mrac-macon\/wp-json\/wp\/v2\/media?parent=955"}],"curies":[{"name":"wp","href":"https:\/\/api.w.org\/{rel}","templated":true}]}}