{"id":906,"date":"2022-02-10T14:04:01","date_gmt":"2022-02-10T13:04:01","guid":{"rendered":"https:\/\/blog.u-bourgogne.fr\/mrac-macon\/?page_id=906"},"modified":"2022-03-07T12:16:40","modified_gmt":"2022-03-07T11:16:40","slug":"exposition-iles-revees-iles-reelles-geographie-et-memoires-des-antilles-francaises","status":"publish","type":"page","link":"https:\/\/blog.ube.fr\/mrac-macon\/exposition-iles-revees-iles-reelles-geographie-et-memoires-des-antilles-francaises\/","title":{"rendered":"Exposition \u00ab  \u00celes r\u00eav\u00e9es, \u00eeles r\u00e9elles. G\u00e9ographie et m\u00e9moires des Antilles fran\u00e7aises \u00bb"},"content":{"rendered":"<p><strong><img loading=\"lazy\" decoding=\"async\" class=\"wp-image-915 alignright\" src=\"https:\/\/blog.ube.fr\/mrac-macon\/wp-content\/uploads\/sites\/142\/2022\/03\/afficheWebAntilles.jpg\" alt=\"\" width=\"341\" height=\"476\" \/>Les Antilles&#8230;<\/strong><br \/>\nL\u2019image de l\u2019archipel est dessin\u00e9e sur des cartes o\u00f9 des grappes d\u2019\u00eeles lointaines se d\u00e9tachent sur le bleu des mers.Ces \u00eeles bien r\u00e9elles, longtemps mal connues des Fran\u00e7ais m\u00e9tropolitains, existent bel et bien, mais sous le signe de l\u2019ambivalence.<br \/>\nInscrites dans la grande Cara\u00efbe, les Antilles fran\u00e7aises ont deux visages, sinon de multiples facettes, lumineuses ou sombres.Au travers de la g\u00e9ographie, physique, \u00e9conomique, sociale, et de l\u2019histoire, porteuse de m\u00e9moires douloureuses, un autre voyage permet de d\u00e9passer les imaginaires et d\u2019aborder aux Antilles fran\u00e7aises en revenant au r\u00e9el.<\/p>\n<p><strong>Une exposition du 15 mars au 15 avril 2022 sur le site universitaire de M\u00e2con, 9 rue de Flac\u00e9.<\/strong><\/p>\n<h5><strong>Conf\u00e9rences <\/strong>12h45 &#8211; 13h30<strong><br \/>\n<\/strong><\/h5>\n<p><strong>Mardi 15 mars &#8211;<\/strong> Thomas Brugger &#8221; L&#8217;offre p\u00e9dagogique de l&#8217;ONACVG (projet m\u00e9moire, expositions, concours,&#8230;) &#8221;<\/p>\n<p><strong>Mardi 12 avril &#8211;<\/strong> Martine Jacques &#8221; Les Antilles dans quelques ouvrages de litt\u00e9rature jeunesse : une identit\u00e9 en mouvement &#8221;<\/p>\n<p>&nbsp;<\/p>\n<p><iframe loading=\"lazy\" title=\"YouTube video player\" frameborder=\"0\" height=\"315\" src=\"https:\/\/www.youtube.com\/embed\/Lrzb8albleE\" width=\"560\"><\/iframe><\/p>\n<p>Bonjour les amis, bonjour les &#8220;z&#8217;amis&#8221; des Antilles,<br \/>\nPartez aux Antilles du 15 mars au 15 avril sur le site universitaire de M\u00e2con !<br \/>\nAvec l&#8217;exposition &#8221; \u00celes r\u00eav\u00e9es, iles r\u00e9elles &#8220;, on va vous embarquer pour les \u00eeles de la Cara\u00efbe,pour la mer et le soleil,<br \/>\nles tropiques et la chaleur.<br \/>\nMais on va aussi vous parler de l&#8217;histoire des Antilles,<br \/>\ndes \u00eeles qui n&#8217;ont pas toujours \u00e9t\u00e9 des plages de r\u00eave, o\u00f9 on boit du rhum en \u00e9coutant de la musique pour danser.<br \/>\nOui, les Antilles ont leur pass\u00e9, leur culture, une langue, des probl\u00e8mes, des id\u00e9es et des projets.<br \/>\nIl y aura bien-s\u00fbr des rencontres, mais aussi des surprises, plut\u00f4t&#8230; sucr\u00e9es.<br \/>\nSuivez toutes les informations sur le blog de la Mission Recherche et action culturelle.<br \/>\nCette exposition est r\u00e9alis\u00e9e en partenariat avec &#8221; les Amis des Antilles &#8221; qui organise tous les ans, au printemps, le Festival Outre-Mer en Bourgogne&#8221;.<br \/>\nA bient\u00f4t \u00e0 l&#8217;exposition les &#8220;z&#8217;amis&#8221;, \u00e0 tr\u00e8s bient\u00f4t aux Antilles !<\/p>\n<p><strong>Michel Demea<br \/>\nInstitut National Sup\u00e9rieur du Professorat et de l&#8217;Education (INSPE) \u00e0 M\u00e2con<\/strong><\/p>\n","protected":false},"excerpt":{"rendered":"<p>Les Antilles&#8230; L\u2019image de l\u2019archipel est dessin\u00e9e sur des cartes o\u00f9 des grappes d\u2019\u00eeles lointaines se d\u00e9tachent sur le bleu des mers.Ces \u00eeles bien r\u00e9elles, longtemps mal connues des Fran\u00e7ais m\u00e9tropolitains, existent bel et bien, mais sous le signe de l\u2019ambivalence. Inscrites dans la grande Cara\u00efbe, les Antilles fran\u00e7aises ont deux visages, sinon de multiples&hellip;<\/p>\n<p class=\"more-link-p\"><a class=\"btn btn-primary\" href=\"https:\/\/blog.ube.fr\/mrac-macon\/exposition-iles-revees-iles-reelles-geographie-et-memoires-des-antilles-francaises\/\">Voir plus &rarr;<\/a><\/p>\n","protected":false},"author":2077,"featured_media":0,"parent":0,"menu_order":0,"comment_status":"closed","ping_status":"closed","template":"","meta":{"_exactmetrics_skip_tracking":false,"_exactmetrics_sitenote_active":false,"_exactmetrics_sitenote_note":"","_exactmetrics_sitenote_category":0,"footnotes":""},"class_list":["post-906","page","type-page","status-publish","hentry"],"_links":{"self":[{"href":"https:\/\/blog.ube.fr\/mrac-macon\/wp-json\/wp\/v2\/pages\/906","targetHints":{"allow":["GET"]}}],"collection":[{"href":"https:\/\/blog.ube.fr\/mrac-macon\/wp-json\/wp\/v2\/pages"}],"about":[{"href":"https:\/\/blog.ube.fr\/mrac-macon\/wp-json\/wp\/v2\/types\/page"}],"author":[{"embeddable":true,"href":"https:\/\/blog.ube.fr\/mrac-macon\/wp-json\/wp\/v2\/users\/2077"}],"replies":[{"embeddable":true,"href":"https:\/\/blog.ube.fr\/mrac-macon\/wp-json\/wp\/v2\/comments?post=906"}],"version-history":[{"count":9,"href":"https:\/\/blog.ube.fr\/mrac-macon\/wp-json\/wp\/v2\/pages\/906\/revisions"}],"predecessor-version":[{"id":923,"href":"https:\/\/blog.ube.fr\/mrac-macon\/wp-json\/wp\/v2\/pages\/906\/revisions\/923"}],"wp:attachment":[{"href":"https:\/\/blog.ube.fr\/mrac-macon\/wp-json\/wp\/v2\/media?parent=906"}],"curies":[{"name":"wp","href":"https:\/\/api.w.org\/{rel}","templated":true}]}}