{"id":881,"date":"2022-01-20T10:56:01","date_gmt":"2022-01-20T09:56:01","guid":{"rendered":"https:\/\/blog.u-bourgogne.fr\/mrac-macon\/?page_id=881"},"modified":"2022-01-20T11:31:33","modified_gmt":"2022-01-20T10:31:33","slug":"exposition-jean-jacques-rousseau-et-le-devin-du-village","status":"publish","type":"page","link":"https:\/\/blog.ube.fr\/mrac-macon\/exposition-jean-jacques-rousseau-et-le-devin-du-village\/","title":{"rendered":"Exposition \u00ab Jean-Jacques Rousseau et Le Devin du village \u00bb"},"content":{"rendered":"<p><strong>Jean-Jacques Rousseau<\/strong> (1712-\u00ad1778), philosophe des Lumi\u00e8res et auteur du c\u00e9l\u00e8bre trait\u00e9 <em>\u00c9mile ou de l\u2019\u00c9ducation<\/em>, n\u2019a pas seulement b\u00e9n\u00e9fici\u00e9 de la gloire en son temps gr\u00e2ce \u00e0 la musique. Il a li\u00e9 sa vie et son \u0153uvre \u00e0 la musique.<br \/>\n<iframe loading=\"lazy\" title=\"ROUSSEAU, Le Devin du Village | CD + DVD Bonus - Label Ch\u00e2teau de Versailles Spectacles - 2\" width=\"1160\" height=\"653\" src=\"https:\/\/www.youtube.com\/embed\/_YEqKZHMNgk?feature=oembed\" frameborder=\"0\" allow=\"accelerometer; autoplay; clipboard-write; encrypted-media; gyroscope; picture-in-picture\" allowfullscreen><\/iframe><\/p>\n<p><a href=\"https:\/\/blog.ube.fr\/mrac-macon\/wp-content\/uploads\/sites\/142\/2022\/01\/panneauDevinVillage2.jpg\" target=\"_blank\" rel=\"noopener\">Consultez le panneau d&#8217;exposition<\/a><\/p>\n<table style=\"border-collapse: collapse; width: 90%; height: 304px;\" border=\"0\">\n<tbody>\n<tr style=\"height: 304px;\">\n<td style=\"width: 33.3333%; height: 304px;\"><img loading=\"lazy\" decoding=\"async\" class=\"alignnone wp-image-882 size-full\" src=\"https:\/\/blog.ube.fr\/mrac-macon\/wp-content\/uploads\/sites\/142\/2022\/01\/afficheDevin_petit.jpg\" alt=\"\" width=\"300\" height=\"424\" srcset=\"https:\/\/blog.ube.fr\/mrac-macon\/wp-content\/uploads\/sites\/142\/2022\/01\/afficheDevin_petit.jpg 300w, https:\/\/blog.ube.fr\/mrac-macon\/wp-content\/uploads\/sites\/142\/2022\/01\/afficheDevin_petit-212x300.jpg 212w\" sizes=\"auto, (max-width: 300px) 100vw, 300px\" \/><\/td>\n<td style=\"width: 33.3333%; height: 304px;\"><img loading=\"lazy\" decoding=\"async\" class=\"alignnone size-full wp-image-892\" src=\"https:\/\/blog.ube.fr\/mrac-macon\/wp-content\/uploads\/sites\/142\/2022\/01\/afficheDevin1752.jpg\" alt=\"\" width=\"292\" height=\"413\" srcset=\"https:\/\/blog.ube.fr\/mrac-macon\/wp-content\/uploads\/sites\/142\/2022\/01\/afficheDevin1752.jpg 292w, https:\/\/blog.ube.fr\/mrac-macon\/wp-content\/uploads\/sites\/142\/2022\/01\/afficheDevin1752-212x300.jpg 212w\" sizes=\"auto, (max-width: 292px) 100vw, 292px\" \/><\/td>\n<td style=\"width: 33.3333%; height: 304px;\"><img loading=\"lazy\" decoding=\"async\" class=\"alignnone size-full wp-image-893\" src=\"https:\/\/blog.ube.fr\/mrac-macon\/wp-content\/uploads\/sites\/142\/2022\/01\/afficheDevin4.png\" alt=\"\" width=\"292\" height=\"413\" srcset=\"https:\/\/blog.ube.fr\/mrac-macon\/wp-content\/uploads\/sites\/142\/2022\/01\/afficheDevin4.png 292w, https:\/\/blog.ube.fr\/mrac-macon\/wp-content\/uploads\/sites\/142\/2022\/01\/afficheDevin4-212x300.png 212w\" sizes=\"auto, (max-width: 292px) 100vw, 292px\" \/><\/td>\n<\/tr>\n<\/tbody>\n<\/table>\n","protected":false},"excerpt":{"rendered":"<p>Jean-Jacques Rousseau (1712-\u00ad1778), philosophe des Lumi\u00e8res et auteur du c\u00e9l\u00e8bre trait\u00e9 \u00c9mile ou de l\u2019\u00c9ducation, n\u2019a pas seulement b\u00e9n\u00e9fici\u00e9 de la gloire en son temps gr\u00e2ce \u00e0 la musique. Il a li\u00e9 sa vie et son \u0153uvre \u00e0 la musique. Consultez le panneau d&#8217;exposition<\/p>\n<p class=\"more-link-p\"><a class=\"btn btn-primary\" href=\"https:\/\/blog.ube.fr\/mrac-macon\/exposition-jean-jacques-rousseau-et-le-devin-du-village\/\">Voir plus &rarr;<\/a><\/p>\n","protected":false},"author":2077,"featured_media":0,"parent":0,"menu_order":0,"comment_status":"closed","ping_status":"closed","template":"","meta":{"_exactmetrics_skip_tracking":false,"_exactmetrics_sitenote_active":false,"_exactmetrics_sitenote_note":"","_exactmetrics_sitenote_category":0,"footnotes":""},"class_list":["post-881","page","type-page","status-publish","hentry"],"_links":{"self":[{"href":"https:\/\/blog.ube.fr\/mrac-macon\/wp-json\/wp\/v2\/pages\/881","targetHints":{"allow":["GET"]}}],"collection":[{"href":"https:\/\/blog.ube.fr\/mrac-macon\/wp-json\/wp\/v2\/pages"}],"about":[{"href":"https:\/\/blog.ube.fr\/mrac-macon\/wp-json\/wp\/v2\/types\/page"}],"author":[{"embeddable":true,"href":"https:\/\/blog.ube.fr\/mrac-macon\/wp-json\/wp\/v2\/users\/2077"}],"replies":[{"embeddable":true,"href":"https:\/\/blog.ube.fr\/mrac-macon\/wp-json\/wp\/v2\/comments?post=881"}],"version-history":[{"count":11,"href":"https:\/\/blog.ube.fr\/mrac-macon\/wp-json\/wp\/v2\/pages\/881\/revisions"}],"predecessor-version":[{"id":902,"href":"https:\/\/blog.ube.fr\/mrac-macon\/wp-json\/wp\/v2\/pages\/881\/revisions\/902"}],"wp:attachment":[{"href":"https:\/\/blog.ube.fr\/mrac-macon\/wp-json\/wp\/v2\/media?parent=881"}],"curies":[{"name":"wp","href":"https:\/\/api.w.org\/{rel}","templated":true}]}}