{"id":838,"date":"2021-11-04T10:46:14","date_gmt":"2021-11-04T09:46:14","guid":{"rendered":"https:\/\/blog.u-bourgogne.fr\/mrac-macon\/?page_id=838"},"modified":"2021-11-15T16:19:38","modified_gmt":"2021-11-15T15:19:38","slug":"complots-complots-et-conspirateurs-reels-ou-imaginaires-en-france-au-xixe-siecle","status":"publish","type":"page","link":"https:\/\/blog.ube.fr\/mrac-macon\/complots-complots-et-conspirateurs-reels-ou-imaginaires-en-france-au-xixe-siecle\/","title":{"rendered":"Exposition \u00ab Complots !? Complots et conspirateurs, r\u00e9els ou imaginaires, en France au XIXe si\u00e8cle  \u00bb"},"content":{"rendered":"<p align=\"justify\"><strong><img loading=\"lazy\" decoding=\"async\" class=\" wp-image-840 alignright\" src=\"https:\/\/blog.ube.fr\/mrac-macon\/wp-content\/uploads\/sites\/142\/2021\/11\/AfficheComplots2.png\" alt=\"\" width=\"350\" height=\"503\" \/>Complots ! Complots ? Vrais ou faux ?<\/strong> Il a \u00e9t\u00e9 d\u00e9j\u00e0 question de complot pendant la R\u00e9volution fran\u00e7aise. Le mot d\u00e9signait l\u2019action des adversaires de la R\u00e9volution qui seraient autant de comploteurs. Dans l\u2019autre camp, des contre-r\u00e9volutionnaires ont expliqu\u00e9 que le violent bouleversement politique de la France a \u00e9t\u00e9 caus\u00e9 par un grand complot des Lumi\u00e8res contre l\u2019Ancien R\u00e9gime&#8230; Durant tout le si\u00e8cle, et jusqu\u2019\u00e0 la veille de la Premi\u00e8re guerre mondiale, la vie politique fran\u00e7aise est travers\u00e9e par des r\u00e9volutions et coups d\u2019\u00e9tat, mais aussi des complots visant \u00e0 renverser le r\u00e9gime en place, sinon \u00e0 faire dispara\u00eetre son ou ses repr\u00e9sentants. Contre Bonaparte ou contre la monarchie, pour le r\u00e9gime repr\u00e9sentatif et le suffrage universel de la R\u00e9publique respectueuse des libert\u00e9s politiques, les complots ont \u00e9t\u00e9 plus ou moins secrets et ourdis par de petits groupes minoritaires. D\u00e9voil\u00e9s et donc r\u00e9v\u00e9l\u00e9s lorsqu\u2019ils sont d\u00e9jou\u00e9s, ils ont l\u00e9gitim\u00e9 leur r\u00e9pression. Les complots, parfois tragiques, ont \u00e9chou\u00e9 parfois. Ils ont toujours eu leurs conspirateurs et parfois jusqu\u2019\u00e0 leurs h\u00e9ros populaires c\u00e9l\u00e9br\u00e9s pour leur martyre. Tandis que l\u2019\u00c9tat est devenu de plus en plus puissant, des complots, avec toujours leur part de myst\u00e8re, ont \u00e9t\u00e9 esp\u00e9r\u00e9s ou redout\u00e9s. Si certains ont d\u00e9bouch\u00e9 sur une action r\u00e9elle, d\u2019autres n\u2019ont \u00e9t\u00e9 qu\u2019imagin\u00e9s voire n\u2019ont \u00e9t\u00e9&#8230; qu\u2019imaginaires.<\/p>\n<p align=\"justify\"><strong>Exposition du 15 novembre au 15 d\u00e9cembre 2021 sur le site universitaire de M\u00e2con, 9 rue de Flac\u00e9.<\/strong><\/p>\n<p align=\"justify\"><strong>Pause Culture<\/strong><br \/>\n<strong>Jeudi 9 d\u00e9cembre 2021 de 12h45 \u00e0 13h30<\/strong><br \/>\n\u00ab L\u2019Ecole et les m\u00e9dias \u00e0 l\u2019heure du complotisme et des fausses nouvelles \u00bb,<br \/>\npar Fran\u00e7ois Morel, directeur territorial adjoint R\u00e9seau Canop\u00e9 Auvergne-Rh\u00f4ne-Alpes.<\/p>\n","protected":false},"excerpt":{"rendered":"<p>Complots ! Complots ? Vrais ou faux ? Il a \u00e9t\u00e9 d\u00e9j\u00e0 question de complot pendant la R\u00e9volution fran\u00e7aise. Le mot d\u00e9signait l\u2019action des adversaires de la R\u00e9volution qui seraient autant de comploteurs. Dans l\u2019autre camp, des contre-r\u00e9volutionnaires ont expliqu\u00e9 que le violent bouleversement politique de la France a \u00e9t\u00e9 caus\u00e9 par un grand complot&hellip;<\/p>\n<p class=\"more-link-p\"><a class=\"btn btn-primary\" href=\"https:\/\/blog.ube.fr\/mrac-macon\/complots-complots-et-conspirateurs-reels-ou-imaginaires-en-france-au-xixe-siecle\/\">Voir plus &rarr;<\/a><\/p>\n","protected":false},"author":2077,"featured_media":0,"parent":0,"menu_order":0,"comment_status":"closed","ping_status":"closed","template":"","meta":{"_exactmetrics_skip_tracking":false,"_exactmetrics_sitenote_active":false,"_exactmetrics_sitenote_note":"","_exactmetrics_sitenote_category":0,"footnotes":""},"class_list":["post-838","page","type-page","status-publish","hentry"],"_links":{"self":[{"href":"https:\/\/blog.ube.fr\/mrac-macon\/wp-json\/wp\/v2\/pages\/838","targetHints":{"allow":["GET"]}}],"collection":[{"href":"https:\/\/blog.ube.fr\/mrac-macon\/wp-json\/wp\/v2\/pages"}],"about":[{"href":"https:\/\/blog.ube.fr\/mrac-macon\/wp-json\/wp\/v2\/types\/page"}],"author":[{"embeddable":true,"href":"https:\/\/blog.ube.fr\/mrac-macon\/wp-json\/wp\/v2\/users\/2077"}],"replies":[{"embeddable":true,"href":"https:\/\/blog.ube.fr\/mrac-macon\/wp-json\/wp\/v2\/comments?post=838"}],"version-history":[{"count":9,"href":"https:\/\/blog.ube.fr\/mrac-macon\/wp-json\/wp\/v2\/pages\/838\/revisions"}],"predecessor-version":[{"id":853,"href":"https:\/\/blog.ube.fr\/mrac-macon\/wp-json\/wp\/v2\/pages\/838\/revisions\/853"}],"wp:attachment":[{"href":"https:\/\/blog.ube.fr\/mrac-macon\/wp-json\/wp\/v2\/media?parent=838"}],"curies":[{"name":"wp","href":"https:\/\/api.w.org\/{rel}","templated":true}]}}