{"id":440,"date":"2020-06-03T09:06:34","date_gmt":"2020-06-03T07:06:34","guid":{"rendered":"https:\/\/blog.u-bourgogne.fr\/mrac-macon\/?page_id=440"},"modified":"2020-11-02T08:33:42","modified_gmt":"2020-11-02T07:33:42","slug":"exposition-penser-la-nature-avec-jean-jacques-rousseau-et-apprendre-a-ses-cotes","status":"publish","type":"page","link":"https:\/\/blog.ube.fr\/mrac-macon\/exposition-penser-la-nature-avec-jean-jacques-rousseau-et-apprendre-a-ses-cotes\/","title":{"rendered":"Exposition \u00ab Penser la nature avec Jean\u00ad-Jacques Rousseau et apprendre \u00e0 ses c\u00f4t\u00e9s \u00bb"},"content":{"rendered":"<p><strong><img loading=\"lazy\" decoding=\"async\" class=\"alignright wp-image-441\" src=\"https:\/\/blog.ube.fr\/mrac-macon\/wp-content\/uploads\/sites\/142\/2020\/06\/afficheA3bis-page001-212x300.jpg\" alt=\"\" width=\"300\" height=\"424\" srcset=\"https:\/\/blog.ube.fr\/mrac-macon\/wp-content\/uploads\/sites\/142\/2020\/06\/afficheA3bis-page001-212x300.jpg 212w, https:\/\/blog.ube.fr\/mrac-macon\/wp-content\/uploads\/sites\/142\/2020\/06\/afficheA3bis-page001.jpg 526w\" sizes=\"auto, (max-width: 300px) 100vw, 300px\" \/>Exposition du 14 septembre au 23 octobre 2020 <\/strong><\/p>\n<p>Pour la deuxi\u00e8me ann\u00e9e cons\u00e9cutive, la Mission Recherche et action culturelle a particip\u00e9 \u00e0 l\u2019op\u00e9ration \u00ab Patrimoines \u00e9crits \u00bb organis\u00e9e par l\u2019Agence Livre &amp; Lecture (ex-CRL) de Bourgogne-Franche-Comt\u00e9. Apr\u00e8s \u00ab L\u2019Animal \u00bb l\u2019an pass\u00e9, \u00ab La Nature \u00bb est le th\u00e8me retenu pour 2020. L\u2019exposition \u00e9voque les principaux traits de la philosophie de la Nature de Jean-Jacques Rousseau et son influence dans \u201cla le\u00e7on de choses\u201d, la m\u00e9thode de l\u2019enseignement des sciences \u00e0 l\u2019\u00c9cole de 1880 \u00e0 1960.<\/p>\n<p><strong>L\u2019exposition a \u00e9t\u00e9 accompagn\u00e9e de deux conf\u00e9rences, \u00e9galement inscrites dans le cadre du cycle annuel des \u00ab Rendez-vous culturels \u00bb.<\/strong><\/p>\n<p><strong>Jeudi 8 octobre,de 15h30 \u00e0 17h45 :<\/strong><br \/>\n\u00ab Jean-Jacques Rousseau ou les bienfaits de la Promenade \u00bb, par Josiane Guitard-Morel, professeur de lettres, enseignante \u00e0 l\u2019INSP\u00c9 Clermont-Auvergne, responsable du parcours \u201cLettres-Histoire\u201d Master MEEF 2nd degr\u00e9, directrice (avec Thierry Poyet) de <em>Tableaux d&#8217;\u00e9cole. Brouillages g\u00e9n\u00e9riques : romans, autobiographies et t\u00e9moignages (1730\u00ad1913)<\/em>, (2018) et auteure de <em>La relation \u00e9ducative au cours du XVIIIe si\u00e8cle<\/em>, doctorat en Litt\u00e9rature et langue fran\u00e7aise, Universit\u00e9 de Bourgogne (2013). Josiane Guitard-Morel\u00a0 a questionn\u00e9 les bienfaits des espaces naturels sur le promeneur, l&#8217;\u00e9crivain et l&#8217;artiste Jean-Jacques Rousseau.<\/p>\n<p><strong>Lundi 12 octobre, de 15h50 \u00e0 18h :<\/strong><br \/>\n\u00ab La nature pour Jean-Jacques Rousseau : un \u201casile\u201d pr\u00e9caire&#8230; \u00bb par Bruno Jay, professeur de philosophie, enseignant \u00e0 l\u2019INSP\u00c9 de l\u2019Universit\u00e9 de Bourgogne, auteur de <em>Jean\u00ad-Jacques Rousseau, un penseur singulier du bonheur et de l\u2019\u00e9ducation<\/em> dans <em>Histoire mondiale du bonheur<\/em> (2020), et de <em>La caverne de Platon<\/em> (2012). Bruno Jay a trait\u00e9 de la \u00ab nature \u00bb comme elle a \u00e9t\u00e9 entendue par Jean-Jacques Rousseau, auteur d\u2019une \u0153uvre qui a influenc\u00e9 nombre d\u2019\u00e9ducateurs.<\/p>\n<p>&nbsp;<\/p>\n","protected":false},"excerpt":{"rendered":"<p>Exposition du 14 septembre au 23 octobre 2020 Pour la deuxi\u00e8me ann\u00e9e cons\u00e9cutive, la Mission Recherche et action culturelle a particip\u00e9 \u00e0 l\u2019op\u00e9ration \u00ab Patrimoines \u00e9crits \u00bb organis\u00e9e par l\u2019Agence Livre &amp; Lecture (ex-CRL) de Bourgogne-Franche-Comt\u00e9. Apr\u00e8s \u00ab L\u2019Animal \u00bb l\u2019an pass\u00e9, \u00ab La Nature \u00bb est le th\u00e8me retenu pour 2020. L\u2019exposition \u00e9voque les&hellip;<\/p>\n<p class=\"more-link-p\"><a class=\"btn btn-primary\" href=\"https:\/\/blog.ube.fr\/mrac-macon\/exposition-penser-la-nature-avec-jean-jacques-rousseau-et-apprendre-a-ses-cotes\/\">Voir plus &rarr;<\/a><\/p>\n","protected":false},"author":2077,"featured_media":0,"parent":0,"menu_order":0,"comment_status":"closed","ping_status":"closed","template":"","meta":{"_exactmetrics_skip_tracking":false,"_exactmetrics_sitenote_active":false,"_exactmetrics_sitenote_note":"","_exactmetrics_sitenote_category":0,"footnotes":""},"class_list":["post-440","page","type-page","status-publish","hentry"],"_links":{"self":[{"href":"https:\/\/blog.ube.fr\/mrac-macon\/wp-json\/wp\/v2\/pages\/440","targetHints":{"allow":["GET"]}}],"collection":[{"href":"https:\/\/blog.ube.fr\/mrac-macon\/wp-json\/wp\/v2\/pages"}],"about":[{"href":"https:\/\/blog.ube.fr\/mrac-macon\/wp-json\/wp\/v2\/types\/page"}],"author":[{"embeddable":true,"href":"https:\/\/blog.ube.fr\/mrac-macon\/wp-json\/wp\/v2\/users\/2077"}],"replies":[{"embeddable":true,"href":"https:\/\/blog.ube.fr\/mrac-macon\/wp-json\/wp\/v2\/comments?post=440"}],"version-history":[{"count":12,"href":"https:\/\/blog.ube.fr\/mrac-macon\/wp-json\/wp\/v2\/pages\/440\/revisions"}],"predecessor-version":[{"id":635,"href":"https:\/\/blog.ube.fr\/mrac-macon\/wp-json\/wp\/v2\/pages\/440\/revisions\/635"}],"wp:attachment":[{"href":"https:\/\/blog.ube.fr\/mrac-macon\/wp-json\/wp\/v2\/media?parent=440"}],"curies":[{"name":"wp","href":"https:\/\/api.w.org\/{rel}","templated":true}]}}