{"id":325,"date":"2020-02-21T10:44:48","date_gmt":"2020-02-21T09:44:48","guid":{"rendered":"https:\/\/blog.u-bourgogne.fr\/mrac-macon\/?page_id=325"},"modified":"2020-03-20T10:04:58","modified_gmt":"2020-03-20T09:04:58","slug":"exposition-lanimal-au-service-de-la-lecture","status":"publish","type":"page","link":"https:\/\/blog.ube.fr\/mrac-macon\/exposition-lanimal-au-service-de-la-lecture\/","title":{"rendered":"Exposition \u00ab\u00a0L&#8217;animal au service de la lecture \u00bb"},"content":{"rendered":"<p><strong><img loading=\"lazy\" decoding=\"async\" class=\"size-medium wp-image-326 alignright\" src=\"https:\/\/blog.ube.fr\/mrac-macon\/wp-content\/uploads\/sites\/142\/2020\/02\/AnimallectureMacon-212x300.jpg\" alt=\"\" width=\"212\" height=\"300\" srcset=\"https:\/\/blog.ube.fr\/mrac-macon\/wp-content\/uploads\/sites\/142\/2020\/02\/AnimallectureMacon-212x300.jpg 212w, https:\/\/blog.ube.fr\/mrac-macon\/wp-content\/uploads\/sites\/142\/2020\/02\/AnimallectureMacon.jpg 400w\" sizes=\"auto, (max-width: 212px) 100vw, 212px\" \/>Exposition du 8 juillet au 10 octobre 2019<\/strong><\/p>\n<p>Depuis l\u2019\u00e9poque moderne, temps des controverses religieuses entre catholicisme et protestantisme, l\u2019Ecole impose le \u00ab savoir-lire \u00bb comme condition de r\u00e9ussite.<br \/>\nPremiers outils pour l\u2019apprentissage de la lecture, les ab\u00e9c\u00e9daires et syllabaires ont largement tir\u00e9 parti des repr\u00e9sentations de l\u2019Animal. Les manuels scolaires et les livres pour la jeunesse ont utilis\u00e9 et utilisent encore les images des animaux domestiques et sauvages et les textes en rapport avec eux.<\/p>\n<p><a href=\"https:\/\/blog.ube.fr\/mrac-macon\/wp-content\/uploads\/sites\/142\/2020\/03\/ExpoLectureOK.pdf\" target=\"_blank\" rel=\"noopener noreferrer\">Descriptif<\/a><\/p>\n","protected":false},"excerpt":{"rendered":"<p>Exposition du 8 juillet au 10 octobre 2019 Depuis l\u2019\u00e9poque moderne, temps des controverses religieuses entre catholicisme et protestantisme, l\u2019Ecole impose le \u00ab savoir-lire \u00bb comme condition de r\u00e9ussite. Premiers outils pour l\u2019apprentissage de la lecture, les ab\u00e9c\u00e9daires et syllabaires ont largement tir\u00e9 parti des repr\u00e9sentations de l\u2019Animal. Les manuels scolaires et les livres pour&hellip;<\/p>\n<p class=\"more-link-p\"><a class=\"btn btn-primary\" href=\"https:\/\/blog.ube.fr\/mrac-macon\/exposition-lanimal-au-service-de-la-lecture\/\">Voir plus &rarr;<\/a><\/p>\n","protected":false},"author":2077,"featured_media":0,"parent":0,"menu_order":0,"comment_status":"closed","ping_status":"closed","template":"","meta":{"_exactmetrics_skip_tracking":false,"_exactmetrics_sitenote_active":false,"_exactmetrics_sitenote_note":"","_exactmetrics_sitenote_category":0,"footnotes":""},"class_list":["post-325","page","type-page","status-publish","hentry"],"_links":{"self":[{"href":"https:\/\/blog.ube.fr\/mrac-macon\/wp-json\/wp\/v2\/pages\/325","targetHints":{"allow":["GET"]}}],"collection":[{"href":"https:\/\/blog.ube.fr\/mrac-macon\/wp-json\/wp\/v2\/pages"}],"about":[{"href":"https:\/\/blog.ube.fr\/mrac-macon\/wp-json\/wp\/v2\/types\/page"}],"author":[{"embeddable":true,"href":"https:\/\/blog.ube.fr\/mrac-macon\/wp-json\/wp\/v2\/users\/2077"}],"replies":[{"embeddable":true,"href":"https:\/\/blog.ube.fr\/mrac-macon\/wp-json\/wp\/v2\/comments?post=325"}],"version-history":[{"count":6,"href":"https:\/\/blog.ube.fr\/mrac-macon\/wp-json\/wp\/v2\/pages\/325\/revisions"}],"predecessor-version":[{"id":374,"href":"https:\/\/blog.ube.fr\/mrac-macon\/wp-json\/wp\/v2\/pages\/325\/revisions\/374"}],"wp:attachment":[{"href":"https:\/\/blog.ube.fr\/mrac-macon\/wp-json\/wp\/v2\/media?parent=325"}],"curies":[{"name":"wp","href":"https:\/\/api.w.org\/{rel}","templated":true}]}}