{"id":321,"date":"2020-02-21T10:33:10","date_gmt":"2020-02-21T09:33:10","guid":{"rendered":"https:\/\/blog.u-bourgogne.fr\/mrac-macon\/?page_id=321"},"modified":"2024-03-10T08:10:50","modified_gmt":"2024-03-10T07:10:50","slug":"exposition-zodiaque-et-la-bourgogne-romane-itineraires-dart-sacre-et-desthetique-romane","status":"publish","type":"page","link":"https:\/\/blog.ube.fr\/mrac-macon\/exposition-zodiaque-et-la-bourgogne-romane-itineraires-dart-sacre-et-desthetique-romane\/","title":{"rendered":"Exposition Zodiaque et la \u00ab\u00a0Bourgogne romane\u00a0\u00bb\u00a0&#8211; Itin\u00e9raires d\u2019Art sacr\u00e9 et d\u2019esth\u00e9tique romane"},"content":{"rendered":"<p><strong><img loading=\"lazy\" decoding=\"async\" class=\"size-medium wp-image-322 alignright\" src=\"https:\/\/blog.ube.fr\/mrac-macon\/wp-content\/uploads\/sites\/142\/2020\/02\/afficheZodiaque-186x300.jpg\" alt=\"\" width=\"186\" height=\"300\" srcset=\"https:\/\/blog.ube.fr\/mrac-macon\/wp-content\/uploads\/sites\/142\/2020\/02\/afficheZodiaque-186x300.jpg 186w, https:\/\/blog.ube.fr\/mrac-macon\/wp-content\/uploads\/sites\/142\/2020\/02\/afficheZodiaque.jpg 400w\" sizes=\"auto, (max-width: 186px) 100vw, 186px\" \/>Exposition du 14 octobre au 20 d\u00e9cembre 2019.<\/strong><br \/>\nPour de nombreux amateurs d\u2019art, le nom de \u00ab Zodiaque \u00bb \u00e9voque de beaux ouvrages illustr\u00e9s de photographies en noir et blanc. En 2018, l\u2019ann\u00e9e de la mort Jos\u00e9 Surchamp, connu sous le nom de dom Angelico Surchamp, a aussi \u00e9t\u00e9 celle du 70e anniversaire de la fondation de \u00ab L\u2019Atelier du C\u0153ur-Meurtry \u00bb. En 2019, alors qu\u2019est c\u00e9l\u00e9br\u00e9 le mill\u00e9naire de la cons\u00e9cration de l\u2019autel de l\u2019Abbaye Saint-Philibert de Tournus, est l\u2019ann\u00e9e du 65e anniversaire de Bourgogne romane, le premier volume des \u00e9ditions Zodiaque dans lequel est pr\u00e9sent\u00e9 le site abbatial. Elle est aussi le 50e anniversaire de sa 5\u00e8me \u00e9dition sous la signature de Raymond Oursel. L\u2019occasion est ainsi triplement offerte de faire retour sur l\u2019histoire d\u2019une aventure \u00e0 la fois artistique, religieuse et \u00e9ditoriale.<\/p>\n<p><a href=\"https:\/\/blog.ube.fr\/mrac-macon\/wp-content\/uploads\/sites\/142\/2020\/03\/Zodiaque-Bourgogne-romane-DP-25-octobre-2019.pdf\" target=\"_blank\" rel=\"noopener noreferrer\">Descriptif<\/a><\/p>\n<p><a href=\"https:\/\/inspe.u-bourgogne.fr\/wp-content\/uploads\/invitationExpoZodiaque.pdf\" target=\"_blank\" rel=\"noopener noreferrer\">Invitation<\/a><\/p>\n","protected":false},"excerpt":{"rendered":"<p>Exposition du 14 octobre au 20 d\u00e9cembre 2019. Pour de nombreux amateurs d\u2019art, le nom de \u00ab Zodiaque \u00bb \u00e9voque de beaux ouvrages illustr\u00e9s de photographies en noir et blanc. En 2018, l\u2019ann\u00e9e de la mort Jos\u00e9 Surchamp, connu sous le nom de dom Angelico Surchamp, a aussi \u00e9t\u00e9 celle du 70e anniversaire de la&hellip;<\/p>\n<p class=\"more-link-p\"><a class=\"btn btn-primary\" href=\"https:\/\/blog.ube.fr\/mrac-macon\/exposition-zodiaque-et-la-bourgogne-romane-itineraires-dart-sacre-et-desthetique-romane\/\">Voir plus &rarr;<\/a><\/p>\n","protected":false},"author":2077,"featured_media":0,"parent":0,"menu_order":0,"comment_status":"closed","ping_status":"closed","template":"","meta":{"_exactmetrics_skip_tracking":false,"_exactmetrics_sitenote_active":false,"_exactmetrics_sitenote_note":"","_exactmetrics_sitenote_category":0,"footnotes":""},"class_list":["post-321","page","type-page","status-publish","hentry"],"_links":{"self":[{"href":"https:\/\/blog.ube.fr\/mrac-macon\/wp-json\/wp\/v2\/pages\/321","targetHints":{"allow":["GET"]}}],"collection":[{"href":"https:\/\/blog.ube.fr\/mrac-macon\/wp-json\/wp\/v2\/pages"}],"about":[{"href":"https:\/\/blog.ube.fr\/mrac-macon\/wp-json\/wp\/v2\/types\/page"}],"author":[{"embeddable":true,"href":"https:\/\/blog.ube.fr\/mrac-macon\/wp-json\/wp\/v2\/users\/2077"}],"replies":[{"embeddable":true,"href":"https:\/\/blog.ube.fr\/mrac-macon\/wp-json\/wp\/v2\/comments?post=321"}],"version-history":[{"count":5,"href":"https:\/\/blog.ube.fr\/mrac-macon\/wp-json\/wp\/v2\/pages\/321\/revisions"}],"predecessor-version":[{"id":1132,"href":"https:\/\/blog.ube.fr\/mrac-macon\/wp-json\/wp\/v2\/pages\/321\/revisions\/1132"}],"wp:attachment":[{"href":"https:\/\/blog.ube.fr\/mrac-macon\/wp-json\/wp\/v2\/media?parent=321"}],"curies":[{"name":"wp","href":"https:\/\/api.w.org\/{rel}","templated":true}]}}