{"id":310,"date":"2020-02-19T10:52:20","date_gmt":"2020-02-19T09:52:20","guid":{"rendered":"https:\/\/blog.u-bourgogne.fr\/mrac-macon\/?page_id=310"},"modified":"2026-02-02T10:28:37","modified_gmt":"2026-02-02T09:28:37","slug":"rendez-vous-culturels","status":"publish","type":"page","link":"https:\/\/blog.ube.fr\/mrac-macon\/rendez-vous-culturels\/","title":{"rendered":"Les Rendez-vous culturels"},"content":{"rendered":"<p><strong>Depuis 2018, la Mission Recherche et action culturelle met en valeur les travaux de recherche des enseignants et formateurs et participe \u00e0 l&#8217;action culturelle sur le campus de l\u2019universit\u00e9 de Bourgogne \u00e0 M\u00e2con.<\/strong><\/p>\n<p>La Mission organise des expositions, souvent en lien avec les \u00e9v\u00e9nements comm\u00e9moratifs nationaux ou r\u00e9gionaux et en partenariat avec l\u2019Agence Livre &amp; Lecture Bourgogne-Franche-Comt\u00e9 pour son op\u00e9ration annuelle \u00ab\u00a0Patrimoine(s) \u00e9crits\u00a0\u00bb et des institutions et associations locales. Les expositions temporaires, accompagn\u00e9es d\u2019\u00e9changes, de rencontres, conf\u00e9rences et concerts lors des \u00ab\u00a0Rendez-vous culturels\u00a0\u00bb ou \u00ab\u00a0Pauses Culture\u00a0\u00bb, s\u2019adressent prioritairement aux \u00e9tudiants, mais elles sont aussi ouvertes au grand public.<\/p>\n<article id=\"post-1014\" class=\"post-1014 page type-page status-publish hentry\">\n<div class=\"entry-content\">\n<p><strong>Jeudi 2 octobre 2025<\/strong><br \/>\nQuelle est la &#8221; vraie couleur &#8221; des \u00e9motions ?<br \/>\nConf\u00e9rence d\u2019H\u00e9l\u00e8ne Gaillard, Ma\u00eetresse de conf\u00e9rences en arts visuels am\u00e9ricains associ\u00e9e au Centre Interlangues Texte , Images, Langages (TIL) de l\u2019universit\u00e9 Bourgogne Europe.<br \/>\nOrganis\u00e9e par la BU Insp\u00e9 de M\u00e2con dans le cadre de la manifestation Patrimoines \u00e9crits 2025.<\/p>\n<table style=\"border-collapse: collapse; width: 600 px; border: 0;\">\n<tbody>\n<tr>\n<td style=\"width: 70%;\"><iframe loading=\"lazy\" title=\"YouTube video player\" frameborder=\"0\" height=\"315\" src=\"https:\/\/www.youtube.com\/embed\/yl8iAg2NAYI?si=ss6b25Dt_Dk8hd-A\" width=\"560\"><\/iframe><\/td>\n<td style=\"width: 30%;\"><img decoding=\"async\" class=\"alignnone wp-image-1137 \" src=\"https:\/\/blog.ube.fr\/mrac-macon\/wp-content\/uploads\/sites\/142\/2025\/10\/PEBFC-25-affiche.jpg\" alt=\"\" \/><\/td>\n<\/tr>\n<\/tbody>\n<\/table>\n<p><a href=\"https:\/\/inspe.ube.fr\/wp-content\/uploads\/DiaporamaPauseCultre021025_compressed.pdf\" target=\"_blank\" rel=\"noopener\">Consulter le diaporama de la conf\u00e9rence<\/a><\/p>\n<p>&nbsp;<\/p>\n<p><strong>Jeudi 10 octobre 2024<\/strong><br \/>\nLe \u00ab Far West \u00bb dans l\u2019art am\u00e9ricain, Images et textes, XIXe et XXe si\u00e8cles \u00bb<br \/>\nThomas Cole et le romantisme de la Wilderness<br \/>\npar H\u00e9l\u00e8ne Gaillard, Ma\u00eetresse de conf\u00e9rences (INSPE de Bourgogne), Centre Interlangues UFR Langues et Communication universit\u00e9 de Bourgogne<\/p>\n<table style=\"border-collapse: collapse; width: 600 px; border: 0;\">\n<tbody>\n<tr>\n<td style=\"width: 70%;\"><iframe loading=\"lazy\" title=\"YouTube video player\" frameborder=\"0\" height=\"315\" src=\"https:\/\/www.youtube.com\/embed\/F2KffxXTuG8?si=xPrjSLKk4jFtOFgk\" width=\"560\"><\/iframe><\/td>\n<td style=\"width: 30%;\"><img loading=\"lazy\" decoding=\"async\" class=\"alignnone wp-image-1137 \" src=\"https:\/\/blog.ube.fr\/mrac-macon\/wp-content\/uploads\/sites\/142\/2024\/06\/afficheWesternWeb.png\" alt=\"\" width=\"300\" height=\"430\" \/><\/td>\n<\/tr>\n<\/tbody>\n<\/table>\n<p>&nbsp;<\/p>\n<p><strong>Jeudi 19 septembre 2024<\/strong><\/p>\n<p>Le \u00ab Far West \u00bb dans l\u2019art am\u00e9ricain, Images et textes, XIXe et XXe si\u00e8cles \u00bb<br \/>\nJean-Jacques Audubon, artiste explorateur, naturalisme pictural et d\u00e9couverte des nouveaux territoires<br \/>\npar H\u00e9l\u00e8ne Gaillard, Ma\u00eetresse de conf\u00e9rences (INSPE de Bourgogne), Centre Interlangues UFR Langues et Communication universit\u00e9 de Bourgogne<\/p>\n<table style=\"border-collapse: collapse; width: 600 px; border: 0;\">\n<tbody>\n<tr>\n<td style=\"width: 70%;\"><iframe loading=\"lazy\" title=\"YouTube video player\" frameborder=\"0\" height=\"315\" src=\"https:\/\/www.youtube.com\/embed\/ZW7Cdt11_uY?si=PjaXKg3BA4QPzoga\" width=\"560\"><\/iframe><\/td>\n<td style=\"width: 30%;\"><img loading=\"lazy\" decoding=\"async\" class=\"alignnone wp-image-1137 \" src=\"https:\/\/blog.ube.fr\/mrac-macon\/wp-content\/uploads\/sites\/142\/2024\/06\/afficheWesternWeb.png\" alt=\"\" width=\"300\" height=\"430\" \/><\/td>\n<\/tr>\n<\/tbody>\n<\/table>\n<p>&nbsp;<\/p>\n<p><strong>Jeudi 12 octobre 2023<br \/>\n<\/strong><\/p>\n<p>Atelier de cr\u00e9ation de cartes pop-up sur le th\u00e8me de la mythologie.<\/p>\n<table style=\"border-collapse: collapse; width: 500 px;\">\n<tbody>\n<tr>\n<td style=\"width: 50%;\"><img loading=\"lazy\" decoding=\"async\" class=\"alignnone wp-image-1102 size-full\" src=\"https:\/\/blog.ube.fr\/mrac-macon\/wp-content\/uploads\/sites\/142\/2023\/10\/M31023.jpg\" alt=\"\" width=\"800\" height=\"533\" srcset=\"https:\/\/blog.ube.fr\/mrac-macon\/wp-content\/uploads\/sites\/142\/2023\/10\/M31023.jpg 800w, https:\/\/blog.ube.fr\/mrac-macon\/wp-content\/uploads\/sites\/142\/2023\/10\/M31023-300x200.jpg 300w, https:\/\/blog.ube.fr\/mrac-macon\/wp-content\/uploads\/sites\/142\/2023\/10\/M31023-768x512.jpg 768w\" sizes=\"auto, (max-width: 800px) 100vw, 800px\" \/><\/td>\n<td style=\"width: 50%;\"><img loading=\"lazy\" decoding=\"async\" class=\"alignnone wp-image-1101 size-full\" src=\"https:\/\/blog.ube.fr\/mrac-macon\/wp-content\/uploads\/sites\/142\/2023\/10\/M41023.jpg\" alt=\"\" width=\"800\" height=\"533\" srcset=\"https:\/\/blog.ube.fr\/mrac-macon\/wp-content\/uploads\/sites\/142\/2023\/10\/M41023.jpg 800w, https:\/\/blog.ube.fr\/mrac-macon\/wp-content\/uploads\/sites\/142\/2023\/10\/M41023-300x200.jpg 300w, https:\/\/blog.ube.fr\/mrac-macon\/wp-content\/uploads\/sites\/142\/2023\/10\/M41023-768x512.jpg 768w\" sizes=\"auto, (max-width: 800px) 100vw, 800px\" \/><\/td>\n<\/tr>\n<tr>\n<td style=\"width: 50%;\"><img loading=\"lazy\" decoding=\"async\" class=\"alignnone wp-image-1103 size-full\" src=\"https:\/\/blog.ube.fr\/mrac-macon\/wp-content\/uploads\/sites\/142\/2023\/10\/M21023.jpg\" alt=\"\" width=\"800\" height=\"533\" srcset=\"https:\/\/blog.ube.fr\/mrac-macon\/wp-content\/uploads\/sites\/142\/2023\/10\/M21023.jpg 800w, https:\/\/blog.ube.fr\/mrac-macon\/wp-content\/uploads\/sites\/142\/2023\/10\/M21023-300x200.jpg 300w, https:\/\/blog.ube.fr\/mrac-macon\/wp-content\/uploads\/sites\/142\/2023\/10\/M21023-768x512.jpg 768w\" sizes=\"auto, (max-width: 800px) 100vw, 800px\" \/><\/td>\n<td style=\"width: 50%;\"><img loading=\"lazy\" decoding=\"async\" class=\"alignnone wp-image-1100 size-full\" src=\"https:\/\/blog.ube.fr\/mrac-macon\/wp-content\/uploads\/sites\/142\/2023\/10\/M51023.jpg\" alt=\"\" width=\"800\" height=\"533\" srcset=\"https:\/\/blog.ube.fr\/mrac-macon\/wp-content\/uploads\/sites\/142\/2023\/10\/M51023.jpg 800w, https:\/\/blog.ube.fr\/mrac-macon\/wp-content\/uploads\/sites\/142\/2023\/10\/M51023-300x200.jpg 300w, https:\/\/blog.ube.fr\/mrac-macon\/wp-content\/uploads\/sites\/142\/2023\/10\/M51023-768x512.jpg 768w\" sizes=\"auto, (max-width: 800px) 100vw, 800px\" \/><\/td>\n<\/tr>\n<\/tbody>\n<\/table>\n<p><strong>Jeudi 5 octobre 2023<\/strong><\/p>\n<p>\u00ab La catabase dans les albums mythologiques de litt\u00e9rature jeunesse \u00bbavec Martine Jacques, formatrice \u00e0 l\u2018INSPE de M\u00e2con et ma\u00eetresse de conf\u00e9rences \u00e0 l\u2018universit\u00e9 de Bourgogne.<\/p>\n<table style=\"border-collapse: collapse; width: 600 px; border: 0;\">\n<tbody>\n<tr>\n<td style=\"width: 70%;\"><iframe loading=\"lazy\" title=\"YouTube video player\" frameborder=\"0\" height=\"315\" src=\"https:\/\/www.youtube.com\/embed\/4foGvc2g-fU?si=_8UzsKbRjKfTcTs6\" width=\"560\"><\/iframe><\/td>\n<td style=\"width: 30%;\"><img loading=\"lazy\" decoding=\"async\" class=\"alignnone wp-image-1089 \" src=\"https:\/\/blog.ube.fr\/mrac-macon\/wp-content\/uploads\/sites\/142\/2023\/06\/afficheGrandVoyage.jpg\" alt=\"\" width=\"301\" height=\"426\" srcset=\"https:\/\/blog.ube.fr\/mrac-macon\/wp-content\/uploads\/sites\/142\/2023\/06\/afficheGrandVoyage.jpg 450w, https:\/\/blog.ube.fr\/mrac-macon\/wp-content\/uploads\/sites\/142\/2023\/06\/afficheGrandVoyage-212x300.jpg 212w\" sizes=\"auto, (max-width: 301px) 100vw, 301px\" \/><\/td>\n<\/tr>\n<\/tbody>\n<\/table>\n<p>&nbsp;<\/p>\n<p><strong>Jeudi 30 mars 2023<\/strong><\/p>\n<p>\u00ab Un docu-fiction : Les merveilleux souvenirs de Jean-Henri Fabre. \u00bb, avec l \u2019auteur Bertrand Mussotte r\u00e9alisateur-photographe.<\/p>\n<table style=\"border-collapse: collapse; width: 600 px; border: 0;\">\n<tbody>\n<tr>\n<td style=\"width: 70%;\"><iframe loading=\"lazy\" title=\"YouTube video player\" frameborder=\"0\" height=\"315\" src=\"https:\/\/www.youtube.com\/embed\/CjHxEzYiXEw\" width=\"560\"><\/iframe><\/td>\n<td style=\"width: 30%;\"><img decoding=\"async\" class=\"alignnone wp-image-1039\" src=\"https:\/\/blog.ube.fr\/mrac-macon\/wp-content\/uploads\/sites\/142\/2023\/01\/afficheA3CinemaFavre2.jpg\" alt=\"\" width=\"300\" srcset=\"https:\/\/blog.ube.fr\/mrac-macon\/wp-content\/uploads\/sites\/142\/2023\/01\/afficheA3CinemaFavre2.jpg 432w, https:\/\/blog.ube.fr\/mrac-macon\/wp-content\/uploads\/sites\/142\/2023\/01\/afficheA3CinemaFavre2-212x300.jpg 212w\" sizes=\"(max-width: 432px) 100vw, 432px\" \/><\/td>\n<\/tr>\n<\/tbody>\n<\/table>\n<p><strong>Jeudi 23 mars 2023<\/strong><\/p>\n<p>\u00ab\u00a0 Pr\u00e9server et prot\u00e9ger les insectes ? \u00bb, avec Aur\u00e9lien Poirel, Conservateur de la R\u00e9serve naturel le nationale (RNN) de La Truch\u00e8re-Ratenelle au sein du Conservatoire d\u2019espaces naturels de Bourgogne.<\/p>\n<table style=\"border-collapse: collapse; width: 600 px; border: 0;\">\n<tbody>\n<tr>\n<td style=\"width: 70%;\"><iframe loading=\"lazy\" title=\"YouTube video player\" frameborder=\"0\" height=\"315\" src=\"https:\/\/www.youtube.com\/embed\/d1KePr1KrpE\" width=\"560\"><\/iframe><\/td>\n<td style=\"width: 30%;\"><img decoding=\"async\" class=\"alignnone wp-image-1039\" src=\"https:\/\/blog.ube.fr\/mrac-macon\/wp-content\/uploads\/sites\/142\/2023\/01\/afficheA3CinemaFavre2.jpg\" alt=\"\" width=\"300\" srcset=\"https:\/\/blog.ube.fr\/mrac-macon\/wp-content\/uploads\/sites\/142\/2023\/01\/afficheA3CinemaFavre2.jpg 432w, https:\/\/blog.ube.fr\/mrac-macon\/wp-content\/uploads\/sites\/142\/2023\/01\/afficheA3CinemaFavre2-212x300.jpg 212w\" sizes=\"(max-width: 432px) 100vw, 432px\" \/><\/td>\n<\/tr>\n<\/tbody>\n<\/table>\n<p><strong>Jeudi 16 mars 2023<\/strong><\/p>\n<p>\u00ab Des Insectes et des Lettres, Autour des fables de l\u2019abb\u00e9 Pierre de Sigorgne \u00bb, avec Martine Jacques, formatrice \u00e0 l\u2018INSPE de M\u00e2con et ma\u00eetresse de conf\u00e9rences \u00e0 l\u2018universit\u00e9 de Bourgogne.<\/p>\n<table style=\"border-collapse: collapse; width: 600 px; border: 0;\">\n<tbody>\n<tr>\n<td style=\"width: 70%;\"><iframe loading=\"lazy\" title=\"YouTube video player\" frameborder=\"0\" height=\"315\" src=\"https:\/\/www.youtube.com\/embed\/H3eCjIhObuc\" width=\"560\"><\/iframe><\/td>\n<td style=\"width: 30%;\"><img decoding=\"async\" class=\"alignnone wp-image-1039\" src=\"https:\/\/blog.ube.fr\/mrac-macon\/wp-content\/uploads\/sites\/142\/2023\/01\/afficheA3CinemaFavre2.jpg\" alt=\"\" width=\"300\" srcset=\"https:\/\/blog.ube.fr\/mrac-macon\/wp-content\/uploads\/sites\/142\/2023\/01\/afficheA3CinemaFavre2.jpg 432w, https:\/\/blog.ube.fr\/mrac-macon\/wp-content\/uploads\/sites\/142\/2023\/01\/afficheA3CinemaFavre2-212x300.jpg 212w\" sizes=\"(max-width: 432px) 100vw, 432px\" \/><\/td>\n<\/tr>\n<\/tbody>\n<\/table>\n<p>&nbsp;<\/p>\n<p><strong>Jeudi 20 octobre 2022\u00a0 de 12h45 \u00e0 13h30<br \/>\n<\/strong><\/p>\n<p>Atelier de cr\u00e9ation de cartes pop-up sur le th\u00e8me de la maison.<\/p>\n<p><a href=\"https:\/\/blog.ube.fr\/mrac-macon\/wp-content\/uploads\/sites\/142\/2022\/10\/GabaritMaisonsPopUp.pdf\" target=\"_blank\" rel=\"noopener\">T\u00e9l\u00e9charger le gabarit de la carte<\/a><\/p>\n<table style=\"border-collapse: collapse; width: 500 px;\">\n<tbody>\n<tr>\n<td style=\"width: 50%;\"><img loading=\"lazy\" decoding=\"async\" class=\"alignnone wp-image-998 size-full\" src=\"https:\/\/blog.ube.fr\/mrac-macon\/wp-content\/uploads\/sites\/142\/2022\/10\/atelierPopUp14.jpg\" alt=\"\" width=\"400\" height=\"300\" srcset=\"https:\/\/blog.ube.fr\/mrac-macon\/wp-content\/uploads\/sites\/142\/2022\/10\/atelierPopUp14.jpg 400w, https:\/\/blog.ube.fr\/mrac-macon\/wp-content\/uploads\/sites\/142\/2022\/10\/atelierPopUp14-300x225.jpg 300w\" sizes=\"auto, (max-width: 400px) 100vw, 400px\" \/><\/td>\n<td style=\"width: 50%;\"><img loading=\"lazy\" decoding=\"async\" class=\"alignnone wp-image-1001 size-full\" src=\"https:\/\/blog.ube.fr\/mrac-macon\/wp-content\/uploads\/sites\/142\/2022\/10\/atelierPopUp33.jpg\" alt=\"\" width=\"400\" height=\"267\" srcset=\"https:\/\/blog.ube.fr\/mrac-macon\/wp-content\/uploads\/sites\/142\/2022\/10\/atelierPopUp33.jpg 400w, https:\/\/blog.ube.fr\/mrac-macon\/wp-content\/uploads\/sites\/142\/2022\/10\/atelierPopUp33-300x200.jpg 300w\" sizes=\"auto, (max-width: 400px) 100vw, 400px\" \/><\/td>\n<\/tr>\n<tr>\n<td style=\"width: 50%;\"><img loading=\"lazy\" decoding=\"async\" class=\"alignnone wp-image-999 size-full\" src=\"https:\/\/blog.ube.fr\/mrac-macon\/wp-content\/uploads\/sites\/142\/2022\/10\/atelierPopUp133.jpg\" alt=\"\" width=\"400\" height=\"300\" srcset=\"https:\/\/blog.ube.fr\/mrac-macon\/wp-content\/uploads\/sites\/142\/2022\/10\/atelierPopUp133.jpg 400w, https:\/\/blog.ube.fr\/mrac-macon\/wp-content\/uploads\/sites\/142\/2022\/10\/atelierPopUp133-300x225.jpg 300w\" sizes=\"auto, (max-width: 400px) 100vw, 400px\" \/><\/td>\n<td style=\"width: 50%;\"><img loading=\"lazy\" decoding=\"async\" class=\"alignnone wp-image-995 size-full\" src=\"https:\/\/blog.ube.fr\/mrac-macon\/wp-content\/uploads\/sites\/142\/2022\/10\/atelierPopUp11.jpg\" alt=\"\" width=\"400\" height=\"300\" srcset=\"https:\/\/blog.ube.fr\/mrac-macon\/wp-content\/uploads\/sites\/142\/2022\/10\/atelierPopUp11.jpg 400w, https:\/\/blog.ube.fr\/mrac-macon\/wp-content\/uploads\/sites\/142\/2022\/10\/atelierPopUp11-300x225.jpg 300w\" sizes=\"auto, (max-width: 400px) 100vw, 400px\" \/><\/td>\n<\/tr>\n<tr>\n<td style=\"width: 50%;\"><img loading=\"lazy\" decoding=\"async\" class=\"alignnone wp-image-996 size-full\" src=\"https:\/\/blog.ube.fr\/mrac-macon\/wp-content\/uploads\/sites\/142\/2022\/10\/atelierPopUp12.jpg\" alt=\"\" width=\"400\" height=\"300\" srcset=\"https:\/\/blog.ube.fr\/mrac-macon\/wp-content\/uploads\/sites\/142\/2022\/10\/atelierPopUp12.jpg 400w, https:\/\/blog.ube.fr\/mrac-macon\/wp-content\/uploads\/sites\/142\/2022\/10\/atelierPopUp12-300x225.jpg 300w\" sizes=\"auto, (max-width: 400px) 100vw, 400px\" \/><\/td>\n<td style=\"width: 50%;\"><img loading=\"lazy\" decoding=\"async\" class=\"alignnone wp-image-1000 size-full\" src=\"https:\/\/blog.ube.fr\/mrac-macon\/wp-content\/uploads\/sites\/142\/2022\/10\/atelierPopUp88.jpg\" alt=\"\" width=\"400\" height=\"267\" srcset=\"https:\/\/blog.ube.fr\/mrac-macon\/wp-content\/uploads\/sites\/142\/2022\/10\/atelierPopUp88.jpg 400w, https:\/\/blog.ube.fr\/mrac-macon\/wp-content\/uploads\/sites\/142\/2022\/10\/atelierPopUp88-300x200.jpg 300w\" sizes=\"auto, (max-width: 400px) 100vw, 400px\" \/><\/td>\n<\/tr>\n<tr>\n<td style=\"width: 50%;\"><iframe loading=\"lazy\" title=\"YouTube video player\" frameborder=\"0\" height=\"315\" src=\"https:\/\/www.youtube.com\/embed\/Z9MXeg7HJlw\" width=\"560\"><\/iframe><\/td>\n<td style=\"width: 50%;\"><iframe loading=\"lazy\" title=\"YouTube video player\" frameborder=\"0\" height=\"315\" src=\"https:\/\/www.youtube.com\/embed\/kaJzeaBQc-A\" width=\"560\"><\/iframe><\/td>\n<\/tr>\n<\/tbody>\n<\/table>\n<p><strong>Jeudi 13 octobre 2022<\/strong><\/p>\n<p>\u00ab L&#8217;utopie architecturale dans la litt\u00e9rature de jeunesse \u00bb, avec Martine Jacques, ma\u00eetresse de conf\u00e9rences \u00e0 l&#8217;universit\u00e9 de Bourgogne et formatrice \u00e0 l&#8217;INSPE de M\u00e2con.<\/p>\n<table style=\"border-collapse: collapse; width: 600 px; border: 0;\">\n<tbody>\n<tr>\n<td style=\"width: 70%;\"><iframe loading=\"lazy\" title=\"YouTube video player\" frameborder=\"0\" height=\"315\" src=\"https:\/\/www.youtube.com\/embed\/f4QQI_ap9-8\" width=\"560\"><\/iframe><\/td>\n<td style=\"width: 30%;\"><img loading=\"lazy\" decoding=\"async\" class=\"alignnone size-full wp-image-973\" src=\"https:\/\/blog.ube.fr\/mrac-macon\/wp-content\/uploads\/sites\/142\/2022\/07\/afficheBlog.png\" alt=\"\" width=\"300\" height=\"424\" srcset=\"https:\/\/blog.ube.fr\/mrac-macon\/wp-content\/uploads\/sites\/142\/2022\/07\/afficheBlog.png 300w, https:\/\/blog.ube.fr\/mrac-macon\/wp-content\/uploads\/sites\/142\/2022\/07\/afficheBlog-212x300.png 212w\" sizes=\"auto, (max-width: 300px) 100vw, 300px\" \/><\/td>\n<\/tr>\n<\/tbody>\n<\/table>\n<p>&nbsp;<\/p>\n<p><strong>Mardi 12 avril 2022<\/strong><\/p>\n<p>Martine Jacques, ma\u00eetresse de conf\u00e9rences et formatrice Insp\u00e9, \u00e9voque \u00ab Les Antilles dans quelques ouvrages de litt\u00e9rature jeunesse : une identit\u00e9 en mouvement \u00a0\u00bb<\/p>\n<table style=\"border-collapse: collapse; width: 600 px; border: 0;\">\n<tbody>\n<tr>\n<td style=\"width: 70%;\"><iframe loading=\"lazy\" title=\"YouTube video player\" frameborder=\"0\" height=\"315\" src=\"https:\/\/www.youtube.com\/embed\/nYtE2R72GSY\" width=\"560\"><\/iframe><\/td>\n<td style=\"width: 30%;\"><img loading=\"lazy\" decoding=\"async\" class=\"alignnone size-full wp-image-917\" src=\"https:\/\/blog.ube.fr\/mrac-macon\/wp-content\/uploads\/sites\/142\/2022\/03\/affichewebAntilles_300.jpg\" alt=\"\" width=\"300\" height=\"424\" srcset=\"https:\/\/blog.ube.fr\/mrac-macon\/wp-content\/uploads\/sites\/142\/2022\/03\/affichewebAntilles_300.jpg 300w, https:\/\/blog.ube.fr\/mrac-macon\/wp-content\/uploads\/sites\/142\/2022\/03\/affichewebAntilles_300-212x300.jpg 212w\" sizes=\"auto, (max-width: 300px) 100vw, 300px\" \/><\/td>\n<\/tr>\n<\/tbody>\n<\/table>\n<p><strong>Mardi 15 mars 2022<\/strong><\/p>\n<p>Thomas Brugger, Directeur d\u00e9partemental de l\u2019Office National des Anciens Combattants et Victimes de Guerre (ONACVG) M\u00e2con, pr\u00e9sente \u00ab L\u2019offre p\u00e9dagogique de l\u2019ONACVG (projet m\u00e9moire, expositions, concours,\u2026) \u00a0\u00bb.<\/p>\n<table style=\"border-collapse: collapse; border: 0px; width: 100%; height: 23px;\">\n<tbody>\n<tr style=\"height: 23px;\">\n<td style=\"width: 70%; height: 23px;\"><\/td>\n<td style=\"width: 30%; height: 23px;\"><\/td>\n<\/tr>\n<\/tbody>\n<\/table>\n<p><strong>Jeudi 9 d\u00e9cembre 2021<\/strong><br \/>\n\u00ab L\u2019Ecole et les m\u00e9dias \u00e0 l\u2019heure du complotisme et des fausses nouvelles \u00bb,<br \/>\npar Fran\u00e7ois Morel, directeur territorial adjoint R\u00e9seau Canop\u00e9 Auvergne-Rh\u00f4ne-Alpes.<\/p>\n<p><img loading=\"lazy\" decoding=\"async\" class=\"alignnone size-full wp-image-862\" src=\"https:\/\/blog.ube.fr\/mrac-macon\/wp-content\/uploads\/sites\/142\/2021\/12\/M21221.jpg\" alt=\"\" width=\"800\" height=\"513\" srcset=\"https:\/\/blog.ube.fr\/mrac-macon\/wp-content\/uploads\/sites\/142\/2021\/12\/M21221.jpg 800w, https:\/\/blog.ube.fr\/mrac-macon\/wp-content\/uploads\/sites\/142\/2021\/12\/M21221-300x192.jpg 300w, https:\/\/blog.ube.fr\/mrac-macon\/wp-content\/uploads\/sites\/142\/2021\/12\/M21221-768x492.jpg 768w\" sizes=\"auto, (max-width: 800px) 100vw, 800px\" \/><\/p>\n<p><strong>Jeudi 16 d\u00e9cembre 2021 de 12h45 \u00e0 13h30<\/strong><\/p>\n<p>Atelier Pop-Up No\u00ebl \u00e0 la BU Insp\u00e9<\/p>\n<table style=\"border-collapse: collapse; width: 500 px;\">\n<tbody>\n<tr>\n<td style=\"width: 50%;\"><img loading=\"lazy\" decoding=\"async\" class=\"alignnone size-full wp-image-864\" src=\"https:\/\/blog.ube.fr\/mrac-macon\/wp-content\/uploads\/sites\/142\/2021\/12\/Pop1.jpg\" alt=\"\" width=\"400\" height=\"300\" srcset=\"https:\/\/blog.ube.fr\/mrac-macon\/wp-content\/uploads\/sites\/142\/2021\/12\/Pop1.jpg 400w, https:\/\/blog.ube.fr\/mrac-macon\/wp-content\/uploads\/sites\/142\/2021\/12\/Pop1-300x225.jpg 300w\" sizes=\"auto, (max-width: 400px) 100vw, 400px\" \/><\/td>\n<td style=\"width: 50%;\"><img loading=\"lazy\" decoding=\"async\" class=\"alignnone size-full wp-image-863\" src=\"https:\/\/blog.ube.fr\/mrac-macon\/wp-content\/uploads\/sites\/142\/2021\/12\/pop2.jpg\" alt=\"\" width=\"400\" height=\"300\" srcset=\"https:\/\/blog.ube.fr\/mrac-macon\/wp-content\/uploads\/sites\/142\/2021\/12\/pop2.jpg 400w, https:\/\/blog.ube.fr\/mrac-macon\/wp-content\/uploads\/sites\/142\/2021\/12\/pop2-300x225.jpg 300w\" sizes=\"auto, (max-width: 400px) 100vw, 400px\" \/><\/td>\n<\/tr>\n<tr>\n<td style=\"width: 50%;\"><iframe loading=\"lazy\" title=\"YouTube video player\" frameborder=\"0\" height=\"80\" src=\"https:\/\/www.youtube.com\/embed\/EZDf475hzlo\" width=\"160\"><span style=\"display: inline-block; width: 0px; overflow: hidden; line-height: 0;\" data-mce-type=\"bookmark\" class=\"mce_SELRES_start\">\ufeff<\/span><\/iframe><\/td>\n<td style=\"width: 50%;\"><iframe loading=\"lazy\" title=\"YouTube video player\" frameborder=\"0\" height=\"80\" src=\"https:\/\/www.youtube.com\/embed\/06FdKSaRIxU\" width=\"160\"><\/iframe><\/td>\n<\/tr>\n<\/tbody>\n<\/table>\n<\/div>\n<\/article>\n","protected":false},"excerpt":{"rendered":"<p>Depuis 2018, la Mission Recherche et action culturelle met en valeur les travaux de recherche des enseignants et formateurs et participe \u00e0 l&#8217;action culturelle sur le campus de l\u2019universit\u00e9 de Bourgogne \u00e0 M\u00e2con. La Mission organise des expositions, souvent en lien avec les \u00e9v\u00e9nements comm\u00e9moratifs nationaux ou r\u00e9gionaux et en partenariat avec l\u2019Agence Livre &amp;&hellip;<\/p>\n<p class=\"more-link-p\"><a class=\"btn btn-primary\" href=\"https:\/\/blog.ube.fr\/mrac-macon\/rendez-vous-culturels\/\">Voir plus &rarr;<\/a><\/p>\n","protected":false},"author":2077,"featured_media":0,"parent":0,"menu_order":0,"comment_status":"closed","ping_status":"closed","template":"","meta":{"_exactmetrics_skip_tracking":false,"_exactmetrics_sitenote_active":false,"_exactmetrics_sitenote_note":"","_exactmetrics_sitenote_category":0,"footnotes":""},"class_list":["post-310","page","type-page","status-publish","hentry"],"_links":{"self":[{"href":"https:\/\/blog.ube.fr\/mrac-macon\/wp-json\/wp\/v2\/pages\/310","targetHints":{"allow":["GET"]}}],"collection":[{"href":"https:\/\/blog.ube.fr\/mrac-macon\/wp-json\/wp\/v2\/pages"}],"about":[{"href":"https:\/\/blog.ube.fr\/mrac-macon\/wp-json\/wp\/v2\/types\/page"}],"author":[{"embeddable":true,"href":"https:\/\/blog.ube.fr\/mrac-macon\/wp-json\/wp\/v2\/users\/2077"}],"replies":[{"embeddable":true,"href":"https:\/\/blog.ube.fr\/mrac-macon\/wp-json\/wp\/v2\/comments?post=310"}],"version-history":[{"count":93,"href":"https:\/\/blog.ube.fr\/mrac-macon\/wp-json\/wp\/v2\/pages\/310\/revisions"}],"predecessor-version":[{"id":1234,"href":"https:\/\/blog.ube.fr\/mrac-macon\/wp-json\/wp\/v2\/pages\/310\/revisions\/1234"}],"wp:attachment":[{"href":"https:\/\/blog.ube.fr\/mrac-macon\/wp-json\/wp\/v2\/media?parent=310"}],"curies":[{"name":"wp","href":"https:\/\/api.w.org\/{rel}","templated":true}]}}