{"id":1235,"date":"2026-02-06T11:09:03","date_gmt":"2026-02-06T10:09:03","guid":{"rendered":"https:\/\/blog.u-bourgogne.fr\/mrac-macon\/?page_id=1235"},"modified":"2026-03-06T08:29:44","modified_gmt":"2026-03-06T07:29:44","slug":"exposition-h2o","status":"publish","type":"page","link":"https:\/\/blog.ube.fr\/mrac-macon\/exposition-h2o\/","title":{"rendered":"Exposition &#8221; Eau H2O ! Patrimoine vivant et d\u00e9fi d\u2019avenir &#8220;"},"content":{"rendered":"<p><img loading=\"lazy\" decoding=\"async\" class=\"size-full wp-image-1243 alignright\" src=\"https:\/\/blog.ube.fr\/mrac-macon\/wp-content\/uploads\/sites\/142\/2026\/02\/AfficheH2Oweb.jpg\" alt=\"\" width=\"350\" height=\"495\" srcset=\"https:\/\/blog.ube.fr\/mrac-macon\/wp-content\/uploads\/sites\/142\/2026\/02\/AfficheH2Oweb.jpg 350w, https:\/\/blog.ube.fr\/mrac-macon\/wp-content\/uploads\/sites\/142\/2026\/02\/AfficheH2Oweb-212x300.jpg 212w\" sizes=\"auto, (max-width: 350px) 100vw, 350px\" \/>Dans l\u2019une de ses comptines, Steve Waring chante une Baleine bleue cherchant de l\u2019eau.<\/p>\n<p><em>La baleine bleue cherche de l&#8217;eau<\/em><\/p>\n<p><em>Pour d\u00e9boucher tous ses tuyaux<\/em><\/p>\n<p><em>La baleine bleue cherche de l&#8217;eau<\/em><\/p>\n<p><em>Pour d\u00e9boucher tous ses tuyaux<\/em><\/p>\n<p><em>Eau, eau, eau, eau H<sub>2<\/sub>O (bis)<\/em><\/p>\n<p>Au commencement de <em>L\u2019eau et les r\u00eaves. Essai sur l\u2019imagination de la mati\u00e8re<\/em>, Gaston Bachelard confie que l\u2019Eau est \u00e0 l\u2019origine de sa recherche.<\/p>\n<p>\u00ab\u00a0<em>Je suis n\u00e9 dans un pays de ruisseaux et de rivi\u00e8res<\/em>.\u00a0\u00bb<\/p>\n<p>Il ajoute\u00a0:<\/p>\n<p>\u00ab <em>Mon plaisir est encore d\u2019accompagner le ruisseau, de marcher le long des berges, dans le bon sens, dans le sens de l\u2019eau qui coule, de l\u2019eau qui m\u00e8ne la vie ailleurs, au village voisin. Mon \u201cailleurs\u201d ne va pas plus loin<\/em>. \u00bb<\/p>\n<p>La force de l\u2019Eau ram\u00e8ne selon lui \u00e0 la Vie.<\/p>\n<p>\u00ab\u00a0<em>Une goutte d\u2019eau puissante suffit pour cr\u00e9er un monde et pour dissoudre la nuit.<\/em><\/p>\n<p><em>Pour r\u00eaver la puissance, il n\u2019est besoin que d\u2019une goutte imagin\u00e9e en profondeur. L\u2019eau ainsi dynamis\u00e9e est un germe ; elle donne \u00e0 la vie un essor in\u00e9puisable<\/em>.\u00a0\u00bb<\/p>\n<p>Compte tenu de cette force de vie, l\u2019Eau ne peut que tenir une grande place dans l\u2019Enseignement.<\/p>\n<p>Depuis la fin du XIX<sup>e<\/sup> si\u00e8cle, dans le programme d\u2019\u00e9tude d\u2019une Ecole normale, puis dans les contenus de formation de l\u2019IUFM, l\u2019ESPE, l\u2019INSPE.<\/p>\n<p>De la \u00ab\u00a0Le\u00e7on de choses\u00a0\u00bb aux \u00ab\u00a0Disciplines d\u2019\u00e9veil\u00a0\u00bb, et depuis la didactique des sciences jusqu\u2019aux exp\u00e9riences de \u00ab\u00a0La\u00a0main \u00e0 la p\u00e2te\u00a0\u00bb, l\u2019Eau irrigue l\u2019enseignement scientifique.<\/p>\n<p>Coulant de la fontaine ou du robinet, l\u2019Eau est bienfaisante, mais tomb\u00e9e du ciel, elle peut aussi causer catastrophes et drames avec les crues et les inondations.<\/p>\n<p>L\u2019Eau pose probl\u00e8me quant \u00e0 sa quantit\u00e9. Ressource indispensable, \u00e0 ne pas gaspiller car pr\u00e9cieuse, les conditions de sa qualit\u00e9 interrogent \u00e9galement. Depuis \u00ab\u00a0l\u2019environnement\u00a0\u00bb d\u2019hier jusqu\u2019\u00e0 \u00ab\u00a0l\u2019\u00e9cologie d\u2019aujourd\u2019hui, le d\u00e9fi est majeur.<\/p>\n<p>Quand la Baleine bleue cherche de l\u2019Eau, elle d\u00e9couvre d\u00e9tergent, p\u00e9trole et DDT.<\/p>\n<p><em>Elle a trouv\u00e9 beaucoup de choses (bis)<\/em><\/p>\n<p><em>Beaucoup de choses (bis)<\/em><\/p>\n<p><em>Mais pas de l&#8217;eau (bis)<\/em><\/p>\n<p><em>Eau H<sub>2<\/sub>O<\/em><\/p>\n<p>&nbsp;<\/p>\n<h2>\u00ab\u00a0<em>Eau H<sub>2<\/sub>O<\/em> \u00bb : patrimoine vivant et d\u00e9fi d\u2019avenir &#8211; Site universitaire de M\u00e2con &#8211; Du 20 avril au 15 septembre 2026<\/h2>\n<p><strong>\u00a0<\/strong><\/p>\n<p><strong>\u00a0<\/strong><\/p>\n<p><iframe loading=\"lazy\" title=\"YouTube video player\" frameborder=\"0\" height=\"315\" src=\"https:\/\/www.youtube.com\/embed\/cRQOoeF5rvo?si=50a9t59FsIc8OFsr\" width=\"560\"><\/iframe><\/p>\n","protected":false},"excerpt":{"rendered":"<p>Dans l\u2019une de ses comptines, Steve Waring chante une Baleine bleue cherchant de l\u2019eau. La baleine bleue cherche de l&#8217;eau Pour d\u00e9boucher tous ses tuyaux La baleine bleue cherche de l&#8217;eau Pour d\u00e9boucher tous ses tuyaux Eau, eau, eau, eau H2O (bis) Au commencement de L\u2019eau et les r\u00eaves. Essai sur l\u2019imagination de la mati\u00e8re,&hellip;<\/p>\n<p class=\"more-link-p\"><a class=\"btn btn-primary\" href=\"https:\/\/blog.ube.fr\/mrac-macon\/exposition-h2o\/\">Voir plus &rarr;<\/a><\/p>\n","protected":false},"author":2077,"featured_media":0,"parent":0,"menu_order":0,"comment_status":"closed","ping_status":"closed","template":"","meta":{"_exactmetrics_skip_tracking":false,"_exactmetrics_sitenote_active":false,"_exactmetrics_sitenote_note":"","_exactmetrics_sitenote_category":0,"footnotes":""},"class_list":["post-1235","page","type-page","status-publish","hentry"],"_links":{"self":[{"href":"https:\/\/blog.ube.fr\/mrac-macon\/wp-json\/wp\/v2\/pages\/1235","targetHints":{"allow":["GET"]}}],"collection":[{"href":"https:\/\/blog.ube.fr\/mrac-macon\/wp-json\/wp\/v2\/pages"}],"about":[{"href":"https:\/\/blog.ube.fr\/mrac-macon\/wp-json\/wp\/v2\/types\/page"}],"author":[{"embeddable":true,"href":"https:\/\/blog.ube.fr\/mrac-macon\/wp-json\/wp\/v2\/users\/2077"}],"replies":[{"embeddable":true,"href":"https:\/\/blog.ube.fr\/mrac-macon\/wp-json\/wp\/v2\/comments?post=1235"}],"version-history":[{"count":7,"href":"https:\/\/blog.ube.fr\/mrac-macon\/wp-json\/wp\/v2\/pages\/1235\/revisions"}],"predecessor-version":[{"id":1249,"href":"https:\/\/blog.ube.fr\/mrac-macon\/wp-json\/wp\/v2\/pages\/1235\/revisions\/1249"}],"wp:attachment":[{"href":"https:\/\/blog.ube.fr\/mrac-macon\/wp-json\/wp\/v2\/media?parent=1235"}],"curies":[{"name":"wp","href":"https:\/\/api.w.org\/{rel}","templated":true}]}}