{"id":1193,"date":"2025-06-26T10:10:05","date_gmt":"2025-06-26T08:10:05","guid":{"rendered":"https:\/\/blog.u-bourgogne.fr\/mrac-macon\/?page_id=1193"},"modified":"2025-06-30T15:01:12","modified_gmt":"2025-06-30T13:01:12","slug":"exposition-lart-de-la-prehistoire-que-demotions","status":"publish","type":"page","link":"https:\/\/blog.ube.fr\/mrac-macon\/exposition-lart-de-la-prehistoire-que-demotions\/","title":{"rendered":"Exposition \u00ab L&#8217;Art de la Pr\u00e9histoire : que d&#8217;\u00e9motions ! \u00bb"},"content":{"rendered":"<p><strong><img loading=\"lazy\" decoding=\"async\" class=\"size-full wp-image-1195 alignright\" src=\"https:\/\/blog.ube.fr\/mrac-macon\/wp-content\/uploads\/sites\/142\/2025\/06\/AffichePrehistoireBlog.png\" alt=\"\" width=\"350\" height=\"495\" srcset=\"https:\/\/blog.ube.fr\/mrac-macon\/wp-content\/uploads\/sites\/142\/2025\/06\/AffichePrehistoireBlog.png 350w, https:\/\/blog.ube.fr\/mrac-macon\/wp-content\/uploads\/sites\/142\/2025\/06\/AffichePrehistoireBlog-212x300.png 212w\" sizes=\"auto, (max-width: 350px) 100vw, 350px\" \/>Depuis le XIXe si\u00e8cle, un faisceau d\u2019\u00e9motions entoure la Pr\u00e9histoire.<\/strong><br \/>\nEn 1857, le pionnier de la Pr\u00e9histoire Jacques Boucher de Perthes (1788-1868) \u00e9voquait \u00ab une \u00e9motion de bonheur \u00bb fruit de la d\u00e9couverte et du constat du \u00ab passage sur la terre de ces hommes dont tant de si\u00e8cles nous s\u00e9parent \u00bb.<br \/>\nAvec la multiplication des \u00ab inventions \u00bb ou mises au jour de sites et d\u2019objets, l\u2019\u00e9motion s\u2019est r\u00e9p\u00e9t\u00e9e et renouvel\u00e9e, sa palette s\u2019\u00e9largissant \u00e0 l\u2019ensemble de tout ce que les nouvelles investigations et fouilles arch\u00e9ologiques peut donner \u00e0 voir et ressentir.<br \/>\nLa d\u00e9couverte en 1998, dans une grotte de la vall\u00e9e de Lapedo au Portugal,d\u2019une tombe contenant un squelette d\u2019enfant de quatre \u00e0 cinq ans ayant v\u00e9cu il y a 24 500 ans avant notre \u00e8re en est un exemple.<br \/>\nOutre le vertige provoqu\u00e9 par les milliers d\u2019ann\u00e9es depuis sa mort, qui nous s\u00e9parent de lui, ce qu\u2019il a pu \u00eatre et ce avec quoi il a \u00e9t\u00e9 enseveli touchent et \u00e9meuvent tout en stimulant l\u2019effort de compr\u00e9hension de la recherche.<br \/>\nPar certains de ses traits anatomiques, caract\u00e9ristiques d\u2019un N\u00e9andertalien ou typiques des premiers hommes modernes, \u00ab l\u2019enfant de Lagar Velho \u00bb sugg\u00e8re le r\u00e9sultat d\u2019un m\u00e9tissage entre populations.<br \/>\nEnvelopp\u00e9 d\u2019un linceul et recouvert d\u2019ocre, plac\u00e9 sur le dos avec la t\u00eate et le corps l\u00e9g\u00e8rement tourn\u00e9s vers la gauche, les mains le long du corps, les pieds serr\u00e9s, il t\u00e9moigne de la d\u00e9licatesse et du soin port\u00e9s \u00e0 sa s\u00e9pulture. Le port d\u2019une coiffe d\u00e9cor\u00e9e avec des canines de renne et autour du cou un pendentif en coquille perc\u00e9e r\u00e9v\u00e8lent une certaine esth\u00e9tique. Les deux bassins de renne et la d\u00e9pouille d\u2019un jeune lapin d\u00e9pos\u00e9s pr\u00e8s de lui qui pourraient avoir \u00e9t\u00e9 des offrandes sugg\u00e8rent une dimension spirituelle et religieuse.<br \/>\n\u00ab L\u2019enfant de Lagar Velho \u00bb donne \u00e0 entrer dans \u00ab l\u2019Art pr\u00e9historique \u00bb et les \u00e9motions qu\u2019il suscite.<\/p>\n<h3>Exposition dans le cadre de la manifestation Patrimoine \u00e9crits du 1er septembre au 31 octobre 2025<\/h3>\n<p><iframe loading=\"lazy\" title=\"YouTube video player\" frameborder=\"0\" height=\"315\" src=\"https:\/\/www.youtube.com\/embed\/HJOdfy-dm-k?si=MyYegMV8ZLul5y1t\" width=\"560\"><\/iframe><\/p>\n","protected":false},"excerpt":{"rendered":"<p>Depuis le XIXe si\u00e8cle, un faisceau d\u2019\u00e9motions entoure la Pr\u00e9histoire. En 1857, le pionnier de la Pr\u00e9histoire Jacques Boucher de Perthes (1788-1868) \u00e9voquait \u00ab une \u00e9motion de bonheur \u00bb fruit de la d\u00e9couverte et du constat du \u00ab passage sur la terre de ces hommes dont tant de si\u00e8cles nous s\u00e9parent \u00bb. Avec la multiplication&hellip;<\/p>\n<p class=\"more-link-p\"><a class=\"btn btn-primary\" href=\"https:\/\/blog.ube.fr\/mrac-macon\/exposition-lart-de-la-prehistoire-que-demotions\/\">Voir plus &rarr;<\/a><\/p>\n","protected":false},"author":2077,"featured_media":0,"parent":0,"menu_order":0,"comment_status":"closed","ping_status":"closed","template":"","meta":{"_exactmetrics_skip_tracking":false,"_exactmetrics_sitenote_active":false,"_exactmetrics_sitenote_note":"","_exactmetrics_sitenote_category":0,"footnotes":""},"class_list":["post-1193","page","type-page","status-publish","hentry"],"_links":{"self":[{"href":"https:\/\/blog.ube.fr\/mrac-macon\/wp-json\/wp\/v2\/pages\/1193","targetHints":{"allow":["GET"]}}],"collection":[{"href":"https:\/\/blog.ube.fr\/mrac-macon\/wp-json\/wp\/v2\/pages"}],"about":[{"href":"https:\/\/blog.ube.fr\/mrac-macon\/wp-json\/wp\/v2\/types\/page"}],"author":[{"embeddable":true,"href":"https:\/\/blog.ube.fr\/mrac-macon\/wp-json\/wp\/v2\/users\/2077"}],"replies":[{"embeddable":true,"href":"https:\/\/blog.ube.fr\/mrac-macon\/wp-json\/wp\/v2\/comments?post=1193"}],"version-history":[{"count":5,"href":"https:\/\/blog.ube.fr\/mrac-macon\/wp-json\/wp\/v2\/pages\/1193\/revisions"}],"predecessor-version":[{"id":1203,"href":"https:\/\/blog.ube.fr\/mrac-macon\/wp-json\/wp\/v2\/pages\/1193\/revisions\/1203"}],"wp:attachment":[{"href":"https:\/\/blog.ube.fr\/mrac-macon\/wp-json\/wp\/v2\/media?parent=1193"}],"curies":[{"name":"wp","href":"https:\/\/api.w.org\/{rel}","templated":true}]}}