{"id":1135,"date":"2024-06-18T10:52:48","date_gmt":"2024-06-18T08:52:48","guid":{"rendered":"https:\/\/blog.u-bourgogne.fr\/mrac-macon\/?page_id=1135"},"modified":"2025-05-26T15:01:45","modified_gmt":"2025-05-26T13:01:45","slug":"exposition-imprimer-la-legende-print-the-legend-du-western","status":"publish","type":"page","link":"https:\/\/blog.ube.fr\/mrac-macon\/exposition-imprimer-la-legende-print-the-legend-du-western\/","title":{"rendered":"Exposition \u00ab Imprimer la l\u00e9gende { Print the legend } du Western ? \u00bb"},"content":{"rendered":"<h4><strong>\u00ab Je ne vais vers l\u2019est que forc\u00e9. Mais dans l\u2019autre direction, je me sens libre. <\/strong><br \/>\n<strong>C\u2019est vers l\u2019Oregon et non vers l\u2019Europe que j\u2019ai besoin de marcher. \u00bb<\/strong><br \/>\nHenry D. Thoreau<\/h4>\n<p>La Conqu\u00eate de l\u2019Ouest am\u00e9ricain a autant \u00e0 voir avec l\u2019histoire qu\u2019avec l\u2019imaginaire.<\/p>\n<p>Elle a donn\u00e9 naissance \u00e0 un grand r\u00e9cit aliment\u00e9 par un grand nombre de mythes. Cette \u00e9criture a \u00e9t\u00e9 forg\u00e9e par un discours nationaliste et une \u00ab culture western \u00bb diffus\u00e9e massivement par la litt\u00e9rature, le cin\u00e9ma et la bande dessin\u00e9e.<br \/>\nLa l\u00e9gende de l\u2019Ouest n\u2019est pas n\u00e9e \u00e0 partir de l\u2019histoire de la conqu\u00eate de l\u2019Ouest. Elle a \u00e9t\u00e9 contemporaine de cette conqu\u00eate. Certaines repr\u00e9sentations ont servi d\u2019activateurs de l\u2019esprit de conqu\u00eate quand l&#8217;Ouest \u00e9tait associ\u00e9 aux pionniers h\u00e9ro\u00efques, \u00e0 la ru\u00e9e vers l&#8217;or, synonyme d\u2019enrichissement rapide \u00e0 la mesure de l\u2019effort fourni, aux affrontements entre cowboys et Indiens, les premiers \u00ab civilisant \u00bb les seconds, aux \u00e9tendues d\u00e9sertiques \u00e0 traverser et comme \u00e0 conqu\u00e9rir. L\u2019Ouest \u00e9tait l\u2019avenir, le bilan d\u2019une destin\u00e9e individuelle et collective o\u00f9 peuvent cohabiter le succ\u00e8s et l\u2019\u00e9chec. La r\u00e9alit\u00e9 a \u00e9t\u00e9 bien souvent inf\u00e9rieure \u00e0 la l\u00e9gende. Lorsque l\u2019histoire de cette marche \u00e0 l\u2019Ouest a d\u00e9but\u00e9, \u00e0 la fin du XVIIIe si\u00e8cle, il s\u2019est d\u2019abord agi d\u2019une fronti\u00e8re \u00e0 traverser avant de la d\u00e9placer, d\u2019un espace \u00e0 dominer, de missions et de projets \u00e0 accomplir.<br \/>\nSi les colons originaires d\u2019Europe occidentale ne voyaient rien sur les cartes du XVIIIe si\u00e8cle, l\u2019assaut des repr\u00e9sentants des empires coloniaux sur l\u2019espace habit\u00e9 par les nations (Am\u00e9r)Indiennes. La conqu\u00eate par les \u00c9tats-Unis est achev\u00e9e au d\u00e9but du XXe si\u00e8cle.<br \/>\nLa l\u00e9gende parle tout \u00e0 la fois des rencontres puis des conflits, de m\u00e9langes d\u2019Indiens, de colons et de m\u00e9tis, de chasse au bison et de p\u00eache au saumon, du commerce de fourrures, de transports transcontinentaux, mais a longtemps dissimul\u00e9 des d\u00e9placements de populations, des \u00e9pid\u00e9mies meurtri\u00e8res et un v\u00e9ritable g\u00e9nocide culturel.<br \/>\nToutes ces histoires font la richesse du Far West. Elles ne doivent pas perp\u00e9tuer d\u2019imprimer seulement la l\u00e9gende.<\/p>\n<h3>Exposition dans le cadre de la manifestation Patrimoine \u00e9crits du 2 septembre au 3 novembre 2024<\/h3>\n<table style=\"border-collapse: collapse; width: 600 px; border: 0;\">\n<tbody>\n<tr>\n<td style=\"width: 70%;\"><iframe loading=\"lazy\" title=\"YouTube video player\" frameborder=\"0\" height=\"315\" src=\"https:\/\/www.youtube.com\/embed\/e7XSFOoKuI8\" width=\"560\"><\/iframe><\/td>\n<td style=\"width: 30%;\"><img loading=\"lazy\" decoding=\"async\" class=\"alignnone wp-image-1089 size-full\" src=\"https:\/\/blog.ube.fr\/mrac-macon\/wp-content\/uploads\/sites\/142\/2024\/06\/afficheWesternWeb.png\" alt=\"\" width=\"450\" height=\"636\" \/><\/td>\n<\/tr>\n<\/tbody>\n<\/table>\n<h2>Pauses Culture<\/h2>\n<p>\u00ab Le \u00ab Far West \u00bb dans l\u2019art am\u00e9ricain, Images et textes, XIXe et XXe si\u00e8cles \u00bb<br \/>\npar H\u00e9l\u00e8ne Gaillard, Ma\u00eetresse de conf\u00e9rences (INSPE de Bourgogne), Centre Interlangues UFR Langues et Communication universit\u00e9 de Bourgogne<br \/>\n12h50 Site universitaire<\/p>\n<p><strong>Jeudi 19 septembre<\/strong><br \/>\nJean-Jacques Audubon, artiste explorateur, naturalisme pictural et d\u00e9couverte des nouveaux territoires<\/p>\n<p><strong>Jeudi 3 octobre (annul\u00e9e)<\/strong><br \/>\nL&#8217;appropriation des terres de l&#8217;Ouest aux USA : aux origines des atteintes aux droits des peuples autochtones<br \/>\npar Jean-Vianney Kouassi, docteur en Droit priv\u00e9, membre de la chaire de Droit rural et de Droit de l&#8217;environnement de l&#8217;universit\u00e9 de Bourgogne, site universitaire de M\u00e2con<\/p>\n<p><strong>Jeudi 10 octobre<\/strong><br \/>\nThomas Cole et le romantisme de la Wilderness<\/p>\n<p><strong>Jeudi 24 octobre (annul\u00e9e)<\/strong><br \/>\nGrant Wood et le retour aux sources du r\u00e9gionalisme am\u00e9ricain<\/p>\n","protected":false},"excerpt":{"rendered":"<p>\u00ab Je ne vais vers l\u2019est que forc\u00e9. Mais dans l\u2019autre direction, je me sens libre. C\u2019est vers l\u2019Oregon et non vers l\u2019Europe que j\u2019ai besoin de marcher. \u00bb Henry D. Thoreau La Conqu\u00eate de l\u2019Ouest am\u00e9ricain a autant \u00e0 voir avec l\u2019histoire qu\u2019avec l\u2019imaginaire. Elle a donn\u00e9 naissance \u00e0 un grand r\u00e9cit aliment\u00e9 par&hellip;<\/p>\n<p class=\"more-link-p\"><a class=\"btn btn-primary\" href=\"https:\/\/blog.ube.fr\/mrac-macon\/exposition-imprimer-la-legende-print-the-legend-du-western\/\">Voir plus &rarr;<\/a><\/p>\n","protected":false},"author":2077,"featured_media":0,"parent":0,"menu_order":0,"comment_status":"closed","ping_status":"closed","template":"","meta":{"_exactmetrics_skip_tracking":false,"_exactmetrics_sitenote_active":false,"_exactmetrics_sitenote_note":"","_exactmetrics_sitenote_category":0,"footnotes":""},"class_list":["post-1135","page","type-page","status-publish","hentry"],"_links":{"self":[{"href":"https:\/\/blog.ube.fr\/mrac-macon\/wp-json\/wp\/v2\/pages\/1135","targetHints":{"allow":["GET"]}}],"collection":[{"href":"https:\/\/blog.ube.fr\/mrac-macon\/wp-json\/wp\/v2\/pages"}],"about":[{"href":"https:\/\/blog.ube.fr\/mrac-macon\/wp-json\/wp\/v2\/types\/page"}],"author":[{"embeddable":true,"href":"https:\/\/blog.ube.fr\/mrac-macon\/wp-json\/wp\/v2\/users\/2077"}],"replies":[{"embeddable":true,"href":"https:\/\/blog.ube.fr\/mrac-macon\/wp-json\/wp\/v2\/comments?post=1135"}],"version-history":[{"count":18,"href":"https:\/\/blog.ube.fr\/mrac-macon\/wp-json\/wp\/v2\/pages\/1135\/revisions"}],"predecessor-version":[{"id":1191,"href":"https:\/\/blog.ube.fr\/mrac-macon\/wp-json\/wp\/v2\/pages\/1135\/revisions\/1191"}],"wp:attachment":[{"href":"https:\/\/blog.ube.fr\/mrac-macon\/wp-json\/wp\/v2\/media?parent=1135"}],"curies":[{"name":"wp","href":"https:\/\/api.w.org\/{rel}","templated":true}]}}