{"id":1116,"date":"2024-02-14T08:14:31","date_gmt":"2024-02-14T07:14:31","guid":{"rendered":"https:\/\/blog.u-bourgogne.fr\/mrac-macon\/?page_id=1116"},"modified":"2024-02-14T08:14:31","modified_gmt":"2024-02-14T07:14:31","slug":"exposition-parole-fragments-de-reel-et-dimaginaire","status":"publish","type":"page","link":"https:\/\/blog.ube.fr\/mrac-macon\/exposition-parole-fragments-de-reel-et-dimaginaire\/","title":{"rendered":"Exposition &#8221; Parole. Fragments de r\u00e9el et d\u2019imaginaire &#8220;"},"content":{"rendered":"<p><strong><img loading=\"lazy\" decoding=\"async\" class=\" wp-image-1117 alignright\" src=\"https:\/\/blog.ube.fr\/mrac-macon\/wp-content\/uploads\/sites\/142\/2024\/02\/afficheParole.png\" alt=\"\" width=\"292\" height=\"426\" \/>Dans Le Silence de la mer de Vercors, le refus de parler \u00e0 l\u2019occupant constitue un acte de r\u00e9sistance.<\/strong><\/p>\n<p>Ce choix est d\u2019autant plus fort que la parole est presque consubstantielle \u00e0 l\u2019humain.<\/p>\n<p><strong>Quand l\u2019humanit\u00e9 a-t-elle commenc\u00e9 \u00e0 parler ?<\/strong><br \/>\nLes d\u00e9buts de la parole sont difficiles \u00e0 pr\u00e9ciser. La parole a ses commencements, elle a aussi sa fin. Les premiers mots que prononce l\u2019enfant sont accueillis avec ravissement. La mort fait cesser la parole et seul reste son souvenir.<\/p>\n<p><strong>La parole est dans toute la vie.<\/strong><br \/>\nDepuis la parole de Socrate, philosophe de la ma\u00efeutique par la parole, jusqu\u2019\u00e0 la d\u00e9finition de l\u2019altruisme, d\u00e9fini comme l\u2019incursion en soi de l\u2019autre par sa parole, il n\u2019est pas de domaines dans lesquels la parole tient une grande place.<\/p>\n<p><strong>La parole a incontestablement un pouvoir voire une puissance.<\/strong><br \/>\nEn prendre la mesure n\u00e9cessite de partir \u00e0 la recherche des fragments de r\u00e9els et d\u2019imaginaire port\u00e9s par la parole.<\/p>\n<p>&nbsp;<\/p>\n<p>Exposition du lundi 11 mars au vendredi 12 avril 2024<\/p>\n","protected":false},"excerpt":{"rendered":"<p>Dans Le Silence de la mer de Vercors, le refus de parler \u00e0 l\u2019occupant constitue un acte de r\u00e9sistance. Ce choix est d\u2019autant plus fort que la parole est presque consubstantielle \u00e0 l\u2019humain. Quand l\u2019humanit\u00e9 a-t-elle commenc\u00e9 \u00e0 parler ? Les d\u00e9buts de la parole sont difficiles \u00e0 pr\u00e9ciser. La parole a ses commencements, elle&hellip;<\/p>\n<p class=\"more-link-p\"><a class=\"btn btn-primary\" href=\"https:\/\/blog.ube.fr\/mrac-macon\/exposition-parole-fragments-de-reel-et-dimaginaire\/\">Voir plus &rarr;<\/a><\/p>\n","protected":false},"author":2077,"featured_media":0,"parent":0,"menu_order":0,"comment_status":"closed","ping_status":"closed","template":"","meta":{"_exactmetrics_skip_tracking":false,"_exactmetrics_sitenote_active":false,"_exactmetrics_sitenote_note":"","_exactmetrics_sitenote_category":0,"footnotes":""},"class_list":["post-1116","page","type-page","status-publish","hentry"],"_links":{"self":[{"href":"https:\/\/blog.ube.fr\/mrac-macon\/wp-json\/wp\/v2\/pages\/1116","targetHints":{"allow":["GET"]}}],"collection":[{"href":"https:\/\/blog.ube.fr\/mrac-macon\/wp-json\/wp\/v2\/pages"}],"about":[{"href":"https:\/\/blog.ube.fr\/mrac-macon\/wp-json\/wp\/v2\/types\/page"}],"author":[{"embeddable":true,"href":"https:\/\/blog.ube.fr\/mrac-macon\/wp-json\/wp\/v2\/users\/2077"}],"replies":[{"embeddable":true,"href":"https:\/\/blog.ube.fr\/mrac-macon\/wp-json\/wp\/v2\/comments?post=1116"}],"version-history":[{"count":1,"href":"https:\/\/blog.ube.fr\/mrac-macon\/wp-json\/wp\/v2\/pages\/1116\/revisions"}],"predecessor-version":[{"id":1118,"href":"https:\/\/blog.ube.fr\/mrac-macon\/wp-json\/wp\/v2\/pages\/1116\/revisions\/1118"}],"wp:attachment":[{"href":"https:\/\/blog.ube.fr\/mrac-macon\/wp-json\/wp\/v2\/media?parent=1116"}],"curies":[{"name":"wp","href":"https:\/\/api.w.org\/{rel}","templated":true}]}}