{"id":15,"date":"2015-09-21T16:03:58","date_gmt":"2015-09-21T15:03:58","guid":{"rendered":"http:\/\/blog.u-bourgogne.fr\/nouveau-code-mondial-antidopage\/?page_id=15"},"modified":"2015-09-21T16:04:12","modified_gmt":"2015-09-21T15:04:12","slug":"order-pbx-refused","status":"publish","type":"page","link":"https:\/\/blog.ube.fr\/menaces-identitaires\/commande\/order-pbx-refused\/","title":{"rendered":"Commande PayBox refus\u00e9e"},"content":{"rendered":"<p>Votre commande a \u00e9t\u00e9 refus\u00e9e<\/p>\n","protected":false},"excerpt":{"rendered":"<p>Votre commande a \u00e9t\u00e9 refus\u00e9e&hellip;<\/p>\n","protected":false},"author":110,"featured_media":0,"parent":8,"menu_order":0,"comment_status":"open","ping_status":"open","template":"","meta":{"footnotes":""},"class_list":["post-15","page","type-page","status-publish","hentry"],"_links":{"self":[{"href":"https:\/\/blog.ube.fr\/menaces-identitaires\/wp-json\/wp\/v2\/pages\/15","targetHints":{"allow":["GET"]}}],"collection":[{"href":"https:\/\/blog.ube.fr\/menaces-identitaires\/wp-json\/wp\/v2\/pages"}],"about":[{"href":"https:\/\/blog.ube.fr\/menaces-identitaires\/wp-json\/wp\/v2\/types\/page"}],"author":[{"embeddable":true,"href":"https:\/\/blog.ube.fr\/menaces-identitaires\/wp-json\/wp\/v2\/users\/110"}],"replies":[{"embeddable":true,"href":"https:\/\/blog.ube.fr\/menaces-identitaires\/wp-json\/wp\/v2\/comments?post=15"}],"version-history":[{"count":1,"href":"https:\/\/blog.ube.fr\/menaces-identitaires\/wp-json\/wp\/v2\/pages\/15\/revisions"}],"predecessor-version":[{"id":16,"href":"https:\/\/blog.ube.fr\/menaces-identitaires\/wp-json\/wp\/v2\/pages\/15\/revisions\/16"}],"up":[{"embeddable":true,"href":"https:\/\/blog.ube.fr\/menaces-identitaires\/wp-json\/wp\/v2\/pages\/8"}],"wp:attachment":[{"href":"https:\/\/blog.ube.fr\/menaces-identitaires\/wp-json\/wp\/v2\/media?parent=15"}],"curies":[{"name":"wp","href":"https:\/\/api.w.org\/{rel}","templated":true}]}}