{"id":10,"date":"2015-09-21T16:02:16","date_gmt":"2015-09-21T15:02:16","guid":{"rendered":"http:\/\/blog.u-bourgogne.fr\/nouveau-code-mondial-antidopage\/?page_id=10"},"modified":"2015-09-21T16:02:37","modified_gmt":"2015-09-21T15:02:37","slug":"order-pbx-canceled","status":"publish","type":"page","link":"https:\/\/blog.ube.fr\/menaces-identitaires\/commande\/order-pbx-canceled\/","title":{"rendered":"Commande PayBox annul\u00e9e"},"content":{"rendered":"<p>Votre commande a \u00e9t\u00e9 annul\u00e9e<\/p>\n","protected":false},"excerpt":{"rendered":"<p>Votre commande a \u00e9t\u00e9 annul\u00e9e&hellip;<\/p>\n","protected":false},"author":110,"featured_media":0,"parent":8,"menu_order":0,"comment_status":"open","ping_status":"open","template":"","meta":{"footnotes":""},"class_list":["post-10","page","type-page","status-publish","hentry"],"_links":{"self":[{"href":"https:\/\/blog.ube.fr\/menaces-identitaires\/wp-json\/wp\/v2\/pages\/10","targetHints":{"allow":["GET"]}}],"collection":[{"href":"https:\/\/blog.ube.fr\/menaces-identitaires\/wp-json\/wp\/v2\/pages"}],"about":[{"href":"https:\/\/blog.ube.fr\/menaces-identitaires\/wp-json\/wp\/v2\/types\/page"}],"author":[{"embeddable":true,"href":"https:\/\/blog.ube.fr\/menaces-identitaires\/wp-json\/wp\/v2\/users\/110"}],"replies":[{"embeddable":true,"href":"https:\/\/blog.ube.fr\/menaces-identitaires\/wp-json\/wp\/v2\/comments?post=10"}],"version-history":[{"count":1,"href":"https:\/\/blog.ube.fr\/menaces-identitaires\/wp-json\/wp\/v2\/pages\/10\/revisions"}],"predecessor-version":[{"id":11,"href":"https:\/\/blog.ube.fr\/menaces-identitaires\/wp-json\/wp\/v2\/pages\/10\/revisions\/11"}],"up":[{"embeddable":true,"href":"https:\/\/blog.ube.fr\/menaces-identitaires\/wp-json\/wp\/v2\/pages\/8"}],"wp:attachment":[{"href":"https:\/\/blog.ube.fr\/menaces-identitaires\/wp-json\/wp\/v2\/media?parent=10"}],"curies":[{"name":"wp","href":"https:\/\/api.w.org\/{rel}","templated":true}]}}