{"id":79,"date":"2014-12-16T14:48:45","date_gmt":"2014-12-16T13:48:45","guid":{"rendered":"http:\/\/blog.u-bourgogne.fr\/mastert2m\/?page_id=79"},"modified":"2025-02-03T22:27:44","modified_gmt":"2025-02-03T21:27:44","slug":"m1","status":"publish","type":"page","link":"https:\/\/blog.ube.fr\/mastert2m\/formation\/m1\/","title":{"rendered":"Master 1 T2M-TA2M"},"content":{"rendered":"<p class=\"spip\" style=\"text-align: justify;\">Le Master 1 TA2M a ouvert en septembre 2024. Le Master 1 T2M existe depuis 2012 mais son organisation a \u00e9t\u00e9 revue pour la rentr\u00e9e 2024.<\/p>\n<p>En Master 1, chaque parcours de formation est organis\u00e9 en un semestre intensif de cours divis\u00e9 en 8 UE (Unit\u00e9s d&#8217;Enseignement) align\u00e9es sur le cadre ce comp\u00e9tences EMT2022, avec des UE suppl\u00e9mentaires (UE3 &#8211; adaptation et accessibilit\u00e9 audiovisuelle ; UE4 &#8211; localisation multim\u00e9dia) correspondant aux comp\u00e9tences sp\u00e9cifiques \u00e0 nos deux parcours. Certains cours sont communs aux deux parcours, d&#8217;autres (notamment les cours de l&#8217;UE2, consacr\u00e9e au perfectionnement d&#8217;une langue C en T2M et \u00e0 une initiation \u00e0 l&#8217;accessibilit\u00e9 et \u00e0 la communication sans barri\u00e8res en TA2M) sont sp\u00e9cifiques \u00e0 chaque parcours. Un volume plus important de cours sp\u00e9cifiques est propos\u00e9 en Master 2.<\/p>\n<p>Vous trouverez ci-dessous la liste des enseignements propos\u00e9s en Master 1, organis\u00e9e par UE et par comp\u00e9tence. Pour des informations plus d\u00e9taill\u00e9es, vous pouvez consulter la &#8220;fiche formation&#8221; officielle sur le site \u00ab\u00a0Formations\u00a0\u00bb de l\u2019Universit\u00e9 de Bourgogne, sous la rubrique consacr\u00e9e \u00e0 la\u00a0<a href=\"https:\/\/formations.u-bourgogne.fr\/fr\/offre-de-formation\/master-XB\/master-traduction-et-interpretation-LMGC24IY.html\">mention de Master \u00ab\u00a0Traduction et interpr\u00e9tation\u00a0\u00bb<\/a>.<\/p>\n<h2>Master 1 T2M :<\/h2>\n<div id=\"attachment_1740\" style=\"width: 1290px\" class=\"wp-caption aligncenter\"><img loading=\"lazy\" decoding=\"async\" aria-describedby=\"caption-attachment-1740\" class=\"size-full wp-image-1740\" src=\"https:\/\/blog.ube.fr\/mastert2m\/wp-content\/uploads\/sites\/12\/2025\/02\/Diapositive7.jpg\" alt=\"Programme M1 T2M avec liste de cours organis\u00e9 par comp\u00e9tences et UE\" width=\"1280\" height=\"720\" srcset=\"https:\/\/blog.ube.fr\/mastert2m\/wp-content\/uploads\/sites\/12\/2025\/02\/Diapositive7.jpg 1280w, https:\/\/blog.ube.fr\/mastert2m\/wp-content\/uploads\/sites\/12\/2025\/02\/Diapositive7-300x169.jpg 300w, https:\/\/blog.ube.fr\/mastert2m\/wp-content\/uploads\/sites\/12\/2025\/02\/Diapositive7-1024x576.jpg 1024w, https:\/\/blog.ube.fr\/mastert2m\/wp-content\/uploads\/sites\/12\/2025\/02\/Diapositive7-768x432.jpg 768w\" sizes=\"auto, (max-width: 1280px) 100vw, 1280px\" \/><p id=\"caption-attachment-1740\" class=\"wp-caption-text\">Programme M1 T2M avec liste de cours organis\u00e9 par comp\u00e9tences et UE<\/p><\/div>\n<h2>Master 1 TA2M :<\/h2>\n<div id=\"attachment_1741\" style=\"width: 1290px\" class=\"wp-caption aligncenter\"><img loading=\"lazy\" decoding=\"async\" aria-describedby=\"caption-attachment-1741\" class=\"size-full wp-image-1741\" src=\"https:\/\/blog.ube.fr\/mastert2m\/wp-content\/uploads\/sites\/12\/2025\/02\/Diapositive8.jpg\" alt=\"Programme M1 TA2M avec liste de cours organis\u00e9 par comp\u00e9tences et UE\" width=\"1280\" height=\"720\" srcset=\"https:\/\/blog.ube.fr\/mastert2m\/wp-content\/uploads\/sites\/12\/2025\/02\/Diapositive8.jpg 1280w, https:\/\/blog.ube.fr\/mastert2m\/wp-content\/uploads\/sites\/12\/2025\/02\/Diapositive8-300x169.jpg 300w, https:\/\/blog.ube.fr\/mastert2m\/wp-content\/uploads\/sites\/12\/2025\/02\/Diapositive8-1024x576.jpg 1024w, https:\/\/blog.ube.fr\/mastert2m\/wp-content\/uploads\/sites\/12\/2025\/02\/Diapositive8-768x432.jpg 768w\" sizes=\"auto, (max-width: 1280px) 100vw, 1280px\" \/><p id=\"caption-attachment-1741\" class=\"wp-caption-text\">Programme M1 TA2M avec liste de cours organis\u00e9 par comp\u00e9tences et UE<\/p><\/div>\n","protected":false},"excerpt":{"rendered":"<p>Le Master 1 TA2M a ouvert en septembre 2024. Le Master 1 T2M existe depuis 2012 mais son organisation a \u00e9t\u00e9 revue pour la rentr\u00e9e 2024. En Master 1, chaque parcours de formation est organis\u00e9 en un semestre intensif de cours divis\u00e9 en 8 UE (Unit\u00e9s d&#8217;Enseignement) align\u00e9es sur le cadre ce comp\u00e9tences EMT2022, avec&hellip;<\/p>\n<p class=\"more-link-p\"><a class=\"btn btn-primary\" href=\"https:\/\/blog.ube.fr\/mastert2m\/formation\/m1\/\">Voir plus &rarr;<\/a><\/p>\n","protected":false},"author":23,"featured_media":0,"parent":22,"menu_order":0,"comment_status":"open","ping_status":"open","template":"","meta":{"_exactmetrics_skip_tracking":false,"_exactmetrics_sitenote_active":false,"_exactmetrics_sitenote_note":"","_exactmetrics_sitenote_category":0,"footnotes":""},"class_list":["post-79","page","type-page","status-publish","hentry"],"_links":{"self":[{"href":"https:\/\/blog.ube.fr\/mastert2m\/wp-json\/wp\/v2\/pages\/79","targetHints":{"allow":["GET"]}}],"collection":[{"href":"https:\/\/blog.ube.fr\/mastert2m\/wp-json\/wp\/v2\/pages"}],"about":[{"href":"https:\/\/blog.ube.fr\/mastert2m\/wp-json\/wp\/v2\/types\/page"}],"author":[{"embeddable":true,"href":"https:\/\/blog.ube.fr\/mastert2m\/wp-json\/wp\/v2\/users\/23"}],"replies":[{"embeddable":true,"href":"https:\/\/blog.ube.fr\/mastert2m\/wp-json\/wp\/v2\/comments?post=79"}],"version-history":[{"count":39,"href":"https:\/\/blog.ube.fr\/mastert2m\/wp-json\/wp\/v2\/pages\/79\/revisions"}],"predecessor-version":[{"id":1744,"href":"https:\/\/blog.ube.fr\/mastert2m\/wp-json\/wp\/v2\/pages\/79\/revisions\/1744"}],"up":[{"embeddable":true,"href":"https:\/\/blog.ube.fr\/mastert2m\/wp-json\/wp\/v2\/pages\/22"}],"wp:attachment":[{"href":"https:\/\/blog.ube.fr\/mastert2m\/wp-json\/wp\/v2\/media?parent=79"}],"curies":[{"name":"wp","href":"https:\/\/api.w.org\/{rel}","templated":true}]}}