{"id":675,"date":"2017-06-26T17:49:41","date_gmt":"2017-06-26T16:49:41","guid":{"rendered":"http:\/\/blog.u-bourgogne.fr\/mastert2m\/?page_id=675"},"modified":"2019-03-17T17:27:26","modified_gmt":"2019-03-17T16:27:26","slug":"recrutement-m1-campagne-2017","status":"publish","type":"page","link":"https:\/\/blog.ube.fr\/mastert2m\/recrutement-m1-campagne-2017\/","title":{"rendered":"Recrutement M1 : Campagne 2017"},"content":{"rendered":"<h2>Epreuve et entretiens, juillet 2017 : Consignes<\/h2>\n<p><em><strong>NB : Tous les candidats retenus pour l&#8217;\u00e9preuve d&#8217;entr\u00e9e ont normalement \u00e9t\u00e9 contact\u00e9s par le secr\u00e9tariat p\u00e9dagogique<\/strong>. En cas de probl\u00e8me ou d&#8217;incertitude, merci de prendre contact rapidement avec le secr\u00e9tariat p\u00e9dagogique et les responsables de la formation.<\/em><\/p>\n<p>Le sujet d\u2019\u00e9preuve sera mis en ligne <a href=\"https:\/\/cloud.u-bourgogne.fr\/index.php\/s\/Uxat6Wloyu7BVf2\" target=\"_blank\" rel=\"noopener noreferrer\"><strong>ici<\/strong><\/a> le 3 juillet 2017 \u00e0 11H, heure fran\u00e7aise. <strong>Les documents sont \u00e0 transmettre joints \u00e0 un seul courrier \u00e9lectronique, avec le seul \u00e9l\u00e9ment &#8220;T2M1&#8221; dans le champ objet, \u00e0 l&#8217;adresse <a href=\"mailto:will.noonan@u-bourgogne.fr?subject=T2M1\" target=\"_blank\" rel=\"noopener noreferrer\">will.noonan@u-bourgogne.fr<\/a>, avant\u00a014H, heure fran\u00e7aise.<\/strong> Merci de respecter les consignes concernant les noms <em>(ex : NOM_Pr\u00e9nom_EXERCICE.docx) <\/em>et les formats de fichier\u00a0<em>(.docx ou .xlsx)<\/em>. <strong><br \/>\n<\/strong><\/p>\n<p>Il est possible, <strong>mais non obligatoire<\/strong>, de passer l\u2019\u00e9preuve en salle 331 du b\u00e2timent Droit-Lettres sur le campus de Dijon. Il est fortement conseill\u00e9 d&#8217;apporter une cl\u00e9 USB pour enregistrer vos fichiers de travail.<\/p>\n<p>Les entretiens seront organis\u00e9s les 4 et 5 juillet dans la m\u00eame salle, et les candidats recevront prochainement une convocation pour une plage horaire sp\u00e9cifique. <u>Merci de confirmer au secr\u00e9tariat si vous serez pr\u00e9sent(e), et de confirmer une adresse skype ET un num\u00e9ro de t\u00e9l\u00e9phone, le cas \u00e9ch\u00e9ant.<\/u><\/p>\n<p>Chaque candidat devra traiter quatre documents, chacun correspondant \u00e0 un exercice sp\u00e9cifique\u00a0:<\/p>\n<ol>\n<li>Correction d\u2019un texte fautif en fran\u00e7ais\u00a0: corrections \u00e0 effectuer sur un fichier .docx avec mode suivi de modifications activ\u00e9.<\/li>\n<li>Condensation de texte en fran\u00e7ais\u00a0: travaillant \u00e0 partir d\u2019une transcription de discours oral, proposer une version condens\u00e9e pouvant convenir \u00e0 la confection de sous-titres. L\u2019exercice sera fourni sous forme de fichier .xlsx \u00e0 compl\u00e9ter.<\/li>\n<li>Exercice de traduction EN&gt;FR avec recherche terminologique, avec des \u00e9l\u00e9ments de commentaire \u00e0 fournir <u>en fran\u00e7ais et en anglais<\/u>. L\u2019exercice sera fourni sous forme de fichier .docx \u00e0 compl\u00e9ter.<\/li>\n<li>Exercice de traduction DE&gt;FR, ES&gt;FR ou IT&gt;FR (en fonction de la combinaison de langues choisie), avec questions d\u2019analyse \u00e0 traiter <u>dans la langue source<\/u>. L\u2019exercice sera fourni sous forme de fichier .docx \u00e0 compl\u00e9ter.<\/li>\n<\/ol>\n<p>Les candidats doivent disposer d\u2019une connexion internet et d\u2019un logiciel de traitement de texte pouvant prendre en charge le format .docx (Word, LibreOffice Writer\u2026) et d\u2019un tableur pouvant prendre en charge le format .xlsx (Excel, LibreOffice Calc\u2026).<\/p>\n<p>Les candidats peuvent et doivent se servir de toutes les ressources \u00e0 leur disposition, y compris sur internet, \u00e0 condition d\u2019indiquer les sources utilis\u00e9es lorsqu\u2019il est demand\u00e9 de commenter leur travail. L\u2019exactitude des informations fournies sera v\u00e9rifi\u00e9e lors de la correction et au moment des entretiens.<\/p>\n<p><a href=\"https:\/\/cloud.u-bourgogne.fr\/index.php\/s\/Uxat6Wloyu7BVf2\" target=\"_blank\" rel=\"noopener noreferrer\">Les documents \u00e0 traiter sont disponibles pour t\u00e9l\u00e9chargement ici<\/a>.<\/p>\n<p>&nbsp;<\/p>\n","protected":false},"excerpt":{"rendered":"<p>Epreuve et entretiens, juillet 2017 : Consignes NB : Tous les candidats retenus pour l&#8217;\u00e9preuve d&#8217;entr\u00e9e ont normalement \u00e9t\u00e9 contact\u00e9s par le secr\u00e9tariat p\u00e9dagogique. En cas de probl\u00e8me ou d&#8217;incertitude, merci de prendre contact rapidement avec le secr\u00e9tariat p\u00e9dagogique et les responsables de la formation. Le sujet d\u2019\u00e9preuve sera mis en ligne ici le 3&hellip;<\/p>\n<p class=\"more-link-p\"><a class=\"btn btn-primary\" href=\"https:\/\/blog.ube.fr\/mastert2m\/recrutement-m1-campagne-2017\/\">Voir plus &rarr;<\/a><\/p>\n","protected":false},"author":23,"featured_media":0,"parent":0,"menu_order":0,"comment_status":"closed","ping_status":"closed","template":"","meta":{"_exactmetrics_skip_tracking":false,"_exactmetrics_sitenote_active":false,"_exactmetrics_sitenote_note":"","_exactmetrics_sitenote_category":0,"footnotes":""},"class_list":["post-675","page","type-page","status-publish","hentry"],"_links":{"self":[{"href":"https:\/\/blog.ube.fr\/mastert2m\/wp-json\/wp\/v2\/pages\/675","targetHints":{"allow":["GET"]}}],"collection":[{"href":"https:\/\/blog.ube.fr\/mastert2m\/wp-json\/wp\/v2\/pages"}],"about":[{"href":"https:\/\/blog.ube.fr\/mastert2m\/wp-json\/wp\/v2\/types\/page"}],"author":[{"embeddable":true,"href":"https:\/\/blog.ube.fr\/mastert2m\/wp-json\/wp\/v2\/users\/23"}],"replies":[{"embeddable":true,"href":"https:\/\/blog.ube.fr\/mastert2m\/wp-json\/wp\/v2\/comments?post=675"}],"version-history":[{"count":10,"href":"https:\/\/blog.ube.fr\/mastert2m\/wp-json\/wp\/v2\/pages\/675\/revisions"}],"predecessor-version":[{"id":686,"href":"https:\/\/blog.ube.fr\/mastert2m\/wp-json\/wp\/v2\/pages\/675\/revisions\/686"}],"wp:attachment":[{"href":"https:\/\/blog.ube.fr\/mastert2m\/wp-json\/wp\/v2\/media?parent=675"}],"curies":[{"name":"wp","href":"https:\/\/api.w.org\/{rel}","templated":true}]}}