{"id":30,"date":"2014-12-13T17:36:25","date_gmt":"2014-12-13T16:36:25","guid":{"rendered":"http:\/\/blog.u-bourgogne.fr\/mastert2m\/?page_id=30"},"modified":"2024-09-07T23:35:08","modified_gmt":"2024-09-07T22:35:08","slug":"stages","status":"publish","type":"page","link":"https:\/\/blog.ube.fr\/mastert2m\/stages\/","title":{"rendered":"Stages"},"content":{"rendered":"<p>Hors contexte de double dipl\u00f4me, les \u00e9tudiant\u00b7es de Master 1 et de Master 2 T2M et TA2M effectuent un stage de 4 \u00e0 6 mois au second semestre.<\/p>\n<p>Sauf d\u00e9rogation particuli\u00e8re, <span style=\"font-size: 16px;\">le stage de Master 1 est \u00e0 effectuer dans un pays \u00e9tranger, le stage de Master 2 pouvant (aussi) \u00eatre effectu\u00e9 en France.<\/span><\/p>\n<p>Un stage effectu\u00e9 en entreprise doit faire l&#8217;objet d&#8217;une convention qui en pr\u00e9cise les modalit\u00e9s, les missions pr\u00e9vues et les comp\u00e9tences \u00e0 acqu\u00e9rir. Dans certains cas et \u00e0 titre exceptionnel, d&#8217;autres formes d&#8217;exp\u00e9rience professionnelle (participation \u00e0 un dispositif de type P\u00e9pite, CDD, service civique dans le domaine) peuvent \u00eatre admises au titre d&#8217;un stage.<\/p>\n<p class=\"spip\" style=\"text-align: justify;\">Des informations concernant l\u2019organisation, les contenus et les modalit\u00e9s d\u2019acc\u00e8s des deux formations sont disponibles sur le site \u00ab\u00a0Formations\u00a0\u00bb de l\u2019Universit\u00e9 de Bourgogne, sous la rubrique consacr\u00e9e \u00e0 la\u00a0<a href=\"https:\/\/formations.u-bourgogne.fr\/fr\/offre-de-formation\/master-XB\/master-traduction-et-interpretation-LMGC24IY.html\">mention de Master \u00ab\u00a0Traduction et interpr\u00e9tation\u00a0\u00bb<\/a>.<\/p>\n","protected":false},"excerpt":{"rendered":"<p>Hors contexte de double dipl\u00f4me, les \u00e9tudiant\u00b7es de Master 1 et de Master 2 T2M et TA2M effectuent un stage de 4 \u00e0 6 mois au second semestre. Sauf d\u00e9rogation particuli\u00e8re, le stage de Master 1 est \u00e0 effectuer dans un pays \u00e9tranger, le stage de Master 2 pouvant (aussi) \u00eatre effectu\u00e9 en France. Un&hellip;<\/p>\n<p class=\"more-link-p\"><a class=\"btn btn-primary\" href=\"https:\/\/blog.ube.fr\/mastert2m\/stages\/\">Voir plus &rarr;<\/a><\/p>\n","protected":false},"author":23,"featured_media":0,"parent":0,"menu_order":0,"comment_status":"open","ping_status":"open","template":"","meta":{"_exactmetrics_skip_tracking":false,"_exactmetrics_sitenote_active":false,"_exactmetrics_sitenote_note":"","_exactmetrics_sitenote_category":0,"footnotes":""},"class_list":["post-30","page","type-page","status-publish","hentry"],"_links":{"self":[{"href":"https:\/\/blog.ube.fr\/mastert2m\/wp-json\/wp\/v2\/pages\/30","targetHints":{"allow":["GET"]}}],"collection":[{"href":"https:\/\/blog.ube.fr\/mastert2m\/wp-json\/wp\/v2\/pages"}],"about":[{"href":"https:\/\/blog.ube.fr\/mastert2m\/wp-json\/wp\/v2\/types\/page"}],"author":[{"embeddable":true,"href":"https:\/\/blog.ube.fr\/mastert2m\/wp-json\/wp\/v2\/users\/23"}],"replies":[{"embeddable":true,"href":"https:\/\/blog.ube.fr\/mastert2m\/wp-json\/wp\/v2\/comments?post=30"}],"version-history":[{"count":8,"href":"https:\/\/blog.ube.fr\/mastert2m\/wp-json\/wp\/v2\/pages\/30\/revisions"}],"predecessor-version":[{"id":1660,"href":"https:\/\/blog.ube.fr\/mastert2m\/wp-json\/wp\/v2\/pages\/30\/revisions\/1660"}],"wp:attachment":[{"href":"https:\/\/blog.ube.fr\/mastert2m\/wp-json\/wp\/v2\/media?parent=30"}],"curies":[{"name":"wp","href":"https:\/\/api.w.org\/{rel}","templated":true}]}}