{"id":1203,"date":"2020-12-17T23:57:52","date_gmt":"2020-12-17T22:57:52","guid":{"rendered":"https:\/\/blog.u-bourgogne.fr\/mastert2m\/?page_id=1203"},"modified":"2026-02-16T12:13:27","modified_gmt":"2026-02-16T11:13:27","slug":"examens-blancs","status":"publish","type":"page","link":"https:\/\/blog.ube.fr\/mastert2m\/examens-blancs\/","title":{"rendered":"Examens blancs"},"content":{"rendered":"<h1>Epreuves d&#8217;entr\u00e9e &#8211; annales<\/h1>\n<p style=\"text-align: justify;\">Vous trouverez ci-dessous les annales des \u00e9preuves d&#8217;entr\u00e9e depuis 2020 ainsi que quelques exercices d&#8217;entra\u00eenement diffus\u00e9s sur nos r\u00e9seaux sociaux. Le format peut varier d&#8217;ann\u00e9e en ann\u00e9e mais vous les candidat.e.s doivent r\u00e9aliser dans un temps limit\u00e9 :<\/p>\n<ul>\n<li>un exercice de correction de texte en fran\u00e7ais<\/li>\n<li style=\"text-align: justify;\"><em>pour le parcours T2M : <\/em>un exercice de traduction par langue de la combinaison (EN&gt;FR + DE&gt;FR, ES&gt;FR ou IT&gt;FR), avec commentaire \u00e0 fournir en langue source<\/li>\n<li><em>pour le parcours TA2M, ouvert depuis la rentr\u00e9e 2024 : <\/em>un exercice d&#8217;aptitude \u00e0 la communication sans barri\u00e8res (ex : simplifier un texte en suivant un cahier des charges, appliquer le cadre RGAA \u00e0 un site internet&#8230;)<\/li>\n<li>un exercice de condensation et\/ou de r\u00e9\u00e9criture.<\/li>\n<\/ul>\n<p>Les candidat.e.s ont le droit d&#8217;utilier les outils et ressources de leur choix et doivent expliquer leurs m\u00e9thodes de travail en commentaire. Le jury pourra \u00e9galement poser des questions concernan l&#8217;\u00e9preuve \u00e9crite lors des entretiens.<\/p>\n<p>Si vous avez des questions, n&#8217;h\u00e9sitez pas \u00e0 vous rapprocher de l&#8217;\u00e9quipe p\u00e9dagogique.<\/p>\n<h2>2025<\/h2>\n<ul>\n<li>Epreuve d&#8217;entr\u00e9e : <a href=\"https:\/\/cloud.ube.fr\/index.php\/s\/Z3f396ZtMQcp8oj\" target=\"_blank\" rel=\"noopener\">https:\/\/cloud.ube.fr\/index.php\/s\/Z3f396ZtMQcp8oj<\/a><\/li>\n<li>Epreuves d&#8217;entra\u00eenemenr : voir l&#8217;historique de la page <a href=\"https:\/\/blog.ube.fr\/mastert2m\/actualites\" target=\"_blank\" rel=\"noopener\">https:\/\/blog.ube.fr\/mastert2m\/actualites<\/a><\/li>\n<\/ul>\n<h2>2024<\/h2>\n<ul>\n<li>Epreuve d&#8217;entr\u00e9e : <a href=\"https:\/\/cloud.ube.fr\/index.php\/s\/S754fKtjRMRWNpD\" target=\"_blank\" rel=\"noopener\">https:\/\/cloud.ube.fr\/index.php\/s\/S754fKtjRMRWNpD<\/a><\/li>\n<li>Epreuves d&#8217;entra\u00eenement :\n<ul>\n<li>anglais : <a href=\"https:\/\/blog.ube.fr\/mastert2m\/2024\/02\/27\/master-t2m-ta2m-epreuve-dentrainement-anglais\/\">https:\/\/blog.ube.fr\/mastert2m\/2024\/02\/27\/master-t2m-ta2m-epreuve-dentrainement-anglais\/<\/a><\/li>\n<li>accessibilit\u00e9 : <a href=\"https:\/\/blog.ube.fr\/mastert2m\/2024\/04\/02\/master-ta2m-epreuve-dentrainement-accessibilite-et-communication-sans-barrieres\/\">https:\/\/blog.ube.fr\/mastert2m\/2024\/04\/02\/master-ta2m-epreuve-dentrainement-accessibilite-et-communication-sans-barrieres\/<\/a><\/li>\n<li>accessibilit\u00e9 (et internationalisation\/localisation : cet exercice va plus loin que ce qui sera demand\u00e9 le jour de l&#8217;\u00e9preuve) : <a href=\"https:\/\/blog.ube.fr\/mastert2m\/2024\/02\/29\/exercice-dentrainement-t2m-ta2m-internationalisation-localisation-accessibilite\/\">https:\/\/blog.ube.fr\/mastert2m\/2024\/02\/29\/exercice-dentrainement-t2m-ta2m-internationalisation-localisation-accessibilite\/<\/a><\/li>\n<li>espagnol : <a href=\"https:\/\/blog.ube.fr\/mastert2m\/2024\/03\/13\/t2m2024-epreuve-dentrainement-espagnol\/\">https:\/\/blog.ube.fr\/mastert2m\/2024\/03\/13\/t2m2024-epreuve-dentrainement-espagnol\/<\/a><\/li>\n<li>italien : <a href=\"https:\/\/blog.ube.fr\/mastert2m\/2024\/03\/15\/t2m2024-epreuve-dentrainement-italien\/\">https:\/\/blog.ube.fr\/mastert2m\/2024\/03\/15\/t2m2024-epreuve-dentrainement-italien\/<\/a><\/li>\n<\/ul>\n<\/li>\n<\/ul>\n<h2>2023<\/h2>\n<ul>\n<li>Epreuve d&#8217;entr\u00e9e : <a href=\"https:\/\/cloud.u-bourgogne.fr\/index.php\/s\/CcFJAa9WpjaX8Yw\">https:\/\/cloud.u-bourgogne.fr\/index.php\/s\/CcFJAa9WpjaX8Yw<\/a><\/li>\n<li>Epreuves d&#8217;entra\u00eenement :\n<ul>\n<li>anglais : <a href=\"https:\/\/blog.ube.fr\/mastert2m\/2023\/03\/06\/t2m2023-epreuves-dentrainement\/\">https:\/\/blog.ube.fr\/mastert2m\/2023\/03\/06\/t2m2023-epreuves-dentrainement\/<\/a><\/li>\n<li>espagnol : <a href=\"https:\/\/blog.ube.fr\/mastert2m\/2023\/03\/22\/t2m2023-ouverture-des-candidatures-epreuve-dentrainement-espagnol\/\">https:\/\/blog.ube.fr\/mastert2m\/2023\/03\/22\/t2m2023-ouverture-des-candidatures-epreuve-dentrainement-espagnol\/<\/a><\/li>\n<li>italien : <a href=\"https:\/\/blog.ube.fr\/mastert2m\/2023\/04\/24\/t2m2023-epreuve-dentrainement-en-italien-double-diplome-a-palerme\/\">https:\/\/blog.ube.fr\/mastert2m\/2023\/04\/24\/t2m2023-epreuve-dentrainement-en-italien-double-diplome-a-palerme\/<\/a><\/li>\n<\/ul>\n<\/li>\n<\/ul>\n<h2>2022<\/h2>\n<ul>\n<li>Epreuve d&#8217;entr\u00e9e : <a href=\"https:\/\/cloud.u-bourgogne.fr\/index.php\/s\/D7yWkKbnMezZ6RL\">https:\/\/cloud.u-bourgogne.fr\/index.php\/s\/D7yWkKbnMezZ6RL<\/a><\/li>\n<li>Epreuves d&#8217;entra\u00eenement :\n<ul>\n<li>anglais : https:\/\/blog.ube.fr\/mastert2m\/2022\/04\/15\/entrainement-aux-epreuves-dentree-t2m-mais-qui-sous-titrera-les-sous-titreurs\/<\/li>\n<li>espagnol : https:\/\/blog.ube.fr\/mastert2m\/2022\/05\/09\/epreuve-dentrainement-2022-espagnol\/<\/li>\n<li>italien : https:\/\/blog.ube.fr\/mastert2m\/2022\/04\/22\/epreuves-dentrainement-2022-italien\/<\/li>\n<\/ul>\n<\/li>\n<\/ul>\n<h2>2021<\/h2>\n<ul>\n<li>Epreuve d&#8217;entr\u00e9e : <a href=\"https:\/\/cloud.u-bourgogne.fr\/index.php\/s\/7DaKF22f3rejQte\">https:\/\/cloud.u-bourgogne.fr\/index.php\/s\/7DaKF22f3rejQte<\/a><\/li>\n<li>Epreuves d&#8217;entra\u00eenement :\n<ul>\n<li>anglais : <a href=\"https:\/\/blog.ube.fr\/mastert2m\/2021\/04\/26\/epreuve-dentrainement-t2m2021-dans-une-universite-pas-comme-la-notre\/\" target=\"_blank\" rel=\"noopener\">https:\/\/blog.ube.fr\/mastert2m\/2021\/04\/26\/epreuve-dentrainement-t2m2021-dans-une-universite-pas-comme-la-notre\/<\/a><\/li>\n<li>anglais : <a href=\"https:\/\/blog.ube.fr\/mastert2m\/2021\/05\/10\/epreuve-dentrainement-t2m2021-machine-translated-mansplaining\/\" target=\"_blank\" rel=\"noopener\">https:\/\/blog.ube.fr\/mastert2m\/2021\/05\/10\/epreuve-dentrainement-t2m2021-machine-translated-mansplaining\/<\/a><\/li>\n<li>espagnol : <a href=\"https:\/\/blog.ube.fr\/mastert2m\/2021\/04\/30\/epreuve-dentrainement-t2m2021-espagnol\/\" target=\"_blank\" rel=\"noopener\">https:\/\/blog.ube.fr\/mastert2m\/2021\/04\/30\/epreuve-dentrainement-t2m2021-espagnol\/<\/a><\/li>\n<li>italien : <a href=\"https:\/\/blog.ube.fr\/mastert2m\/2021\/05\/03\/epreuve-dentrainement-t2m2021-italien\/\" target=\"_blank\" rel=\"noopener\">https:\/\/blog.ube.fr\/mastert2m\/2021\/05\/03\/epreuve-dentrainement-t2m2021-italien\/<\/a><\/li>\n<\/ul>\n<\/li>\n<\/ul>\n<h2>2020<\/h2>\n<ul>\n<li>Epreuve d&#8217;entr\u00e9e : <a href=\"https:\/\/cloud.u-bourgogne.fr\/index.php\/s\/RtjB4zBbMKf82E6\">https:\/\/cloud.u-bourgogne.fr\/index.php\/s\/RtjB4zBbMKf82E6<\/a><\/li>\n<li>Epreuves d&#8217;entra\u00eenement :\n<ul>\n<li>anglais : <a href=\"https:\/\/blog.ube.fr\/mastert2m\/2020\/04\/16\/epreuves-dentrainement-t2m2020-anglais\/\">https:\/\/blog.ube.fr\/mastert2m\/2020\/04\/16\/epreuves-dentrainement-t2m2020-anglais\/<\/a><\/li>\n<li>espagnol : <a href=\"https:\/\/cloud.u-bourgogne.fr\/index.php\/s\/gWqzoCp6XwMywYN\">https:\/\/cloud.u-bourgogne.fr\/index.php\/s\/gWqzoCp6XwMywYN<\/a><\/li>\n<li>italien : <a href=\"https:\/\/cloud.u-bourgogne.fr\/index.php\/s\/T3HTKWNnJ7L9oBE\">https:\/\/cloud.u-bourgogne.fr\/index.php\/s\/T3HTKWNnJ7L9oBE<\/a><\/li>\n<li>\u00e9dition &#8220;pirate&#8221; : <a href=\"https:\/\/blog.ube.fr\/mastert2m\/2020\/03\/10\/epreuves-dentrainement-t2m2020-edition-pirate\/\">https:\/\/blog.ube.fr\/mastert2m\/2020\/03\/10\/epreuves-dentrainement-t2m2020-edition-pirate\/<\/a><\/li>\n<\/ul>\n<\/li>\n<\/ul>\n","protected":false},"excerpt":{"rendered":"<p>Epreuves d&#8217;entr\u00e9e &#8211; annales Vous trouverez ci-dessous les annales des \u00e9preuves d&#8217;entr\u00e9e depuis 2020 ainsi que quelques exercices d&#8217;entra\u00eenement diffus\u00e9s sur nos r\u00e9seaux sociaux. Le format peut varier d&#8217;ann\u00e9e en ann\u00e9e mais vous les candidat.e.s doivent r\u00e9aliser dans un temps limit\u00e9 : un exercice de correction de texte en fran\u00e7ais pour le parcours T2M :&hellip;<\/p>\n<p class=\"more-link-p\"><a class=\"btn btn-primary\" href=\"https:\/\/blog.ube.fr\/mastert2m\/examens-blancs\/\">Voir plus &rarr;<\/a><\/p>\n","protected":false},"author":3154,"featured_media":0,"parent":0,"menu_order":0,"comment_status":"closed","ping_status":"closed","template":"","meta":{"_exactmetrics_skip_tracking":false,"_exactmetrics_sitenote_active":false,"_exactmetrics_sitenote_note":"","_exactmetrics_sitenote_category":0,"footnotes":""},"class_list":["post-1203","page","type-page","status-publish","hentry"],"_links":{"self":[{"href":"https:\/\/blog.ube.fr\/mastert2m\/wp-json\/wp\/v2\/pages\/1203","targetHints":{"allow":["GET"]}}],"collection":[{"href":"https:\/\/blog.ube.fr\/mastert2m\/wp-json\/wp\/v2\/pages"}],"about":[{"href":"https:\/\/blog.ube.fr\/mastert2m\/wp-json\/wp\/v2\/types\/page"}],"author":[{"embeddable":true,"href":"https:\/\/blog.ube.fr\/mastert2m\/wp-json\/wp\/v2\/users\/3154"}],"replies":[{"embeddable":true,"href":"https:\/\/blog.ube.fr\/mastert2m\/wp-json\/wp\/v2\/comments?post=1203"}],"version-history":[{"count":14,"href":"https:\/\/blog.ube.fr\/mastert2m\/wp-json\/wp\/v2\/pages\/1203\/revisions"}],"predecessor-version":[{"id":1827,"href":"https:\/\/blog.ube.fr\/mastert2m\/wp-json\/wp\/v2\/pages\/1203\/revisions\/1827"}],"wp:attachment":[{"href":"https:\/\/blog.ube.fr\/mastert2m\/wp-json\/wp\/v2\/media?parent=1203"}],"curies":[{"name":"wp","href":"https:\/\/api.w.org\/{rel}","templated":true}]}}