{"id":1202,"date":"2020-12-17T23:57:52","date_gmt":"2020-12-17T22:57:52","guid":{"rendered":"https:\/\/blog.u-bourgogne.fr\/mastert2m\/?page_id=1202"},"modified":"2025-02-03T22:42:40","modified_gmt":"2025-02-03T21:42:40","slug":"comment-postuler","status":"publish","type":"page","link":"https:\/\/blog.ube.fr\/mastert2m\/comment-postuler\/","title":{"rendered":"Comment candidater ?"},"content":{"rendered":"<p>Dans la plupart des cas, les candidatures s&#8217;effectuent sur la plate-forme nationale MonMaster : <a href=\"https:\/\/monmaster.gouv.fr\/formation\" target=\"_blank\" rel=\"noopener\">https:\/\/monmaster.gouv.fr\/formation<\/a><\/p>\n<p>Le calendrier de MonMaster est national et il est vivement conseill\u00e9 de prendre note des dates annonc\u00e9es sur la plate-forme et de ne pas attendre la derni\u00e8re minute, moment auquel les serveurs sont facilement satur\u00e9s, pour d\u00e9poser son dossier.<\/p>\n<p>Il est \u00e9galement connseill\u00e9 de consulter bien \u00e0 l&#8217;avance la liste des pi\u00e8ces demand\u00e9es, dont certaines (notamment votre projet professionnel, o\u00f9 il vous est demand\u00e9 de situer vos projets et vos connaissances du secteur par rapport au cadre de comp\u00e9tences EMT) n\u00e9cessitent un travail \u00e0 l&#8217;avance.<\/p>\n<p>Les candidates et candidats dont le dossier est retenu passeront ensuite une \u00e9preuve \u00e9crite en ligne et, en foncton des r\u00e9sultats \u00e0 l&#8217;\u00e9crit, un entretien oral. Des conseils pour ces \u00e9preuves seront publi\u00e9es sur la page <a href=\"https:\/\/blog.ube.fr\/mastert2m\/actualites\/\">Actualit\u00e9s<\/a> de ce site et sur les r\u00e9seaux (<a href=\"https:\/\/www.linkedin.com\/company\/masters-t2m-et-ta2m\">LinkedIn<\/a> et <a href=\"https:\/\/discord.gg\/bv2mP5mCVj\">Discord<\/a> notamment) de la formation.<\/p>\n<p>Le recrutement aux formations T2M et TA2M s&#8217;effectue en principe \u00e0 l&#8217;entr\u00e9e du Master 1. Des demandes d&#8217;entr\u00e9e directe en Master 2 au titre de la validation d&#8217;acquis peuvent \u00eatre \u00e9tudi\u00e9es en fonction des \u00e9ventuelles places disponibles : si cela vous concerne, merci de vous rapprocher des responsables p\u00e9dagogiques et du service de scolarit\u00e9.<\/p>\n","protected":false},"excerpt":{"rendered":"<p>Dans la plupart des cas, les candidatures s&#8217;effectuent sur la plate-forme nationale MonMaster : https:\/\/monmaster.gouv.fr\/formation Le calendrier de MonMaster est national et il est vivement conseill\u00e9 de prendre note des dates annonc\u00e9es sur la plate-forme et de ne pas attendre la derni\u00e8re minute, moment auquel les serveurs sont facilement satur\u00e9s, pour d\u00e9poser son dossier. Il&hellip;<\/p>\n<p class=\"more-link-p\"><a class=\"btn btn-primary\" href=\"https:\/\/blog.ube.fr\/mastert2m\/comment-postuler\/\">Voir plus &rarr;<\/a><\/p>\n","protected":false},"author":3154,"featured_media":0,"parent":0,"menu_order":0,"comment_status":"closed","ping_status":"closed","template":"","meta":{"_exactmetrics_skip_tracking":false,"_exactmetrics_sitenote_active":false,"_exactmetrics_sitenote_note":"","_exactmetrics_sitenote_category":0,"footnotes":""},"class_list":["post-1202","page","type-page","status-publish","hentry"],"_links":{"self":[{"href":"https:\/\/blog.ube.fr\/mastert2m\/wp-json\/wp\/v2\/pages\/1202","targetHints":{"allow":["GET"]}}],"collection":[{"href":"https:\/\/blog.ube.fr\/mastert2m\/wp-json\/wp\/v2\/pages"}],"about":[{"href":"https:\/\/blog.ube.fr\/mastert2m\/wp-json\/wp\/v2\/types\/page"}],"author":[{"embeddable":true,"href":"https:\/\/blog.ube.fr\/mastert2m\/wp-json\/wp\/v2\/users\/3154"}],"replies":[{"embeddable":true,"href":"https:\/\/blog.ube.fr\/mastert2m\/wp-json\/wp\/v2\/comments?post=1202"}],"version-history":[{"count":3,"href":"https:\/\/blog.ube.fr\/mastert2m\/wp-json\/wp\/v2\/pages\/1202\/revisions"}],"predecessor-version":[{"id":1747,"href":"https:\/\/blog.ube.fr\/mastert2m\/wp-json\/wp\/v2\/pages\/1202\/revisions\/1747"}],"wp:attachment":[{"href":"https:\/\/blog.ube.fr\/mastert2m\/wp-json\/wp\/v2\/media?parent=1202"}],"curies":[{"name":"wp","href":"https:\/\/api.w.org\/{rel}","templated":true}]}}