{"id":1065,"date":"2020-02-13T11:45:37","date_gmt":"2020-02-13T10:45:37","guid":{"rendered":"https:\/\/blog.u-bourgogne.fr\/mastert2m\/?page_id=1065"},"modified":"2024-09-07T23:24:53","modified_gmt":"2024-09-07T22:24:53","slug":"recrutement","status":"publish","type":"page","link":"https:\/\/blog.ube.fr\/mastert2m\/etudiants\/recrutement\/","title":{"rendered":"Recrutement"},"content":{"rendered":"<h2>Modalit\u00e9s de recrutement<\/h2>\n<p>Depuis la rentr\u00e9e 2022, l&#8217;acc\u00e8s \u00e0 la formation se fait pour la plupart des candidat\u00b7es via la plate-forme nationale <a href=\"https:\/\/www.monmaster.gouv.fr\/\">https:\/\/www.monmaster.gouv.fr\/<\/a><\/p>\n<p>Dans certains cas (notamment pour des candidat\u00b7es de nationalit\u00e9 extracommunautaire ou r\u00e9sidant \u00e0 l&#8217;\u00e9tranger n&#8217;ayant pas d\u00e9j\u00e0 valid\u00e9 une ann\u00e9e d&#8217;\u00e9tudes universitaires en France), il faut suivre la proc\u00e9dure indiqu\u00e9e par le service des relations internationales de l&#8217;Universit\u00e9 : <a href=\"https:\/\/ub-link.u-bourgogne.fr\/etudiants-internationaux\/venir-etudier-a-l-ub-a-titre-individuel.html\">https:\/\/ub-link.u-bourgogne.fr\/etudiants-internationaux\/venir-etudier-a-l-ub-a-titre-individuel.html<\/a><\/p>\n<p>Le recrutement pour les doubles dipl\u00f4mes peut se faire soit du c\u00f4t\u00e9 de l&#8217;Universit\u00e9 de Bourgogne, soit du c\u00f4t\u00e9 de l&#8217;Universit\u00e9 partenaire. Il convient dans tous les cas de d\u00e9poser\u00a0<strong>un seul<\/strong> dossier de candidautre au double dipl\u00f4me et de prendre contact en amont avec l&#8217;\u00e9quipe p\u00e9dagogique.<\/p>\n","protected":false},"excerpt":{"rendered":"<p>Modalit\u00e9s de recrutement Depuis la rentr\u00e9e 2022, l&#8217;acc\u00e8s \u00e0 la formation se fait pour la plupart des candidat\u00b7es via la plate-forme nationale https:\/\/www.monmaster.gouv.fr\/ Dans certains cas (notamment pour des candidat\u00b7es de nationalit\u00e9 extracommunautaire ou r\u00e9sidant \u00e0 l&#8217;\u00e9tranger n&#8217;ayant pas d\u00e9j\u00e0 valid\u00e9 une ann\u00e9e d&#8217;\u00e9tudes universitaires en France), il faut suivre la proc\u00e9dure indiqu\u00e9e par le&hellip;<\/p>\n<p class=\"more-link-p\"><a class=\"btn btn-primary\" href=\"https:\/\/blog.ube.fr\/mastert2m\/etudiants\/recrutement\/\">Voir plus &rarr;<\/a><\/p>\n","protected":false},"author":23,"featured_media":0,"parent":24,"menu_order":0,"comment_status":"closed","ping_status":"closed","template":"","meta":{"_exactmetrics_skip_tracking":false,"_exactmetrics_sitenote_active":false,"_exactmetrics_sitenote_note":"","_exactmetrics_sitenote_category":0,"footnotes":""},"class_list":["post-1065","page","type-page","status-publish","hentry"],"_links":{"self":[{"href":"https:\/\/blog.ube.fr\/mastert2m\/wp-json\/wp\/v2\/pages\/1065","targetHints":{"allow":["GET"]}}],"collection":[{"href":"https:\/\/blog.ube.fr\/mastert2m\/wp-json\/wp\/v2\/pages"}],"about":[{"href":"https:\/\/blog.ube.fr\/mastert2m\/wp-json\/wp\/v2\/types\/page"}],"author":[{"embeddable":true,"href":"https:\/\/blog.ube.fr\/mastert2m\/wp-json\/wp\/v2\/users\/23"}],"replies":[{"embeddable":true,"href":"https:\/\/blog.ube.fr\/mastert2m\/wp-json\/wp\/v2\/comments?post=1065"}],"version-history":[{"count":16,"href":"https:\/\/blog.ube.fr\/mastert2m\/wp-json\/wp\/v2\/pages\/1065\/revisions"}],"predecessor-version":[{"id":1656,"href":"https:\/\/blog.ube.fr\/mastert2m\/wp-json\/wp\/v2\/pages\/1065\/revisions\/1656"}],"up":[{"embeddable":true,"href":"https:\/\/blog.ube.fr\/mastert2m\/wp-json\/wp\/v2\/pages\/24"}],"wp:attachment":[{"href":"https:\/\/blog.ube.fr\/mastert2m\/wp-json\/wp\/v2\/media?parent=1065"}],"curies":[{"name":"wp","href":"https:\/\/api.w.org\/{rel}","templated":true}]}}