{"id":1031,"date":"2019-10-14T14:07:20","date_gmt":"2019-10-14T13:07:20","guid":{"rendered":"http:\/\/blog.u-bourgogne.fr\/mastert2m\/?page_id=1031"},"modified":"2025-09-05T10:20:49","modified_gmt":"2025-09-05T09:20:49","slug":"edt","status":"publish","type":"page","link":"https:\/\/blog.ube.fr\/mastert2m\/etudiants\/edt\/","title":{"rendered":"EDT"},"content":{"rendered":"<h2>Emplois du temps<\/h2>\n<p>Les emplois du temps des formations T2M-TA2M sont disponibles en temps r\u00e9el en suivant les liens sur cette page.<\/p>\n<p>Attention, les EDT varient de semaine en semaine et sont susceptible d&#8217;\u00e9voluer en cours de route, notamment en raison de l&#8217;accueil d&#8217;intervenant\u00b7es professionnel\u00b7les qui assurent souvent leurs cours \u00e0 des dates pr\u00e9cises. Des cours non encore plac\u00e9s en d\u00e9but de semestre peuvent appara\u00eetre plus tard, au moment o\u00f9 les dates sont confirm\u00e9es.<\/p>\n<p>En cons\u00e9quence, il convient de :<\/p>\n<ul>\n<li>consulter r\u00e9guli\u00e8rement les emplois du temps en ligne<\/li>\n<li>vous rapprocher du secr\u00e9tariat ou de l&#8217;\u00e9quipe p\u00e9dagogique en cas d&#8217;incertitude.<\/li>\n<\/ul>\n<h3>Emplois du temps par cohorte :<\/h3>\n<div>&#8211;\u00a0<span id=\"OBJ_PREFIX_DWT198_com_zimbra_url\" class=\"Object\" role=\"link\"><span id=\"OBJ_PREFIX_DWT206_com_zimbra_url\" class=\"Object\" role=\"link\"><a href=\"https:\/\/univbourgogne-my.sharepoint.com\/:x:\/g\/personal\/judith_combette_u-bourgogne_fr\/EQd4ulP4uXZDrm-uhoOTRX0Bgxon1zYJYw1UadtopKZhlw?e=9Gvv6a\" target=\"_blank\" rel=\"nofollow noopener noreferrer\">M1 T2M<\/a><\/span><\/span><\/div>\n<div>&#8211;\u00a0<span id=\"OBJ_PREFIX_DWT199_com_zimbra_url\" class=\"Object\" role=\"link\"><span id=\"OBJ_PREFIX_DWT207_com_zimbra_url\" class=\"Object\" role=\"link\"><a href=\"https:\/\/univbourgogne-my.sharepoint.com\/:x:\/g\/personal\/judith_combette_u-bourgogne_fr\/EcOxJuHsIIRKpjwoHwqFsk4B8W3LYCKpUhcnceMqbnUQ9g?e=J4pkyG\" target=\"_blank\" rel=\"nofollow noopener\">M1 TA2M<\/a><\/span><\/span><\/div>\n<div>&#8211;\u00a0<span id=\"OBJ_PREFIX_DWT200_com_zimbra_url\" class=\"Object\" role=\"link\"><span id=\"OBJ_PREFIX_DWT208_com_zimbra_url\" class=\"Object\" role=\"link\"><a href=\"https:\/\/univbourgogne-my.sharepoint.com\/:x:\/g\/personal\/judith_combette_u-bourgogne_fr\/EdcXfbPRYDlFuDNXfdS5mIIBBtwxxIgi02U6dA0dZEWRQA?e=TAQqGU\" target=\"_blank\" rel=\"nofollow noopener noreferrer\">M2 T2M<\/a><\/span><\/span><\/div>\n<div>&#8211;\u00a0<span id=\"OBJ_PREFIX_DWT201_com_zimbra_url\" class=\"Object\" role=\"link\"><span id=\"OBJ_PREFIX_DWT209_com_zimbra_url\" class=\"Object\" role=\"link\"><a href=\"https:\/\/univbourgogne-my.sharepoint.com\/:x:\/g\/personal\/judith_combette_u-bourgogne_fr\/EaC0VrmH-RhKttfUpJsZ66QBixONYHNID_aok-ctSAmceQ?e=HqTTMd\" target=\"_blank\" rel=\"nofollow noopener\">M2 TA2M<\/a><\/span><\/span><\/div>\n","protected":false},"excerpt":{"rendered":"<p>Emplois du temps Les emplois du temps des formations T2M-TA2M sont disponibles en temps r\u00e9el en suivant les liens sur cette page. Attention, les EDT varient de semaine en semaine et sont susceptible d&#8217;\u00e9voluer en cours de route, notamment en raison de l&#8217;accueil d&#8217;intervenant\u00b7es professionnel\u00b7les qui assurent souvent leurs cours \u00e0 des dates pr\u00e9cises. Des&hellip;<\/p>\n<p class=\"more-link-p\"><a class=\"btn btn-primary\" href=\"https:\/\/blog.ube.fr\/mastert2m\/etudiants\/edt\/\">Voir plus &rarr;<\/a><\/p>\n","protected":false},"author":23,"featured_media":0,"parent":24,"menu_order":0,"comment_status":"closed","ping_status":"closed","template":"","meta":{"_exactmetrics_skip_tracking":false,"_exactmetrics_sitenote_active":false,"_exactmetrics_sitenote_note":"","_exactmetrics_sitenote_category":0,"footnotes":""},"class_list":["post-1031","page","type-page","status-publish","hentry"],"_links":{"self":[{"href":"https:\/\/blog.ube.fr\/mastert2m\/wp-json\/wp\/v2\/pages\/1031","targetHints":{"allow":["GET"]}}],"collection":[{"href":"https:\/\/blog.ube.fr\/mastert2m\/wp-json\/wp\/v2\/pages"}],"about":[{"href":"https:\/\/blog.ube.fr\/mastert2m\/wp-json\/wp\/v2\/types\/page"}],"author":[{"embeddable":true,"href":"https:\/\/blog.ube.fr\/mastert2m\/wp-json\/wp\/v2\/users\/23"}],"replies":[{"embeddable":true,"href":"https:\/\/blog.ube.fr\/mastert2m\/wp-json\/wp\/v2\/comments?post=1031"}],"version-history":[{"count":17,"href":"https:\/\/blog.ube.fr\/mastert2m\/wp-json\/wp\/v2\/pages\/1031\/revisions"}],"predecessor-version":[{"id":1810,"href":"https:\/\/blog.ube.fr\/mastert2m\/wp-json\/wp\/v2\/pages\/1031\/revisions\/1810"}],"up":[{"embeddable":true,"href":"https:\/\/blog.ube.fr\/mastert2m\/wp-json\/wp\/v2\/pages\/24"}],"wp:attachment":[{"href":"https:\/\/blog.ube.fr\/mastert2m\/wp-json\/wp\/v2\/media?parent=1031"}],"curies":[{"name":"wp","href":"https:\/\/api.w.org\/{rel}","templated":true}]}}