{"id":73,"date":"2014-12-16T14:44:48","date_gmt":"2014-12-16T13:44:48","guid":{"rendered":"http:\/\/blog.u-bourgogne.fr\/mastert2m\/?page_id=73"},"modified":"2016-01-12T15:40:32","modified_gmt":"2016-01-12T14:40:32","slug":"etudiants-actuels","status":"publish","type":"page","link":"https:\/\/blog.ube.fr\/mastert2m-en\/etudiants\/etudiants-actuels\/","title":{"rendered":"\u00c9tudiants actuels"},"content":{"rendered":"<h4><strong><font color=\"#FF8000\">De quel parcours viens-tu ?<\/font><\/strong><\/h4>\n<p>\u00ab LEA \u00bb,\u00a0\u00ab LLCE \u00bb, \u00ab Pr\u00e9pa litt\u00e9raire \u00bb<\/p>\n<p>&nbsp;<\/p>\n<h4><strong><font color=\"#FF8000\">Trois mots pour d\u00e9finir le Master T2M ?<\/font><\/strong><\/h4>\n<p>\u00ab Moderne \u2013 pro \u2013 exigeant \u00bb<\/p>\n<p>\u00ab Bonne ambiance \u2013 professeurs \u00e0 l\u2019\u00e9coute des \u00e9l\u00e8ves \u2013 cours int\u00e9ressants \u00bb<\/p>\n<p>\u00ab Dynamique \u2013 d\u00e9tendu \u2013 motivant \u00bb<\/p>\n<p>&nbsp;<\/p>\n<h4><strong><font color=\"#FF8000\">Qu&#8217;est-ce que tu pr\u00e9f\u00e8res dans le Master ?<\/font><\/strong><\/h4>\n<p>\u00ab Intervenants professionnels et missions \u00bb<\/p>\n<p>\u00ab L&#8217;opportunit\u00e9 de rencontrer des professionnels et de travailler avec eux ; au terme du tout premier semestre, on a une id\u00e9e tr\u00e8s pr\u00e9cise des m\u00e9tiers que l&#8217;on peut exercer \u00e0 l&#8217;issue du Master \u00bb<\/p>\n<p>\u00ab Les stages \u00bb<\/p>\n<p>\u00ab Proximit\u00e9 avec les enseignants \u00bb<\/p>\n<p>&nbsp;<\/p>\n<h4><strong><font color=\"#FF8000\">Que pr\u00e9vois-tu pour l&#8217;avenir ?<\/font><\/strong><\/h4>\n<p>\u00ab Traduction freelance \u00bb<\/p>\n<p>\u00ab Formation dans sous-titrage pour malentendants \u00bb<\/p>\n<p>\u00ab Marketing en international (travailler \u00e0 l\u2019\u00e9tranger) \u00bb<\/p>\n<p>\u00ab Post-production \u00bb<\/p>\n<p>\u00ab Traduction audio-visuelle \u00bb<\/p>\n<p>\u00ab Localisation jeux vid\u00e9o \u00bb<\/p>\n<p>&nbsp;<\/p>\n<h4><strong><font color=\"#FF8000\">Un mot pour les futurs \u00e9tudiants T2M ?<\/font><\/strong><\/h4>\n<p>\u00ab Cherchez vos stages tr\u00e8s t\u00f4t, et renseignez-vous bien sur les entreprises qui vous accueillent pour \u00e9viter les mauvaises surprises ! \u00bb<\/p>\n<p>\u00ab Accrochez-vous ! \u00bb<\/p>\n<p>\u00ab Toutes les opportunit\u00e9s sont bonnes \u00e0 prendre ! Ne l\u00e2chez rien et profitez de vos stages pour apprendre autant que possible en plus des cours. \u00bb<\/p>\n<p>\u00ab Soyez pr\u00eats \u00e0 travailler en groupe \u00bb<\/p>\n","protected":false},"excerpt":{"rendered":"<p>De quel parcours viens-tu ? \u00ab LEA \u00bb,\u00a0\u00ab LLCE \u00bb, \u00ab Pr\u00e9pa litt\u00e9raire \u00bb &nbsp; Trois mots pour d\u00e9finir le Master T2M ? \u00ab Moderne \u2013 pro \u2013 exigeant \u00bb \u00ab Bonne ambiance \u2013 professeurs \u00e0 l\u2019\u00e9coute des \u00e9l\u00e8ves \u2013 cours int\u00e9ressants \u00bb \u00ab Dynamique \u2013 d\u00e9tendu \u2013 motivant \u00bb &nbsp; Qu&#8217;est-ce que tu pr\u00e9f\u00e8res&hellip;<\/p>\n<p class=\"more-link-p\"><a class=\"btn btn-primary\" href=\"https:\/\/blog.ube.fr\/mastert2m-en\/etudiants\/etudiants-actuels\/\">Voir plus &rarr;<\/a><\/p>\n","protected":false},"author":23,"featured_media":0,"parent":24,"menu_order":0,"comment_status":"open","ping_status":"open","template":"","meta":{"_exactmetrics_skip_tracking":false,"_exactmetrics_sitenote_active":false,"_exactmetrics_sitenote_note":"","_exactmetrics_sitenote_category":0,"footnotes":""},"class_list":["post-73","page","type-page","status-publish","hentry"],"_links":{"self":[{"href":"https:\/\/blog.ube.fr\/mastert2m-en\/wp-json\/wp\/v2\/pages\/73","targetHints":{"allow":["GET"]}}],"collection":[{"href":"https:\/\/blog.ube.fr\/mastert2m-en\/wp-json\/wp\/v2\/pages"}],"about":[{"href":"https:\/\/blog.ube.fr\/mastert2m-en\/wp-json\/wp\/v2\/types\/page"}],"author":[{"embeddable":true,"href":"https:\/\/blog.ube.fr\/mastert2m-en\/wp-json\/wp\/v2\/users\/23"}],"replies":[{"embeddable":true,"href":"https:\/\/blog.ube.fr\/mastert2m-en\/wp-json\/wp\/v2\/comments?post=73"}],"version-history":[{"count":11,"href":"https:\/\/blog.ube.fr\/mastert2m-en\/wp-json\/wp\/v2\/pages\/73\/revisions"}],"predecessor-version":[{"id":374,"href":"https:\/\/blog.ube.fr\/mastert2m-en\/wp-json\/wp\/v2\/pages\/73\/revisions\/374"}],"up":[{"embeddable":true,"href":"https:\/\/blog.ube.fr\/mastert2m-en\/wp-json\/wp\/v2\/pages\/24"}],"wp:attachment":[{"href":"https:\/\/blog.ube.fr\/mastert2m-en\/wp-json\/wp\/v2\/media?parent=73"}],"curies":[{"name":"wp","href":"https:\/\/api.w.org\/{rel}","templated":true}]}}