{"id":65,"date":"2014-12-15T13:09:19","date_gmt":"2014-12-15T12:09:19","guid":{"rendered":"http:\/\/blog.u-bourgogne.fr\/mastert2m\/?page_id=65"},"modified":"2018-03-28T10:26:59","modified_gmt":"2018-03-28T09:26:59","slug":"prestations-ja","status":"publish","type":"page","link":"https:\/\/blog.ube.fr\/mastert2m-en\/junior-agence-t2m\/prestations-ja\/","title":{"rendered":"Prestations propos\u00e9es par la Junior Agence T2M"},"content":{"rendered":"<p>Les \u00e9tudiants du Master T2M sont form\u00e9s pour devenir de v\u00e9ritables professionnels de la traduction multim\u00e9dia.<\/p>\n<p>Cette formation leur offre la possibilit\u00e9 de se faire une r\u00e9elle id\u00e9e de ce qu&#8217;est le monde du travail dans ce domaine gr\u00e2ce \u00e0 des missions professionnelles qui leur sont confi\u00e9es.<\/p>\n<p>En effet, en M1 comme en M2, les \u00e9tudiants effectuent des projets tels que la traduction de documents, de brochures, de catalogues, de courriers, ainsi que la traduction et la localisation de sites internet.<\/p>\n<p>De plus, la sp\u00e9cialisation du Master T2M dans la traduction audiovisuelle leur permet de r\u00e9aliser des missions de sous-titrage.<\/p>\n<p>Ainsi, chaque ann\u00e9e, une quinzaine de missions sont r\u00e9parties entre les deux niveaux de Master qui travaillent alors ensemble pour mener \u00e0 bien chacune d&#8217;entre elles.<\/p>\n<p>Des exemples de notre travail sont disponibles sur la page de <a title=\"Ils nous ont fait confiance\u2026\" href=\"http:\/\/blog.ube.fr\/mastert2m\/temoignages-ja\/\" target=\"_blank\" rel=\"noopener\">t\u00e9moignages<\/a>.<\/p>\n<p>N&#8217;h\u00e9sitez pas \u00e0 nous <a title=\"Email: Junior T2M\" href=\"mailto:junior.mastert2m@gmail.com\">\u00e9crire <\/a>si vous \u00eates int\u00e9ress\u00e9 par nos services, ou pour tout renseignement compl\u00e9mentaire.<\/p>\n<p>Vous pouvez aussi nous retrouver sur la page <a title=\"Contact\" href=\"http:\/\/blog.ube.fr\/mastert2m\/contact\/\" target=\"_blank\" rel=\"noopener\">contact <\/a>ou sur <a title=\"Facebook Junior Agence T2M\" href=\"https:\/\/www.facebook.com\/juniort2m\" target=\"_blank\" rel=\"noopener\">Facebook<\/a>.<\/p>\n","protected":false},"excerpt":{"rendered":"<p>Les \u00e9tudiants du Master T2M sont form\u00e9s pour devenir de v\u00e9ritables professionnels de la traduction multim\u00e9dia. Cette formation leur offre la possibilit\u00e9 de se faire une r\u00e9elle id\u00e9e de ce qu&#8217;est le monde du travail dans ce domaine gr\u00e2ce \u00e0 des missions professionnelles qui leur sont confi\u00e9es. En effet, en M1 comme en M2, les&hellip;<\/p>\n<p class=\"more-link-p\"><a class=\"btn btn-primary\" href=\"https:\/\/blog.ube.fr\/mastert2m-en\/junior-agence-t2m\/prestations-ja\/\">Voir plus &rarr;<\/a><\/p>\n","protected":false},"author":23,"featured_media":0,"parent":32,"menu_order":0,"comment_status":"open","ping_status":"open","template":"","meta":{"_exactmetrics_skip_tracking":false,"_exactmetrics_sitenote_active":false,"_exactmetrics_sitenote_note":"","_exactmetrics_sitenote_category":0,"footnotes":""},"class_list":["post-65","page","type-page","status-publish","hentry"],"_links":{"self":[{"href":"https:\/\/blog.ube.fr\/mastert2m-en\/wp-json\/wp\/v2\/pages\/65","targetHints":{"allow":["GET"]}}],"collection":[{"href":"https:\/\/blog.ube.fr\/mastert2m-en\/wp-json\/wp\/v2\/pages"}],"about":[{"href":"https:\/\/blog.ube.fr\/mastert2m-en\/wp-json\/wp\/v2\/types\/page"}],"author":[{"embeddable":true,"href":"https:\/\/blog.ube.fr\/mastert2m-en\/wp-json\/wp\/v2\/users\/23"}],"replies":[{"embeddable":true,"href":"https:\/\/blog.ube.fr\/mastert2m-en\/wp-json\/wp\/v2\/comments?post=65"}],"version-history":[{"count":8,"href":"https:\/\/blog.ube.fr\/mastert2m-en\/wp-json\/wp\/v2\/pages\/65\/revisions"}],"predecessor-version":[{"id":453,"href":"https:\/\/blog.ube.fr\/mastert2m-en\/wp-json\/wp\/v2\/pages\/65\/revisions\/453"}],"up":[{"embeddable":true,"href":"https:\/\/blog.ube.fr\/mastert2m-en\/wp-json\/wp\/v2\/pages\/32"}],"wp:attachment":[{"href":"https:\/\/blog.ube.fr\/mastert2m-en\/wp-json\/wp\/v2\/media?parent=65"}],"curies":[{"name":"wp","href":"https:\/\/api.w.org\/{rel}","templated":true}]}}