{"id":61,"date":"2014-12-15T13:05:48","date_gmt":"2014-12-15T12:05:48","guid":{"rendered":"http:\/\/blog.u-bourgogne.fr\/mastert2m\/?page_id=61"},"modified":"2018-03-28T10:01:53","modified_gmt":"2018-03-28T09:01:53","slug":"membres-ja","status":"publish","type":"page","link":"https:\/\/blog.ube.fr\/mastert2m-en\/junior-agence-t2m\/membres-ja\/","title":{"rendered":"Les membres de la JA"},"content":{"rendered":"<p style=\"text-align: left\"><strong>\u00a0\u00a0\u00a0\u00a0<\/strong><\/p>\n<p style=\"text-align: left\"><img loading=\"lazy\" decoding=\"async\" class=\"alignnone wp-image-381\" src=\"http:\/\/blog.ube.fr\/mastert2m\/wp-content\/uploads\/sites\/12\/2014\/12\/laurie-300x300.jpg\" alt=\"laurie\" width=\"211\" height=\"211\" srcset=\"https:\/\/blog.ube.fr\/mastert2m-en\/wp-content\/uploads\/sites\/55\/2014\/12\/laurie-300x300.jpg 300w, https:\/\/blog.ube.fr\/mastert2m-en\/wp-content\/uploads\/sites\/55\/2014\/12\/laurie-150x150.jpg 150w, https:\/\/blog.ube.fr\/mastert2m-en\/wp-content\/uploads\/sites\/55\/2014\/12\/laurie.jpg 466w\" sizes=\"auto, (max-width: 211px) 100vw, 211px\" \/>\u00a0 \u00a0<strong>Pr\u00e9sidente :<\/strong> Laurie Coillot (M2)<\/p>\n<p style=\"text-align: left\"><img loading=\"lazy\" decoding=\"async\" class=\"alignnone wp-image-383\" src=\"http:\/\/blog.ube.fr\/mastert2m\/wp-content\/uploads\/sites\/12\/2014\/12\/typhaine-300x300.jpg\" alt=\"tiphaine\" width=\"214\" height=\"214\" srcset=\"https:\/\/blog.ube.fr\/mastert2m-en\/wp-content\/uploads\/sites\/55\/2014\/12\/typhaine-300x300.jpg 300w, https:\/\/blog.ube.fr\/mastert2m-en\/wp-content\/uploads\/sites\/55\/2014\/12\/typhaine-150x150.jpg 150w, https:\/\/blog.ube.fr\/mastert2m-en\/wp-content\/uploads\/sites\/55\/2014\/12\/typhaine-768x768.jpg 768w, https:\/\/blog.ube.fr\/mastert2m-en\/wp-content\/uploads\/sites\/55\/2014\/12\/typhaine.jpg 960w\" sizes=\"auto, (max-width: 214px) 100vw, 214px\" \/>\u00a0 \u00a0<strong>Vice-pr\u00e9sidente :<\/strong> Tiphaine Regnier (M1)<\/p>\n<p style=\"text-align: left\"><img loading=\"lazy\" decoding=\"async\" class=\"alignnone wp-image-379\" src=\"http:\/\/blog.ube.fr\/mastert2m\/wp-content\/uploads\/sites\/12\/2014\/12\/chlo\u00e9-292x300.jpg\" alt=\"chlo\u00e9\" width=\"213\" height=\"219\" srcset=\"https:\/\/blog.ube.fr\/mastert2m-en\/wp-content\/uploads\/sites\/55\/2014\/12\/chlo\u00e9-292x300.jpg 292w, https:\/\/blog.ube.fr\/mastert2m-en\/wp-content\/uploads\/sites\/55\/2014\/12\/chlo\u00e9-300x309.jpg 300w, https:\/\/blog.ube.fr\/mastert2m-en\/wp-content\/uploads\/sites\/55\/2014\/12\/chlo\u00e9.jpg 381w\" sizes=\"auto, (max-width: 213px) 100vw, 213px\" \/>\u00a0 \u00a0<strong>Secr\u00e9taire :<\/strong> Chlo\u00e9 Robin (M2)<\/p>\n<p style=\"text-align: left\"><img loading=\"lazy\" decoding=\"async\" class=\"alignnone wp-image-380\" src=\"http:\/\/blog.ube.fr\/mastert2m\/wp-content\/uploads\/sites\/12\/2014\/12\/franciskos-300x295.jpg\" alt=\"franciskos\" width=\"218\" height=\"214\" srcset=\"https:\/\/blog.ube.fr\/mastert2m-en\/wp-content\/uploads\/sites\/55\/2014\/12\/franciskos-300x295.jpg 300w, https:\/\/blog.ube.fr\/mastert2m-en\/wp-content\/uploads\/sites\/55\/2014\/12\/franciskos.jpg 400w\" sizes=\"auto, (max-width: 218px) 100vw, 218px\" \/>\u00a0 \u00a0<strong>Vice-secr\u00e9taire :<\/strong> Franciskos Drymouras (M1)<\/p>\n<p style=\"text-align: left\"><img loading=\"lazy\" decoding=\"async\" class=\"alignnone wp-image-382\" src=\"http:\/\/blog.ube.fr\/mastert2m\/wp-content\/uploads\/sites\/12\/2014\/12\/thibaut-300x300.jpg\" alt=\"thibaut\" width=\"221\" height=\"221\" srcset=\"https:\/\/blog.ube.fr\/mastert2m-en\/wp-content\/uploads\/sites\/55\/2014\/12\/thibaut-300x300.jpg 300w, https:\/\/blog.ube.fr\/mastert2m-en\/wp-content\/uploads\/sites\/55\/2014\/12\/thibaut-150x150.jpg 150w, https:\/\/blog.ube.fr\/mastert2m-en\/wp-content\/uploads\/sites\/55\/2014\/12\/thibaut-768x768.jpg 768w, https:\/\/blog.ube.fr\/mastert2m-en\/wp-content\/uploads\/sites\/55\/2014\/12\/thibaut.jpg 960w\" sizes=\"auto, (max-width: 221px) 100vw, 221px\" \/>\u00a0 \u00a0<strong>Tr\u00e9sorier :<\/strong> Thibaut Fruhinsholz (M1)<\/p>\n<p style=\"text-align: left\"><strong>Vice-tr\u00e9sori\u00e8re :<\/strong> Esther Morin (M2)<\/p>\n<p style=\"text-align: left\"><img loading=\"lazy\" decoding=\"async\" class=\"alignnone wp-image-378\" src=\"http:\/\/blog.ube.fr\/mastert2m\/wp-content\/uploads\/sites\/12\/2014\/12\/adeline-300x300.jpg\" alt=\"adeline\" width=\"222\" height=\"222\" srcset=\"https:\/\/blog.ube.fr\/mastert2m-en\/wp-content\/uploads\/sites\/55\/2014\/12\/adeline-300x300.jpg 300w, https:\/\/blog.ube.fr\/mastert2m-en\/wp-content\/uploads\/sites\/55\/2014\/12\/adeline-150x150.jpg 150w, https:\/\/blog.ube.fr\/mastert2m-en\/wp-content\/uploads\/sites\/55\/2014\/12\/adeline.jpg 720w\" sizes=\"auto, (max-width: 222px) 100vw, 222px\" \/>\u00a0 \u00a0<strong>Community Manager\/RH :<\/strong> Adeline Labaune (M2)<\/p>\n","protected":false},"excerpt":{"rendered":"<p>\u00a0\u00a0\u00a0\u00a0 \u00a0 \u00a0Pr\u00e9sidente : Laurie Coillot (M2) \u00a0 \u00a0Vice-pr\u00e9sidente : Tiphaine Regnier (M1) \u00a0 \u00a0Secr\u00e9taire : Chlo\u00e9 Robin (M2) \u00a0 \u00a0Vice-secr\u00e9taire : Franciskos Drymouras (M1) \u00a0 \u00a0Tr\u00e9sorier : Thibaut Fruhinsholz (M1) Vice-tr\u00e9sori\u00e8re : Esther Morin (M2) \u00a0 \u00a0Community Manager\/RH : Adeline Labaune (M2)<\/p>\n<p class=\"more-link-p\"><a class=\"btn btn-primary\" href=\"https:\/\/blog.ube.fr\/mastert2m-en\/junior-agence-t2m\/membres-ja\/\">Voir plus &rarr;<\/a><\/p>\n","protected":false},"author":23,"featured_media":0,"parent":32,"menu_order":0,"comment_status":"open","ping_status":"open","template":"","meta":{"_exactmetrics_skip_tracking":false,"_exactmetrics_sitenote_active":false,"_exactmetrics_sitenote_note":"","_exactmetrics_sitenote_category":0,"footnotes":""},"class_list":["post-61","page","type-page","status-publish","hentry"],"_links":{"self":[{"href":"https:\/\/blog.ube.fr\/mastert2m-en\/wp-json\/wp\/v2\/pages\/61","targetHints":{"allow":["GET"]}}],"collection":[{"href":"https:\/\/blog.ube.fr\/mastert2m-en\/wp-json\/wp\/v2\/pages"}],"about":[{"href":"https:\/\/blog.ube.fr\/mastert2m-en\/wp-json\/wp\/v2\/types\/page"}],"author":[{"embeddable":true,"href":"https:\/\/blog.ube.fr\/mastert2m-en\/wp-json\/wp\/v2\/users\/23"}],"replies":[{"embeddable":true,"href":"https:\/\/blog.ube.fr\/mastert2m-en\/wp-json\/wp\/v2\/comments?post=61"}],"version-history":[{"count":11,"href":"https:\/\/blog.ube.fr\/mastert2m-en\/wp-json\/wp\/v2\/pages\/61\/revisions"}],"predecessor-version":[{"id":387,"href":"https:\/\/blog.ube.fr\/mastert2m-en\/wp-json\/wp\/v2\/pages\/61\/revisions\/387"}],"up":[{"embeddable":true,"href":"https:\/\/blog.ube.fr\/mastert2m-en\/wp-json\/wp\/v2\/pages\/32"}],"wp:attachment":[{"href":"https:\/\/blog.ube.fr\/mastert2m-en\/wp-json\/wp\/v2\/media?parent=61"}],"curies":[{"name":"wp","href":"https:\/\/api.w.org\/{rel}","templated":true}]}}