{"id":47,"date":"2014-12-13T18:28:21","date_gmt":"2014-12-13T17:28:21","guid":{"rendered":"http:\/\/blog.u-bourgogne.fr\/mastert2m\/?page_id=47"},"modified":"2018-04-17T13:34:24","modified_gmt":"2018-04-17T12:34:24","slug":"espace-stagiaire","status":"publish","type":"page","link":"https:\/\/blog.ube.fr\/mastert2m-en\/stages\/espace-stagiaire\/","title":{"rendered":"Espace stagiaire"},"content":{"rendered":"<p>Un stage en entreprise de 4 mois minimum est obligatoire en Master 1 comme en Master 2.<\/p>\n<p><strong>En Master 1 :<\/strong><\/p>\n<p>Il est conseill\u00e9 aux \u00e9tudiants ayant effectu\u00e9 leur 3\u00e8me ann\u00e9e de licence \u00e0 l\u2019\u00e9tranger de r\u00e9aliser ce stage\u00a0dans un pays dans lequel ils pourront pratiquer leur deuxi\u00e8me langue \u00e9trang\u00e8re.<\/p>\n<p>Les \u00e9tudiants \u00e9trangers\u00a0<strong>n&#8217;ayant pas fait leurs \u00e9tudes sup\u00e9rieures en fran\u00e7ais<\/strong>\u00a0pourront, selon leur parcours et le choix de langues B et C qu\u2019ils auront fait, accomplir ce stage en France.<\/p>\n<p>Dans tous les cas, l\u2019\u00e9tudiant est invit\u00e9 \u00e0 choisir la nature de son stage en fonction de son projet professionnel.<\/p>\n<p>Le stage est \u00e9valu\u00e9 par une note synth\u00e9tique (10 pages) \u00e0 r\u00e9diger et \u00e0 soutenir dans la langue principale de l&#8217;entreprise, avec traduction dans l&#8217;autre langue \u00e9tudi\u00e9e. L&#8217;avis de l&#8217;entreprise est \u00e9galement pris en compte pour la note.<\/p>\n<p><a title=\"Instructions de r\u00e9daction M1\" href=\"http:\/\/blog.ube.fr\/mastert2m\/espace-stagiaire\/instructions-redaction-t2m1-2\/\" target=\"_blank\" rel=\"noopener\">Cliquer ici pour les consignes de r\u00e9daction en M1<\/a>.<\/p>\n<p>&nbsp;<\/p>\n<p><strong>En Master 2 :<\/strong><\/p>\n<p>Selon le parcours et le projet professionnel de l&#8217;\u00e9tudiant, le stage de Master 2 pourra \u00eatre effectu\u00e9 \u00e0 l&#8217;\u00e9tranger ou en France.<\/p>\n<p>La note d\u2019entreprise attendue (10-12 pages) sera r\u00e9dig\u00e9e dans la langue du pays o\u00f9 a eu lieu le stage et traitera une question pratique en lien concret avec l\u2019entreprise. Elle d\u00e9finira une probl\u00e9matique d\u2019int\u00e9r\u00eat professionnel et apportera des \u00e9l\u00e9ments de r\u00e9ponse\/solution argument\u00e9s au probl\u00e8me pos\u00e9 en recourant aux m\u00e9thodologies ad\u00e9quates.<\/p>\n<p>La note sera int\u00e9gralement traduite dans l\u2019autre langue \u00e9trang\u00e8re.<\/p>\n<p><a title=\"Consignes de r\u00e9daction M2 T2M\" href=\"http:\/\/blog.ube.fr\/mastert2m\/wp-content\/uploads\/sites\/12\/2015\/04\/Instructions-r%C3%A9daction-T2M2_mars-2015.pdf\" target=\"_blank\" rel=\"noopener\">Cliquer ici pour les consignes de r\u00e9daction en M2<\/a>.<\/p>\n","protected":false},"excerpt":{"rendered":"<p>Un stage en entreprise de 4 mois minimum est obligatoire en Master 1 comme en Master 2. En Master 1 : Il est conseill\u00e9 aux \u00e9tudiants ayant effectu\u00e9 leur 3\u00e8me ann\u00e9e de licence \u00e0 l\u2019\u00e9tranger de r\u00e9aliser ce stage\u00a0dans un pays dans lequel ils pourront pratiquer leur deuxi\u00e8me langue \u00e9trang\u00e8re. Les \u00e9tudiants \u00e9trangers\u00a0n&#8217;ayant pas fait&hellip;<\/p>\n<p class=\"more-link-p\"><a class=\"btn btn-primary\" href=\"https:\/\/blog.ube.fr\/mastert2m-en\/stages\/espace-stagiaire\/\">Voir plus &rarr;<\/a><\/p>\n","protected":false},"author":23,"featured_media":0,"parent":30,"menu_order":0,"comment_status":"open","ping_status":"open","template":"","meta":{"_exactmetrics_skip_tracking":false,"_exactmetrics_sitenote_active":false,"_exactmetrics_sitenote_note":"","_exactmetrics_sitenote_category":0,"footnotes":""},"class_list":["post-47","page","type-page","status-publish","hentry"],"_links":{"self":[{"href":"https:\/\/blog.ube.fr\/mastert2m-en\/wp-json\/wp\/v2\/pages\/47","targetHints":{"allow":["GET"]}}],"collection":[{"href":"https:\/\/blog.ube.fr\/mastert2m-en\/wp-json\/wp\/v2\/pages"}],"about":[{"href":"https:\/\/blog.ube.fr\/mastert2m-en\/wp-json\/wp\/v2\/types\/page"}],"author":[{"embeddable":true,"href":"https:\/\/blog.ube.fr\/mastert2m-en\/wp-json\/wp\/v2\/users\/23"}],"replies":[{"embeddable":true,"href":"https:\/\/blog.ube.fr\/mastert2m-en\/wp-json\/wp\/v2\/comments?post=47"}],"version-history":[{"count":8,"href":"https:\/\/blog.ube.fr\/mastert2m-en\/wp-json\/wp\/v2\/pages\/47\/revisions"}],"predecessor-version":[{"id":454,"href":"https:\/\/blog.ube.fr\/mastert2m-en\/wp-json\/wp\/v2\/pages\/47\/revisions\/454"}],"up":[{"embeddable":true,"href":"https:\/\/blog.ube.fr\/mastert2m-en\/wp-json\/wp\/v2\/pages\/30"}],"wp:attachment":[{"href":"https:\/\/blog.ube.fr\/mastert2m-en\/wp-json\/wp\/v2\/media?parent=47"}],"curies":[{"name":"wp","href":"https:\/\/api.w.org\/{rel}","templated":true}]}}