{"id":360,"date":"2015-12-16T13:58:41","date_gmt":"2015-12-16T12:58:41","guid":{"rendered":"http:\/\/blog.u-bourgogne.fr\/mastert2m\/?page_id=360"},"modified":"2024-09-07T23:18:21","modified_gmt":"2024-09-07T22:18:21","slug":"partenaires-professionnels","status":"publish","type":"page","link":"https:\/\/blog.ube.fr\/mastert2m-en\/formation\/partenaires-professionnels\/","title":{"rendered":"Partenaires professionnels"},"content":{"rendered":"<p>Notre formation cherche \u00e0 \u00e9voluer dans un rapport \u00e9troit avec le monde professionnel. Ainsi, nous faisons intervenir chaque ann\u00e9e des partenaires professionnels exercant les diff\u00e9rents m\u00e9tiers li\u00e9s au secteur de la traduction multim\u00e9dia dans le cadre d&#8217;un programme de s\u00e9minaires.<\/p>\n<p>Figurent parmi nos partenaires professionnels\u00a0:<\/p>\n<p><strong>R\u00e9f\u00e9rencement \/ SEO:<\/strong><\/p>\n<ul>\n<li><a href=\"http:\/\/www.midoritech.com\" target=\"_blank\" rel=\"noopener\">Midori<\/a>, agence de r\u00e9f\u00e9rence bourguignonne:\n<ul>\n<li><a href=\"https:\/\/www.sitepenalise.fr\/agence-seo\/\" target=\"_blank\" rel=\"noopener\">Agence SEO<\/a><\/li>\n<li><a href=\"https:\/\/www.sitepenalise.fr\/formation-referencement\/\" target=\"_blank\" rel=\"noopener\">Formation r\u00e9f\u00e9rencement<\/a><\/li>\n<\/ul>\n<\/li>\n<\/ul>\n<p>&nbsp;<\/p>\n","protected":false},"excerpt":{"rendered":"<p>Notre formation cherche \u00e0 \u00e9voluer dans un rapport \u00e9troit avec le monde professionnel. Ainsi, nous faisons intervenir chaque ann\u00e9e des partenaires professionnels exercant les diff\u00e9rents m\u00e9tiers li\u00e9s au secteur de la traduction multim\u00e9dia dans le cadre d&#8217;un programme de s\u00e9minaires. Figurent parmi nos partenaires professionnels\u00a0: R\u00e9f\u00e9rencement \/ SEO: Midori, agence de r\u00e9f\u00e9rence bourguignonne: Agence SEO&hellip;<\/p>\n<p class=\"more-link-p\"><a class=\"btn btn-primary\" href=\"https:\/\/blog.ube.fr\/mastert2m-en\/formation\/partenaires-professionnels\/\">Voir plus &rarr;<\/a><\/p>\n","protected":false},"author":23,"featured_media":0,"parent":22,"menu_order":0,"comment_status":"closed","ping_status":"closed","template":"","meta":{"_exactmetrics_skip_tracking":false,"_exactmetrics_sitenote_active":false,"_exactmetrics_sitenote_note":"","_exactmetrics_sitenote_category":0,"footnotes":""},"class_list":["post-360","page","type-page","status-publish","hentry"],"_links":{"self":[{"href":"https:\/\/blog.ube.fr\/mastert2m-en\/wp-json\/wp\/v2\/pages\/360","targetHints":{"allow":["GET"]}}],"collection":[{"href":"https:\/\/blog.ube.fr\/mastert2m-en\/wp-json\/wp\/v2\/pages"}],"about":[{"href":"https:\/\/blog.ube.fr\/mastert2m-en\/wp-json\/wp\/v2\/types\/page"}],"author":[{"embeddable":true,"href":"https:\/\/blog.ube.fr\/mastert2m-en\/wp-json\/wp\/v2\/users\/23"}],"replies":[{"embeddable":true,"href":"https:\/\/blog.ube.fr\/mastert2m-en\/wp-json\/wp\/v2\/comments?post=360"}],"version-history":[{"count":3,"href":"https:\/\/blog.ube.fr\/mastert2m-en\/wp-json\/wp\/v2\/pages\/360\/revisions"}],"predecessor-version":[{"id":456,"href":"https:\/\/blog.ube.fr\/mastert2m-en\/wp-json\/wp\/v2\/pages\/360\/revisions\/456"}],"up":[{"embeddable":true,"href":"https:\/\/blog.ube.fr\/mastert2m-en\/wp-json\/wp\/v2\/pages\/22"}],"wp:attachment":[{"href":"https:\/\/blog.ube.fr\/mastert2m-en\/wp-json\/wp\/v2\/media?parent=360"}],"curies":[{"name":"wp","href":"https:\/\/api.w.org\/{rel}","templated":true}]}}